{"id":12994,"date":"2025-05-29T12:21:53","date_gmt":"2025-05-29T16:21:53","guid":{"rendered":"https:\/\/www.tiendasindustriales.com\/store\/?post_type=product&#038;p=12994"},"modified":"2025-05-29T13:06:44","modified_gmt":"2025-05-29T17:06:44","slug":"buje-qd-sf-1-2-d-i-martin-sprocket","status":"publish","type":"product","link":"https:\/\/www.tiendasindustriales.com\/store\/producto\/buje-qd-sf-1-2-d-i-martin-sprocket\/","title":{"rendered":"Buje QD SF 1\/2&#8243; D.I. Martin Sprocket"},"content":{"rendered":"<div class=\"aem-Grid aem-Grid--12 aem-Grid--default--12 \">\n<div class=\"column-container responsivegrid bg-none aem-GridColumn aem-GridColumn--default--12\">\n<div class=\"container-fluid bg-none bg-container\" data-emptytext=\"Edit Container\">\n<div class=\"row\">\n<div class=\"col col-sm-12\">\n<div class=\"aem-Grid aem-Grid--12 aem-Grid--default--12 \">\n<div class=\"search-results aem-GridColumn aem-GridColumn--default--12\">\n<div class=\"variant-product\">\n<div id=\"product-tabs\" class=\"js-tabs--pdp product-tabs gor-tabs\">\n<div id=\"product-specifications\" class=\"tabs-content tab-container tab-container--parts tab-pane active\">\n<div id=\"product-specifications__content\" class=\"accordion-content--pdp collapse\" role=\"tabpanel\">\n<div class=\"accordion-content__wrapper\">\n<p>Los bujes QD (de desmontaje r\u00e1pido) est\u00e1n dise\u00f1ados para montaje convencional o montaje inverso.<\/p>\n<\/div>\n<table style=\"height: 357px;\" width=\"780\">\n<thead>\n<tr>\n<th><strong>Elemento<\/strong><\/th>\n<th><strong>Especificaci\u00f3n<\/strong><\/th>\n<\/tr>\n<\/thead>\n<tbody>\n<tr>\n<td><strong>Material<\/strong><\/td>\n<td>Hierro fundido<\/td>\n<\/tr>\n<tr>\n<td><strong>Tipo de orificio<\/strong><\/td>\n<td>Orificio mecanizado<\/td>\n<\/tr>\n<tr>\n<td><strong>Tama\u00f1o del orificio mecanizado<\/strong><\/td>\n<td>0.5000 pulgadas (1\/2&#8243;)<\/td>\n<\/tr>\n<tr>\n<td><strong>Tama\u00f1o de la chaveta<\/strong><\/td>\n<td>1\/8 x 1\/16 pulgadas<\/td>\n<\/tr>\n<tr>\n<td><strong>Tama\u00f1o del tornillo de fijaci\u00f3n<\/strong><\/td>\n<td>5\/16-18 UNC pulgadas<\/td>\n<\/tr>\n<tr>\n<td><strong>Tama\u00f1o m\u00ednimo del orificio<\/strong><\/td>\n<td>0.5000 pulgadas (1\/2&#8243;)<\/td>\n<\/tr>\n<tr>\n<td><strong>Tama\u00f1o m\u00e1ximo del orificio<\/strong><\/td>\n<td>2.9375 pulgadas (2 15\/16&#8243;)<\/td>\n<\/tr>\n<tr>\n<td><strong>Di\u00e1metro de la brida<\/strong><\/td>\n<td>4.6250 pulgadas (4 5\/8&#8243;)<\/td>\n<\/tr>\n<tr>\n<td><strong>Longitud a trav\u00e9s del orificio<\/strong><\/td>\n<td>2.0625 pulgadas (2 1\/16&#8243;)<\/td>\n<\/tr>\n<tr>\n<td><strong>C\u00edrculo de pernos del tornillo de tapa<\/strong><\/td>\n<td>3.8750 pulgadas (3 7\/8&#8243;)<\/td>\n<\/tr>\n<tr>\n<td><strong>Tama\u00f1o del tornillo de tapa<\/strong><\/td>\n<td>3\/8 x 2 pulgadas<\/td>\n<\/tr>\n<\/tbody>\n<\/table>\n<div class=\"accordion-content__wrapper\">\n<div role=\"tabpanel\" aria-expanded=\"false\"><a href=\"https:\/\/www.tiendasindustriales.com\/store\/wp-content\/uploads\/2025\/05\/seccion_b_qd.pdf\" target=\"_blank\" rel=\"noopener\"><img decoding=\"async\" class=\" wd-lazy-fade alignleft wp-image-9834\" title=\"FICHA T\u00c9CNICA\" src=\"https:\/\/www.tiendasindustriales.com\/store\/wp-content\/themes\/woodmart\/images\/lazy.svg\" data-src=\"https:\/\/www.ventaalinstante.com\/wp-content\/uploads\/2023\/08\/PDF_file_icon.svg-244x300.png\" alt=\"\" width=\"43\" height=\"53\" \/><\/a><\/div>\n<\/div>\n<\/div>\n<\/div>\n<\/div>\n<\/div>\n<\/div>\n<\/div>\n<\/div>\n<\/div>\n<\/div>\n<\/div>\n<\/div>\n<p>&nbsp;<\/p>\n<p>&nbsp;<\/p>\n<p>&nbsp;<\/p>\n<p><span style=\"color: #ffffff;\">u<\/span><\/p>\n<p><span style=\"color: #ffffff;\">das asociadas: Tuber\u00eda Manguera de material pl\u00e1stico Manguera estructura Manguera flexible Manguera a prueba de abrasi\u00f3n Manguera de neopreno Manguera para agua Manguera reforzada Manguera con trenza met\u00e1lica Tuber\u00eda lisa Manguera de aspiraci\u00f3n Manguera para productos qu\u00edmicos Manguera lisa Manguera de PVC Manguera de acero Manguera alimentos Manguera para productos alimentarios Manguera de PUR Manguera hidr\u00e1ulica Manguera resistente al aceite mangueras MANGUERA HIDRAHULICA<\/span><\/p>\n<p>&nbsp;<\/p>\n","protected":false},"excerpt":{"rendered":"<p>Buje de fijaci\u00f3n QD de alta capacidad, dise\u00f1ado para facilitar el montaje y desmontaje de poleas, pi\u00f1ones, acoples y rodillos en aplicaciones industriales exigentes<\/p>\n<p>RECOMENDADO:<\/p>\n<ul>\n<li>Poleas tipo V.<\/li>\n<li>Poleas sincr\u00f3nicas.<\/li>\n<li>Pi\u00f1ones para cadenas de rodillos.<\/li>\n<li>Rodillos para bandas sint\u00e9ticas.<\/li>\n<\/ul>\n","protected":false},"featured_media":12988,"comment_status":"open","ping_status":"closed","template":"","meta":[],"product_brand":[],"product_cat":[73],"product_tag":[],"class_list":{"0":"post-12994","1":"product","2":"type-product","3":"status-publish","4":"has-post-thumbnail","6":"product_cat-poleas","8":"first","9":"instock","10":"shipping-taxable","11":"purchasable","12":"product-type-simple"},"yoast_head":"<!-- This site is optimized with the Yoast SEO plugin v27.4 - https:\/\/yoast.com\/product\/yoast-seo-wordpress\/ -->\n<title>Buje QD SF 1\/2&quot; D.I. Martin Sprocket - Tiendas Industriales<\/title>\n<meta name=\"robots\" content=\"index, follow, max-snippet:-1, max-image-preview:large, max-video-preview:-1\" \/>\n<link rel=\"canonical\" href=\"https:\/\/www.tiendasindustriales.com\/store\/producto\/buje-qd-sf-1-2-d-i-martin-sprocket\/\" \/>\n<meta property=\"og:locale\" content=\"es_ES\" \/>\n<meta property=\"og:type\" content=\"article\" \/>\n<meta property=\"og:title\" content=\"Buje QD SF 1\/2&quot; D.I. Martin Sprocket - Tiendas Industriales\" \/>\n<meta property=\"og:description\" content=\"Buje de fijaci\u00f3n QD de alta capacidad, dise\u00f1ado para facilitar el montaje y desmontaje de poleas, pi\u00f1ones, acoples y rodillos en aplicaciones industriales exigentes  RECOMENDADO:   Poleas tipo V.  Poleas sincr\u00f3nicas.  Pi\u00f1ones para cadenas de rodillos.  Rodillos para bandas sint\u00e9ticas.\" \/>\n<meta property=\"og:url\" content=\"https:\/\/www.tiendasindustriales.com\/store\/producto\/buje-qd-sf-1-2-d-i-martin-sprocket\/\" \/>\n<meta property=\"og:site_name\" content=\"Tiendas Industriales\" \/>\n<meta property=\"article:publisher\" content=\"https:\/\/www.facebook.com\/DiscorreasManguerasyEmpaques\/\" \/>\n<meta property=\"article:modified_time\" content=\"2025-05-29T17:06:44+00:00\" \/>\n<meta property=\"og:image\" content=\"https:\/\/www.tiendasindustriales.com\/store\/wp-content\/uploads\/2025\/05\/IMG2.jpg\" \/>\n\t<meta property=\"og:image:width\" content=\"2480\" \/>\n\t<meta property=\"og:image:height\" content=\"2474\" \/>\n\t<meta property=\"og:image:type\" content=\"image\/jpeg\" \/>\n<meta name=\"twitter:card\" content=\"summary_large_image\" \/>\n<meta name=\"twitter:label1\" content=\"Tiempo de lectura\" \/>\n\t<meta name=\"twitter:data1\" content=\"2 minutos\" \/>\n<script type=\"application\/ld+json\" class=\"yoast-schema-graph\">{\"@context\":\"https:\\\/\\\/schema.org\",\"@graph\":[{\"@type\":\"WebPage\",\"@id\":\"https:\\\/\\\/www.tiendasindustriales.com\\\/store\\\/producto\\\/buje-qd-sf-1-2-d-i-martin-sprocket\\\/\",\"url\":\"https:\\\/\\\/www.tiendasindustriales.com\\\/store\\\/producto\\\/buje-qd-sf-1-2-d-i-martin-sprocket\\\/\",\"name\":\"Buje QD SF 1\\\/2\\\" D.I. Martin Sprocket - Tiendas Industriales\",\"isPartOf\":{\"@id\":\"https:\\\/\\\/www.tiendasindustriales.com\\\/store\\\/#website\"},\"primaryImageOfPage\":{\"@id\":\"https:\\\/\\\/www.tiendasindustriales.com\\\/store\\\/producto\\\/buje-qd-sf-1-2-d-i-martin-sprocket\\\/#primaryimage\"},\"image\":{\"@id\":\"https:\\\/\\\/www.tiendasindustriales.com\\\/store\\\/producto\\\/buje-qd-sf-1-2-d-i-martin-sprocket\\\/#primaryimage\"},\"thumbnailUrl\":\"https:\\\/\\\/www.tiendasindustriales.com\\\/store\\\/wp-content\\\/uploads\\\/2025\\\/05\\\/IMG2.jpg\",\"datePublished\":\"2025-05-29T16:21:53+00:00\",\"dateModified\":\"2025-05-29T17:06:44+00:00\",\"breadcrumb\":{\"@id\":\"https:\\\/\\\/www.tiendasindustriales.com\\\/store\\\/producto\\\/buje-qd-sf-1-2-d-i-martin-sprocket\\\/#breadcrumb\"},\"inLanguage\":\"es\",\"potentialAction\":[{\"@type\":\"ReadAction\",\"target\":[\"https:\\\/\\\/www.tiendasindustriales.com\\\/store\\\/producto\\\/buje-qd-sf-1-2-d-i-martin-sprocket\\\/\"]}]},{\"@type\":\"ImageObject\",\"inLanguage\":\"es\",\"@id\":\"https:\\\/\\\/www.tiendasindustriales.com\\\/store\\\/producto\\\/buje-qd-sf-1-2-d-i-martin-sprocket\\\/#primaryimage\",\"url\":\"https:\\\/\\\/www.tiendasindustriales.com\\\/store\\\/wp-content\\\/uploads\\\/2025\\\/05\\\/IMG2.jpg\",\"contentUrl\":\"https:\\\/\\\/www.tiendasindustriales.com\\\/store\\\/wp-content\\\/uploads\\\/2025\\\/05\\\/IMG2.jpg\",\"width\":2480,\"height\":2474},{\"@type\":\"BreadcrumbList\",\"@id\":\"https:\\\/\\\/www.tiendasindustriales.com\\\/store\\\/producto\\\/buje-qd-sf-1-2-d-i-martin-sprocket\\\/#breadcrumb\",\"itemListElement\":[{\"@type\":\"ListItem\",\"position\":1,\"name\":\"Portada\",\"item\":\"https:\\\/\\\/www.tiendasindustriales.com\\\/store\\\/\"},{\"@type\":\"ListItem\",\"position\":2,\"name\":\"Tienda\",\"item\":\"https:\\\/\\\/www.tiendasindustriales.com\\\/store\\\/tienda\\\/\"},{\"@type\":\"ListItem\",\"position\":3,\"name\":\"Buje QD SF 1\\\/2&#8243; D.I. Martin Sprocket\"}]},{\"@type\":\"WebSite\",\"@id\":\"https:\\\/\\\/www.tiendasindustriales.com\\\/store\\\/#website\",\"url\":\"https:\\\/\\\/www.tiendasindustriales.com\\\/store\\\/\",\"name\":\"Tiendas Industriales\",\"description\":\"Grupo Empresarial\",\"publisher\":{\"@id\":\"https:\\\/\\\/www.tiendasindustriales.com\\\/store\\\/#organization\"},\"potentialAction\":[{\"@type\":\"SearchAction\",\"target\":{\"@type\":\"EntryPoint\",\"urlTemplate\":\"https:\\\/\\\/www.tiendasindustriales.com\\\/store\\\/?s={search_term_string}\"},\"query-input\":{\"@type\":\"PropertyValueSpecification\",\"valueRequired\":true,\"valueName\":\"search_term_string\"}}],\"inLanguage\":\"es\"},{\"@type\":\"Organization\",\"@id\":\"https:\\\/\\\/www.tiendasindustriales.com\\\/store\\\/#organization\",\"name\":\"Tiendas Industriales Grupo Empresarial\",\"url\":\"https:\\\/\\\/www.tiendasindustriales.com\\\/store\\\/\",\"logo\":{\"@type\":\"ImageObject\",\"inLanguage\":\"es\",\"@id\":\"https:\\\/\\\/www.tiendasindustriales.com\\\/store\\\/#\\\/schema\\\/logo\\\/image\\\/\",\"url\":\"https:\\\/\\\/www.tiendasindustriales.com\\\/store\\\/wp-content\\\/uploads\\\/2022\\\/08\\\/Recurso-2logo-index.png\",\"contentUrl\":\"https:\\\/\\\/www.tiendasindustriales.com\\\/store\\\/wp-content\\\/uploads\\\/2022\\\/08\\\/Recurso-2logo-index.png\",\"width\":547,\"height\":219,\"caption\":\"Tiendas Industriales Grupo Empresarial\"},\"image\":{\"@id\":\"https:\\\/\\\/www.tiendasindustriales.com\\\/store\\\/#\\\/schema\\\/logo\\\/image\\\/\"},\"sameAs\":[\"https:\\\/\\\/www.facebook.com\\\/DiscorreasManguerasyEmpaques\\\/\",\"https:\\\/\\\/www.instagram.com\\\/tiendasindustriales\"]}]}<\/script>\n<!-- \/ Yoast SEO plugin. -->","yoast_head_json":{"title":"Buje QD SF 1\/2\" D.I. Martin Sprocket - Tiendas Industriales","robots":{"index":"index","follow":"follow","max-snippet":"max-snippet:-1","max-image-preview":"max-image-preview:large","max-video-preview":"max-video-preview:-1"},"canonical":"https:\/\/www.tiendasindustriales.com\/store\/producto\/buje-qd-sf-1-2-d-i-martin-sprocket\/","og_locale":"es_ES","og_type":"article","og_title":"Buje QD SF 1\/2\" D.I. Martin Sprocket - Tiendas Industriales","og_description":"Buje de fijaci\u00f3n QD de alta capacidad, dise\u00f1ado para facilitar el montaje y desmontaje de poleas, pi\u00f1ones, acoples y rodillos en aplicaciones industriales exigentes  RECOMENDADO:   Poleas tipo V.  Poleas sincr\u00f3nicas.  Pi\u00f1ones para cadenas de rodillos.  Rodillos para bandas sint\u00e9ticas.","og_url":"https:\/\/www.tiendasindustriales.com\/store\/producto\/buje-qd-sf-1-2-d-i-martin-sprocket\/","og_site_name":"Tiendas Industriales","article_publisher":"https:\/\/www.facebook.com\/DiscorreasManguerasyEmpaques\/","article_modified_time":"2025-05-29T17:06:44+00:00","og_image":[{"width":2480,"height":2474,"url":"https:\/\/www.tiendasindustriales.com\/store\/wp-content\/uploads\/2025\/05\/IMG2.jpg","type":"image\/jpeg"}],"twitter_card":"summary_large_image","twitter_misc":{"Tiempo de lectura":"2 minutos"},"schema":{"@context":"https:\/\/schema.org","@graph":[{"@type":"WebPage","@id":"https:\/\/www.tiendasindustriales.com\/store\/producto\/buje-qd-sf-1-2-d-i-martin-sprocket\/","url":"https:\/\/www.tiendasindustriales.com\/store\/producto\/buje-qd-sf-1-2-d-i-martin-sprocket\/","name":"Buje QD SF 1\/2\" D.I. Martin Sprocket - Tiendas Industriales","isPartOf":{"@id":"https:\/\/www.tiendasindustriales.com\/store\/#website"},"primaryImageOfPage":{"@id":"https:\/\/www.tiendasindustriales.com\/store\/producto\/buje-qd-sf-1-2-d-i-martin-sprocket\/#primaryimage"},"image":{"@id":"https:\/\/www.tiendasindustriales.com\/store\/producto\/buje-qd-sf-1-2-d-i-martin-sprocket\/#primaryimage"},"thumbnailUrl":"https:\/\/www.tiendasindustriales.com\/store\/wp-content\/uploads\/2025\/05\/IMG2.jpg","datePublished":"2025-05-29T16:21:53+00:00","dateModified":"2025-05-29T17:06:44+00:00","breadcrumb":{"@id":"https:\/\/www.tiendasindustriales.com\/store\/producto\/buje-qd-sf-1-2-d-i-martin-sprocket\/#breadcrumb"},"inLanguage":"es","potentialAction":[{"@type":"ReadAction","target":["https:\/\/www.tiendasindustriales.com\/store\/producto\/buje-qd-sf-1-2-d-i-martin-sprocket\/"]}]},{"@type":"ImageObject","inLanguage":"es","@id":"https:\/\/www.tiendasindustriales.com\/store\/producto\/buje-qd-sf-1-2-d-i-martin-sprocket\/#primaryimage","url":"https:\/\/www.tiendasindustriales.com\/store\/wp-content\/uploads\/2025\/05\/IMG2.jpg","contentUrl":"https:\/\/www.tiendasindustriales.com\/store\/wp-content\/uploads\/2025\/05\/IMG2.jpg","width":2480,"height":2474},{"@type":"BreadcrumbList","@id":"https:\/\/www.tiendasindustriales.com\/store\/producto\/buje-qd-sf-1-2-d-i-martin-sprocket\/#breadcrumb","itemListElement":[{"@type":"ListItem","position":1,"name":"Portada","item":"https:\/\/www.tiendasindustriales.com\/store\/"},{"@type":"ListItem","position":2,"name":"Tienda","item":"https:\/\/www.tiendasindustriales.com\/store\/tienda\/"},{"@type":"ListItem","position":3,"name":"Buje QD SF 1\/2&#8243; D.I. Martin Sprocket"}]},{"@type":"WebSite","@id":"https:\/\/www.tiendasindustriales.com\/store\/#website","url":"https:\/\/www.tiendasindustriales.com\/store\/","name":"Tiendas Industriales","description":"Grupo Empresarial","publisher":{"@id":"https:\/\/www.tiendasindustriales.com\/store\/#organization"},"potentialAction":[{"@type":"SearchAction","target":{"@type":"EntryPoint","urlTemplate":"https:\/\/www.tiendasindustriales.com\/store\/?s={search_term_string}"},"query-input":{"@type":"PropertyValueSpecification","valueRequired":true,"valueName":"search_term_string"}}],"inLanguage":"es"},{"@type":"Organization","@id":"https:\/\/www.tiendasindustriales.com\/store\/#organization","name":"Tiendas Industriales Grupo Empresarial","url":"https:\/\/www.tiendasindustriales.com\/store\/","logo":{"@type":"ImageObject","inLanguage":"es","@id":"https:\/\/www.tiendasindustriales.com\/store\/#\/schema\/logo\/image\/","url":"https:\/\/www.tiendasindustriales.com\/store\/wp-content\/uploads\/2022\/08\/Recurso-2logo-index.png","contentUrl":"https:\/\/www.tiendasindustriales.com\/store\/wp-content\/uploads\/2022\/08\/Recurso-2logo-index.png","width":547,"height":219,"caption":"Tiendas Industriales Grupo Empresarial"},"image":{"@id":"https:\/\/www.tiendasindustriales.com\/store\/#\/schema\/logo\/image\/"},"sameAs":["https:\/\/www.facebook.com\/DiscorreasManguerasyEmpaques\/","https:\/\/www.instagram.com\/tiendasindustriales"]}]}},"_links":{"self":[{"href":"https:\/\/www.tiendasindustriales.com\/store\/wp-json\/wp\/v2\/product\/12994","targetHints":{"allow":["GET"]}}],"collection":[{"href":"https:\/\/www.tiendasindustriales.com\/store\/wp-json\/wp\/v2\/product"}],"about":[{"href":"https:\/\/www.tiendasindustriales.com\/store\/wp-json\/wp\/v2\/types\/product"}],"replies":[{"embeddable":true,"href":"https:\/\/www.tiendasindustriales.com\/store\/wp-json\/wp\/v2\/comments?post=12994"}],"wp:featuredmedia":[{"embeddable":true,"href":"https:\/\/www.tiendasindustriales.com\/store\/wp-json\/wp\/v2\/media\/12988"}],"wp:attachment":[{"href":"https:\/\/www.tiendasindustriales.com\/store\/wp-json\/wp\/v2\/media?parent=12994"}],"wp:term":[{"taxonomy":"product_brand","embeddable":true,"href":"https:\/\/www.tiendasindustriales.com\/store\/wp-json\/wp\/v2\/product_brand?post=12994"},{"taxonomy":"product_cat","embeddable":true,"href":"https:\/\/www.tiendasindustriales.com\/store\/wp-json\/wp\/v2\/product_cat?post=12994"},{"taxonomy":"product_tag","embeddable":true,"href":"https:\/\/www.tiendasindustriales.com\/store\/wp-json\/wp\/v2\/product_tag?post=12994"}],"curies":[{"name":"wp","href":"https:\/\/api.w.org\/{rel}","templated":true}]}}