{"id":12846,"date":"2025-05-06T17:33:16","date_gmt":"2025-05-06T21:33:16","guid":{"rendered":"https:\/\/www.tiendasindustriales.com\/store\/?post_type=product&#038;p=12846"},"modified":"2025-05-07T13:25:18","modified_gmt":"2025-05-07T17:25:18","slug":"correa-en-v-predator-powerband-5vp2240-gates","status":"publish","type":"product","link":"https:\/\/www.tiendasindustriales.com\/store\/producto\/correa-en-v-predator-powerband-5vp2240-gates\/","title":{"rendered":"Correa en V Predator\u2122 PowerBand\u2122 5VP2240 Gates"},"content":{"rendered":"<p class=\"product__info\">Dise\u00f1adas para afrontar los trabajos m\u00e1s exigentes, las correas Predator Single y PowerBand son las correas trapezoidales de alta resistencia l\u00edderes del mercado. Su construcci\u00f3n extra resistente, m\u00e1s resistente que el acero, est\u00e1 dise\u00f1ada para soportar motores de alta potencia, cargas de impacto frecuentes, altas temperaturas y los entornos operativos m\u00e1s exigentes en aplicaciones extremadamente exigentes. Ofrecen una extraordinaria resistencia al impacto, capacidad de carga y resistencia al desgaste. \u00danicas por su extrema robustez y capacidad de carga, son inigualables.<\/p>\n<ul class=\"red-bullets\">\n<li>Los compuestos de caucho de neopreno mejorados proporcionan una excelente resistencia al aceite y al calor. La construcci\u00f3n con cuerda de tracci\u00f3n de aramida es m\u00e1s resistente que el acero y soporta hasta 2,2 veces (o 40 %) m\u00e1s potencia que las correas trapezoidales est\u00e1ndar. El m\u00ednimo retensado reduce la necesidad de mantenimiento; menos mantenimiento, menos tiempo de inactividad.<\/li>\n<li>La cubierta extra resistente, con superficie sin caucho y tratamiento especial, permite el deslizamiento moment\u00e1neo debido a sobrecargas excesivas sin da\u00f1ar la banda, soporta fuerzas de deslizamiento y cizallamiento en cargas m\u00e1ximas sin generar calor excesivo y resiste la penetraci\u00f3n de materiales extra\u00f1os. La cubierta de doble tejido ofrece una resistencia extrema a la abrasi\u00f3n y al desgaste.<\/li>\n<li>Las curvas Gates proporcionan un contacto completo con las ranuras de la polea para una carga uniforme del cable, un desgaste uniforme y una mayor vida \u00fatil de la correa. Disponibles bajo demanda en conjuntos combinados (no son compatibles con el programa V80\u2122).<\/li>\n<li>Dise\u00f1adas como correas de reemplazo de calidad OE para aplicaciones de servicio pesado expuestas a cargas pulsantes o cargas de impacto pesadas, como miner\u00eda, agricultura, procesamiento de madera, equipos para yacimientos petrol\u00edferos, construcci\u00f3n y operaciones con arena\/grava.<\/li>\n<li>Cumple con los est\u00e1ndares ARPM\/RMA IP-3-2 de resistencia al aceite y al calor. Cumple con REACH y RoHS 2.<\/li>\n<\/ul>\n<table class=\"table c-table c-table--split\" style=\"height: 513px;\" width=\"772\">\n<tbody>\n<tr>\n<th>Parte #<\/th>\n<td>5VP2240<\/td>\n<\/tr>\n<tr>\n<th>Producto #<\/th>\n<td>91880224<\/td>\n<\/tr>\n<tr>\n<th>Descripci\u00f3n<\/th>\n<td>5VP2240<\/td>\n<\/tr>\n<tr>\n<th>C\u00f3digo Postal<\/th>\n<td>770075135487<\/td>\n<\/tr>\n<tr>\n<th>Secci\u00f3n transversal<\/th>\n<td>5VP<\/td>\n<\/tr>\n<tr>\n<th>Circunferencia interior (pulg.)<\/th>\n<td>224<\/td>\n<\/tr>\n<tr>\n<th>Circunferencia interior (mm)<\/th>\n<td>5690<\/td>\n<\/tr>\n<tr>\n<th>Longitud efectiva (pulg.)<\/th>\n<td>221.34<\/td>\n<\/tr>\n<tr>\n<th>Longitud efectiva (mm)<\/th>\n<td>5622<\/td>\n<\/tr>\n<tr>\n<th>Mellado<\/th>\n<td>FALSO<\/td>\n<\/tr>\n<tr>\n<th>Circunferencia exterior (pulg.)<\/th>\n<td>224<\/td>\n<\/tr>\n<tr>\n<th>Circunferencia exterior (mm)<\/th>\n<td>5690<\/td>\n<\/tr>\n<tr>\n<th>N\u00famero de costillas<\/th>\n<td>1<\/td>\n<\/tr>\n<tr>\n<th>Secci\u00f3n<\/th>\n<td>5VP<\/td>\n<\/tr>\n<tr>\n<th>Ancho superior (pulg.)<\/th>\n<td>0.63<\/td>\n<\/tr>\n<tr>\n<th>Ancho superior (mm)<\/th>\n<td>16<\/td>\n<\/tr>\n<tr>\n<th>\u00c1ngulo.<\/th>\n<td>40<\/td>\n<\/tr>\n<tr>\n<th>Espesor (pulgadas)<\/th>\n<td>0,55<\/td>\n<\/tr>\n<tr>\n<th>Espesor (mm)<\/th>\n<td>14<\/td>\n<\/tr>\n<\/tbody>\n<\/table>\n<h2 class=\"product__titles\">Caracter\u00edsticas y beneficios<\/h2>\n<ul class=\"red-bullets\">\n<li>La cubierta trasera resistente a perforaciones y abrasi\u00f3n reduce la fricci\u00f3n y la acumulaci\u00f3n de calor durante condiciones de carga de impacto.<\/li>\n<li>La pared lateral curva patentada extiende la vida \u00fatil de la transmisi\u00f3n al reducir el desgaste de la pared lateral de la correa y la polea.<\/li>\n<li>Nota: Las correas individuales Predator\u2122 no est\u00e1n dise\u00f1ados para cumplir con los requisitos de resistencia est\u00e1tica.<\/li>\n<\/ul>\n<p><a href=\"https:\/\/www.tiendasindustriales.com\/store\/wp-content\/uploads\/2025\/05\/Predator\u2122-PowerBand\u2122.pdf\" target=\"_blank\" rel=\"noopener\"><img decoding=\"async\" class=\"alignnone\" title=\"FICHA T\u00c9CNICA\" src=\"https:\/\/www.ventaalinstante.com\/wp-content\/uploads\/2023\/08\/PDF_file_icon.svg-244x300.png\" alt=\"\" width=\"45\" height=\"55\" \/><\/a><\/p>\n","protected":false},"excerpt":{"rendered":"<p>Las correas Predator\u2122 est\u00e1n dise\u00f1adas como correas de reemplazo de calidad OE para aplicaciones de servicio pesado expuestas a cargas pulsantes o cargas de impacto pesadas, como miner\u00eda, agricultura, procesamiento de madera, equipos para yacimientos petrol\u00edferos, construcci\u00f3n y operaciones con arena\/grava.<\/p>\n","protected":false},"featured_media":12852,"comment_status":"closed","ping_status":"closed","template":"","meta":[],"product_brand":[],"product_cat":[72],"product_tag":[],"class_list":{"0":"post-12846","1":"product","2":"type-product","3":"status-publish","4":"has-post-thumbnail","6":"product_cat-correas","8":"first","9":"instock","10":"shipping-taxable","11":"product-type-simple"},"yoast_head":"<!-- This site is optimized with the Yoast SEO plugin v27.4 - https:\/\/yoast.com\/product\/yoast-seo-wordpress\/ -->\n<title>Correa en V Predator\u2122 PowerBand\u2122 5VP2240 Gates - Tiendas Industriales<\/title>\n<meta name=\"robots\" content=\"index, follow, max-snippet:-1, max-image-preview:large, max-video-preview:-1\" \/>\n<link rel=\"canonical\" href=\"https:\/\/www.tiendasindustriales.com\/store\/producto\/correa-en-v-predator-powerband-5vp2240-gates\/\" \/>\n<meta property=\"og:locale\" content=\"es_ES\" \/>\n<meta property=\"og:type\" content=\"article\" \/>\n<meta property=\"og:title\" content=\"Correa en V Predator\u2122 PowerBand\u2122 5VP2240 Gates - Tiendas Industriales\" \/>\n<meta property=\"og:description\" content=\"Las correas Predator\u2122 est\u00e1n dise\u00f1adas como correas de reemplazo de calidad OE para aplicaciones de servicio pesado expuestas a cargas pulsantes o cargas de impacto pesadas, como miner\u00eda, agricultura, procesamiento de madera, equipos para yacimientos petrol\u00edferos, construcci\u00f3n y operaciones con arena\/grava.\" \/>\n<meta property=\"og:url\" content=\"https:\/\/www.tiendasindustriales.com\/store\/producto\/correa-en-v-predator-powerband-5vp2240-gates\/\" \/>\n<meta property=\"og:site_name\" content=\"Tiendas Industriales\" \/>\n<meta property=\"article:publisher\" content=\"https:\/\/www.facebook.com\/DiscorreasManguerasyEmpaques\/\" \/>\n<meta property=\"article:modified_time\" content=\"2025-05-07T17:25:18+00:00\" \/>\n<meta property=\"og:image\" content=\"https:\/\/www.tiendasindustriales.com\/store\/wp-content\/uploads\/2025\/05\/IMG_5786.jpg\" \/>\n\t<meta property=\"og:image:width\" content=\"2480\" \/>\n\t<meta property=\"og:image:height\" content=\"2474\" \/>\n\t<meta property=\"og:image:type\" content=\"image\/jpeg\" \/>\n<meta name=\"twitter:card\" content=\"summary_large_image\" \/>\n<meta name=\"twitter:label1\" content=\"Tiempo de lectura\" \/>\n\t<meta name=\"twitter:data1\" content=\"3 minutos\" \/>\n<script type=\"application\/ld+json\" class=\"yoast-schema-graph\">{\"@context\":\"https:\\\/\\\/schema.org\",\"@graph\":[{\"@type\":\"WebPage\",\"@id\":\"https:\\\/\\\/www.tiendasindustriales.com\\\/store\\\/producto\\\/correa-en-v-predator-powerband-5vp2240-gates\\\/\",\"url\":\"https:\\\/\\\/www.tiendasindustriales.com\\\/store\\\/producto\\\/correa-en-v-predator-powerband-5vp2240-gates\\\/\",\"name\":\"Correa en V Predator\u2122 PowerBand\u2122 5VP2240 Gates - Tiendas Industriales\",\"isPartOf\":{\"@id\":\"https:\\\/\\\/www.tiendasindustriales.com\\\/store\\\/#website\"},\"primaryImageOfPage\":{\"@id\":\"https:\\\/\\\/www.tiendasindustriales.com\\\/store\\\/producto\\\/correa-en-v-predator-powerband-5vp2240-gates\\\/#primaryimage\"},\"image\":{\"@id\":\"https:\\\/\\\/www.tiendasindustriales.com\\\/store\\\/producto\\\/correa-en-v-predator-powerband-5vp2240-gates\\\/#primaryimage\"},\"thumbnailUrl\":\"https:\\\/\\\/www.tiendasindustriales.com\\\/store\\\/wp-content\\\/uploads\\\/2025\\\/05\\\/IMG_5786.jpg\",\"datePublished\":\"2025-05-06T21:33:16+00:00\",\"dateModified\":\"2025-05-07T17:25:18+00:00\",\"breadcrumb\":{\"@id\":\"https:\\\/\\\/www.tiendasindustriales.com\\\/store\\\/producto\\\/correa-en-v-predator-powerband-5vp2240-gates\\\/#breadcrumb\"},\"inLanguage\":\"es\",\"potentialAction\":[{\"@type\":\"ReadAction\",\"target\":[\"https:\\\/\\\/www.tiendasindustriales.com\\\/store\\\/producto\\\/correa-en-v-predator-powerband-5vp2240-gates\\\/\"]}]},{\"@type\":\"ImageObject\",\"inLanguage\":\"es\",\"@id\":\"https:\\\/\\\/www.tiendasindustriales.com\\\/store\\\/producto\\\/correa-en-v-predator-powerband-5vp2240-gates\\\/#primaryimage\",\"url\":\"https:\\\/\\\/www.tiendasindustriales.com\\\/store\\\/wp-content\\\/uploads\\\/2025\\\/05\\\/IMG_5786.jpg\",\"contentUrl\":\"https:\\\/\\\/www.tiendasindustriales.com\\\/store\\\/wp-content\\\/uploads\\\/2025\\\/05\\\/IMG_5786.jpg\",\"width\":2480,\"height\":2474},{\"@type\":\"BreadcrumbList\",\"@id\":\"https:\\\/\\\/www.tiendasindustriales.com\\\/store\\\/producto\\\/correa-en-v-predator-powerband-5vp2240-gates\\\/#breadcrumb\",\"itemListElement\":[{\"@type\":\"ListItem\",\"position\":1,\"name\":\"Portada\",\"item\":\"https:\\\/\\\/www.tiendasindustriales.com\\\/store\\\/\"},{\"@type\":\"ListItem\",\"position\":2,\"name\":\"Tienda\",\"item\":\"https:\\\/\\\/www.tiendasindustriales.com\\\/store\\\/tienda\\\/\"},{\"@type\":\"ListItem\",\"position\":3,\"name\":\"Correa en V Predator\u2122 PowerBand\u2122 5VP2240 Gates\"}]},{\"@type\":\"WebSite\",\"@id\":\"https:\\\/\\\/www.tiendasindustriales.com\\\/store\\\/#website\",\"url\":\"https:\\\/\\\/www.tiendasindustriales.com\\\/store\\\/\",\"name\":\"Tiendas Industriales\",\"description\":\"Grupo Empresarial\",\"publisher\":{\"@id\":\"https:\\\/\\\/www.tiendasindustriales.com\\\/store\\\/#organization\"},\"potentialAction\":[{\"@type\":\"SearchAction\",\"target\":{\"@type\":\"EntryPoint\",\"urlTemplate\":\"https:\\\/\\\/www.tiendasindustriales.com\\\/store\\\/?s={search_term_string}\"},\"query-input\":{\"@type\":\"PropertyValueSpecification\",\"valueRequired\":true,\"valueName\":\"search_term_string\"}}],\"inLanguage\":\"es\"},{\"@type\":\"Organization\",\"@id\":\"https:\\\/\\\/www.tiendasindustriales.com\\\/store\\\/#organization\",\"name\":\"Tiendas Industriales Grupo Empresarial\",\"url\":\"https:\\\/\\\/www.tiendasindustriales.com\\\/store\\\/\",\"logo\":{\"@type\":\"ImageObject\",\"inLanguage\":\"es\",\"@id\":\"https:\\\/\\\/www.tiendasindustriales.com\\\/store\\\/#\\\/schema\\\/logo\\\/image\\\/\",\"url\":\"https:\\\/\\\/www.tiendasindustriales.com\\\/store\\\/wp-content\\\/uploads\\\/2022\\\/08\\\/Recurso-2logo-index.png\",\"contentUrl\":\"https:\\\/\\\/www.tiendasindustriales.com\\\/store\\\/wp-content\\\/uploads\\\/2022\\\/08\\\/Recurso-2logo-index.png\",\"width\":547,\"height\":219,\"caption\":\"Tiendas Industriales Grupo Empresarial\"},\"image\":{\"@id\":\"https:\\\/\\\/www.tiendasindustriales.com\\\/store\\\/#\\\/schema\\\/logo\\\/image\\\/\"},\"sameAs\":[\"https:\\\/\\\/www.facebook.com\\\/DiscorreasManguerasyEmpaques\\\/\",\"https:\\\/\\\/www.instagram.com\\\/tiendasindustriales\"]}]}<\/script>\n<!-- \/ Yoast SEO plugin. -->","yoast_head_json":{"title":"Correa en V Predator\u2122 PowerBand\u2122 5VP2240 Gates - Tiendas Industriales","robots":{"index":"index","follow":"follow","max-snippet":"max-snippet:-1","max-image-preview":"max-image-preview:large","max-video-preview":"max-video-preview:-1"},"canonical":"https:\/\/www.tiendasindustriales.com\/store\/producto\/correa-en-v-predator-powerband-5vp2240-gates\/","og_locale":"es_ES","og_type":"article","og_title":"Correa en V Predator\u2122 PowerBand\u2122 5VP2240 Gates - Tiendas Industriales","og_description":"Las correas Predator\u2122 est\u00e1n dise\u00f1adas como correas de reemplazo de calidad OE para aplicaciones de servicio pesado expuestas a cargas pulsantes o cargas de impacto pesadas, como miner\u00eda, agricultura, procesamiento de madera, equipos para yacimientos petrol\u00edferos, construcci\u00f3n y operaciones con arena\/grava.","og_url":"https:\/\/www.tiendasindustriales.com\/store\/producto\/correa-en-v-predator-powerband-5vp2240-gates\/","og_site_name":"Tiendas Industriales","article_publisher":"https:\/\/www.facebook.com\/DiscorreasManguerasyEmpaques\/","article_modified_time":"2025-05-07T17:25:18+00:00","og_image":[{"width":2480,"height":2474,"url":"https:\/\/www.tiendasindustriales.com\/store\/wp-content\/uploads\/2025\/05\/IMG_5786.jpg","type":"image\/jpeg"}],"twitter_card":"summary_large_image","twitter_misc":{"Tiempo de lectura":"3 minutos"},"schema":{"@context":"https:\/\/schema.org","@graph":[{"@type":"WebPage","@id":"https:\/\/www.tiendasindustriales.com\/store\/producto\/correa-en-v-predator-powerband-5vp2240-gates\/","url":"https:\/\/www.tiendasindustriales.com\/store\/producto\/correa-en-v-predator-powerband-5vp2240-gates\/","name":"Correa en V Predator\u2122 PowerBand\u2122 5VP2240 Gates - Tiendas Industriales","isPartOf":{"@id":"https:\/\/www.tiendasindustriales.com\/store\/#website"},"primaryImageOfPage":{"@id":"https:\/\/www.tiendasindustriales.com\/store\/producto\/correa-en-v-predator-powerband-5vp2240-gates\/#primaryimage"},"image":{"@id":"https:\/\/www.tiendasindustriales.com\/store\/producto\/correa-en-v-predator-powerband-5vp2240-gates\/#primaryimage"},"thumbnailUrl":"https:\/\/www.tiendasindustriales.com\/store\/wp-content\/uploads\/2025\/05\/IMG_5786.jpg","datePublished":"2025-05-06T21:33:16+00:00","dateModified":"2025-05-07T17:25:18+00:00","breadcrumb":{"@id":"https:\/\/www.tiendasindustriales.com\/store\/producto\/correa-en-v-predator-powerband-5vp2240-gates\/#breadcrumb"},"inLanguage":"es","potentialAction":[{"@type":"ReadAction","target":["https:\/\/www.tiendasindustriales.com\/store\/producto\/correa-en-v-predator-powerband-5vp2240-gates\/"]}]},{"@type":"ImageObject","inLanguage":"es","@id":"https:\/\/www.tiendasindustriales.com\/store\/producto\/correa-en-v-predator-powerband-5vp2240-gates\/#primaryimage","url":"https:\/\/www.tiendasindustriales.com\/store\/wp-content\/uploads\/2025\/05\/IMG_5786.jpg","contentUrl":"https:\/\/www.tiendasindustriales.com\/store\/wp-content\/uploads\/2025\/05\/IMG_5786.jpg","width":2480,"height":2474},{"@type":"BreadcrumbList","@id":"https:\/\/www.tiendasindustriales.com\/store\/producto\/correa-en-v-predator-powerband-5vp2240-gates\/#breadcrumb","itemListElement":[{"@type":"ListItem","position":1,"name":"Portada","item":"https:\/\/www.tiendasindustriales.com\/store\/"},{"@type":"ListItem","position":2,"name":"Tienda","item":"https:\/\/www.tiendasindustriales.com\/store\/tienda\/"},{"@type":"ListItem","position":3,"name":"Correa en V Predator\u2122 PowerBand\u2122 5VP2240 Gates"}]},{"@type":"WebSite","@id":"https:\/\/www.tiendasindustriales.com\/store\/#website","url":"https:\/\/www.tiendasindustriales.com\/store\/","name":"Tiendas Industriales","description":"Grupo Empresarial","publisher":{"@id":"https:\/\/www.tiendasindustriales.com\/store\/#organization"},"potentialAction":[{"@type":"SearchAction","target":{"@type":"EntryPoint","urlTemplate":"https:\/\/www.tiendasindustriales.com\/store\/?s={search_term_string}"},"query-input":{"@type":"PropertyValueSpecification","valueRequired":true,"valueName":"search_term_string"}}],"inLanguage":"es"},{"@type":"Organization","@id":"https:\/\/www.tiendasindustriales.com\/store\/#organization","name":"Tiendas Industriales Grupo Empresarial","url":"https:\/\/www.tiendasindustriales.com\/store\/","logo":{"@type":"ImageObject","inLanguage":"es","@id":"https:\/\/www.tiendasindustriales.com\/store\/#\/schema\/logo\/image\/","url":"https:\/\/www.tiendasindustriales.com\/store\/wp-content\/uploads\/2022\/08\/Recurso-2logo-index.png","contentUrl":"https:\/\/www.tiendasindustriales.com\/store\/wp-content\/uploads\/2022\/08\/Recurso-2logo-index.png","width":547,"height":219,"caption":"Tiendas Industriales Grupo Empresarial"},"image":{"@id":"https:\/\/www.tiendasindustriales.com\/store\/#\/schema\/logo\/image\/"},"sameAs":["https:\/\/www.facebook.com\/DiscorreasManguerasyEmpaques\/","https:\/\/www.instagram.com\/tiendasindustriales"]}]}},"_links":{"self":[{"href":"https:\/\/www.tiendasindustriales.com\/store\/wp-json\/wp\/v2\/product\/12846","targetHints":{"allow":["GET"]}}],"collection":[{"href":"https:\/\/www.tiendasindustriales.com\/store\/wp-json\/wp\/v2\/product"}],"about":[{"href":"https:\/\/www.tiendasindustriales.com\/store\/wp-json\/wp\/v2\/types\/product"}],"replies":[{"embeddable":true,"href":"https:\/\/www.tiendasindustriales.com\/store\/wp-json\/wp\/v2\/comments?post=12846"}],"wp:featuredmedia":[{"embeddable":true,"href":"https:\/\/www.tiendasindustriales.com\/store\/wp-json\/wp\/v2\/media\/12852"}],"wp:attachment":[{"href":"https:\/\/www.tiendasindustriales.com\/store\/wp-json\/wp\/v2\/media?parent=12846"}],"wp:term":[{"taxonomy":"product_brand","embeddable":true,"href":"https:\/\/www.tiendasindustriales.com\/store\/wp-json\/wp\/v2\/product_brand?post=12846"},{"taxonomy":"product_cat","embeddable":true,"href":"https:\/\/www.tiendasindustriales.com\/store\/wp-json\/wp\/v2\/product_cat?post=12846"},{"taxonomy":"product_tag","embeddable":true,"href":"https:\/\/www.tiendasindustriales.com\/store\/wp-json\/wp\/v2\/product_tag?post=12846"}],"curies":[{"name":"wp","href":"https:\/\/api.w.org\/{rel}","templated":true}]}}