{"id":12812,"date":"2025-05-06T11:56:47","date_gmt":"2025-05-06T15:56:47","guid":{"rendered":"https:\/\/www.tiendasindustriales.com\/store\/?post_type=product&#038;p=12812"},"modified":"2025-05-06T13:06:37","modified_gmt":"2025-05-06T17:06:37","slug":"correa-en-v-predator-powerband-8-5vp-1250-gates","status":"publish","type":"product","link":"https:\/\/www.tiendasindustriales.com\/store\/producto\/correa-en-v-predator-powerband-8-5vp-1250-gates\/","title":{"rendered":"Correa en V Predator\u2122 PowerBand\u2122 8\/5VP-1250 Gates"},"content":{"rendered":"<p class=\"product__info\">El dise\u00f1o de la correa Predator\u2122 PowerBand\u2122 de Gates ofrece una soluci\u00f3n para transmisiones donde las correas simples vibran, se dan la vuelta o se salen de las poleas. Consiste en varias correas trapezoidales unidas por una banda permanente de alta resistencia que permite que las correas trabajen juntas como una sola unidad. La correa Predator\u2122 Powerband\u2122 est\u00e1 especialmente dise\u00f1ada para aplicaciones exigentes y entornos dif\u00edciles, y ofrece una alta resistencia a la vibraci\u00f3n. Ideada espec\u00edficamente para aplicaciones de alta solicitaci\u00f3n, la construcci\u00f3n reforzada de la correa para trabajos pesados proporciona una alta resistencia al impacto, capacidad y resistencia al desgaste.<\/p>\n<ul class=\"red-bullets\">\n<li>Las cuerdas de tracci\u00f3n de aramida combinan un estiramiento\u00a0muy bajo\u00a0con una fuerza y durabilidad extraordinarias muy superior al acero.<\/li>\n<li>Su revestimiento especial resiste los residuos y permite que la correa\u00a0patine en condiciones de carga de choque extremas, lo que reduce la acumulaci\u00f3n de calor y prolonga su vida \u00fatil.<\/li>\n<li>La banda multicapa proporciona una excelente rigidez lateral que impide que las correas se den la vuelta o se salgan de la transmisi\u00f3n.<\/li>\n<\/ul>\n<table class=\"table c-table c-table--split\" style=\"height: 584px;\" width=\"755\">\n<tbody>\n<tr>\n<th>Parte #<\/th>\n<td>8\/5VP1250<\/td>\n<\/tr>\n<tr>\n<th>Producto #<\/th>\n<td>91818125<\/td>\n<\/tr>\n<tr>\n<th>Descripci\u00f3n<\/th>\n<td>8\/5VP1250<\/td>\n<\/tr>\n<tr>\n<th>C\u00f3digo Postal<\/th>\n<td>072053738391<\/td>\n<\/tr>\n<tr>\n<th>Secci\u00f3n transversal<\/th>\n<td>5VP<\/td>\n<\/tr>\n<tr>\n<th>Ancho superior por hebra (pulg.)<\/th>\n<td>0.62<\/td>\n<\/tr>\n<tr>\n<th>Ancho superior por hebra (mm)<\/th>\n<td>16<\/td>\n<\/tr>\n<tr>\n<th>Longitud efectiva (pulg.)<\/th>\n<td>124.51<\/td>\n<\/tr>\n<tr>\n<th>Longitud efectiva (mm)<\/th>\n<td>3163<\/td>\n<\/tr>\n<tr>\n<th>Circunferencia exterior (pulg.)<\/th>\n<td>125<\/td>\n<\/tr>\n<tr>\n<th>Circunferencia exterior (mm)<\/th>\n<td>3200<\/td>\n<\/tr>\n<tr>\n<th>N\u00famero de canales<\/th>\n<td>8<\/td>\n<\/tr>\n<tr>\n<th>Secci\u00f3n<\/th>\n<td>5VP<\/td>\n<\/tr>\n<tr>\n<th>N\u00famero de ranuras<\/th>\n<td>8<\/td>\n<\/tr>\n<tr>\n<th>Ancho superior (pulg.)<\/th>\n<td>5.44<\/td>\n<\/tr>\n<tr>\n<th>Ancho superior (mm)<\/th>\n<td>138<\/td>\n<\/tr>\n<tr>\n<th>\u00c1ngulo.<\/th>\n<td>40<\/td>\n<\/tr>\n<tr>\n<th>Espesor (pulgadas)<\/th>\n<td>0,59<\/td>\n<\/tr>\n<tr>\n<th>Espesor (mm)<\/th>\n<td>15<\/td>\n<\/tr>\n<\/tbody>\n<\/table>\n<h2 class=\"product__titles\">Caracter\u00edsticas y beneficios<\/h2>\n<ul class=\"red-bullets\">\n<li>Conductor est\u00e1tico (ISO 1813) (excepto 8VP) y como tal puede utilizarse en las condiciones descritas en la Directiva 2014\/34\/UE-ATEX.<\/li>\n<li>Cuenta con una banda de amarre de m\u00faltiples capas que proporciona una excelente rigidez lateral para evitar que las correas se vuelquen o se salgan de la transmisi\u00f3n.<\/li>\n<li>Las curvas de las puertas proporcionan un contacto total con las ranuras de la polea para lograr una carga uniforme de los cables, un desgaste uniforme y una mayor vida \u00fatil de la correa.<\/li>\n<li>La correa no se incendiar\u00e1 debido a la acumulaci\u00f3n de calor, incluso en caso de deslizamiento severo.<\/li>\n<li>Potencia nominal al menos un 40 % superior a la de las correas trapezoidales de construcci\u00f3n est\u00e1ndar.<\/li>\n<li>Compuesto cargado de fibra para mejorar la estabilidad de la correa.<\/li>\n<li>Rango de temperatura: -30\u00b0C a +60\u00b0C (-22\u00b0F a +140\u00b0F).<\/li>\n<li>Las cuerdas de tracci\u00f3n de aramida soportan f\u00e1cilmente las cargas de impacto.<\/li>\n<li>Una fuerte banda de sujeci\u00f3n une la parte posterior de todos los cinturones.<\/li>\n<li>No es necesario tensar constantemente la correa.<\/li>\n<li>Disponible bajo demanda en conjuntos combinados.<\/li>\n<li>Funda de tela con espalda descubierta de doble capa.<\/li>\n<li>Cuerdas de tracci\u00f3n de aramida unidas mediante flexi\u00f3n.<\/li>\n<li>Menos mantenimiento, menos tiempo de inactividad.<\/li>\n<li>Cumple con REACH y RoHS 2.<\/li>\n<\/ul>\n<p><a href=\"https:\/\/www.tiendasindustriales.com\/store\/wp-content\/uploads\/2025\/05\/Predator\u2122-PowerBand\u2122.pdf\" target=\"_blank\" rel=\"noopener\"><img decoding=\"async\" class=\"alignnone\" title=\"FICHA T\u00c9CNICA\" src=\"https:\/\/www.ventaalinstante.com\/wp-content\/uploads\/2023\/08\/PDF_file_icon.svg-244x300.png\" alt=\"\" width=\"45\" height=\"55\" \/><\/a><\/p>\n","protected":false},"excerpt":{"rendered":"<p>Las correas Predator\u2122 est\u00e1n dise\u00f1adas como correas de reemplazo de calidad OE para aplicaciones de servicio pesado expuestas a cargas pulsantes o cargas de impacto pesadas, como miner\u00eda, agricultura, procesamiento de madera, equipos para yacimientos petrol\u00edferos, construcci\u00f3n y operaciones con arena\/grava.<\/p>\n","protected":false},"featured_media":12814,"comment_status":"closed","ping_status":"closed","template":"","meta":[],"product_brand":[],"product_cat":[72],"product_tag":[],"class_list":{"0":"post-12812","1":"product","2":"type-product","3":"status-publish","4":"has-post-thumbnail","6":"product_cat-correas","8":"first","9":"instock","10":"shipping-taxable","11":"product-type-simple"},"yoast_head":"<!-- This site is optimized with the Yoast SEO plugin v27.4 - https:\/\/yoast.com\/product\/yoast-seo-wordpress\/ -->\n<title>Correa en V Predator\u2122 PowerBand\u2122 8\/5VP-1250 Gates - Tiendas Industriales<\/title>\n<meta name=\"robots\" content=\"index, follow, max-snippet:-1, max-image-preview:large, max-video-preview:-1\" \/>\n<link rel=\"canonical\" href=\"https:\/\/www.tiendasindustriales.com\/store\/producto\/correa-en-v-predator-powerband-8-5vp-1250-gates\/\" \/>\n<meta property=\"og:locale\" content=\"es_ES\" \/>\n<meta property=\"og:type\" content=\"article\" \/>\n<meta property=\"og:title\" content=\"Correa en V Predator\u2122 PowerBand\u2122 8\/5VP-1250 Gates - Tiendas Industriales\" \/>\n<meta property=\"og:description\" content=\"Las correas Predator\u2122 est\u00e1n dise\u00f1adas como correas de reemplazo de calidad OE para aplicaciones de servicio pesado expuestas a cargas pulsantes o cargas de impacto pesadas, como miner\u00eda, agricultura, procesamiento de madera, equipos para yacimientos petrol\u00edferos, construcci\u00f3n y operaciones con arena\/grava.\" \/>\n<meta property=\"og:url\" content=\"https:\/\/www.tiendasindustriales.com\/store\/producto\/correa-en-v-predator-powerband-8-5vp-1250-gates\/\" \/>\n<meta property=\"og:site_name\" content=\"Tiendas Industriales\" \/>\n<meta property=\"article:publisher\" content=\"https:\/\/www.facebook.com\/DiscorreasManguerasyEmpaques\/\" \/>\n<meta property=\"article:modified_time\" content=\"2025-05-06T17:06:37+00:00\" \/>\n<meta property=\"og:image\" content=\"https:\/\/www.tiendasindustriales.com\/store\/wp-content\/uploads\/2025\/05\/Predator-1.jpg\" \/>\n\t<meta property=\"og:image:width\" content=\"2480\" \/>\n\t<meta property=\"og:image:height\" content=\"2474\" \/>\n\t<meta property=\"og:image:type\" content=\"image\/jpeg\" \/>\n<meta name=\"twitter:card\" content=\"summary_large_image\" \/>\n<meta name=\"twitter:label1\" content=\"Tiempo de lectura\" \/>\n\t<meta name=\"twitter:data1\" content=\"3 minutos\" \/>\n<script type=\"application\/ld+json\" class=\"yoast-schema-graph\">{\"@context\":\"https:\\\/\\\/schema.org\",\"@graph\":[{\"@type\":\"WebPage\",\"@id\":\"https:\\\/\\\/www.tiendasindustriales.com\\\/store\\\/producto\\\/correa-en-v-predator-powerband-8-5vp-1250-gates\\\/\",\"url\":\"https:\\\/\\\/www.tiendasindustriales.com\\\/store\\\/producto\\\/correa-en-v-predator-powerband-8-5vp-1250-gates\\\/\",\"name\":\"Correa en V Predator\u2122 PowerBand\u2122 8\\\/5VP-1250 Gates - Tiendas Industriales\",\"isPartOf\":{\"@id\":\"https:\\\/\\\/www.tiendasindustriales.com\\\/store\\\/#website\"},\"primaryImageOfPage\":{\"@id\":\"https:\\\/\\\/www.tiendasindustriales.com\\\/store\\\/producto\\\/correa-en-v-predator-powerband-8-5vp-1250-gates\\\/#primaryimage\"},\"image\":{\"@id\":\"https:\\\/\\\/www.tiendasindustriales.com\\\/store\\\/producto\\\/correa-en-v-predator-powerband-8-5vp-1250-gates\\\/#primaryimage\"},\"thumbnailUrl\":\"https:\\\/\\\/www.tiendasindustriales.com\\\/store\\\/wp-content\\\/uploads\\\/2025\\\/05\\\/Predator-1.jpg\",\"datePublished\":\"2025-05-06T15:56:47+00:00\",\"dateModified\":\"2025-05-06T17:06:37+00:00\",\"breadcrumb\":{\"@id\":\"https:\\\/\\\/www.tiendasindustriales.com\\\/store\\\/producto\\\/correa-en-v-predator-powerband-8-5vp-1250-gates\\\/#breadcrumb\"},\"inLanguage\":\"es\",\"potentialAction\":[{\"@type\":\"ReadAction\",\"target\":[\"https:\\\/\\\/www.tiendasindustriales.com\\\/store\\\/producto\\\/correa-en-v-predator-powerband-8-5vp-1250-gates\\\/\"]}]},{\"@type\":\"ImageObject\",\"inLanguage\":\"es\",\"@id\":\"https:\\\/\\\/www.tiendasindustriales.com\\\/store\\\/producto\\\/correa-en-v-predator-powerband-8-5vp-1250-gates\\\/#primaryimage\",\"url\":\"https:\\\/\\\/www.tiendasindustriales.com\\\/store\\\/wp-content\\\/uploads\\\/2025\\\/05\\\/Predator-1.jpg\",\"contentUrl\":\"https:\\\/\\\/www.tiendasindustriales.com\\\/store\\\/wp-content\\\/uploads\\\/2025\\\/05\\\/Predator-1.jpg\",\"width\":2480,\"height\":2474},{\"@type\":\"BreadcrumbList\",\"@id\":\"https:\\\/\\\/www.tiendasindustriales.com\\\/store\\\/producto\\\/correa-en-v-predator-powerband-8-5vp-1250-gates\\\/#breadcrumb\",\"itemListElement\":[{\"@type\":\"ListItem\",\"position\":1,\"name\":\"Portada\",\"item\":\"https:\\\/\\\/www.tiendasindustriales.com\\\/store\\\/\"},{\"@type\":\"ListItem\",\"position\":2,\"name\":\"Tienda\",\"item\":\"https:\\\/\\\/www.tiendasindustriales.com\\\/store\\\/tienda\\\/\"},{\"@type\":\"ListItem\",\"position\":3,\"name\":\"Correa en V Predator\u2122 PowerBand\u2122 8\\\/5VP-1250 Gates\"}]},{\"@type\":\"WebSite\",\"@id\":\"https:\\\/\\\/www.tiendasindustriales.com\\\/store\\\/#website\",\"url\":\"https:\\\/\\\/www.tiendasindustriales.com\\\/store\\\/\",\"name\":\"Tiendas Industriales\",\"description\":\"Grupo Empresarial\",\"publisher\":{\"@id\":\"https:\\\/\\\/www.tiendasindustriales.com\\\/store\\\/#organization\"},\"potentialAction\":[{\"@type\":\"SearchAction\",\"target\":{\"@type\":\"EntryPoint\",\"urlTemplate\":\"https:\\\/\\\/www.tiendasindustriales.com\\\/store\\\/?s={search_term_string}\"},\"query-input\":{\"@type\":\"PropertyValueSpecification\",\"valueRequired\":true,\"valueName\":\"search_term_string\"}}],\"inLanguage\":\"es\"},{\"@type\":\"Organization\",\"@id\":\"https:\\\/\\\/www.tiendasindustriales.com\\\/store\\\/#organization\",\"name\":\"Tiendas Industriales Grupo Empresarial\",\"url\":\"https:\\\/\\\/www.tiendasindustriales.com\\\/store\\\/\",\"logo\":{\"@type\":\"ImageObject\",\"inLanguage\":\"es\",\"@id\":\"https:\\\/\\\/www.tiendasindustriales.com\\\/store\\\/#\\\/schema\\\/logo\\\/image\\\/\",\"url\":\"https:\\\/\\\/www.tiendasindustriales.com\\\/store\\\/wp-content\\\/uploads\\\/2022\\\/08\\\/Recurso-2logo-index.png\",\"contentUrl\":\"https:\\\/\\\/www.tiendasindustriales.com\\\/store\\\/wp-content\\\/uploads\\\/2022\\\/08\\\/Recurso-2logo-index.png\",\"width\":547,\"height\":219,\"caption\":\"Tiendas Industriales Grupo Empresarial\"},\"image\":{\"@id\":\"https:\\\/\\\/www.tiendasindustriales.com\\\/store\\\/#\\\/schema\\\/logo\\\/image\\\/\"},\"sameAs\":[\"https:\\\/\\\/www.facebook.com\\\/DiscorreasManguerasyEmpaques\\\/\",\"https:\\\/\\\/www.instagram.com\\\/tiendasindustriales\"]}]}<\/script>\n<!-- \/ Yoast SEO plugin. -->","yoast_head_json":{"title":"Correa en V Predator\u2122 PowerBand\u2122 8\/5VP-1250 Gates - Tiendas Industriales","robots":{"index":"index","follow":"follow","max-snippet":"max-snippet:-1","max-image-preview":"max-image-preview:large","max-video-preview":"max-video-preview:-1"},"canonical":"https:\/\/www.tiendasindustriales.com\/store\/producto\/correa-en-v-predator-powerband-8-5vp-1250-gates\/","og_locale":"es_ES","og_type":"article","og_title":"Correa en V Predator\u2122 PowerBand\u2122 8\/5VP-1250 Gates - Tiendas Industriales","og_description":"Las correas Predator\u2122 est\u00e1n dise\u00f1adas como correas de reemplazo de calidad OE para aplicaciones de servicio pesado expuestas a cargas pulsantes o cargas de impacto pesadas, como miner\u00eda, agricultura, procesamiento de madera, equipos para yacimientos petrol\u00edferos, construcci\u00f3n y operaciones con arena\/grava.","og_url":"https:\/\/www.tiendasindustriales.com\/store\/producto\/correa-en-v-predator-powerband-8-5vp-1250-gates\/","og_site_name":"Tiendas Industriales","article_publisher":"https:\/\/www.facebook.com\/DiscorreasManguerasyEmpaques\/","article_modified_time":"2025-05-06T17:06:37+00:00","og_image":[{"width":2480,"height":2474,"url":"https:\/\/www.tiendasindustriales.com\/store\/wp-content\/uploads\/2025\/05\/Predator-1.jpg","type":"image\/jpeg"}],"twitter_card":"summary_large_image","twitter_misc":{"Tiempo de lectura":"3 minutos"},"schema":{"@context":"https:\/\/schema.org","@graph":[{"@type":"WebPage","@id":"https:\/\/www.tiendasindustriales.com\/store\/producto\/correa-en-v-predator-powerband-8-5vp-1250-gates\/","url":"https:\/\/www.tiendasindustriales.com\/store\/producto\/correa-en-v-predator-powerband-8-5vp-1250-gates\/","name":"Correa en V Predator\u2122 PowerBand\u2122 8\/5VP-1250 Gates - Tiendas Industriales","isPartOf":{"@id":"https:\/\/www.tiendasindustriales.com\/store\/#website"},"primaryImageOfPage":{"@id":"https:\/\/www.tiendasindustriales.com\/store\/producto\/correa-en-v-predator-powerband-8-5vp-1250-gates\/#primaryimage"},"image":{"@id":"https:\/\/www.tiendasindustriales.com\/store\/producto\/correa-en-v-predator-powerband-8-5vp-1250-gates\/#primaryimage"},"thumbnailUrl":"https:\/\/www.tiendasindustriales.com\/store\/wp-content\/uploads\/2025\/05\/Predator-1.jpg","datePublished":"2025-05-06T15:56:47+00:00","dateModified":"2025-05-06T17:06:37+00:00","breadcrumb":{"@id":"https:\/\/www.tiendasindustriales.com\/store\/producto\/correa-en-v-predator-powerband-8-5vp-1250-gates\/#breadcrumb"},"inLanguage":"es","potentialAction":[{"@type":"ReadAction","target":["https:\/\/www.tiendasindustriales.com\/store\/producto\/correa-en-v-predator-powerband-8-5vp-1250-gates\/"]}]},{"@type":"ImageObject","inLanguage":"es","@id":"https:\/\/www.tiendasindustriales.com\/store\/producto\/correa-en-v-predator-powerband-8-5vp-1250-gates\/#primaryimage","url":"https:\/\/www.tiendasindustriales.com\/store\/wp-content\/uploads\/2025\/05\/Predator-1.jpg","contentUrl":"https:\/\/www.tiendasindustriales.com\/store\/wp-content\/uploads\/2025\/05\/Predator-1.jpg","width":2480,"height":2474},{"@type":"BreadcrumbList","@id":"https:\/\/www.tiendasindustriales.com\/store\/producto\/correa-en-v-predator-powerband-8-5vp-1250-gates\/#breadcrumb","itemListElement":[{"@type":"ListItem","position":1,"name":"Portada","item":"https:\/\/www.tiendasindustriales.com\/store\/"},{"@type":"ListItem","position":2,"name":"Tienda","item":"https:\/\/www.tiendasindustriales.com\/store\/tienda\/"},{"@type":"ListItem","position":3,"name":"Correa en V Predator\u2122 PowerBand\u2122 8\/5VP-1250 Gates"}]},{"@type":"WebSite","@id":"https:\/\/www.tiendasindustriales.com\/store\/#website","url":"https:\/\/www.tiendasindustriales.com\/store\/","name":"Tiendas Industriales","description":"Grupo Empresarial","publisher":{"@id":"https:\/\/www.tiendasindustriales.com\/store\/#organization"},"potentialAction":[{"@type":"SearchAction","target":{"@type":"EntryPoint","urlTemplate":"https:\/\/www.tiendasindustriales.com\/store\/?s={search_term_string}"},"query-input":{"@type":"PropertyValueSpecification","valueRequired":true,"valueName":"search_term_string"}}],"inLanguage":"es"},{"@type":"Organization","@id":"https:\/\/www.tiendasindustriales.com\/store\/#organization","name":"Tiendas Industriales Grupo Empresarial","url":"https:\/\/www.tiendasindustriales.com\/store\/","logo":{"@type":"ImageObject","inLanguage":"es","@id":"https:\/\/www.tiendasindustriales.com\/store\/#\/schema\/logo\/image\/","url":"https:\/\/www.tiendasindustriales.com\/store\/wp-content\/uploads\/2022\/08\/Recurso-2logo-index.png","contentUrl":"https:\/\/www.tiendasindustriales.com\/store\/wp-content\/uploads\/2022\/08\/Recurso-2logo-index.png","width":547,"height":219,"caption":"Tiendas Industriales Grupo Empresarial"},"image":{"@id":"https:\/\/www.tiendasindustriales.com\/store\/#\/schema\/logo\/image\/"},"sameAs":["https:\/\/www.facebook.com\/DiscorreasManguerasyEmpaques\/","https:\/\/www.instagram.com\/tiendasindustriales"]}]}},"_links":{"self":[{"href":"https:\/\/www.tiendasindustriales.com\/store\/wp-json\/wp\/v2\/product\/12812","targetHints":{"allow":["GET"]}}],"collection":[{"href":"https:\/\/www.tiendasindustriales.com\/store\/wp-json\/wp\/v2\/product"}],"about":[{"href":"https:\/\/www.tiendasindustriales.com\/store\/wp-json\/wp\/v2\/types\/product"}],"replies":[{"embeddable":true,"href":"https:\/\/www.tiendasindustriales.com\/store\/wp-json\/wp\/v2\/comments?post=12812"}],"wp:featuredmedia":[{"embeddable":true,"href":"https:\/\/www.tiendasindustriales.com\/store\/wp-json\/wp\/v2\/media\/12814"}],"wp:attachment":[{"href":"https:\/\/www.tiendasindustriales.com\/store\/wp-json\/wp\/v2\/media?parent=12812"}],"wp:term":[{"taxonomy":"product_brand","embeddable":true,"href":"https:\/\/www.tiendasindustriales.com\/store\/wp-json\/wp\/v2\/product_brand?post=12812"},{"taxonomy":"product_cat","embeddable":true,"href":"https:\/\/www.tiendasindustriales.com\/store\/wp-json\/wp\/v2\/product_cat?post=12812"},{"taxonomy":"product_tag","embeddable":true,"href":"https:\/\/www.tiendasindustriales.com\/store\/wp-json\/wp\/v2\/product_tag?post=12812"}],"curies":[{"name":"wp","href":"https:\/\/api.w.org\/{rel}","templated":true}]}}