{"id":12789,"date":"2025-05-05T16:59:01","date_gmt":"2025-05-05T20:59:01","guid":{"rendered":"https:\/\/www.tiendasindustriales.com\/store\/?post_type=product&#038;p=12789"},"modified":"2026-02-02T03:27:50","modified_gmt":"2026-02-02T07:27:50","slug":"taller-movil-de-grafado-uniflex-umat-2","status":"publish","type":"product","link":"https:\/\/www.tiendasindustriales.com\/store\/producto\/taller-movil-de-grafado-uniflex-umat-2\/","title":{"rendered":"Taller m\u00f3vil de grafado Uniflex UMAT 2"},"content":{"rendered":"<p>Nos gustar\u00eda presentarle el que probablemente sea el taller m\u00e1s peque\u00f1o del mundo. Con nuestro nuevo taller port\u00e1til de servicio de mangueras UMAT 2 siempre tendr\u00e1s todo a mano. La estaci\u00f3n de trabajo del tama\u00f1o de un lavavajillas con una sofisticada disposici\u00f3n de la m\u00e1quina cabe en el maletero de una camioneta y est\u00e1 lista para su uso inmediato. Con el UMAT 2 se puede procesar cualquier manguera hidr\u00e1ulica de hasta 1\u2033 4 SP y 1 \u00bc\u201c 2 SN, desde la materia prima hasta el conjunto de manguera listo para instalar. ensambla. Cortar y engarzar: todo utilizando pura energ\u00eda de la bater\u00eda o fuerza muscular. Y, por supuesto, todo con la habitual calidad UNIFLEX.<\/p>\n<p class=\"p1\"><strong>Ergon\u00f3mico<\/strong><\/p>\n<ul>\n<li class=\"p1\">Con el menor peso, con la mayor apertura y el mayor recorrido de apertura de su clase hasta 1 pulgada 4 SH<\/li>\n<li class=\"p1\">Portabilidad flexible a cualquier lugar<\/li>\n<li class=\"p1\">Bomba manual de dos etapas.<\/li>\n<\/ul>\n<p><strong>Tecnolog\u00eda de cojinetes lisos<\/strong><\/p>\n<ul>\n<li>Sin lubricante: para una mayor limpieza y una mayor vida \u00fatil de la m\u00e1quina<\/li>\n<li>M\u00e1xima productividad, con costes de funcionamiento extremadamente bajos<\/li>\n<li>No se contamina el conducto de la manguera con grasa<\/li>\n<li>Tambi\u00e9n es ideal para las industrias alimentaria y farmac\u00e9utica<\/li>\n<li>Reduce la p\u00e9rdida de fuerza de prensado hasta en un 20 %.<\/li>\n<li>Estabilidad en el proceso y precisi\u00f3n de repetici\u00f3n<\/li>\n<\/ul>\n<table style=\"height: 801px;\" width=\"739\">\n<tbody>\n<tr data-start=\"160\" data-end=\"255\">\n<td width=\"243\">\n<h5 style=\"text-align: center;\">Especificaci\u00f3n<\/h5>\n<\/td>\n<td width=\"80\">\n<h5 style=\"text-align: center;\">UMAT 2<\/h5>\n<\/td>\n<td style=\"text-align: center;\" width=\"80\">\n<h5>SH 2 M Ecoline<\/h5>\n<\/td>\n<\/tr>\n<tr>\n<td width=\"243\">Fuerza de prensado (kN\/ton)<\/td>\n<td width=\"80\" data-col-size=\"sm\" data-start=\"403\" data-end=\"424\">900 \/ 90<\/td>\n<td width=\"80\" data-col-size=\"sm\" data-start=\"424\" data-end=\"448\"><\/td>\n<\/tr>\n<tr data-start=\"449\" data-end=\"543\">\n<td width=\"243\" data-start=\"449\" data-end=\"499\" data-col-size=\"sm\">Lubricaci\u00f3n<\/td>\n<td width=\"80\" data-start=\"499\" data-end=\"540\" data-col-size=\"sm\">Sin lubricaci\u00f3n: 20% menos de fricci\u00f3n<\/td>\n<td width=\"80\" data-col-size=\"sm\" data-start=\"540\" data-end=\"543\"><\/td>\n<\/tr>\n<tr data-start=\"544\" data-end=\"644\">\n<td width=\"243\" data-start=\"544\" data-end=\"594\" data-col-size=\"sm\">Tipo de racor<\/td>\n<td width=\"80\" data-start=\"594\" data-end=\"620\" data-col-size=\"sm\">SAE R12 \/ 4SP una pieza<\/td>\n<td width=\"80\" data-start=\"620\" data-end=\"644\" data-col-size=\"sm\"><\/td>\n<\/tr>\n<tr data-start=\"645\" data-end=\"740\">\n<td width=\"243\" data-start=\"645\" data-end=\"695\" data-col-size=\"sm\">Tama\u00f1o de racor (1\u00aa entrada)<\/td>\n<td width=\"80\" data-start=\"695\" data-end=\"716\" data-col-size=\"sm\">1\u00bc\u2033<\/td>\n<td width=\"80\" data-col-size=\"sm\" data-start=\"716\" data-end=\"740\"><\/td>\n<\/tr>\n<tr data-start=\"741\" data-end=\"836\">\n<td width=\"243\" data-start=\"741\" data-end=\"791\" data-col-size=\"sm\">Racor 2 piezas SAE R15 \/ 4SH*<\/td>\n<td width=\"80\" data-start=\"791\" data-end=\"812\" data-col-size=\"sm\">S\u00ed<\/td>\n<td width=\"80\" data-start=\"812\" data-end=\"836\" data-col-size=\"sm\"><\/td>\n<\/tr>\n<tr data-start=\"837\" data-end=\"932\">\n<td width=\"243\" data-start=\"837\" data-end=\"887\" data-col-size=\"sm\">Tama\u00f1o de racor (2\u00aa entrada)<\/td>\n<td width=\"80\" data-col-size=\"sm\" data-start=\"887\" data-end=\"908\">1\u2033<\/td>\n<td width=\"80\" data-col-size=\"sm\" data-start=\"908\" data-end=\"932\"><\/td>\n<\/tr>\n<tr data-start=\"933\" data-end=\"1028\">\n<td width=\"243\" data-start=\"933\" data-end=\"983\" data-col-size=\"sm\">Racor 2 piezas SAE R12 \/ 4SP*<\/td>\n<td width=\"80\" data-col-size=\"sm\" data-start=\"983\" data-end=\"1004\">S\u00ed<\/td>\n<td width=\"80\" data-col-size=\"sm\" data-start=\"1004\" data-end=\"1028\"><\/td>\n<\/tr>\n<tr data-start=\"1029\" data-end=\"1124\">\n<td width=\"243\" data-start=\"1029\" data-end=\"1079\" data-col-size=\"sm\">Racor 2 piezas SAE R15*<\/td>\n<td width=\"80\" data-col-size=\"sm\" data-start=\"1079\" data-end=\"1100\">S\u00ed<\/td>\n<td width=\"80\" data-col-size=\"sm\" data-start=\"1100\" data-end=\"1124\"><\/td>\n<\/tr>\n<tr data-start=\"1125\" data-end=\"1220\">\n<td width=\"243\" data-start=\"1125\" data-end=\"1175\" data-col-size=\"sm\">M\u00e1x. rango de prensado (mm)<\/td>\n<td width=\"80\" data-start=\"1175\" data-end=\"1196\" data-col-size=\"sm\"><\/td>\n<td width=\"80\" data-start=\"1196\" data-end=\"1220\" data-col-size=\"sm\">63<\/td>\n<\/tr>\n<tr data-start=\"1221\" data-end=\"1316\">\n<td width=\"243\" data-start=\"1221\" data-end=\"1271\" data-col-size=\"sm\">Recorrido de apertura (mm)<\/td>\n<td width=\"80\" data-start=\"1271\" data-end=\"1292\" data-col-size=\"sm\"><\/td>\n<td width=\"80\" data-start=\"1292\" data-end=\"1316\" data-col-size=\"sm\">22<\/td>\n<\/tr>\n<tr data-start=\"1317\" data-end=\"1412\">\n<td width=\"243\" data-start=\"1317\" data-end=\"1367\" data-col-size=\"sm\">Apertura sin mordazas (mm)<\/td>\n<td width=\"80\" data-start=\"1367\" data-end=\"1388\" data-col-size=\"sm\"><\/td>\n<td width=\"80\" data-start=\"1388\" data-end=\"1412\" data-col-size=\"sm\">77<\/td>\n<\/tr>\n<tr data-start=\"1413\" data-end=\"1508\">\n<td width=\"243\" data-start=\"1413\" data-end=\"1463\" data-col-size=\"sm\">Longitud de la mand\u00edbula base (mm)<\/td>\n<td width=\"80\" data-start=\"1463\" data-end=\"1484\" data-col-size=\"sm\"><\/td>\n<td width=\"80\" data-start=\"1484\" data-end=\"1508\" data-col-size=\"sm\">75<\/td>\n<\/tr>\n<tr data-start=\"1509\" data-end=\"1604\">\n<td width=\"243\" data-start=\"1509\" data-end=\"1559\" data-col-size=\"sm\">Tipo de mand\u00edbula<\/td>\n<td width=\"80\" data-start=\"1559\" data-end=\"1580\" data-col-size=\"sm\"><\/td>\n<td width=\"80\" data-start=\"1580\" data-end=\"1604\" data-col-size=\"sm\">263<\/td>\n<\/tr>\n<tr data-start=\"1605\" data-end=\"1700\">\n<td width=\"243\" data-start=\"1605\" data-end=\"1655\" data-col-size=\"sm\">Industria (Aplicaci\u00f3n)<\/td>\n<td width=\"80\" data-start=\"1655\" data-end=\"1676\" data-col-size=\"sm\"><\/td>\n<td width=\"80\" data-start=\"1676\" data-end=\"1700\" data-col-size=\"sm\">1\u00bc\u2033 curva de 90\u00b0<\/td>\n<\/tr>\n<tr data-start=\"1701\" data-end=\"1796\">\n<td width=\"243\" data-start=\"1701\" data-end=\"1751\" data-col-size=\"sm\">Curva de 90\u00ba (tama\u00f1o adicional)<\/td>\n<td width=\"80\" data-col-size=\"sm\" data-start=\"1751\" data-end=\"1772\"><\/td>\n<td width=\"80\" data-col-size=\"sm\" data-start=\"1772\" data-end=\"1796\">1\u2033<\/td>\n<\/tr>\n<tr data-start=\"1797\" data-end=\"1892\">\n<td width=\"243\" data-start=\"1797\" data-end=\"1847\" data-col-size=\"sm\">Velocidad de cierre (mm\/seg)<\/td>\n<td width=\"80\" data-col-size=\"sm\" data-start=\"1847\" data-end=\"1868\"><\/td>\n<td width=\"80\" data-col-size=\"sm\" data-start=\"1868\" data-end=\"1892\">\u2013<\/td>\n<\/tr>\n<tr data-start=\"1893\" data-end=\"1988\">\n<td width=\"243\" data-start=\"1893\" data-end=\"1943\" data-col-size=\"sm\">Velocidad de prensado (mm\/seg)<\/td>\n<td width=\"80\" data-col-size=\"sm\" data-start=\"1943\" data-end=\"1964\"><\/td>\n<td width=\"80\" data-col-size=\"sm\" data-start=\"1964\" data-end=\"1988\">\u2013<\/td>\n<\/tr>\n<tr data-start=\"1989\" data-end=\"2084\">\n<td width=\"243\" data-start=\"1989\" data-end=\"2039\" data-col-size=\"sm\">Velocidad de apertura (mm\/seg)<\/td>\n<td width=\"80\" data-start=\"2039\" data-end=\"2060\" data-col-size=\"sm\"><\/td>\n<td width=\"80\" data-start=\"2060\" data-end=\"2084\" data-col-size=\"sm\">\u2013<\/td>\n<\/tr>\n<tr data-start=\"2085\" data-end=\"2180\">\n<td width=\"243\" data-start=\"2085\" data-end=\"2135\" data-col-size=\"sm\">Accionamiento (kW)<\/td>\n<td width=\"80\" data-col-size=\"sm\" data-start=\"2135\" data-end=\"2156\">Manual<\/td>\n<td width=\"80\" data-col-size=\"sm\" data-start=\"2156\" data-end=\"2180\">0.75<\/td>\n<\/tr>\n<tr data-start=\"2181\" data-end=\"2276\">\n<td width=\"243\" data-start=\"2181\" data-end=\"2231\" data-col-size=\"sm\">Longitud de la m\u00e1quina (mm)<\/td>\n<td width=\"80\" data-start=\"2231\" data-end=\"2252\" data-col-size=\"sm\">605<\/td>\n<td width=\"80\" data-col-size=\"sm\" data-start=\"2252\" data-end=\"2276\">170<\/td>\n<\/tr>\n<tr data-start=\"2277\" data-end=\"2372\">\n<td width=\"243\" data-start=\"2277\" data-end=\"2327\" data-col-size=\"sm\">Ancho de la m\u00e1quina (mm)<\/td>\n<td width=\"80\" data-col-size=\"sm\" data-start=\"2327\" data-end=\"2348\">520<\/td>\n<td width=\"80\" data-col-size=\"sm\" data-start=\"2348\" data-end=\"2372\">220<\/td>\n<\/tr>\n<tr data-start=\"2373\" data-end=\"2468\">\n<td width=\"243\" data-start=\"2373\" data-end=\"2423\" data-col-size=\"sm\">Altura de la m\u00e1quina (mm)<\/td>\n<td width=\"80\" data-col-size=\"sm\" data-start=\"2423\" data-end=\"2444\">660<\/td>\n<td width=\"80\" data-col-size=\"sm\" data-start=\"2444\" data-end=\"2468\">330<\/td>\n<\/tr>\n<tr data-start=\"2469\" data-end=\"2564\">\n<td width=\"243\" data-start=\"2469\" data-end=\"2519\" data-col-size=\"sm\">Peso (kg)<\/td>\n<td width=\"80\" data-start=\"2519\" data-end=\"2540\" data-col-size=\"sm\">60<\/td>\n<td width=\"80\" data-start=\"2540\" data-end=\"2564\" data-col-size=\"sm\">32<\/td>\n<\/tr>\n<\/tbody>\n<\/table>\n<p><a href=\"https:\/\/www.tiendasindustriales.com\/store\/wp-content\/uploads\/2025\/05\/UMAT-2.pdf\" target=\"_blank\" rel=\"noopener\"><img decoding=\"async\" class=\"alignnone\" title=\"FICHA T\u00c9CNICA\" src=\"https:\/\/www.ventaalinstante.com\/wp-content\/uploads\/2023\/08\/PDF_file_icon.svg-244x300.png\" alt=\"\" width=\"45\" height=\"55\" \/><\/a><\/p>\n","protected":false},"excerpt":{"rendered":"<p>Grafadora port\u00e1til para mangueras hidr\u00e1ulicas hasta de 1&#8243; y 1\u00bc&#8221; en industrial.<\/p>\n[embed]https:\/\/www.youtube.com\/watch?v=aVW5nEr0D94&#038;ab_channel=TIENDASINDUSTRIALES[\/embed]\n","protected":false},"featured_media":12790,"comment_status":"open","ping_status":"closed","template":"","meta":[],"product_brand":[],"product_cat":[28],"product_tag":[142],"class_list":{"0":"post-12789","1":"product","2":"type-product","3":"status-publish","4":"has-post-thumbnail","6":"product_cat-equipos-accesorios","7":"product_tag-productos-en-oferta","9":"first","10":"instock","11":"sale","12":"shipping-taxable","13":"purchasable","14":"product-type-simple"},"yoast_head":"<!-- This site is optimized with the Yoast SEO plugin v27.4 - https:\/\/yoast.com\/product\/yoast-seo-wordpress\/ -->\n<title>Taller m\u00f3vil de grafado Uniflex UMAT 2 - Tiendas Industriales<\/title>\n<meta name=\"robots\" content=\"index, follow, max-snippet:-1, max-image-preview:large, max-video-preview:-1\" \/>\n<link rel=\"canonical\" href=\"https:\/\/www.tiendasindustriales.com\/store\/producto\/taller-movil-de-grafado-uniflex-umat-2\/\" \/>\n<meta property=\"og:locale\" content=\"es_ES\" \/>\n<meta property=\"og:type\" content=\"article\" \/>\n<meta property=\"og:title\" content=\"Taller m\u00f3vil de grafado Uniflex UMAT 2 - Tiendas Industriales\" \/>\n<meta property=\"og:description\" content=\"Grafadora port\u00e1til para mangueras hidr\u00e1ulicas hasta de 1&quot; y 1\u00bc&quot; en industrial.\" \/>\n<meta property=\"og:url\" content=\"https:\/\/www.tiendasindustriales.com\/store\/producto\/taller-movil-de-grafado-uniflex-umat-2\/\" \/>\n<meta property=\"og:site_name\" content=\"Tiendas Industriales\" \/>\n<meta property=\"article:publisher\" content=\"https:\/\/www.facebook.com\/DiscorreasManguerasyEmpaques\/\" \/>\n<meta property=\"article:modified_time\" content=\"2026-02-02T07:27:50+00:00\" \/>\n<meta property=\"og:image\" content=\"https:\/\/www.tiendasindustriales.com\/store\/wp-content\/uploads\/2025\/05\/UMAT.jpg\" \/>\n\t<meta property=\"og:image:width\" content=\"2480\" \/>\n\t<meta property=\"og:image:height\" content=\"2474\" \/>\n\t<meta property=\"og:image:type\" content=\"image\/jpeg\" \/>\n<meta name=\"twitter:card\" content=\"summary_large_image\" \/>\n<meta name=\"twitter:label1\" content=\"Tiempo de lectura\" \/>\n\t<meta name=\"twitter:data1\" content=\"3 minutos\" \/>\n<script type=\"application\/ld+json\" class=\"yoast-schema-graph\">{\"@context\":\"https:\\\/\\\/schema.org\",\"@graph\":[{\"@type\":\"WebPage\",\"@id\":\"https:\\\/\\\/www.tiendasindustriales.com\\\/store\\\/producto\\\/taller-movil-de-grafado-uniflex-umat-2\\\/\",\"url\":\"https:\\\/\\\/www.tiendasindustriales.com\\\/store\\\/producto\\\/taller-movil-de-grafado-uniflex-umat-2\\\/\",\"name\":\"Taller m\u00f3vil de grafado Uniflex UMAT 2 - Tiendas Industriales\",\"isPartOf\":{\"@id\":\"https:\\\/\\\/www.tiendasindustriales.com\\\/store\\\/#website\"},\"primaryImageOfPage\":{\"@id\":\"https:\\\/\\\/www.tiendasindustriales.com\\\/store\\\/producto\\\/taller-movil-de-grafado-uniflex-umat-2\\\/#primaryimage\"},\"image\":{\"@id\":\"https:\\\/\\\/www.tiendasindustriales.com\\\/store\\\/producto\\\/taller-movil-de-grafado-uniflex-umat-2\\\/#primaryimage\"},\"thumbnailUrl\":\"https:\\\/\\\/www.tiendasindustriales.com\\\/store\\\/wp-content\\\/uploads\\\/2025\\\/05\\\/UMAT.jpg\",\"datePublished\":\"2025-05-05T20:59:01+00:00\",\"dateModified\":\"2026-02-02T07:27:50+00:00\",\"breadcrumb\":{\"@id\":\"https:\\\/\\\/www.tiendasindustriales.com\\\/store\\\/producto\\\/taller-movil-de-grafado-uniflex-umat-2\\\/#breadcrumb\"},\"inLanguage\":\"es\",\"potentialAction\":[{\"@type\":\"ReadAction\",\"target\":[\"https:\\\/\\\/www.tiendasindustriales.com\\\/store\\\/producto\\\/taller-movil-de-grafado-uniflex-umat-2\\\/\"]}]},{\"@type\":\"ImageObject\",\"inLanguage\":\"es\",\"@id\":\"https:\\\/\\\/www.tiendasindustriales.com\\\/store\\\/producto\\\/taller-movil-de-grafado-uniflex-umat-2\\\/#primaryimage\",\"url\":\"https:\\\/\\\/www.tiendasindustriales.com\\\/store\\\/wp-content\\\/uploads\\\/2025\\\/05\\\/UMAT.jpg\",\"contentUrl\":\"https:\\\/\\\/www.tiendasindustriales.com\\\/store\\\/wp-content\\\/uploads\\\/2025\\\/05\\\/UMAT.jpg\",\"width\":2480,\"height\":2474},{\"@type\":\"BreadcrumbList\",\"@id\":\"https:\\\/\\\/www.tiendasindustriales.com\\\/store\\\/producto\\\/taller-movil-de-grafado-uniflex-umat-2\\\/#breadcrumb\",\"itemListElement\":[{\"@type\":\"ListItem\",\"position\":1,\"name\":\"Portada\",\"item\":\"https:\\\/\\\/www.tiendasindustriales.com\\\/store\\\/\"},{\"@type\":\"ListItem\",\"position\":2,\"name\":\"Tienda\",\"item\":\"https:\\\/\\\/www.tiendasindustriales.com\\\/store\\\/tienda\\\/\"},{\"@type\":\"ListItem\",\"position\":3,\"name\":\"Taller m\u00f3vil de grafado Uniflex UMAT 2\"}]},{\"@type\":\"WebSite\",\"@id\":\"https:\\\/\\\/www.tiendasindustriales.com\\\/store\\\/#website\",\"url\":\"https:\\\/\\\/www.tiendasindustriales.com\\\/store\\\/\",\"name\":\"Tiendas Industriales\",\"description\":\"Grupo Empresarial\",\"publisher\":{\"@id\":\"https:\\\/\\\/www.tiendasindustriales.com\\\/store\\\/#organization\"},\"potentialAction\":[{\"@type\":\"SearchAction\",\"target\":{\"@type\":\"EntryPoint\",\"urlTemplate\":\"https:\\\/\\\/www.tiendasindustriales.com\\\/store\\\/?s={search_term_string}\"},\"query-input\":{\"@type\":\"PropertyValueSpecification\",\"valueRequired\":true,\"valueName\":\"search_term_string\"}}],\"inLanguage\":\"es\"},{\"@type\":\"Organization\",\"@id\":\"https:\\\/\\\/www.tiendasindustriales.com\\\/store\\\/#organization\",\"name\":\"Tiendas Industriales Grupo Empresarial\",\"url\":\"https:\\\/\\\/www.tiendasindustriales.com\\\/store\\\/\",\"logo\":{\"@type\":\"ImageObject\",\"inLanguage\":\"es\",\"@id\":\"https:\\\/\\\/www.tiendasindustriales.com\\\/store\\\/#\\\/schema\\\/logo\\\/image\\\/\",\"url\":\"https:\\\/\\\/www.tiendasindustriales.com\\\/store\\\/wp-content\\\/uploads\\\/2022\\\/08\\\/Recurso-2logo-index.png\",\"contentUrl\":\"https:\\\/\\\/www.tiendasindustriales.com\\\/store\\\/wp-content\\\/uploads\\\/2022\\\/08\\\/Recurso-2logo-index.png\",\"width\":547,\"height\":219,\"caption\":\"Tiendas Industriales Grupo Empresarial\"},\"image\":{\"@id\":\"https:\\\/\\\/www.tiendasindustriales.com\\\/store\\\/#\\\/schema\\\/logo\\\/image\\\/\"},\"sameAs\":[\"https:\\\/\\\/www.facebook.com\\\/DiscorreasManguerasyEmpaques\\\/\",\"https:\\\/\\\/www.instagram.com\\\/tiendasindustriales\"]}]}<\/script>\n<!-- \/ Yoast SEO plugin. -->","yoast_head_json":{"title":"Taller m\u00f3vil de grafado Uniflex UMAT 2 - Tiendas Industriales","robots":{"index":"index","follow":"follow","max-snippet":"max-snippet:-1","max-image-preview":"max-image-preview:large","max-video-preview":"max-video-preview:-1"},"canonical":"https:\/\/www.tiendasindustriales.com\/store\/producto\/taller-movil-de-grafado-uniflex-umat-2\/","og_locale":"es_ES","og_type":"article","og_title":"Taller m\u00f3vil de grafado Uniflex UMAT 2 - Tiendas Industriales","og_description":"Grafadora port\u00e1til para mangueras hidr\u00e1ulicas hasta de 1\" y 1\u00bc\" en industrial.","og_url":"https:\/\/www.tiendasindustriales.com\/store\/producto\/taller-movil-de-grafado-uniflex-umat-2\/","og_site_name":"Tiendas Industriales","article_publisher":"https:\/\/www.facebook.com\/DiscorreasManguerasyEmpaques\/","article_modified_time":"2026-02-02T07:27:50+00:00","og_image":[{"width":2480,"height":2474,"url":"https:\/\/www.tiendasindustriales.com\/store\/wp-content\/uploads\/2025\/05\/UMAT.jpg","type":"image\/jpeg"}],"twitter_card":"summary_large_image","twitter_misc":{"Tiempo de lectura":"3 minutos"},"schema":{"@context":"https:\/\/schema.org","@graph":[{"@type":"WebPage","@id":"https:\/\/www.tiendasindustriales.com\/store\/producto\/taller-movil-de-grafado-uniflex-umat-2\/","url":"https:\/\/www.tiendasindustriales.com\/store\/producto\/taller-movil-de-grafado-uniflex-umat-2\/","name":"Taller m\u00f3vil de grafado Uniflex UMAT 2 - Tiendas Industriales","isPartOf":{"@id":"https:\/\/www.tiendasindustriales.com\/store\/#website"},"primaryImageOfPage":{"@id":"https:\/\/www.tiendasindustriales.com\/store\/producto\/taller-movil-de-grafado-uniflex-umat-2\/#primaryimage"},"image":{"@id":"https:\/\/www.tiendasindustriales.com\/store\/producto\/taller-movil-de-grafado-uniflex-umat-2\/#primaryimage"},"thumbnailUrl":"https:\/\/www.tiendasindustriales.com\/store\/wp-content\/uploads\/2025\/05\/UMAT.jpg","datePublished":"2025-05-05T20:59:01+00:00","dateModified":"2026-02-02T07:27:50+00:00","breadcrumb":{"@id":"https:\/\/www.tiendasindustriales.com\/store\/producto\/taller-movil-de-grafado-uniflex-umat-2\/#breadcrumb"},"inLanguage":"es","potentialAction":[{"@type":"ReadAction","target":["https:\/\/www.tiendasindustriales.com\/store\/producto\/taller-movil-de-grafado-uniflex-umat-2\/"]}]},{"@type":"ImageObject","inLanguage":"es","@id":"https:\/\/www.tiendasindustriales.com\/store\/producto\/taller-movil-de-grafado-uniflex-umat-2\/#primaryimage","url":"https:\/\/www.tiendasindustriales.com\/store\/wp-content\/uploads\/2025\/05\/UMAT.jpg","contentUrl":"https:\/\/www.tiendasindustriales.com\/store\/wp-content\/uploads\/2025\/05\/UMAT.jpg","width":2480,"height":2474},{"@type":"BreadcrumbList","@id":"https:\/\/www.tiendasindustriales.com\/store\/producto\/taller-movil-de-grafado-uniflex-umat-2\/#breadcrumb","itemListElement":[{"@type":"ListItem","position":1,"name":"Portada","item":"https:\/\/www.tiendasindustriales.com\/store\/"},{"@type":"ListItem","position":2,"name":"Tienda","item":"https:\/\/www.tiendasindustriales.com\/store\/tienda\/"},{"@type":"ListItem","position":3,"name":"Taller m\u00f3vil de grafado Uniflex UMAT 2"}]},{"@type":"WebSite","@id":"https:\/\/www.tiendasindustriales.com\/store\/#website","url":"https:\/\/www.tiendasindustriales.com\/store\/","name":"Tiendas Industriales","description":"Grupo Empresarial","publisher":{"@id":"https:\/\/www.tiendasindustriales.com\/store\/#organization"},"potentialAction":[{"@type":"SearchAction","target":{"@type":"EntryPoint","urlTemplate":"https:\/\/www.tiendasindustriales.com\/store\/?s={search_term_string}"},"query-input":{"@type":"PropertyValueSpecification","valueRequired":true,"valueName":"search_term_string"}}],"inLanguage":"es"},{"@type":"Organization","@id":"https:\/\/www.tiendasindustriales.com\/store\/#organization","name":"Tiendas Industriales Grupo Empresarial","url":"https:\/\/www.tiendasindustriales.com\/store\/","logo":{"@type":"ImageObject","inLanguage":"es","@id":"https:\/\/www.tiendasindustriales.com\/store\/#\/schema\/logo\/image\/","url":"https:\/\/www.tiendasindustriales.com\/store\/wp-content\/uploads\/2022\/08\/Recurso-2logo-index.png","contentUrl":"https:\/\/www.tiendasindustriales.com\/store\/wp-content\/uploads\/2022\/08\/Recurso-2logo-index.png","width":547,"height":219,"caption":"Tiendas Industriales Grupo Empresarial"},"image":{"@id":"https:\/\/www.tiendasindustriales.com\/store\/#\/schema\/logo\/image\/"},"sameAs":["https:\/\/www.facebook.com\/DiscorreasManguerasyEmpaques\/","https:\/\/www.instagram.com\/tiendasindustriales"]}]}},"_links":{"self":[{"href":"https:\/\/www.tiendasindustriales.com\/store\/wp-json\/wp\/v2\/product\/12789","targetHints":{"allow":["GET"]}}],"collection":[{"href":"https:\/\/www.tiendasindustriales.com\/store\/wp-json\/wp\/v2\/product"}],"about":[{"href":"https:\/\/www.tiendasindustriales.com\/store\/wp-json\/wp\/v2\/types\/product"}],"replies":[{"embeddable":true,"href":"https:\/\/www.tiendasindustriales.com\/store\/wp-json\/wp\/v2\/comments?post=12789"}],"wp:featuredmedia":[{"embeddable":true,"href":"https:\/\/www.tiendasindustriales.com\/store\/wp-json\/wp\/v2\/media\/12790"}],"wp:attachment":[{"href":"https:\/\/www.tiendasindustriales.com\/store\/wp-json\/wp\/v2\/media?parent=12789"}],"wp:term":[{"taxonomy":"product_brand","embeddable":true,"href":"https:\/\/www.tiendasindustriales.com\/store\/wp-json\/wp\/v2\/product_brand?post=12789"},{"taxonomy":"product_cat","embeddable":true,"href":"https:\/\/www.tiendasindustriales.com\/store\/wp-json\/wp\/v2\/product_cat?post=12789"},{"taxonomy":"product_tag","embeddable":true,"href":"https:\/\/www.tiendasindustriales.com\/store\/wp-json\/wp\/v2\/product_tag?post=12789"}],"curies":[{"name":"wp","href":"https:\/\/api.w.org\/{rel}","templated":true}]}}