{"id":12746,"date":"2025-05-02T14:39:04","date_gmt":"2025-05-02T18:39:04","guid":{"rendered":"https:\/\/www.tiendasindustriales.com\/store\/?post_type=product&#038;p=12746"},"modified":"2026-01-01T20:03:46","modified_gmt":"2026-01-02T00:03:46","slug":"manguera-hidraulica-r13-1-2-5000-psi-mxg-5k-xtp-con-cubierta-xtratuff-plus","status":"publish","type":"product","link":"https:\/\/www.tiendasindustriales.com\/store\/producto\/manguera-hidraulica-r13-1-2-5000-psi-mxg-5k-xtp-con-cubierta-xtratuff-plus\/","title":{"rendered":"Manguera Hidr\u00e1ulica R13 1\/2 5000 PSI MXG\u2122 5K-XTP Con Cubierta XtraTuff\u2122 Plus"},"content":{"rendered":"<div class=\"aem-Grid aem-Grid--12 aem-Grid--default--12 \">\n<div class=\"column-container responsivegrid bg-none aem-GridColumn aem-GridColumn--default--12\">\n<div class=\"container-fluid bg-none bg-container\" data-emptytext=\"Edit Container\">\n<div class=\"row\">\n<div class=\"col col-sm-12\">\n<div class=\"aem-Grid aem-Grid--12 aem-Grid--default--12 \">\n<div class=\"search-results aem-GridColumn aem-GridColumn--default--12\">\n<div class=\"variant-product\">\n<div id=\"product-tabs\" class=\"js-tabs--pdp product-tabs gor-tabs\">\n<div id=\"product-specifications\" class=\"tabs-content tab-container tab-container--parts tab-pane active\">\n<div id=\"product-specifications__content\" class=\"accordion-content--pdp collapse\" role=\"tabpanel\">\n<div class=\"accordion-content__wrapper\">\n<div class=\"c-table__row nested-accordion__content nested-accordion__content--level1 accordion-content gor-transitioning gor-active auto-height\" role=\"tabpanel\" aria-expanded=\"false\"><\/div>\n<div class=\"c-table__row nested-accordion__content nested-accordion__content--level1 accordion-content gor-transitioning gor-active auto-height\" role=\"tabpanel\" aria-expanded=\"false\">\n<p class=\"product__info\">Construida con la tecnolog\u00eda de tejido en espiral Xpiral\u2122 patentada por Gates, la manguera hidr\u00e1ulica MegaSys\u2122 MXG\u2122 5K es ligera, muy flexible y apta para UN MILL\u00d3N de ciclos de impulso. La MXG\u2122 5K supera el rendimiento de las construcciones de malla en espiral, pero con el menor peso y la mayor flexibilidad gracias a la tecnolog\u00eda de ciencia de materiales de Gates. La cubierta XtraTuff\u2122 Plus de la manguera MXG\u2122 5K ofrece una resistencia a la abrasi\u00f3n 25\u00a0veces superior a la de las cubiertas est\u00e1ndar, as\u00ed como una impresionante resistencia al ozono.<\/p>\n<ul class=\"red-bullets\">\n<li>Supera los criterios de rendimiento de las normas ISO\u00a018752\u00a0350DC, SAE\u00a0100R13, EN856\u00a0R13 e ISO\u00a03862\u00a0R13; los tama\u00f1os 10, 12 y 16, tambi\u00e9n con calificaci\u00f3n para la norma EN856\u00a04SP<\/li>\n<li>1\u00a0000\u00a0000 de ciclos de impulsi\u00f3n, lo que supera los est\u00e1ndares del sector en cuanto a durabilidad en la f\u00e1brica o sobre el terreno.<\/li>\n<li>La cubierta XtraTuff\u2122 Plus de Gates\u00ae viene de serie en MXG y ofrece resistencia a la abrasi\u00f3n y al ozono.<\/li>\n<\/ul>\n<table class=\"table c-table c-table--split\" style=\"height: 485px;\" width=\"774\">\n<tbody>\n<tr>\n<th>Producto #<\/th>\n<td>4679-0021<\/td>\n<\/tr>\n<tr>\n<th>Descripci\u00f3n<\/th>\n<td>8MXG5K-XTPxRL75<\/td>\n<\/tr>\n<tr>\n<th>Radio de curvatura m\u00ednimo (pulgadas)<\/th>\n<td>3.5<\/td>\n<\/tr>\n<tr>\n<th>Radio de curvatura m\u00ednimo (mm)<\/th>\n<td>90<\/td>\n<\/tr>\n<tr>\n<th>M\u00edn. Presi\u00f3n de trabajo (psi)<\/th>\n<td>20000<\/td>\n<\/tr>\n<tr>\n<th>Di\u00e1metro interior de la manguera (pulgadas)<\/th>\n<td>0.5<\/td>\n<\/tr>\n<tr>\n<th>Di\u00e1metro interior de la manguera (mm)<\/th>\n<td>12.7<\/td>\n<\/tr>\n<tr>\n<th>Di\u00e1metro exterior de la manguera (pulgadas)<\/th>\n<td>0.85<\/td>\n<\/tr>\n<tr>\n<th>Di\u00e1metro exterior de la manguera (mm)<\/th>\n<td>21.6<\/td>\n<\/tr>\n<tr>\n<th>Di\u00e1metro interior (pulgadas)<\/th>\n<td>0.5<\/td>\n<\/tr>\n<tr>\n<th>Di\u00e1metro interior (mm)<\/th>\n<td>12.7<\/td>\n<\/tr>\n<tr>\n<th>Rango de temperatura<\/th>\n<td>-40\u00b0C to +121\u00b0C (-40\u00b0F to +250\u00b0F)<\/td>\n<\/tr>\n<tr>\n<th>Max. Presi\u00f3n de trabajo (Bar)<\/th>\n<td>350<\/td>\n<\/tr>\n<tr>\n<th>Longitud (m)<\/th>\n<td>75<\/td>\n<\/tr>\n<tr>\n<th>Di\u00e1metro exterior (pulgadas)<\/th>\n<td>0.85<\/td>\n<\/tr>\n<tr>\n<th>Di\u00e1metro exterior (mm)<\/th>\n<td>21.6<\/td>\n<\/tr>\n<\/tbody>\n<\/table>\n<\/div>\n<\/div>\n<\/div>\n<\/div>\n<\/div>\n<\/div>\n<\/div>\n<\/div>\n<\/div>\n<\/div>\n<\/div>\n<\/div>\n<\/div>\n<p class=\"product__info\"><a href=\"https:\/\/www.tiendasindustriales.com\/store\/wp-content\/uploads\/2025\/05\/hydraulics-mxg-5k-brochure.pdf\" target=\"_blank\" rel=\"noopener\"><img decoding=\"async\" class=\" wd-lazy-fade alignleft wp-image-9834\" title=\"FICHA T\u00c9CNICA\" src=\"https:\/\/www.tiendasindustriales.com\/store\/wp-content\/themes\/woodmart\/images\/lazy.svg\" data-src=\"https:\/\/www.ventaalinstante.com\/wp-content\/uploads\/2023\/08\/PDF_file_icon.svg-244x300.png\" alt=\"\" width=\"43\" height=\"53\" \/><\/a><\/p>\n<p><span style=\"color: #ffffff;\">B\u00fasqu<\/span><\/p>\n<p><span style=\"color: #ffffff;\">das asociadas: Tuber\u00eda Manguera de material pl\u00e1stico Manguera estructura Manguera flexible Manguera a prueba de abrasi\u00f3n Manguera de neopreno Manguera para agua Manguera reforzada Manguera con trenza met\u00e1lica Tuber\u00eda lisa Manguera de aspiraci\u00f3n Manguera para productos qu\u00edmicos Manguera lisa Manguera de PVC Manguera de acero Manguera alimentos Manguera para productos alimentarios Manguera de PUR Manguera hidr\u00e1ulica Manguera resistente al aceite mangueras MANGUERA HIDRAHULICA<\/span><\/p>\n<p>&nbsp;<\/p>\n","protected":false},"excerpt":{"rendered":"<p>Construida con la tecnolog\u00eda de tejido en espiral Xpiral\u2122 patentada por Gates, la manguera hidr\u00e1ulica MegaSys\u2122 MXG\u2122 5K es ligera,<\/p>\n","protected":false},"featured_media":12750,"comment_status":"open","ping_status":"closed","template":"","meta":[],"product_brand":[],"product_cat":[21],"product_tag":[],"class_list":{"0":"post-12746","1":"product","2":"type-product","3":"status-publish","4":"has-post-thumbnail","6":"product_cat-mangueras-hidraulicas","8":"first","9":"instock","10":"shipping-taxable","11":"product-type-simple"},"yoast_head":"<!-- This site is optimized with the Yoast SEO plugin v27.4 - https:\/\/yoast.com\/product\/yoast-seo-wordpress\/ -->\n<title>Manguera Hidr\u00e1ulica R13 1\/2 5000 PSI MXG\u2122 5K-XTP Con Cubierta XtraTuff\u2122 Plus - Tiendas Industriales<\/title>\n<meta name=\"robots\" content=\"index, follow, max-snippet:-1, max-image-preview:large, max-video-preview:-1\" \/>\n<link rel=\"canonical\" href=\"https:\/\/www.tiendasindustriales.com\/store\/producto\/manguera-hidraulica-r13-1-2-5000-psi-mxg-5k-xtp-con-cubierta-xtratuff-plus\/\" \/>\n<meta property=\"og:locale\" content=\"es_ES\" \/>\n<meta property=\"og:type\" content=\"article\" \/>\n<meta property=\"og:title\" content=\"Manguera Hidr\u00e1ulica R13 1\/2 5000 PSI MXG\u2122 5K-XTP Con Cubierta XtraTuff\u2122 Plus - Tiendas Industriales\" \/>\n<meta property=\"og:description\" content=\"Construida con la tecnolog\u00eda de tejido en espiral Xpiral\u2122 patentada por Gates, la manguera hidr\u00e1ulica MegaSys\u2122 MXG\u2122 5K es ligera,\" \/>\n<meta property=\"og:url\" content=\"https:\/\/www.tiendasindustriales.com\/store\/producto\/manguera-hidraulica-r13-1-2-5000-psi-mxg-5k-xtp-con-cubierta-xtratuff-plus\/\" \/>\n<meta property=\"og:site_name\" content=\"Tiendas Industriales\" \/>\n<meta property=\"article:publisher\" content=\"https:\/\/www.facebook.com\/DiscorreasManguerasyEmpaques\/\" \/>\n<meta property=\"article:modified_time\" content=\"2026-01-02T00:03:46+00:00\" \/>\n<meta property=\"og:image\" content=\"https:\/\/www.tiendasindustriales.com\/store\/wp-content\/uploads\/2025\/05\/R13.jpg\" \/>\n\t<meta property=\"og:image:width\" content=\"2480\" \/>\n\t<meta property=\"og:image:height\" content=\"2474\" \/>\n\t<meta property=\"og:image:type\" content=\"image\/jpeg\" \/>\n<meta name=\"twitter:card\" content=\"summary_large_image\" \/>\n<meta name=\"twitter:label1\" content=\"Tiempo de lectura\" \/>\n\t<meta name=\"twitter:data1\" content=\"2 minutos\" \/>\n<script type=\"application\/ld+json\" class=\"yoast-schema-graph\">{\"@context\":\"https:\\\/\\\/schema.org\",\"@graph\":[{\"@type\":\"WebPage\",\"@id\":\"https:\\\/\\\/www.tiendasindustriales.com\\\/store\\\/producto\\\/manguera-hidraulica-r13-1-2-5000-psi-mxg-5k-xtp-con-cubierta-xtratuff-plus\\\/\",\"url\":\"https:\\\/\\\/www.tiendasindustriales.com\\\/store\\\/producto\\\/manguera-hidraulica-r13-1-2-5000-psi-mxg-5k-xtp-con-cubierta-xtratuff-plus\\\/\",\"name\":\"Manguera Hidr\u00e1ulica R13 1\\\/2 5000 PSI MXG\u2122 5K-XTP Con Cubierta XtraTuff\u2122 Plus - Tiendas Industriales\",\"isPartOf\":{\"@id\":\"https:\\\/\\\/www.tiendasindustriales.com\\\/store\\\/#website\"},\"primaryImageOfPage\":{\"@id\":\"https:\\\/\\\/www.tiendasindustriales.com\\\/store\\\/producto\\\/manguera-hidraulica-r13-1-2-5000-psi-mxg-5k-xtp-con-cubierta-xtratuff-plus\\\/#primaryimage\"},\"image\":{\"@id\":\"https:\\\/\\\/www.tiendasindustriales.com\\\/store\\\/producto\\\/manguera-hidraulica-r13-1-2-5000-psi-mxg-5k-xtp-con-cubierta-xtratuff-plus\\\/#primaryimage\"},\"thumbnailUrl\":\"https:\\\/\\\/www.tiendasindustriales.com\\\/store\\\/wp-content\\\/uploads\\\/2025\\\/05\\\/R13.jpg\",\"datePublished\":\"2025-05-02T18:39:04+00:00\",\"dateModified\":\"2026-01-02T00:03:46+00:00\",\"breadcrumb\":{\"@id\":\"https:\\\/\\\/www.tiendasindustriales.com\\\/store\\\/producto\\\/manguera-hidraulica-r13-1-2-5000-psi-mxg-5k-xtp-con-cubierta-xtratuff-plus\\\/#breadcrumb\"},\"inLanguage\":\"es\",\"potentialAction\":[{\"@type\":\"ReadAction\",\"target\":[\"https:\\\/\\\/www.tiendasindustriales.com\\\/store\\\/producto\\\/manguera-hidraulica-r13-1-2-5000-psi-mxg-5k-xtp-con-cubierta-xtratuff-plus\\\/\"]}]},{\"@type\":\"ImageObject\",\"inLanguage\":\"es\",\"@id\":\"https:\\\/\\\/www.tiendasindustriales.com\\\/store\\\/producto\\\/manguera-hidraulica-r13-1-2-5000-psi-mxg-5k-xtp-con-cubierta-xtratuff-plus\\\/#primaryimage\",\"url\":\"https:\\\/\\\/www.tiendasindustriales.com\\\/store\\\/wp-content\\\/uploads\\\/2025\\\/05\\\/R13.jpg\",\"contentUrl\":\"https:\\\/\\\/www.tiendasindustriales.com\\\/store\\\/wp-content\\\/uploads\\\/2025\\\/05\\\/R13.jpg\",\"width\":2480,\"height\":2474},{\"@type\":\"BreadcrumbList\",\"@id\":\"https:\\\/\\\/www.tiendasindustriales.com\\\/store\\\/producto\\\/manguera-hidraulica-r13-1-2-5000-psi-mxg-5k-xtp-con-cubierta-xtratuff-plus\\\/#breadcrumb\",\"itemListElement\":[{\"@type\":\"ListItem\",\"position\":1,\"name\":\"Portada\",\"item\":\"https:\\\/\\\/www.tiendasindustriales.com\\\/store\\\/\"},{\"@type\":\"ListItem\",\"position\":2,\"name\":\"Tienda\",\"item\":\"https:\\\/\\\/www.tiendasindustriales.com\\\/store\\\/tienda\\\/\"},{\"@type\":\"ListItem\",\"position\":3,\"name\":\"Manguera Hidr\u00e1ulica R13 1\\\/2 5000 PSI MXG\u2122 5K-XTP Con Cubierta XtraTuff\u2122 Plus\"}]},{\"@type\":\"WebSite\",\"@id\":\"https:\\\/\\\/www.tiendasindustriales.com\\\/store\\\/#website\",\"url\":\"https:\\\/\\\/www.tiendasindustriales.com\\\/store\\\/\",\"name\":\"Tiendas Industriales\",\"description\":\"Grupo Empresarial\",\"publisher\":{\"@id\":\"https:\\\/\\\/www.tiendasindustriales.com\\\/store\\\/#organization\"},\"potentialAction\":[{\"@type\":\"SearchAction\",\"target\":{\"@type\":\"EntryPoint\",\"urlTemplate\":\"https:\\\/\\\/www.tiendasindustriales.com\\\/store\\\/?s={search_term_string}\"},\"query-input\":{\"@type\":\"PropertyValueSpecification\",\"valueRequired\":true,\"valueName\":\"search_term_string\"}}],\"inLanguage\":\"es\"},{\"@type\":\"Organization\",\"@id\":\"https:\\\/\\\/www.tiendasindustriales.com\\\/store\\\/#organization\",\"name\":\"Tiendas Industriales Grupo Empresarial\",\"url\":\"https:\\\/\\\/www.tiendasindustriales.com\\\/store\\\/\",\"logo\":{\"@type\":\"ImageObject\",\"inLanguage\":\"es\",\"@id\":\"https:\\\/\\\/www.tiendasindustriales.com\\\/store\\\/#\\\/schema\\\/logo\\\/image\\\/\",\"url\":\"https:\\\/\\\/www.tiendasindustriales.com\\\/store\\\/wp-content\\\/uploads\\\/2022\\\/08\\\/Recurso-2logo-index.png\",\"contentUrl\":\"https:\\\/\\\/www.tiendasindustriales.com\\\/store\\\/wp-content\\\/uploads\\\/2022\\\/08\\\/Recurso-2logo-index.png\",\"width\":547,\"height\":219,\"caption\":\"Tiendas Industriales Grupo Empresarial\"},\"image\":{\"@id\":\"https:\\\/\\\/www.tiendasindustriales.com\\\/store\\\/#\\\/schema\\\/logo\\\/image\\\/\"},\"sameAs\":[\"https:\\\/\\\/www.facebook.com\\\/DiscorreasManguerasyEmpaques\\\/\",\"https:\\\/\\\/www.instagram.com\\\/tiendasindustriales\"]}]}<\/script>\n<!-- \/ Yoast SEO plugin. -->","yoast_head_json":{"title":"Manguera Hidr\u00e1ulica R13 1\/2 5000 PSI MXG\u2122 5K-XTP Con Cubierta XtraTuff\u2122 Plus - Tiendas Industriales","robots":{"index":"index","follow":"follow","max-snippet":"max-snippet:-1","max-image-preview":"max-image-preview:large","max-video-preview":"max-video-preview:-1"},"canonical":"https:\/\/www.tiendasindustriales.com\/store\/producto\/manguera-hidraulica-r13-1-2-5000-psi-mxg-5k-xtp-con-cubierta-xtratuff-plus\/","og_locale":"es_ES","og_type":"article","og_title":"Manguera Hidr\u00e1ulica R13 1\/2 5000 PSI MXG\u2122 5K-XTP Con Cubierta XtraTuff\u2122 Plus - Tiendas Industriales","og_description":"Construida con la tecnolog\u00eda de tejido en espiral Xpiral\u2122 patentada por Gates, la manguera hidr\u00e1ulica MegaSys\u2122 MXG\u2122 5K es ligera,","og_url":"https:\/\/www.tiendasindustriales.com\/store\/producto\/manguera-hidraulica-r13-1-2-5000-psi-mxg-5k-xtp-con-cubierta-xtratuff-plus\/","og_site_name":"Tiendas Industriales","article_publisher":"https:\/\/www.facebook.com\/DiscorreasManguerasyEmpaques\/","article_modified_time":"2026-01-02T00:03:46+00:00","og_image":[{"width":2480,"height":2474,"url":"https:\/\/www.tiendasindustriales.com\/store\/wp-content\/uploads\/2025\/05\/R13.jpg","type":"image\/jpeg"}],"twitter_card":"summary_large_image","twitter_misc":{"Tiempo de lectura":"2 minutos"},"schema":{"@context":"https:\/\/schema.org","@graph":[{"@type":"WebPage","@id":"https:\/\/www.tiendasindustriales.com\/store\/producto\/manguera-hidraulica-r13-1-2-5000-psi-mxg-5k-xtp-con-cubierta-xtratuff-plus\/","url":"https:\/\/www.tiendasindustriales.com\/store\/producto\/manguera-hidraulica-r13-1-2-5000-psi-mxg-5k-xtp-con-cubierta-xtratuff-plus\/","name":"Manguera Hidr\u00e1ulica R13 1\/2 5000 PSI MXG\u2122 5K-XTP Con Cubierta XtraTuff\u2122 Plus - Tiendas Industriales","isPartOf":{"@id":"https:\/\/www.tiendasindustriales.com\/store\/#website"},"primaryImageOfPage":{"@id":"https:\/\/www.tiendasindustriales.com\/store\/producto\/manguera-hidraulica-r13-1-2-5000-psi-mxg-5k-xtp-con-cubierta-xtratuff-plus\/#primaryimage"},"image":{"@id":"https:\/\/www.tiendasindustriales.com\/store\/producto\/manguera-hidraulica-r13-1-2-5000-psi-mxg-5k-xtp-con-cubierta-xtratuff-plus\/#primaryimage"},"thumbnailUrl":"https:\/\/www.tiendasindustriales.com\/store\/wp-content\/uploads\/2025\/05\/R13.jpg","datePublished":"2025-05-02T18:39:04+00:00","dateModified":"2026-01-02T00:03:46+00:00","breadcrumb":{"@id":"https:\/\/www.tiendasindustriales.com\/store\/producto\/manguera-hidraulica-r13-1-2-5000-psi-mxg-5k-xtp-con-cubierta-xtratuff-plus\/#breadcrumb"},"inLanguage":"es","potentialAction":[{"@type":"ReadAction","target":["https:\/\/www.tiendasindustriales.com\/store\/producto\/manguera-hidraulica-r13-1-2-5000-psi-mxg-5k-xtp-con-cubierta-xtratuff-plus\/"]}]},{"@type":"ImageObject","inLanguage":"es","@id":"https:\/\/www.tiendasindustriales.com\/store\/producto\/manguera-hidraulica-r13-1-2-5000-psi-mxg-5k-xtp-con-cubierta-xtratuff-plus\/#primaryimage","url":"https:\/\/www.tiendasindustriales.com\/store\/wp-content\/uploads\/2025\/05\/R13.jpg","contentUrl":"https:\/\/www.tiendasindustriales.com\/store\/wp-content\/uploads\/2025\/05\/R13.jpg","width":2480,"height":2474},{"@type":"BreadcrumbList","@id":"https:\/\/www.tiendasindustriales.com\/store\/producto\/manguera-hidraulica-r13-1-2-5000-psi-mxg-5k-xtp-con-cubierta-xtratuff-plus\/#breadcrumb","itemListElement":[{"@type":"ListItem","position":1,"name":"Portada","item":"https:\/\/www.tiendasindustriales.com\/store\/"},{"@type":"ListItem","position":2,"name":"Tienda","item":"https:\/\/www.tiendasindustriales.com\/store\/tienda\/"},{"@type":"ListItem","position":3,"name":"Manguera Hidr\u00e1ulica R13 1\/2 5000 PSI MXG\u2122 5K-XTP Con Cubierta XtraTuff\u2122 Plus"}]},{"@type":"WebSite","@id":"https:\/\/www.tiendasindustriales.com\/store\/#website","url":"https:\/\/www.tiendasindustriales.com\/store\/","name":"Tiendas Industriales","description":"Grupo Empresarial","publisher":{"@id":"https:\/\/www.tiendasindustriales.com\/store\/#organization"},"potentialAction":[{"@type":"SearchAction","target":{"@type":"EntryPoint","urlTemplate":"https:\/\/www.tiendasindustriales.com\/store\/?s={search_term_string}"},"query-input":{"@type":"PropertyValueSpecification","valueRequired":true,"valueName":"search_term_string"}}],"inLanguage":"es"},{"@type":"Organization","@id":"https:\/\/www.tiendasindustriales.com\/store\/#organization","name":"Tiendas Industriales Grupo Empresarial","url":"https:\/\/www.tiendasindustriales.com\/store\/","logo":{"@type":"ImageObject","inLanguage":"es","@id":"https:\/\/www.tiendasindustriales.com\/store\/#\/schema\/logo\/image\/","url":"https:\/\/www.tiendasindustriales.com\/store\/wp-content\/uploads\/2022\/08\/Recurso-2logo-index.png","contentUrl":"https:\/\/www.tiendasindustriales.com\/store\/wp-content\/uploads\/2022\/08\/Recurso-2logo-index.png","width":547,"height":219,"caption":"Tiendas Industriales Grupo Empresarial"},"image":{"@id":"https:\/\/www.tiendasindustriales.com\/store\/#\/schema\/logo\/image\/"},"sameAs":["https:\/\/www.facebook.com\/DiscorreasManguerasyEmpaques\/","https:\/\/www.instagram.com\/tiendasindustriales"]}]}},"_links":{"self":[{"href":"https:\/\/www.tiendasindustriales.com\/store\/wp-json\/wp\/v2\/product\/12746","targetHints":{"allow":["GET"]}}],"collection":[{"href":"https:\/\/www.tiendasindustriales.com\/store\/wp-json\/wp\/v2\/product"}],"about":[{"href":"https:\/\/www.tiendasindustriales.com\/store\/wp-json\/wp\/v2\/types\/product"}],"replies":[{"embeddable":true,"href":"https:\/\/www.tiendasindustriales.com\/store\/wp-json\/wp\/v2\/comments?post=12746"}],"wp:featuredmedia":[{"embeddable":true,"href":"https:\/\/www.tiendasindustriales.com\/store\/wp-json\/wp\/v2\/media\/12750"}],"wp:attachment":[{"href":"https:\/\/www.tiendasindustriales.com\/store\/wp-json\/wp\/v2\/media?parent=12746"}],"wp:term":[{"taxonomy":"product_brand","embeddable":true,"href":"https:\/\/www.tiendasindustriales.com\/store\/wp-json\/wp\/v2\/product_brand?post=12746"},{"taxonomy":"product_cat","embeddable":true,"href":"https:\/\/www.tiendasindustriales.com\/store\/wp-json\/wp\/v2\/product_cat?post=12746"},{"taxonomy":"product_tag","embeddable":true,"href":"https:\/\/www.tiendasindustriales.com\/store\/wp-json\/wp\/v2\/product_tag?post=12746"}],"curies":[{"name":"wp","href":"https:\/\/api.w.org\/{rel}","templated":true}]}}