{"id":12629,"date":"2025-03-22T11:24:56","date_gmt":"2025-03-22T15:24:56","guid":{"rendered":"https:\/\/www.tiendasindustriales.com\/store\/?post_type=product&#038;p=12629"},"modified":"2025-05-31T20:43:03","modified_gmt":"2025-06-01T00:43:03","slug":"acople-blue-flex","status":"publish","type":"product","link":"https:\/\/www.tiendasindustriales.com\/store\/producto\/acople-blue-flex\/","title":{"rendered":"Acople Blue-Flex\u00ae Martin Sprocket"},"content":{"rendered":"<div class=\"aem-Grid aem-Grid--12 aem-Grid--default--12 \">\n<div class=\"column-container responsivegrid bg-none aem-GridColumn aem-GridColumn--default--12\">\n<div class=\"container-fluid bg-none bg-container\" data-emptytext=\"Edit Container\">\n<div class=\"row\">\n<div class=\"col col-sm-12\">\n<div class=\"aem-Grid aem-Grid--12 aem-Grid--default--12 \">\n<div class=\"search-results aem-GridColumn aem-GridColumn--default--12\">\n<div class=\"variant-product\">\n<div id=\"product-tabs\" class=\"js-tabs--pdp product-tabs gor-tabs\">\n<div id=\"product-specifications\" class=\"tabs-content tab-container tab-container--parts tab-pane active\">\n<div id=\"product-specifications__content\" class=\"accordion-content--pdp collapse\" role=\"tabpanel\">\n<div role=\"tabpanel\" aria-expanded=\"false\">\n<p>Los acoples de Rejilla Blue-Flex\u00ae de Martin son la mejor opci\u00f3n en aplicaciones donde existan condiciones de alto torque y la necesidad de amortiguar vibraci\u00f3n. Los acoples Blue-Flex\u00ae tienen la capacidad de reducir significativamente la vibraci\u00f3n y las cargas de impacto que existen entre el elemento motriz y el elemento impulsado. El contacto progresivo entre el perfil curvo de los dientes de la maza y la rejilla flexible hace posible la absorci\u00f3n de la energ\u00eda de impacto, distribuy\u00e9ndola y reduciendo la magnitud de los picos de carga. Los acoples de Rejilla Blue-Flex\u00ae de Martin siguen los mismos est\u00e1ndares de producto y servicio que han hecho de Martin la empresa en la que puede confiar por su calidad, disponibilidad de productos y servicio.<\/p>\n<\/div>\n<\/div>\n<p>&nbsp;<\/p>\n<p>&nbsp;<\/p>\n<\/div>\n<\/div>\n<\/div>\n<\/div>\n<\/div>\n<\/div>\n<\/div>\n<\/div>\n<\/div>\n<\/div>\n<p class=\"product__info\"><a href=\"https:\/\/www.tiendasindustriales.com\/store\/wp-content\/uploads\/2025\/03\/Blue-Flex-Martin-Sprocket-Ficha-Tecnica.pdf\" target=\"_blank\" rel=\"noopener\"><img decoding=\"async\" class=\" wd-lazy-fade alignleft wp-image-9834\" title=\"FICHA T\u00c9CNICA\" src=\"https:\/\/www.tiendasindustriales.com\/store\/wp-content\/themes\/woodmart\/images\/lazy.svg\" data-src=\"https:\/\/www.ventaalinstante.com\/wp-content\/uploads\/2023\/08\/PDF_file_icon.svg-244x300.png\" alt=\"\" width=\"43\" height=\"53\" \/><\/a><\/p>\n<p>&nbsp;<\/p>\n<p><span style=\"color: #ffffff;\">das asociadas: Tuber\u00eda Manguera de material pl\u00e1stico Manguera estructura Manguera flexible Manguera a prueba de abrasi\u00f3n Manguera de neopreno Manguera para agua Manguera reforzada Manguera con trenza met\u00e1lica Tuber\u00eda lisa Manguera de aspiraci\u00f3n Manguera para productos qu\u00edmicos Manguera lisa Manguera de PVC Manguera de acero Manguera alimentos Manguera para productos alimentarios Manguera de PUR Manguera hidr\u00e1ulica Manguera resistente al aceite mangueras MANGUERA HIDRAHULICA<\/span><\/p>\n<p>&nbsp;<\/p>\n","protected":false},"excerpt":{"rendered":"<p>Los acoples de Rejilla Blue-Flex\u00ae de Martin son la mejor opci\u00f3n en aplicaciones donde existan condiciones de alto torque y<\/p>\n","protected":false},"featured_media":12635,"comment_status":"open","ping_status":"closed","template":"","meta":[],"product_brand":[],"product_cat":[73],"product_tag":[],"class_list":{"0":"post-12629","1":"product","2":"type-product","3":"status-publish","4":"has-post-thumbnail","6":"product_cat-poleas","8":"first","9":"instock","10":"shipping-taxable","11":"product-type-simple"},"yoast_head":"<!-- This site is optimized with the Yoast SEO plugin v27.4 - https:\/\/yoast.com\/product\/yoast-seo-wordpress\/ -->\n<title>Acople Blue-Flex\u00ae Martin Sprocket - Tiendas Industriales<\/title>\n<meta name=\"robots\" content=\"index, follow, max-snippet:-1, max-image-preview:large, max-video-preview:-1\" \/>\n<link rel=\"canonical\" href=\"https:\/\/www.tiendasindustriales.com\/store\/producto\/acople-blue-flex\/\" \/>\n<meta property=\"og:locale\" content=\"es_ES\" \/>\n<meta property=\"og:type\" content=\"article\" \/>\n<meta property=\"og:title\" content=\"Acople Blue-Flex\u00ae Martin Sprocket - Tiendas Industriales\" \/>\n<meta property=\"og:description\" content=\"Los acoples de Rejilla Blue-Flex\u00ae de Martin son la mejor opci\u00f3n en aplicaciones donde existan condiciones de alto torque y\" \/>\n<meta property=\"og:url\" content=\"https:\/\/www.tiendasindustriales.com\/store\/producto\/acople-blue-flex\/\" \/>\n<meta property=\"og:site_name\" content=\"Tiendas Industriales\" \/>\n<meta property=\"article:publisher\" content=\"https:\/\/www.facebook.com\/DiscorreasManguerasyEmpaques\/\" \/>\n<meta property=\"article:modified_time\" content=\"2025-06-01T00:43:03+00:00\" \/>\n<meta property=\"og:image\" content=\"https:\/\/www.tiendasindustriales.com\/store\/wp-content\/uploads\/2025\/03\/Blue-flex.jpg\" \/>\n\t<meta property=\"og:image:width\" content=\"2480\" \/>\n\t<meta property=\"og:image:height\" content=\"2474\" \/>\n\t<meta property=\"og:image:type\" content=\"image\/jpeg\" \/>\n<meta name=\"twitter:card\" content=\"summary_large_image\" \/>\n<meta name=\"twitter:label1\" content=\"Tiempo de lectura\" \/>\n\t<meta name=\"twitter:data1\" content=\"2 minutos\" \/>\n<script type=\"application\/ld+json\" class=\"yoast-schema-graph\">{\"@context\":\"https:\\\/\\\/schema.org\",\"@graph\":[{\"@type\":\"WebPage\",\"@id\":\"https:\\\/\\\/www.tiendasindustriales.com\\\/store\\\/producto\\\/acople-blue-flex\\\/\",\"url\":\"https:\\\/\\\/www.tiendasindustriales.com\\\/store\\\/producto\\\/acople-blue-flex\\\/\",\"name\":\"Acople Blue-Flex\u00ae Martin Sprocket - Tiendas Industriales\",\"isPartOf\":{\"@id\":\"https:\\\/\\\/www.tiendasindustriales.com\\\/store\\\/#website\"},\"primaryImageOfPage\":{\"@id\":\"https:\\\/\\\/www.tiendasindustriales.com\\\/store\\\/producto\\\/acople-blue-flex\\\/#primaryimage\"},\"image\":{\"@id\":\"https:\\\/\\\/www.tiendasindustriales.com\\\/store\\\/producto\\\/acople-blue-flex\\\/#primaryimage\"},\"thumbnailUrl\":\"https:\\\/\\\/www.tiendasindustriales.com\\\/store\\\/wp-content\\\/uploads\\\/2025\\\/03\\\/Blue-flex.jpg\",\"datePublished\":\"2025-03-22T15:24:56+00:00\",\"dateModified\":\"2025-06-01T00:43:03+00:00\",\"breadcrumb\":{\"@id\":\"https:\\\/\\\/www.tiendasindustriales.com\\\/store\\\/producto\\\/acople-blue-flex\\\/#breadcrumb\"},\"inLanguage\":\"es\",\"potentialAction\":[{\"@type\":\"ReadAction\",\"target\":[\"https:\\\/\\\/www.tiendasindustriales.com\\\/store\\\/producto\\\/acople-blue-flex\\\/\"]}]},{\"@type\":\"ImageObject\",\"inLanguage\":\"es\",\"@id\":\"https:\\\/\\\/www.tiendasindustriales.com\\\/store\\\/producto\\\/acople-blue-flex\\\/#primaryimage\",\"url\":\"https:\\\/\\\/www.tiendasindustriales.com\\\/store\\\/wp-content\\\/uploads\\\/2025\\\/03\\\/Blue-flex.jpg\",\"contentUrl\":\"https:\\\/\\\/www.tiendasindustriales.com\\\/store\\\/wp-content\\\/uploads\\\/2025\\\/03\\\/Blue-flex.jpg\",\"width\":2480,\"height\":2474},{\"@type\":\"BreadcrumbList\",\"@id\":\"https:\\\/\\\/www.tiendasindustriales.com\\\/store\\\/producto\\\/acople-blue-flex\\\/#breadcrumb\",\"itemListElement\":[{\"@type\":\"ListItem\",\"position\":1,\"name\":\"Portada\",\"item\":\"https:\\\/\\\/www.tiendasindustriales.com\\\/store\\\/\"},{\"@type\":\"ListItem\",\"position\":2,\"name\":\"Tienda\",\"item\":\"https:\\\/\\\/www.tiendasindustriales.com\\\/store\\\/tienda\\\/\"},{\"@type\":\"ListItem\",\"position\":3,\"name\":\"Acople Blue-Flex\u00ae Martin Sprocket\"}]},{\"@type\":\"WebSite\",\"@id\":\"https:\\\/\\\/www.tiendasindustriales.com\\\/store\\\/#website\",\"url\":\"https:\\\/\\\/www.tiendasindustriales.com\\\/store\\\/\",\"name\":\"Tiendas Industriales\",\"description\":\"Grupo Empresarial\",\"publisher\":{\"@id\":\"https:\\\/\\\/www.tiendasindustriales.com\\\/store\\\/#organization\"},\"potentialAction\":[{\"@type\":\"SearchAction\",\"target\":{\"@type\":\"EntryPoint\",\"urlTemplate\":\"https:\\\/\\\/www.tiendasindustriales.com\\\/store\\\/?s={search_term_string}\"},\"query-input\":{\"@type\":\"PropertyValueSpecification\",\"valueRequired\":true,\"valueName\":\"search_term_string\"}}],\"inLanguage\":\"es\"},{\"@type\":\"Organization\",\"@id\":\"https:\\\/\\\/www.tiendasindustriales.com\\\/store\\\/#organization\",\"name\":\"Tiendas Industriales Grupo Empresarial\",\"url\":\"https:\\\/\\\/www.tiendasindustriales.com\\\/store\\\/\",\"logo\":{\"@type\":\"ImageObject\",\"inLanguage\":\"es\",\"@id\":\"https:\\\/\\\/www.tiendasindustriales.com\\\/store\\\/#\\\/schema\\\/logo\\\/image\\\/\",\"url\":\"https:\\\/\\\/www.tiendasindustriales.com\\\/store\\\/wp-content\\\/uploads\\\/2022\\\/08\\\/Recurso-2logo-index.png\",\"contentUrl\":\"https:\\\/\\\/www.tiendasindustriales.com\\\/store\\\/wp-content\\\/uploads\\\/2022\\\/08\\\/Recurso-2logo-index.png\",\"width\":547,\"height\":219,\"caption\":\"Tiendas Industriales Grupo Empresarial\"},\"image\":{\"@id\":\"https:\\\/\\\/www.tiendasindustriales.com\\\/store\\\/#\\\/schema\\\/logo\\\/image\\\/\"},\"sameAs\":[\"https:\\\/\\\/www.facebook.com\\\/DiscorreasManguerasyEmpaques\\\/\",\"https:\\\/\\\/www.instagram.com\\\/tiendasindustriales\"]}]}<\/script>\n<!-- \/ Yoast SEO plugin. -->","yoast_head_json":{"title":"Acople Blue-Flex\u00ae Martin Sprocket - Tiendas Industriales","robots":{"index":"index","follow":"follow","max-snippet":"max-snippet:-1","max-image-preview":"max-image-preview:large","max-video-preview":"max-video-preview:-1"},"canonical":"https:\/\/www.tiendasindustriales.com\/store\/producto\/acople-blue-flex\/","og_locale":"es_ES","og_type":"article","og_title":"Acople Blue-Flex\u00ae Martin Sprocket - Tiendas Industriales","og_description":"Los acoples de Rejilla Blue-Flex\u00ae de Martin son la mejor opci\u00f3n en aplicaciones donde existan condiciones de alto torque y","og_url":"https:\/\/www.tiendasindustriales.com\/store\/producto\/acople-blue-flex\/","og_site_name":"Tiendas Industriales","article_publisher":"https:\/\/www.facebook.com\/DiscorreasManguerasyEmpaques\/","article_modified_time":"2025-06-01T00:43:03+00:00","og_image":[{"width":2480,"height":2474,"url":"https:\/\/www.tiendasindustriales.com\/store\/wp-content\/uploads\/2025\/03\/Blue-flex.jpg","type":"image\/jpeg"}],"twitter_card":"summary_large_image","twitter_misc":{"Tiempo de lectura":"2 minutos"},"schema":{"@context":"https:\/\/schema.org","@graph":[{"@type":"WebPage","@id":"https:\/\/www.tiendasindustriales.com\/store\/producto\/acople-blue-flex\/","url":"https:\/\/www.tiendasindustriales.com\/store\/producto\/acople-blue-flex\/","name":"Acople Blue-Flex\u00ae Martin Sprocket - Tiendas Industriales","isPartOf":{"@id":"https:\/\/www.tiendasindustriales.com\/store\/#website"},"primaryImageOfPage":{"@id":"https:\/\/www.tiendasindustriales.com\/store\/producto\/acople-blue-flex\/#primaryimage"},"image":{"@id":"https:\/\/www.tiendasindustriales.com\/store\/producto\/acople-blue-flex\/#primaryimage"},"thumbnailUrl":"https:\/\/www.tiendasindustriales.com\/store\/wp-content\/uploads\/2025\/03\/Blue-flex.jpg","datePublished":"2025-03-22T15:24:56+00:00","dateModified":"2025-06-01T00:43:03+00:00","breadcrumb":{"@id":"https:\/\/www.tiendasindustriales.com\/store\/producto\/acople-blue-flex\/#breadcrumb"},"inLanguage":"es","potentialAction":[{"@type":"ReadAction","target":["https:\/\/www.tiendasindustriales.com\/store\/producto\/acople-blue-flex\/"]}]},{"@type":"ImageObject","inLanguage":"es","@id":"https:\/\/www.tiendasindustriales.com\/store\/producto\/acople-blue-flex\/#primaryimage","url":"https:\/\/www.tiendasindustriales.com\/store\/wp-content\/uploads\/2025\/03\/Blue-flex.jpg","contentUrl":"https:\/\/www.tiendasindustriales.com\/store\/wp-content\/uploads\/2025\/03\/Blue-flex.jpg","width":2480,"height":2474},{"@type":"BreadcrumbList","@id":"https:\/\/www.tiendasindustriales.com\/store\/producto\/acople-blue-flex\/#breadcrumb","itemListElement":[{"@type":"ListItem","position":1,"name":"Portada","item":"https:\/\/www.tiendasindustriales.com\/store\/"},{"@type":"ListItem","position":2,"name":"Tienda","item":"https:\/\/www.tiendasindustriales.com\/store\/tienda\/"},{"@type":"ListItem","position":3,"name":"Acople Blue-Flex\u00ae Martin Sprocket"}]},{"@type":"WebSite","@id":"https:\/\/www.tiendasindustriales.com\/store\/#website","url":"https:\/\/www.tiendasindustriales.com\/store\/","name":"Tiendas Industriales","description":"Grupo Empresarial","publisher":{"@id":"https:\/\/www.tiendasindustriales.com\/store\/#organization"},"potentialAction":[{"@type":"SearchAction","target":{"@type":"EntryPoint","urlTemplate":"https:\/\/www.tiendasindustriales.com\/store\/?s={search_term_string}"},"query-input":{"@type":"PropertyValueSpecification","valueRequired":true,"valueName":"search_term_string"}}],"inLanguage":"es"},{"@type":"Organization","@id":"https:\/\/www.tiendasindustriales.com\/store\/#organization","name":"Tiendas Industriales Grupo Empresarial","url":"https:\/\/www.tiendasindustriales.com\/store\/","logo":{"@type":"ImageObject","inLanguage":"es","@id":"https:\/\/www.tiendasindustriales.com\/store\/#\/schema\/logo\/image\/","url":"https:\/\/www.tiendasindustriales.com\/store\/wp-content\/uploads\/2022\/08\/Recurso-2logo-index.png","contentUrl":"https:\/\/www.tiendasindustriales.com\/store\/wp-content\/uploads\/2022\/08\/Recurso-2logo-index.png","width":547,"height":219,"caption":"Tiendas Industriales Grupo Empresarial"},"image":{"@id":"https:\/\/www.tiendasindustriales.com\/store\/#\/schema\/logo\/image\/"},"sameAs":["https:\/\/www.facebook.com\/DiscorreasManguerasyEmpaques\/","https:\/\/www.instagram.com\/tiendasindustriales"]}]}},"_links":{"self":[{"href":"https:\/\/www.tiendasindustriales.com\/store\/wp-json\/wp\/v2\/product\/12629","targetHints":{"allow":["GET"]}}],"collection":[{"href":"https:\/\/www.tiendasindustriales.com\/store\/wp-json\/wp\/v2\/product"}],"about":[{"href":"https:\/\/www.tiendasindustriales.com\/store\/wp-json\/wp\/v2\/types\/product"}],"replies":[{"embeddable":true,"href":"https:\/\/www.tiendasindustriales.com\/store\/wp-json\/wp\/v2\/comments?post=12629"}],"wp:featuredmedia":[{"embeddable":true,"href":"https:\/\/www.tiendasindustriales.com\/store\/wp-json\/wp\/v2\/media\/12635"}],"wp:attachment":[{"href":"https:\/\/www.tiendasindustriales.com\/store\/wp-json\/wp\/v2\/media?parent=12629"}],"wp:term":[{"taxonomy":"product_brand","embeddable":true,"href":"https:\/\/www.tiendasindustriales.com\/store\/wp-json\/wp\/v2\/product_brand?post=12629"},{"taxonomy":"product_cat","embeddable":true,"href":"https:\/\/www.tiendasindustriales.com\/store\/wp-json\/wp\/v2\/product_cat?post=12629"},{"taxonomy":"product_tag","embeddable":true,"href":"https:\/\/www.tiendasindustriales.com\/store\/wp-json\/wp\/v2\/product_tag?post=12629"}],"curies":[{"name":"wp","href":"https:\/\/api.w.org\/{rel}","templated":true}]}}