{"id":12203,"date":"2024-11-02T20:59:59","date_gmt":"2024-11-03T00:59:59","guid":{"rendered":"https:\/\/www.tiendasindustriales.com\/store\/?post_type=product&#038;p=12203"},"modified":"2025-05-14T16:50:16","modified_gmt":"2025-05-14T20:50:16","slug":"polea-qd-2-3v-412-pulgadas-d-e-buje-sh-martin-sprocket-prueba","status":"publish","type":"product","link":"https:\/\/www.tiendasindustriales.com\/store\/producto\/polea-qd-2-3v-412-pulgadas-d-e-buje-sh-martin-sprocket-prueba\/","title":{"rendered":"Polea QD 2\/3V 4,5 Pulgadas D.E. Buje SH Martin Sprocket"},"content":{"rendered":"<div class=\"aem-Grid aem-Grid--12 aem-Grid--default--12 \">\n<div class=\"column-container responsivegrid bg-none aem-GridColumn aem-GridColumn--default--12\">\n<div class=\"container-fluid bg-none bg-container\" data-emptytext=\"Edit Container\">\n<div class=\"row\">\n<div class=\"col col-sm-12\">\n<div class=\"aem-Grid aem-Grid--12 aem-Grid--default--12 \">\n<div class=\"search-results aem-GridColumn aem-GridColumn--default--12\">\n<div class=\"variant-product\">\n<div id=\"product-tabs\" class=\"js-tabs--pdp product-tabs gor-tabs\">\n<div id=\"product-specifications\" class=\"tabs-content tab-container tab-container--parts tab-pane active\">\n<div id=\"product-specifications__content\" class=\"accordion-content--pdp collapse\" role=\"tabpanel\">\n<div class=\"accordion-content__wrapper\">\n<div class=\"c-table__row nested-accordion__content nested-accordion__content--level1 accordion-content gor-transitioning gor-active auto-height\" role=\"tabpanel\" aria-expanded=\"false\">Las poleas convencionales (anchas\/cl\u00e1sicas) est\u00e1n fabricadas con hierro gris clase 30 (resistencia a la tracci\u00f3n de 30,000 psi) y pueden alcanzar una velocidad m\u00e1xima de 6500 pies por minuto (FPM). Todas las poleas de Martin est\u00e1n balanceadas est\u00e1ticamente. Se debe considerar el balanceo din\u00e1mico para cualquier polea que exceda los 5000 FPM o si se va a utilizar en equipos donde la vibraci\u00f3n sea un problema. Martin cuenta con amplios inventarios de poleas tipo QD y TB para correas en V de los tipos \u201cA\u201d, \u201cB\u201d, \u201cC\u201d y \u201cD\u201d.<\/div>\n<div role=\"tabpanel\" aria-expanded=\"false\"><\/div>\n<\/div>\n<table class=\"w-fit min-w-(--thread-content-width)\" style=\"height: 355px;\" width=\"708\" data-start=\"43\" data-end=\"857\">\n<thead data-start=\"43\" data-end=\"106\">\n<tr data-start=\"43\" data-end=\"106\">\n<th data-start=\"43\" data-end=\"77\" data-col-size=\"sm\"><strong data-start=\"45\" data-end=\"57\">Elemento<\/strong><\/th>\n<th data-start=\"77\" data-end=\"106\" data-col-size=\"sm\"><strong data-start=\"79\" data-end=\"94\">Descripci\u00f3n<\/strong><\/th>\n<\/tr>\n<\/thead>\n<tbody data-start=\"169\" data-end=\"857\">\n<tr data-start=\"169\" data-end=\"230\">\n<td data-start=\"169\" data-end=\"201\" data-col-size=\"sm\"><strong data-start=\"171\" data-end=\"183\">Material<\/strong><\/td>\n<td data-col-size=\"sm\" data-start=\"201\" data-end=\"230\">Acero<\/td>\n<\/tr>\n<tr data-start=\"231\" data-end=\"292\">\n<td data-start=\"231\" data-end=\"263\" data-col-size=\"sm\"><strong data-start=\"233\" data-end=\"254\">N\u00famero de canales<\/strong><\/td>\n<td data-col-size=\"sm\" data-start=\"263\" data-end=\"292\">2<\/td>\n<\/tr>\n<tr data-start=\"293\" data-end=\"361\">\n<td data-start=\"293\" data-end=\"332\" data-col-size=\"sm\"><strong data-start=\"295\" data-end=\"331\">Secci\u00f3n transversal de la correa<\/strong><\/td>\n<td data-col-size=\"sm\" data-start=\"332\" data-end=\"361\">3V<\/td>\n<\/tr>\n<tr data-start=\"362\" data-end=\"423\">\n<td data-start=\"362\" data-end=\"394\" data-col-size=\"sm\"><strong data-start=\"364\" data-end=\"382\">Estilo de buje<\/strong><\/td>\n<td data-col-size=\"sm\" data-start=\"394\" data-end=\"423\">QD<\/td>\n<\/tr>\n<tr data-start=\"424\" data-end=\"485\">\n<td data-start=\"424\" data-end=\"456\" data-col-size=\"sm\"><strong data-start=\"426\" data-end=\"454\">N\u00famero de parte del buje<\/strong><\/td>\n<td data-col-size=\"sm\" data-start=\"456\" data-end=\"485\">SH<\/td>\n<\/tr>\n<tr data-start=\"486\" data-end=\"547\">\n<td data-start=\"486\" data-end=\"518\" data-col-size=\"sm\"><strong data-start=\"488\" data-end=\"510\">Di\u00e1metro primitivo<\/strong><\/td>\n<td data-col-size=\"sm\" data-start=\"518\" data-end=\"547\">4.5 in (pulgadas)<\/td>\n<\/tr>\n<tr data-start=\"548\" data-end=\"609\">\n<td data-start=\"548\" data-end=\"580\" data-col-size=\"sm\"><strong data-start=\"550\" data-end=\"571\">Di\u00e1metro exterior<\/strong><\/td>\n<td data-col-size=\"sm\" data-start=\"580\" data-end=\"609\">4.5 in (pulgadas)<\/td>\n<\/tr>\n<tr data-start=\"610\" data-end=\"671\">\n<td data-start=\"610\" data-end=\"642\" data-col-size=\"sm\"><strong data-start=\"612\" data-end=\"640\">Di\u00e1metro m\u00ednimo del buje<\/strong><\/td>\n<td data-col-size=\"sm\" data-start=\"642\" data-end=\"671\">0.5 in (pulgadas)<\/td>\n<\/tr>\n<tr data-start=\"672\" data-end=\"733\">\n<td data-start=\"672\" data-end=\"704\" data-col-size=\"sm\"><strong data-start=\"674\" data-end=\"691\">Ancho de cara<\/strong><\/td>\n<td data-col-size=\"sm\" data-start=\"704\" data-end=\"733\">1.0940 in (pulgadas)<\/td>\n<\/tr>\n<tr data-start=\"734\" data-end=\"795\">\n<td data-start=\"734\" data-end=\"766\" data-col-size=\"sm\"><strong data-start=\"736\" data-end=\"764\">Di\u00e1metro m\u00e1ximo del buje<\/strong><\/td>\n<td data-col-size=\"sm\" data-start=\"766\" data-end=\"795\">1.6875 in (pulgadas)<\/td>\n<\/tr>\n<tr data-start=\"796\" data-end=\"857\">\n<td data-start=\"796\" data-end=\"828\" data-col-size=\"sm\"><strong data-start=\"798\" data-end=\"826\">Construcci\u00f3n de la polea<\/strong><\/td>\n<td data-col-size=\"sm\" data-start=\"828\" data-end=\"857\">S\u00f3lida<\/td>\n<\/tr>\n<\/tbody>\n<\/table>\n<\/div>\n<\/div>\n<div role=\"tabpanel\" aria-expanded=\"false\"><\/div>\n<div id=\"product-specifications\" class=\"tabs-content tab-container tab-container--parts tab-pane active\">\n<div role=\"tabpanel\" aria-expanded=\"false\"><\/div>\n<\/div>\n<\/div>\n<\/div>\n<\/div>\n<\/div>\n<\/div>\n<\/div>\n<\/div>\n<\/div>\n<\/div>\n<p class=\"product__info\"><a href=\"https:\/\/www.tiendasindustriales.com\/store\/wp-content\/uploads\/2024\/09\/Polea-QD-2-3V-335-SH-.pdf\" target=\"_blank\" rel=\"noopener\"><img decoding=\"async\" class=\" wd-lazy-fade alignleft wp-image-9834\" title=\"FICHA T\u00c9CNICA\" src=\"https:\/\/www.tiendasindustriales.com\/store\/wp-content\/themes\/woodmart\/images\/lazy.svg\" data-src=\"https:\/\/www.ventaalinstante.com\/wp-content\/uploads\/2023\/08\/PDF_file_icon.svg-244x300.png\" alt=\"\" width=\"43\" height=\"53\" \/><\/a><\/p>\n<p>&nbsp;<\/p>\n<p>&nbsp;<\/p>\n<p>&nbsp;<\/p>\n<p><span style=\"color: #ffffff;\">u<\/span><\/p>\n<p><span style=\"color: #ffffff;\">das asociadas: Tuber\u00eda Manguera de material pl\u00e1stico Manguera estructura Manguera flexible Manguera a prueba de abrasi\u00f3n Manguera de neopreno Manguera para agua Manguera reforzada Manguera con trenza met\u00e1lica Tuber\u00eda lisa Manguera de aspiraci\u00f3n Manguera para productos qu\u00edmicos Manguera lisa Manguera de PVC Manguera de acero Manguera alimentos Manguera para productos alimentarios Manguera de PUR Manguera hidr\u00e1ulica Manguera resistente al aceite mangueras MANGUERA HIDRAHULICA<\/span><\/p>\n<p>&nbsp;<\/p>\n","protected":false},"excerpt":{"rendered":"<p>Polea de 2 ranuras, di\u00e1metro exterior de 4.5&#8243; con buje serie SH, para correas tipo 3V, rango de di\u00e1metro interior de buje de 1\/2 a 1-11\/16&#8243;.<\/p>\n<p>RECOMENDADO:<\/p>\n<ul>\n<li>Ventiladores sector industrial.<\/li>\n<li>Agitadores de tanques de pulpa sector industrial.<\/li>\n<li>Agitadores de sistemas de cocci\u00f3n sector industrial<\/li>\n<li>Bombas centrifugas<\/li>\n<li>Compresores industriales.<\/li>\n<\/ul>\n","protected":false},"featured_media":12878,"comment_status":"open","ping_status":"closed","template":"","meta":[],"product_brand":[],"product_cat":[73],"product_tag":[],"class_list":{"0":"post-12203","1":"product","2":"type-product","3":"status-publish","4":"has-post-thumbnail","6":"product_cat-poleas","8":"first","9":"instock","10":"shipping-taxable","11":"purchasable","12":"product-type-simple"},"yoast_head":"<!-- This site is optimized with the Yoast SEO plugin v27.4 - https:\/\/yoast.com\/product\/yoast-seo-wordpress\/ -->\n<title>Polea QD 2\/3V 4,5 Pulgadas D.E. Buje SH Martin Sprocket - Tiendas Industriales<\/title>\n<meta name=\"robots\" content=\"index, follow, max-snippet:-1, max-image-preview:large, max-video-preview:-1\" \/>\n<link rel=\"canonical\" href=\"https:\/\/www.tiendasindustriales.com\/store\/producto\/polea-qd-2-3v-412-pulgadas-d-e-buje-sh-martin-sprocket-prueba\/\" \/>\n<meta property=\"og:locale\" content=\"es_ES\" \/>\n<meta property=\"og:type\" content=\"article\" \/>\n<meta property=\"og:title\" content=\"Polea QD 2\/3V 4,5 Pulgadas D.E. Buje SH Martin Sprocket - Tiendas Industriales\" \/>\n<meta property=\"og:description\" content=\"Polea de 2 ranuras, di\u00e1metro exterior de 4.5&quot; con buje serie SH, para correas tipo 3V, rango de di\u00e1metro interior de buje de 1\/2 a 1-11\/16&quot;.  RECOMENDADO:   Ventiladores sector industrial.  Agitadores de tanques de pulpa sector industrial.  Agitadores de sistemas de cocci\u00f3n sector industrial  Bombas centrifugas  Compresores industriales.\" \/>\n<meta property=\"og:url\" content=\"https:\/\/www.tiendasindustriales.com\/store\/producto\/polea-qd-2-3v-412-pulgadas-d-e-buje-sh-martin-sprocket-prueba\/\" \/>\n<meta property=\"og:site_name\" content=\"Tiendas Industriales\" \/>\n<meta property=\"article:publisher\" content=\"https:\/\/www.facebook.com\/DiscorreasManguerasyEmpaques\/\" \/>\n<meta property=\"article:modified_time\" content=\"2025-05-14T20:50:16+00:00\" \/>\n<meta property=\"og:image\" content=\"https:\/\/www.tiendasindustriales.com\/store\/wp-content\/uploads\/2025\/05\/IMG-1.jpg\" \/>\n\t<meta property=\"og:image:width\" content=\"2480\" \/>\n\t<meta property=\"og:image:height\" content=\"2474\" \/>\n\t<meta property=\"og:image:type\" content=\"image\/jpeg\" \/>\n<meta name=\"twitter:card\" content=\"summary_large_image\" \/>\n<meta name=\"twitter:label1\" content=\"Tiempo de lectura\" \/>\n\t<meta name=\"twitter:data1\" content=\"2 minutos\" \/>\n<script type=\"application\/ld+json\" class=\"yoast-schema-graph\">{\"@context\":\"https:\\\/\\\/schema.org\",\"@graph\":[{\"@type\":\"WebPage\",\"@id\":\"https:\\\/\\\/www.tiendasindustriales.com\\\/store\\\/producto\\\/polea-qd-2-3v-412-pulgadas-d-e-buje-sh-martin-sprocket-prueba\\\/\",\"url\":\"https:\\\/\\\/www.tiendasindustriales.com\\\/store\\\/producto\\\/polea-qd-2-3v-412-pulgadas-d-e-buje-sh-martin-sprocket-prueba\\\/\",\"name\":\"Polea QD 2\\\/3V 4,5 Pulgadas D.E. Buje SH Martin Sprocket - Tiendas Industriales\",\"isPartOf\":{\"@id\":\"https:\\\/\\\/www.tiendasindustriales.com\\\/store\\\/#website\"},\"primaryImageOfPage\":{\"@id\":\"https:\\\/\\\/www.tiendasindustriales.com\\\/store\\\/producto\\\/polea-qd-2-3v-412-pulgadas-d-e-buje-sh-martin-sprocket-prueba\\\/#primaryimage\"},\"image\":{\"@id\":\"https:\\\/\\\/www.tiendasindustriales.com\\\/store\\\/producto\\\/polea-qd-2-3v-412-pulgadas-d-e-buje-sh-martin-sprocket-prueba\\\/#primaryimage\"},\"thumbnailUrl\":\"https:\\\/\\\/www.tiendasindustriales.com\\\/store\\\/wp-content\\\/uploads\\\/2025\\\/05\\\/IMG-1.jpg\",\"datePublished\":\"2024-11-03T00:59:59+00:00\",\"dateModified\":\"2025-05-14T20:50:16+00:00\",\"breadcrumb\":{\"@id\":\"https:\\\/\\\/www.tiendasindustriales.com\\\/store\\\/producto\\\/polea-qd-2-3v-412-pulgadas-d-e-buje-sh-martin-sprocket-prueba\\\/#breadcrumb\"},\"inLanguage\":\"es\",\"potentialAction\":[{\"@type\":\"ReadAction\",\"target\":[\"https:\\\/\\\/www.tiendasindustriales.com\\\/store\\\/producto\\\/polea-qd-2-3v-412-pulgadas-d-e-buje-sh-martin-sprocket-prueba\\\/\"]}]},{\"@type\":\"ImageObject\",\"inLanguage\":\"es\",\"@id\":\"https:\\\/\\\/www.tiendasindustriales.com\\\/store\\\/producto\\\/polea-qd-2-3v-412-pulgadas-d-e-buje-sh-martin-sprocket-prueba\\\/#primaryimage\",\"url\":\"https:\\\/\\\/www.tiendasindustriales.com\\\/store\\\/wp-content\\\/uploads\\\/2025\\\/05\\\/IMG-1.jpg\",\"contentUrl\":\"https:\\\/\\\/www.tiendasindustriales.com\\\/store\\\/wp-content\\\/uploads\\\/2025\\\/05\\\/IMG-1.jpg\",\"width\":2480,\"height\":2474},{\"@type\":\"BreadcrumbList\",\"@id\":\"https:\\\/\\\/www.tiendasindustriales.com\\\/store\\\/producto\\\/polea-qd-2-3v-412-pulgadas-d-e-buje-sh-martin-sprocket-prueba\\\/#breadcrumb\",\"itemListElement\":[{\"@type\":\"ListItem\",\"position\":1,\"name\":\"Portada\",\"item\":\"https:\\\/\\\/www.tiendasindustriales.com\\\/store\\\/\"},{\"@type\":\"ListItem\",\"position\":2,\"name\":\"Tienda\",\"item\":\"https:\\\/\\\/www.tiendasindustriales.com\\\/store\\\/tienda\\\/\"},{\"@type\":\"ListItem\",\"position\":3,\"name\":\"Polea QD 2\\\/3V 4,5 Pulgadas D.E. Buje SH Martin Sprocket\"}]},{\"@type\":\"WebSite\",\"@id\":\"https:\\\/\\\/www.tiendasindustriales.com\\\/store\\\/#website\",\"url\":\"https:\\\/\\\/www.tiendasindustriales.com\\\/store\\\/\",\"name\":\"Tiendas Industriales\",\"description\":\"Grupo Empresarial\",\"publisher\":{\"@id\":\"https:\\\/\\\/www.tiendasindustriales.com\\\/store\\\/#organization\"},\"potentialAction\":[{\"@type\":\"SearchAction\",\"target\":{\"@type\":\"EntryPoint\",\"urlTemplate\":\"https:\\\/\\\/www.tiendasindustriales.com\\\/store\\\/?s={search_term_string}\"},\"query-input\":{\"@type\":\"PropertyValueSpecification\",\"valueRequired\":true,\"valueName\":\"search_term_string\"}}],\"inLanguage\":\"es\"},{\"@type\":\"Organization\",\"@id\":\"https:\\\/\\\/www.tiendasindustriales.com\\\/store\\\/#organization\",\"name\":\"Tiendas Industriales Grupo Empresarial\",\"url\":\"https:\\\/\\\/www.tiendasindustriales.com\\\/store\\\/\",\"logo\":{\"@type\":\"ImageObject\",\"inLanguage\":\"es\",\"@id\":\"https:\\\/\\\/www.tiendasindustriales.com\\\/store\\\/#\\\/schema\\\/logo\\\/image\\\/\",\"url\":\"https:\\\/\\\/www.tiendasindustriales.com\\\/store\\\/wp-content\\\/uploads\\\/2022\\\/08\\\/Recurso-2logo-index.png\",\"contentUrl\":\"https:\\\/\\\/www.tiendasindustriales.com\\\/store\\\/wp-content\\\/uploads\\\/2022\\\/08\\\/Recurso-2logo-index.png\",\"width\":547,\"height\":219,\"caption\":\"Tiendas Industriales Grupo Empresarial\"},\"image\":{\"@id\":\"https:\\\/\\\/www.tiendasindustriales.com\\\/store\\\/#\\\/schema\\\/logo\\\/image\\\/\"},\"sameAs\":[\"https:\\\/\\\/www.facebook.com\\\/DiscorreasManguerasyEmpaques\\\/\",\"https:\\\/\\\/www.instagram.com\\\/tiendasindustriales\"]}]}<\/script>\n<!-- \/ Yoast SEO plugin. -->","yoast_head_json":{"title":"Polea QD 2\/3V 4,5 Pulgadas D.E. Buje SH Martin Sprocket - Tiendas Industriales","robots":{"index":"index","follow":"follow","max-snippet":"max-snippet:-1","max-image-preview":"max-image-preview:large","max-video-preview":"max-video-preview:-1"},"canonical":"https:\/\/www.tiendasindustriales.com\/store\/producto\/polea-qd-2-3v-412-pulgadas-d-e-buje-sh-martin-sprocket-prueba\/","og_locale":"es_ES","og_type":"article","og_title":"Polea QD 2\/3V 4,5 Pulgadas D.E. Buje SH Martin Sprocket - Tiendas Industriales","og_description":"Polea de 2 ranuras, di\u00e1metro exterior de 4.5\" con buje serie SH, para correas tipo 3V, rango de di\u00e1metro interior de buje de 1\/2 a 1-11\/16\".  RECOMENDADO:   Ventiladores sector industrial.  Agitadores de tanques de pulpa sector industrial.  Agitadores de sistemas de cocci\u00f3n sector industrial  Bombas centrifugas  Compresores industriales.","og_url":"https:\/\/www.tiendasindustriales.com\/store\/producto\/polea-qd-2-3v-412-pulgadas-d-e-buje-sh-martin-sprocket-prueba\/","og_site_name":"Tiendas Industriales","article_publisher":"https:\/\/www.facebook.com\/DiscorreasManguerasyEmpaques\/","article_modified_time":"2025-05-14T20:50:16+00:00","og_image":[{"width":2480,"height":2474,"url":"https:\/\/www.tiendasindustriales.com\/store\/wp-content\/uploads\/2025\/05\/IMG-1.jpg","type":"image\/jpeg"}],"twitter_card":"summary_large_image","twitter_misc":{"Tiempo de lectura":"2 minutos"},"schema":{"@context":"https:\/\/schema.org","@graph":[{"@type":"WebPage","@id":"https:\/\/www.tiendasindustriales.com\/store\/producto\/polea-qd-2-3v-412-pulgadas-d-e-buje-sh-martin-sprocket-prueba\/","url":"https:\/\/www.tiendasindustriales.com\/store\/producto\/polea-qd-2-3v-412-pulgadas-d-e-buje-sh-martin-sprocket-prueba\/","name":"Polea QD 2\/3V 4,5 Pulgadas D.E. Buje SH Martin Sprocket - Tiendas Industriales","isPartOf":{"@id":"https:\/\/www.tiendasindustriales.com\/store\/#website"},"primaryImageOfPage":{"@id":"https:\/\/www.tiendasindustriales.com\/store\/producto\/polea-qd-2-3v-412-pulgadas-d-e-buje-sh-martin-sprocket-prueba\/#primaryimage"},"image":{"@id":"https:\/\/www.tiendasindustriales.com\/store\/producto\/polea-qd-2-3v-412-pulgadas-d-e-buje-sh-martin-sprocket-prueba\/#primaryimage"},"thumbnailUrl":"https:\/\/www.tiendasindustriales.com\/store\/wp-content\/uploads\/2025\/05\/IMG-1.jpg","datePublished":"2024-11-03T00:59:59+00:00","dateModified":"2025-05-14T20:50:16+00:00","breadcrumb":{"@id":"https:\/\/www.tiendasindustriales.com\/store\/producto\/polea-qd-2-3v-412-pulgadas-d-e-buje-sh-martin-sprocket-prueba\/#breadcrumb"},"inLanguage":"es","potentialAction":[{"@type":"ReadAction","target":["https:\/\/www.tiendasindustriales.com\/store\/producto\/polea-qd-2-3v-412-pulgadas-d-e-buje-sh-martin-sprocket-prueba\/"]}]},{"@type":"ImageObject","inLanguage":"es","@id":"https:\/\/www.tiendasindustriales.com\/store\/producto\/polea-qd-2-3v-412-pulgadas-d-e-buje-sh-martin-sprocket-prueba\/#primaryimage","url":"https:\/\/www.tiendasindustriales.com\/store\/wp-content\/uploads\/2025\/05\/IMG-1.jpg","contentUrl":"https:\/\/www.tiendasindustriales.com\/store\/wp-content\/uploads\/2025\/05\/IMG-1.jpg","width":2480,"height":2474},{"@type":"BreadcrumbList","@id":"https:\/\/www.tiendasindustriales.com\/store\/producto\/polea-qd-2-3v-412-pulgadas-d-e-buje-sh-martin-sprocket-prueba\/#breadcrumb","itemListElement":[{"@type":"ListItem","position":1,"name":"Portada","item":"https:\/\/www.tiendasindustriales.com\/store\/"},{"@type":"ListItem","position":2,"name":"Tienda","item":"https:\/\/www.tiendasindustriales.com\/store\/tienda\/"},{"@type":"ListItem","position":3,"name":"Polea QD 2\/3V 4,5 Pulgadas D.E. Buje SH Martin Sprocket"}]},{"@type":"WebSite","@id":"https:\/\/www.tiendasindustriales.com\/store\/#website","url":"https:\/\/www.tiendasindustriales.com\/store\/","name":"Tiendas Industriales","description":"Grupo Empresarial","publisher":{"@id":"https:\/\/www.tiendasindustriales.com\/store\/#organization"},"potentialAction":[{"@type":"SearchAction","target":{"@type":"EntryPoint","urlTemplate":"https:\/\/www.tiendasindustriales.com\/store\/?s={search_term_string}"},"query-input":{"@type":"PropertyValueSpecification","valueRequired":true,"valueName":"search_term_string"}}],"inLanguage":"es"},{"@type":"Organization","@id":"https:\/\/www.tiendasindustriales.com\/store\/#organization","name":"Tiendas Industriales Grupo Empresarial","url":"https:\/\/www.tiendasindustriales.com\/store\/","logo":{"@type":"ImageObject","inLanguage":"es","@id":"https:\/\/www.tiendasindustriales.com\/store\/#\/schema\/logo\/image\/","url":"https:\/\/www.tiendasindustriales.com\/store\/wp-content\/uploads\/2022\/08\/Recurso-2logo-index.png","contentUrl":"https:\/\/www.tiendasindustriales.com\/store\/wp-content\/uploads\/2022\/08\/Recurso-2logo-index.png","width":547,"height":219,"caption":"Tiendas Industriales Grupo Empresarial"},"image":{"@id":"https:\/\/www.tiendasindustriales.com\/store\/#\/schema\/logo\/image\/"},"sameAs":["https:\/\/www.facebook.com\/DiscorreasManguerasyEmpaques\/","https:\/\/www.instagram.com\/tiendasindustriales"]}]}},"_links":{"self":[{"href":"https:\/\/www.tiendasindustriales.com\/store\/wp-json\/wp\/v2\/product\/12203","targetHints":{"allow":["GET"]}}],"collection":[{"href":"https:\/\/www.tiendasindustriales.com\/store\/wp-json\/wp\/v2\/product"}],"about":[{"href":"https:\/\/www.tiendasindustriales.com\/store\/wp-json\/wp\/v2\/types\/product"}],"replies":[{"embeddable":true,"href":"https:\/\/www.tiendasindustriales.com\/store\/wp-json\/wp\/v2\/comments?post=12203"}],"wp:featuredmedia":[{"embeddable":true,"href":"https:\/\/www.tiendasindustriales.com\/store\/wp-json\/wp\/v2\/media\/12878"}],"wp:attachment":[{"href":"https:\/\/www.tiendasindustriales.com\/store\/wp-json\/wp\/v2\/media?parent=12203"}],"wp:term":[{"taxonomy":"product_brand","embeddable":true,"href":"https:\/\/www.tiendasindustriales.com\/store\/wp-json\/wp\/v2\/product_brand?post=12203"},{"taxonomy":"product_cat","embeddable":true,"href":"https:\/\/www.tiendasindustriales.com\/store\/wp-json\/wp\/v2\/product_cat?post=12203"},{"taxonomy":"product_tag","embeddable":true,"href":"https:\/\/www.tiendasindustriales.com\/store\/wp-json\/wp\/v2\/product_tag?post=12203"}],"curies":[{"name":"wp","href":"https:\/\/api.w.org\/{rel}","templated":true}]}}