{"id":12044,"date":"2024-08-28T12:27:56","date_gmt":"2024-08-28T16:27:56","guid":{"rendered":"https:\/\/www.tiendasindustriales.com\/store\/?post_type=product&#038;p=12044"},"modified":"2025-05-31T20:59:45","modified_gmt":"2025-06-01T00:59:45","slug":"acople-megacrimp-hembra-r1-r2-1-41-2jic-4g-5fjx","status":"publish","type":"product","link":"https:\/\/www.tiendasindustriales.com\/store\/producto\/acople-megacrimp-hembra-r1-r2-1-41-2jic-4g-5fjx\/","title":{"rendered":"Acople MegaCrimp\u2122 Hembra R1\/R2 1\/4*1\/2JIC\u00a0(4G-5FJX)"},"content":{"rendered":"<div class=\"aem-Grid aem-Grid--12 aem-Grid--default--12 \">\n<div class=\"column-container responsivegrid bg-none aem-GridColumn aem-GridColumn--default--12\">\n<div class=\"container-fluid bg-none bg-container\" data-emptytext=\"Edit Container\">\n<div class=\"row\">\n<div class=\"col col-sm-12\">\n<div class=\"aem-Grid aem-Grid--12 aem-Grid--default--12 \">\n<div class=\"search-results aem-GridColumn aem-GridColumn--default--12\">\n<div class=\"variant-product\">\n<div id=\"product-tabs\" class=\"js-tabs--pdp product-tabs gor-tabs\">\n<div id=\"product-specifications\" class=\"tabs-content tab-container tab-container--parts tab-pane active\">\n<div id=\"product-specifications__content\" class=\"accordion-content--pdp collapse\" role=\"tabpanel\">\n<div class=\"accordion-content__wrapper\">\n<div class=\"c-table__row nested-accordion__content nested-accordion__content--level1 accordion-content gor-transitioning gor-active auto-height\" role=\"tabpanel\" aria-expanded=\"false\">\n<p class=\"product__info\">Los acoplamientos MegaCrimp\u2122 le brindan un sello a prueba de fugas que es tan innovador que est\u00e1 patentado. Lo que hace que el acoplamiento MegaCrimp funcione tan bien es lo que hay dentro del acoplamiento, el inserto en &#8220;C&#8221;. Este inserto en &#8220;C&#8221; permite el uso con diferentes construcciones y espesores de pared. Adem\u00e1s, el inserto en &#8220;C&#8221; garantiza una distribuci\u00f3n uniforme de las fuerzas de engarce para formar un sello conc\u00e9ntrico. Eso simplifica sus requisitos de inventario ya que un tama\u00f1o puede adaptarse a muchos di\u00e1metros exteriores de manguera diferentes, tanto en mangueras de uno como de dos cables. Una ventaja adicional: los acoplamientos MegaCrimp son acoplamientos con rendimiento EN totalmente calificados.<\/p>\n<table class=\"table c-table c-table--split\" style=\"height: 560px;\" width=\"747\">\n<tbody>\n<tr>\n<th>Parte #<\/th>\n<td>G25170-0405 \/ 4G-5FJX<\/td>\n<\/tr>\n<tr>\n<th>Producto #<\/th>\n<td>710308055<\/td>\n<\/tr>\n<tr>\n<th>Descripci\u00f3n<\/th>\n<td>G25170-0405 4G-5FJX<\/td>\n<\/tr>\n<tr>\n<th>C\u00f3digo Postal<\/th>\n<td>072053323030<\/td>\n<\/tr>\n<tr>\n<th>V\u00e1stago H1 hexagonal (pulg.)<\/th>\n<td>0,591<\/td>\n<\/tr>\n<tr>\n<th>V\u00e1stago H1 hexagonal (mm)<\/th>\n<td>15<\/td>\n<\/tr>\n<tr>\n<th>Tuerca hexagonal H2 (pulg.)<\/th>\n<td>0,669<\/td>\n<\/tr>\n<tr>\n<th>Tuerca hexagonal H2 (mm)<\/th>\n<td>17<\/td>\n<\/tr>\n<tr>\n<th>C Corte (pulgadas)<\/th>\n<td>1.272<\/td>\n<\/tr>\n<tr>\n<th>C Corte (mm)<\/th>\n<td>32.3<\/td>\n<\/tr>\n<tr>\n<th>L Longitud (pulgadas)<\/th>\n<td>2.295<\/td>\n<\/tr>\n<tr>\n<th>L Longitud (mm)<\/th>\n<td>58.3<\/td>\n<\/tr>\n<tr>\n<th>Di\u00e1metro interior de la manguera (pulg.)<\/th>\n<td>0,252<\/td>\n<\/tr>\n<tr>\n<th>Di\u00e1metro interior de la manguera (mm)<\/th>\n<td>6.4<\/td>\n<\/tr>\n<tr>\n<th>Di\u00e1metro interior (pulg.)<\/th>\n<td>0,252<\/td>\n<\/tr>\n<tr>\n<th>Di\u00e1metro interior (mm)<\/th>\n<td>6.4<\/td>\n<\/tr>\n<tr>\n<th>C (pulgadas)<\/th>\n<td>1.27<\/td>\n<\/tr>\n<tr>\n<th>L (pulgadas)<\/th>\n<td>2.3<\/td>\n<\/tr>\n<\/tbody>\n<\/table>\n<\/div>\n<p>&nbsp;<\/p>\n<\/div>\n<\/div>\n<\/div>\n<\/div>\n<\/div>\n<\/div>\n<\/div>\n<\/div>\n<\/div>\n<\/div>\n<\/div>\n<\/div>\n<p class=\"product__info\"><a href=\"https:\/\/www.tiendasindustriales.com\/store\/wp-content\/uploads\/2024\/08\/TD-HYDRAULIC-HOSE-FOR-MEGACRIMP\u00ae.pdf\" target=\"_blank\" rel=\"noopener\"><img decoding=\"async\" class=\" wd-lazy-fade alignleft wp-image-9834\" title=\"FICHA T\u00c9CNICA\" src=\"https:\/\/www.tiendasindustriales.com\/store\/wp-content\/themes\/woodmart\/images\/lazy.svg\" data-src=\"https:\/\/www.ventaalinstante.com\/wp-content\/uploads\/2023\/08\/PDF_file_icon.svg-244x300.png\" alt=\"\" width=\"43\" height=\"53\" \/><\/a><\/p>\n<p><span style=\"color: #ffffff;\">B\u00fasqu<\/span><\/p>\n<p><span style=\"color: #ffffff;\">das asociadas: Tuber\u00eda Manguera de material pl\u00e1stico Manguera estructura Manguera flexible Manguera a prueba de abrasi\u00f3n Manguera de neopreno Manguera para agua Manguera reforzada Manguera con trenza met\u00e1lica Tuber\u00eda lisa Manguera de aspiraci\u00f3n Manguera para productos qu\u00edmicos Manguera lisa Manguera de PVC Manguera de acero Manguera alimentos Manguera para productos alimentarios Manguera de PUR Manguera hidr\u00e1ulica Manguera resistente al aceite mangueras MANGUERA HIDRAHULICA<\/span><\/p>\n<p>&nbsp;<\/p>\n","protected":false},"excerpt":{"rendered":"<h5 class=\"product__titles\">CARACTER\u00cdSTICAS Y BENEFICIOS<\/h5>\n<ul class=\"red-bullets\">\n<li>Una de las causas m\u00e1s comunes de las fugas hidr\u00e1ulicas es una tuerca o asiento de acoplamiento agrietado \u00a0debido a un exceso de torsi\u00f3n por parte de un trabajador. Gates ha dise\u00f1ado una soluci\u00f3n: la tecnolog\u00eda Full-Torque Nut \u2122 ahora est\u00e1 disponible en los acoplamientos Gates MegaCrimp y GlobalSpiral\u2122.<\/li>\n<li>Los acoplamientos MegaCrimp establecen un nuevo est\u00e1ndar para los acoplamientos hidr\u00e1ulicos. El exclusivo inserto en &#8220;C&#8221; garantiza un engarce conc\u00e9ntrico &#8220;sin goteo&#8221; para mantener limpios los equipos y el medio ambiente.<\/li>\n<\/ul>\n","protected":false},"featured_media":12048,"comment_status":"open","ping_status":"closed","template":"","meta":[],"product_brand":[],"product_cat":[33],"product_tag":[],"class_list":{"0":"post-12044","1":"product","2":"type-product","3":"status-publish","4":"has-post-thumbnail","6":"product_cat-acoples-hidraulicos","8":"first","9":"instock","10":"shipping-taxable","11":"product-type-simple"},"yoast_head":"<!-- This site is optimized with the Yoast SEO plugin v27.4 - https:\/\/yoast.com\/product\/yoast-seo-wordpress\/ -->\n<title>Acople MegaCrimp\u2122 Hembra R1\/R2 1\/4*1\/2JIC\u00a0(4G-5FJX) - Tiendas Industriales<\/title>\n<meta name=\"robots\" content=\"index, follow, max-snippet:-1, max-image-preview:large, max-video-preview:-1\" \/>\n<link rel=\"canonical\" href=\"https:\/\/www.tiendasindustriales.com\/store\/producto\/acople-megacrimp-hembra-r1-r2-1-41-2jic-4g-5fjx\/\" \/>\n<meta property=\"og:locale\" content=\"es_ES\" \/>\n<meta property=\"og:type\" content=\"article\" \/>\n<meta property=\"og:title\" content=\"Acople MegaCrimp\u2122 Hembra R1\/R2 1\/4*1\/2JIC\u00a0(4G-5FJX) - Tiendas Industriales\" \/>\n<meta property=\"og:description\" content=\"CARACTER\u00cdSTICAS Y BENEFICIOS   Una de las causas m\u00e1s comunes de las fugas hidr\u00e1ulicas es una tuerca o asiento de acoplamiento agrietado \u00a0debido a un exceso de torsi\u00f3n por parte de un trabajador. Gates ha dise\u00f1ado una soluci\u00f3n: la tecnolog\u00eda Full-Torque Nut \u2122 ahora est\u00e1 disponible en los acoplamientos Gates MegaCrimp y GlobalSpiral\u2122.  Los acoplamientos MegaCrimp establecen un nuevo est\u00e1ndar para los acoplamientos hidr\u00e1ulicos. El exclusivo inserto en &quot;C&quot; garantiza un engarce conc\u00e9ntrico &quot;sin goteo&quot; para mantener limpios los equipos y el medio ambiente.\" \/>\n<meta property=\"og:url\" content=\"https:\/\/www.tiendasindustriales.com\/store\/producto\/acople-megacrimp-hembra-r1-r2-1-41-2jic-4g-5fjx\/\" \/>\n<meta property=\"og:site_name\" content=\"Tiendas Industriales\" \/>\n<meta property=\"article:publisher\" content=\"https:\/\/www.facebook.com\/DiscorreasManguerasyEmpaques\/\" \/>\n<meta property=\"article:modified_time\" content=\"2025-06-01T00:59:45+00:00\" \/>\n<meta property=\"og:image\" content=\"https:\/\/www.tiendasindustriales.com\/store\/wp-content\/uploads\/2024\/08\/5FJX-1.jpg\" \/>\n\t<meta property=\"og:image:width\" content=\"2480\" \/>\n\t<meta property=\"og:image:height\" content=\"2474\" \/>\n\t<meta property=\"og:image:type\" content=\"image\/jpeg\" \/>\n<meta name=\"twitter:card\" content=\"summary_large_image\" \/>\n<meta name=\"twitter:label1\" content=\"Tiempo de lectura\" \/>\n\t<meta name=\"twitter:data1\" content=\"2 minutos\" \/>\n<script type=\"application\/ld+json\" class=\"yoast-schema-graph\">{\"@context\":\"https:\\\/\\\/schema.org\",\"@graph\":[{\"@type\":\"WebPage\",\"@id\":\"https:\\\/\\\/www.tiendasindustriales.com\\\/store\\\/producto\\\/acople-megacrimp-hembra-r1-r2-1-41-2jic-4g-5fjx\\\/\",\"url\":\"https:\\\/\\\/www.tiendasindustriales.com\\\/store\\\/producto\\\/acople-megacrimp-hembra-r1-r2-1-41-2jic-4g-5fjx\\\/\",\"name\":\"Acople MegaCrimp\u2122 Hembra R1\\\/R2 1\\\/4*1\\\/2JIC\u00a0(4G-5FJX) - Tiendas Industriales\",\"isPartOf\":{\"@id\":\"https:\\\/\\\/www.tiendasindustriales.com\\\/store\\\/#website\"},\"primaryImageOfPage\":{\"@id\":\"https:\\\/\\\/www.tiendasindustriales.com\\\/store\\\/producto\\\/acople-megacrimp-hembra-r1-r2-1-41-2jic-4g-5fjx\\\/#primaryimage\"},\"image\":{\"@id\":\"https:\\\/\\\/www.tiendasindustriales.com\\\/store\\\/producto\\\/acople-megacrimp-hembra-r1-r2-1-41-2jic-4g-5fjx\\\/#primaryimage\"},\"thumbnailUrl\":\"https:\\\/\\\/www.tiendasindustriales.com\\\/store\\\/wp-content\\\/uploads\\\/2024\\\/08\\\/5FJX-1.jpg\",\"datePublished\":\"2024-08-28T16:27:56+00:00\",\"dateModified\":\"2025-06-01T00:59:45+00:00\",\"breadcrumb\":{\"@id\":\"https:\\\/\\\/www.tiendasindustriales.com\\\/store\\\/producto\\\/acople-megacrimp-hembra-r1-r2-1-41-2jic-4g-5fjx\\\/#breadcrumb\"},\"inLanguage\":\"es\",\"potentialAction\":[{\"@type\":\"ReadAction\",\"target\":[\"https:\\\/\\\/www.tiendasindustriales.com\\\/store\\\/producto\\\/acople-megacrimp-hembra-r1-r2-1-41-2jic-4g-5fjx\\\/\"]}]},{\"@type\":\"ImageObject\",\"inLanguage\":\"es\",\"@id\":\"https:\\\/\\\/www.tiendasindustriales.com\\\/store\\\/producto\\\/acople-megacrimp-hembra-r1-r2-1-41-2jic-4g-5fjx\\\/#primaryimage\",\"url\":\"https:\\\/\\\/www.tiendasindustriales.com\\\/store\\\/wp-content\\\/uploads\\\/2024\\\/08\\\/5FJX-1.jpg\",\"contentUrl\":\"https:\\\/\\\/www.tiendasindustriales.com\\\/store\\\/wp-content\\\/uploads\\\/2024\\\/08\\\/5FJX-1.jpg\",\"width\":2480,\"height\":2474},{\"@type\":\"BreadcrumbList\",\"@id\":\"https:\\\/\\\/www.tiendasindustriales.com\\\/store\\\/producto\\\/acople-megacrimp-hembra-r1-r2-1-41-2jic-4g-5fjx\\\/#breadcrumb\",\"itemListElement\":[{\"@type\":\"ListItem\",\"position\":1,\"name\":\"Portada\",\"item\":\"https:\\\/\\\/www.tiendasindustriales.com\\\/store\\\/\"},{\"@type\":\"ListItem\",\"position\":2,\"name\":\"Tienda\",\"item\":\"https:\\\/\\\/www.tiendasindustriales.com\\\/store\\\/tienda\\\/\"},{\"@type\":\"ListItem\",\"position\":3,\"name\":\"Acople MegaCrimp\u2122 Hembra R1\\\/R2 1\\\/4*1\\\/2JIC\u00a0(4G-5FJX)\"}]},{\"@type\":\"WebSite\",\"@id\":\"https:\\\/\\\/www.tiendasindustriales.com\\\/store\\\/#website\",\"url\":\"https:\\\/\\\/www.tiendasindustriales.com\\\/store\\\/\",\"name\":\"Tiendas Industriales\",\"description\":\"Grupo Empresarial\",\"publisher\":{\"@id\":\"https:\\\/\\\/www.tiendasindustriales.com\\\/store\\\/#organization\"},\"potentialAction\":[{\"@type\":\"SearchAction\",\"target\":{\"@type\":\"EntryPoint\",\"urlTemplate\":\"https:\\\/\\\/www.tiendasindustriales.com\\\/store\\\/?s={search_term_string}\"},\"query-input\":{\"@type\":\"PropertyValueSpecification\",\"valueRequired\":true,\"valueName\":\"search_term_string\"}}],\"inLanguage\":\"es\"},{\"@type\":\"Organization\",\"@id\":\"https:\\\/\\\/www.tiendasindustriales.com\\\/store\\\/#organization\",\"name\":\"Tiendas Industriales Grupo Empresarial\",\"url\":\"https:\\\/\\\/www.tiendasindustriales.com\\\/store\\\/\",\"logo\":{\"@type\":\"ImageObject\",\"inLanguage\":\"es\",\"@id\":\"https:\\\/\\\/www.tiendasindustriales.com\\\/store\\\/#\\\/schema\\\/logo\\\/image\\\/\",\"url\":\"https:\\\/\\\/www.tiendasindustriales.com\\\/store\\\/wp-content\\\/uploads\\\/2022\\\/08\\\/Recurso-2logo-index.png\",\"contentUrl\":\"https:\\\/\\\/www.tiendasindustriales.com\\\/store\\\/wp-content\\\/uploads\\\/2022\\\/08\\\/Recurso-2logo-index.png\",\"width\":547,\"height\":219,\"caption\":\"Tiendas Industriales Grupo Empresarial\"},\"image\":{\"@id\":\"https:\\\/\\\/www.tiendasindustriales.com\\\/store\\\/#\\\/schema\\\/logo\\\/image\\\/\"},\"sameAs\":[\"https:\\\/\\\/www.facebook.com\\\/DiscorreasManguerasyEmpaques\\\/\",\"https:\\\/\\\/www.instagram.com\\\/tiendasindustriales\"]}]}<\/script>\n<!-- \/ Yoast SEO plugin. -->","yoast_head_json":{"title":"Acople MegaCrimp\u2122 Hembra R1\/R2 1\/4*1\/2JIC\u00a0(4G-5FJX) - Tiendas Industriales","robots":{"index":"index","follow":"follow","max-snippet":"max-snippet:-1","max-image-preview":"max-image-preview:large","max-video-preview":"max-video-preview:-1"},"canonical":"https:\/\/www.tiendasindustriales.com\/store\/producto\/acople-megacrimp-hembra-r1-r2-1-41-2jic-4g-5fjx\/","og_locale":"es_ES","og_type":"article","og_title":"Acople MegaCrimp\u2122 Hembra R1\/R2 1\/4*1\/2JIC\u00a0(4G-5FJX) - Tiendas Industriales","og_description":"CARACTER\u00cdSTICAS Y BENEFICIOS   Una de las causas m\u00e1s comunes de las fugas hidr\u00e1ulicas es una tuerca o asiento de acoplamiento agrietado \u00a0debido a un exceso de torsi\u00f3n por parte de un trabajador. Gates ha dise\u00f1ado una soluci\u00f3n: la tecnolog\u00eda Full-Torque Nut \u2122 ahora est\u00e1 disponible en los acoplamientos Gates MegaCrimp y GlobalSpiral\u2122.  Los acoplamientos MegaCrimp establecen un nuevo est\u00e1ndar para los acoplamientos hidr\u00e1ulicos. El exclusivo inserto en \"C\" garantiza un engarce conc\u00e9ntrico \"sin goteo\" para mantener limpios los equipos y el medio ambiente.","og_url":"https:\/\/www.tiendasindustriales.com\/store\/producto\/acople-megacrimp-hembra-r1-r2-1-41-2jic-4g-5fjx\/","og_site_name":"Tiendas Industriales","article_publisher":"https:\/\/www.facebook.com\/DiscorreasManguerasyEmpaques\/","article_modified_time":"2025-06-01T00:59:45+00:00","og_image":[{"width":2480,"height":2474,"url":"https:\/\/www.tiendasindustriales.com\/store\/wp-content\/uploads\/2024\/08\/5FJX-1.jpg","type":"image\/jpeg"}],"twitter_card":"summary_large_image","twitter_misc":{"Tiempo de lectura":"2 minutos"},"schema":{"@context":"https:\/\/schema.org","@graph":[{"@type":"WebPage","@id":"https:\/\/www.tiendasindustriales.com\/store\/producto\/acople-megacrimp-hembra-r1-r2-1-41-2jic-4g-5fjx\/","url":"https:\/\/www.tiendasindustriales.com\/store\/producto\/acople-megacrimp-hembra-r1-r2-1-41-2jic-4g-5fjx\/","name":"Acople MegaCrimp\u2122 Hembra R1\/R2 1\/4*1\/2JIC\u00a0(4G-5FJX) - Tiendas Industriales","isPartOf":{"@id":"https:\/\/www.tiendasindustriales.com\/store\/#website"},"primaryImageOfPage":{"@id":"https:\/\/www.tiendasindustriales.com\/store\/producto\/acople-megacrimp-hembra-r1-r2-1-41-2jic-4g-5fjx\/#primaryimage"},"image":{"@id":"https:\/\/www.tiendasindustriales.com\/store\/producto\/acople-megacrimp-hembra-r1-r2-1-41-2jic-4g-5fjx\/#primaryimage"},"thumbnailUrl":"https:\/\/www.tiendasindustriales.com\/store\/wp-content\/uploads\/2024\/08\/5FJX-1.jpg","datePublished":"2024-08-28T16:27:56+00:00","dateModified":"2025-06-01T00:59:45+00:00","breadcrumb":{"@id":"https:\/\/www.tiendasindustriales.com\/store\/producto\/acople-megacrimp-hembra-r1-r2-1-41-2jic-4g-5fjx\/#breadcrumb"},"inLanguage":"es","potentialAction":[{"@type":"ReadAction","target":["https:\/\/www.tiendasindustriales.com\/store\/producto\/acople-megacrimp-hembra-r1-r2-1-41-2jic-4g-5fjx\/"]}]},{"@type":"ImageObject","inLanguage":"es","@id":"https:\/\/www.tiendasindustriales.com\/store\/producto\/acople-megacrimp-hembra-r1-r2-1-41-2jic-4g-5fjx\/#primaryimage","url":"https:\/\/www.tiendasindustriales.com\/store\/wp-content\/uploads\/2024\/08\/5FJX-1.jpg","contentUrl":"https:\/\/www.tiendasindustriales.com\/store\/wp-content\/uploads\/2024\/08\/5FJX-1.jpg","width":2480,"height":2474},{"@type":"BreadcrumbList","@id":"https:\/\/www.tiendasindustriales.com\/store\/producto\/acople-megacrimp-hembra-r1-r2-1-41-2jic-4g-5fjx\/#breadcrumb","itemListElement":[{"@type":"ListItem","position":1,"name":"Portada","item":"https:\/\/www.tiendasindustriales.com\/store\/"},{"@type":"ListItem","position":2,"name":"Tienda","item":"https:\/\/www.tiendasindustriales.com\/store\/tienda\/"},{"@type":"ListItem","position":3,"name":"Acople MegaCrimp\u2122 Hembra R1\/R2 1\/4*1\/2JIC\u00a0(4G-5FJX)"}]},{"@type":"WebSite","@id":"https:\/\/www.tiendasindustriales.com\/store\/#website","url":"https:\/\/www.tiendasindustriales.com\/store\/","name":"Tiendas Industriales","description":"Grupo Empresarial","publisher":{"@id":"https:\/\/www.tiendasindustriales.com\/store\/#organization"},"potentialAction":[{"@type":"SearchAction","target":{"@type":"EntryPoint","urlTemplate":"https:\/\/www.tiendasindustriales.com\/store\/?s={search_term_string}"},"query-input":{"@type":"PropertyValueSpecification","valueRequired":true,"valueName":"search_term_string"}}],"inLanguage":"es"},{"@type":"Organization","@id":"https:\/\/www.tiendasindustriales.com\/store\/#organization","name":"Tiendas Industriales Grupo Empresarial","url":"https:\/\/www.tiendasindustriales.com\/store\/","logo":{"@type":"ImageObject","inLanguage":"es","@id":"https:\/\/www.tiendasindustriales.com\/store\/#\/schema\/logo\/image\/","url":"https:\/\/www.tiendasindustriales.com\/store\/wp-content\/uploads\/2022\/08\/Recurso-2logo-index.png","contentUrl":"https:\/\/www.tiendasindustriales.com\/store\/wp-content\/uploads\/2022\/08\/Recurso-2logo-index.png","width":547,"height":219,"caption":"Tiendas Industriales Grupo Empresarial"},"image":{"@id":"https:\/\/www.tiendasindustriales.com\/store\/#\/schema\/logo\/image\/"},"sameAs":["https:\/\/www.facebook.com\/DiscorreasManguerasyEmpaques\/","https:\/\/www.instagram.com\/tiendasindustriales"]}]}},"_links":{"self":[{"href":"https:\/\/www.tiendasindustriales.com\/store\/wp-json\/wp\/v2\/product\/12044","targetHints":{"allow":["GET"]}}],"collection":[{"href":"https:\/\/www.tiendasindustriales.com\/store\/wp-json\/wp\/v2\/product"}],"about":[{"href":"https:\/\/www.tiendasindustriales.com\/store\/wp-json\/wp\/v2\/types\/product"}],"replies":[{"embeddable":true,"href":"https:\/\/www.tiendasindustriales.com\/store\/wp-json\/wp\/v2\/comments?post=12044"}],"wp:featuredmedia":[{"embeddable":true,"href":"https:\/\/www.tiendasindustriales.com\/store\/wp-json\/wp\/v2\/media\/12048"}],"wp:attachment":[{"href":"https:\/\/www.tiendasindustriales.com\/store\/wp-json\/wp\/v2\/media?parent=12044"}],"wp:term":[{"taxonomy":"product_brand","embeddable":true,"href":"https:\/\/www.tiendasindustriales.com\/store\/wp-json\/wp\/v2\/product_brand?post=12044"},{"taxonomy":"product_cat","embeddable":true,"href":"https:\/\/www.tiendasindustriales.com\/store\/wp-json\/wp\/v2\/product_cat?post=12044"},{"taxonomy":"product_tag","embeddable":true,"href":"https:\/\/www.tiendasindustriales.com\/store\/wp-json\/wp\/v2\/product_tag?post=12044"}],"curies":[{"name":"wp","href":"https:\/\/api.w.org\/{rel}","templated":true}]}}