{"id":12028,"date":"2024-08-20T17:11:54","date_gmt":"2024-08-20T21:11:54","guid":{"rendered":"https:\/\/www.tiendasindustriales.com\/store\/?post_type=product&#038;p=12028"},"modified":"2024-08-20T17:13:39","modified_gmt":"2024-08-20T21:13:39","slug":"manguera-para-quimicos-1-1-2-200psi-chem-master-plus-formerly-mustang","status":"publish","type":"product","link":"https:\/\/www.tiendasindustriales.com\/store\/producto\/manguera-para-quimicos-1-1-2-200psi-chem-master-plus-formerly-mustang\/","title":{"rendered":"Manguera Para Qu\u00edmicos 1-1\/2&#8243; 200PSI Chem Master\u2122 Plus Formerly &#8211; Mustang\u2122"},"content":{"rendered":"<div class=\"aem-Grid aem-Grid--12 aem-Grid--default--12 \">\n<div class=\"column-container responsivegrid bg-none aem-GridColumn aem-GridColumn--default--12\">\n<div class=\"container-fluid bg-none bg-container\" data-emptytext=\"Edit Container\">\n<div class=\"row\">\n<div class=\"col col-sm-12\">\n<div class=\"aem-Grid aem-Grid--12 aem-Grid--default--12 \">\n<div class=\"search-results aem-GridColumn aem-GridColumn--default--12\">\n<div class=\"variant-product\">\n<div id=\"product-tabs\" class=\"js-tabs--pdp product-tabs gor-tabs\">\n<div id=\"product-specifications\" class=\"tabs-content tab-container tab-container--parts tab-pane active\">\n<div id=\"product-specifications__content\" class=\"accordion-content--pdp collapse\" role=\"tabpanel\">\n<div class=\"accordion-content__wrapper\">\n<div class=\"c-table__row nested-accordion__content nested-accordion__content--level1 accordion-content gor-transitioning gor-active auto-height\" role=\"tabpanel\" aria-expanded=\"false\">\n<p class=\"product__info\">Chem Master\u2122 Plus XLPE contiene una espiral de alambre para una capacidad de succi\u00f3n total, as\u00ed como para enrutar mangueras a trav\u00e9s de curvas cerradas. Su stock de tubos de polietileno reticulado modificado es el &#8220;mejor en su clase&#8221; para mantener un sello herm\u00e9tico con accesorios de acero inoxidable y est\u00e1 dise\u00f1ado para limpieza con vapor de 50 PSI &#8220;de extremo abierto&#8221; o en un ba\u00f1o que contenga 10 % (NaOH) a +212 \u00b0F (+100 \u00b0C). Se pueden utilizar m\u00e9todos de limpieza en el lugar (CIP). Las aplicaciones incluyen m\u00e1s de 950 productos qu\u00edmicos b\u00e1sicos que son los componentes b\u00e1sicos de numerosos productos qu\u00edmicos utilizados en una variedad de industrias.<\/p>\n<p><strong>PRECAUCI\u00d3N:<\/strong> Para aplicaciones que requieran m\u00e1s del 90 % de \u00e1cido sulf\u00farico, comun\u00edquese con el comercial de la marca.\u00a0 Chem Master\u2122 Plus est\u00e1 dise\u00f1ado para soportar temperaturas de fluido de hasta +250 \u00b0F (+121 \u00b0C); sin embargo, la clasificaci\u00f3n depende del producto qu\u00edmico espec\u00edfico transportado. Para cualquier producto qu\u00edmico por encima de +125 \u00b0F (+52 \u00b0C). No se recomienda para limpieza con &#8220;vapor cerrado&#8221;.<\/p>\n<ul class=\"red-bullets\">\n<li>Para aplicaciones que requieran m\u00e1s del 90 % de \u00e1cido sulf\u00farico, comun\u00edquese con el representante de la marca.<\/li>\n<li>Cubiertas de colores adicionales disponibles bajo pedido especial.<\/li>\n<li>Consulte la tabla de resistencia qu\u00edmica de Reference Gates para la selecci\u00f3n adecuada de la manguera.<\/li>\n<li>Chem Master\u2122 Plus XLPE CR contiene una h\u00e9lice de monofilamento que brinda capacidad de succi\u00f3n y resistencia al aplastamiento, as\u00ed como para enrutar mangueras a trav\u00e9s de curvas cerradas.<\/li>\n<\/ul>\n<\/div>\n<div class=\"c-table__row nested-accordion__content nested-accordion__content--level1 accordion-content gor-transitioning gor-active auto-height\" role=\"tabpanel\" aria-expanded=\"false\">\n<table class=\"table c-table c-table--split\" style=\"height: 283px;\" width=\"768\">\n<tbody>\n<tr>\n<th>Color<\/th>\n<td>Negro<\/td>\n<\/tr>\n<tr>\n<th>Cubrir<\/th>\n<td>EPDM &#8211; Tipo P<\/td>\n<\/tr>\n<tr>\n<th>Reforzamiento<\/th>\n<td>Tejido sint\u00e9tico multicapa, doble h\u00e9lice de alambre<\/td>\n<\/tr>\n<tr>\n<th>Tubo<\/th>\n<td>Polietileno reticulado modificado con Gatron &#8211; Tipo K<\/td>\n<\/tr>\n<tr>\n<th>Construcci\u00f3n: Cubierta<\/th>\n<td>EPDM &#8211; Tipo P<\/td>\n<\/tr>\n<tr>\n<th>Construcci\u00f3n: Factor de dise\u00f1o<\/th>\n<td>4:1<\/td>\n<\/tr>\n<tr>\n<th>Construcci\u00f3n: Refuerzo<\/th>\n<td>Tejido sint\u00e9tico multicapa, doble h\u00e9lice de alambre<\/td>\n<\/tr>\n<tr>\n<th>Construcci\u00f3n: Tubo<\/th>\n<td>Polietileno reticulado modificado con Gatron, tipo K. Color tostado. Resistente a productos qu\u00edmicos.<\/td>\n<\/tr>\n<\/tbody>\n<\/table>\n<p>&nbsp;<\/p>\n<table class=\"table c-table c-table--split\">\n<tbody>\n<tr>\n<th>Product #<\/th>\n<td>46950005<\/td>\n<\/tr>\n<tr>\n<th>Description<\/th>\n<td>1-1\/2X100 CHEM MASTER PLUS XLPE BLACK 200SD<\/td>\n<\/tr>\n<tr>\n<th>UPC<\/th>\n<td>072053650549<\/td>\n<\/tr>\n<tr>\n<th>Vacuum (In. Hg)<\/th>\n<td>30<\/td>\n<\/tr>\n<tr>\n<th>Continuous Operating Temperature Range<\/th>\n<td>-40\u00b0F to +250\u00b0F<\/td>\n<\/tr>\n<tr>\n<th>Minimum Bend Radius (in)<\/th>\n<td>8<\/td>\n<\/tr>\n<tr>\n<th>Minimum Bend Radius (mm)<\/th>\n<td>203<\/td>\n<\/tr>\n<tr>\n<th>Hose Inside Diameter (in).<\/th>\n<td>1.5<\/td>\n<\/tr>\n<tr>\n<th>Hose Inside Diameter (mm)<\/th>\n<td>38.1<\/td>\n<\/tr>\n<tr>\n<th>Hose Outside Diameter (in)<\/th>\n<td>2.04<\/td>\n<\/tr>\n<tr>\n<th>Hose Outside Diameter (mm)<\/th>\n<td>51.8<\/td>\n<\/tr>\n<tr>\n<th>Inside Diameter (in)<\/th>\n<td>1.50<\/td>\n<\/tr>\n<tr>\n<th>Inside Diameter (mm)<\/th>\n<td>38.1<\/td>\n<\/tr>\n<tr>\n<th>Temperature Range<\/th>\n<td>-40\u00b0F to +250\u00b0F (-40\u00b0C to +121\u00b0C)<\/td>\n<\/tr>\n<tr>\n<th>Working Pressure (psi)<\/th>\n<td>200<\/td>\n<\/tr>\n<tr>\n<th>Outside Diameter (in)<\/th>\n<td>2.04<\/td>\n<\/tr>\n<tr>\n<th>Outside Diameter (mm)<\/th>\n<td>38.1<\/td>\n<\/tr>\n<\/tbody>\n<\/table>\n<\/div>\n<\/div>\n<\/div>\n<\/div>\n<\/div>\n<\/div>\n<\/div>\n<\/div>\n<\/div>\n<\/div>\n<\/div>\n<\/div>\n<\/div>\n<p class=\"product__info\"><a href=\"https:\/\/www.tiendasindustriales.com\/store\/wp-content\/uploads\/2024\/08\/TD-Chem-Master\u2122-Plus-XLPE-200SD.pdf\" target=\"_blank\" rel=\"noopener\"><img decoding=\"async\" class=\" wd-lazy-fade alignleft wp-image-9834\" title=\"FICHA T\u00c9CNICA\" src=\"https:\/\/www.tiendasindustriales.com\/store\/wp-content\/themes\/woodmart\/images\/lazy.svg\" data-src=\"https:\/\/www.ventaalinstante.com\/wp-content\/uploads\/2023\/08\/PDF_file_icon.svg-244x300.png\" alt=\"\" width=\"43\" height=\"53\" \/><\/a><\/p>\n<p><span style=\"color: #ffffff;\">B\u00fasqu<\/span><\/p>\n<p><span style=\"color: #ffffff;\">das asociadas: Tuber\u00eda Manguera de material pl\u00e1stico Manguera estructura Manguera flexible Manguera a prueba de abrasi\u00f3n Manguera de neopreno Manguera para agua Manguera reforzada Manguera con trenza met\u00e1lica Tuber\u00eda lisa Manguera de aspiraci\u00f3n Manguera para productos qu\u00edmicos Manguera lisa Manguera de PVC Manguera de acero Manguera alimentos Manguera para productos alimentarios Manguera de PUR Manguera hidr\u00e1ulica Manguera resistente al aceite mangueras MANGUERA HIDRAHULICA<\/span><\/p>\n<p>&nbsp;<\/p>\n","protected":false},"excerpt":{"rendered":"<p>RECOMENDADO PARA: Transferencia de una variedad de productos qu\u00edmicos en camiones cisterna, barcazas, barcos o tanques de almacenamiento.<\/p>\n<ul class=\"red-bullets\">\n<li>Tubo: Tipo K (Polietileno reticulado modificado Gatron\u2122).<\/li>\n<li>Refuerzo: Cord\u00f3n textil sint\u00e9tico de alta resistencia con h\u00e9lice de alambre de acero.<\/li>\n<li>Tapa: Tipo P (EPDM). Corrugada negra o verde con franja naranja.<\/li>\n<li>Factor de dise\u00f1o: 4:1.<\/li>\n<\/ul>\n","protected":false},"featured_media":12019,"comment_status":"open","ping_status":"closed","template":"","meta":[],"product_brand":[],"product_cat":[42],"product_tag":[],"class_list":{"0":"post-12028","1":"product","2":"type-product","3":"status-publish","4":"has-post-thumbnail","6":"product_cat-mangueras-industriales","8":"first","9":"instock","10":"shipping-taxable","11":"product-type-simple"},"yoast_head":"<!-- This site is optimized with the Yoast SEO plugin v27.4 - https:\/\/yoast.com\/product\/yoast-seo-wordpress\/ -->\n<title>Manguera Para Qu\u00edmicos 1-1\/2&quot; 200PSI Chem Master\u2122 Plus Formerly - Mustang\u2122 - Tiendas Industriales<\/title>\n<meta name=\"robots\" content=\"index, follow, max-snippet:-1, max-image-preview:large, max-video-preview:-1\" \/>\n<link rel=\"canonical\" href=\"https:\/\/www.tiendasindustriales.com\/store\/producto\/manguera-para-quimicos-1-1-2-200psi-chem-master-plus-formerly-mustang\/\" \/>\n<meta property=\"og:locale\" content=\"es_ES\" \/>\n<meta property=\"og:type\" content=\"article\" \/>\n<meta property=\"og:title\" content=\"Manguera Para Qu\u00edmicos 1-1\/2&quot; 200PSI Chem Master\u2122 Plus Formerly - Mustang\u2122 - Tiendas Industriales\" \/>\n<meta property=\"og:description\" content=\"RECOMENDADO PARA: Transferencia de una variedad de productos qu\u00edmicos en camiones cisterna, barcazas, barcos o tanques de almacenamiento.   Tubo: Tipo K (Polietileno reticulado modificado Gatron\u2122).  Refuerzo: Cord\u00f3n textil sint\u00e9tico de alta resistencia con h\u00e9lice de alambre de acero.  Tapa: Tipo P (EPDM). Corrugada negra o verde con franja naranja.  Factor de dise\u00f1o: 4:1.\" \/>\n<meta property=\"og:url\" content=\"https:\/\/www.tiendasindustriales.com\/store\/producto\/manguera-para-quimicos-1-1-2-200psi-chem-master-plus-formerly-mustang\/\" \/>\n<meta property=\"og:site_name\" content=\"Tiendas Industriales\" \/>\n<meta property=\"article:publisher\" content=\"https:\/\/www.facebook.com\/DiscorreasManguerasyEmpaques\/\" \/>\n<meta property=\"article:modified_time\" content=\"2024-08-20T21:13:39+00:00\" \/>\n<meta property=\"og:image\" content=\"https:\/\/www.tiendasindustriales.com\/store\/wp-content\/uploads\/2024\/08\/CHEM-MASTER.jpg\" \/>\n\t<meta property=\"og:image:width\" content=\"2480\" \/>\n\t<meta property=\"og:image:height\" content=\"2474\" \/>\n\t<meta property=\"og:image:type\" content=\"image\/jpeg\" \/>\n<meta name=\"twitter:card\" content=\"summary_large_image\" \/>\n<meta name=\"twitter:label1\" content=\"Tiempo de lectura\" \/>\n\t<meta name=\"twitter:data1\" content=\"3 minutos\" \/>\n<script type=\"application\/ld+json\" class=\"yoast-schema-graph\">{\"@context\":\"https:\\\/\\\/schema.org\",\"@graph\":[{\"@type\":\"WebPage\",\"@id\":\"https:\\\/\\\/www.tiendasindustriales.com\\\/store\\\/producto\\\/manguera-para-quimicos-1-1-2-200psi-chem-master-plus-formerly-mustang\\\/\",\"url\":\"https:\\\/\\\/www.tiendasindustriales.com\\\/store\\\/producto\\\/manguera-para-quimicos-1-1-2-200psi-chem-master-plus-formerly-mustang\\\/\",\"name\":\"Manguera Para Qu\u00edmicos 1-1\\\/2\\\" 200PSI Chem Master\u2122 Plus Formerly - Mustang\u2122 - Tiendas Industriales\",\"isPartOf\":{\"@id\":\"https:\\\/\\\/www.tiendasindustriales.com\\\/store\\\/#website\"},\"primaryImageOfPage\":{\"@id\":\"https:\\\/\\\/www.tiendasindustriales.com\\\/store\\\/producto\\\/manguera-para-quimicos-1-1-2-200psi-chem-master-plus-formerly-mustang\\\/#primaryimage\"},\"image\":{\"@id\":\"https:\\\/\\\/www.tiendasindustriales.com\\\/store\\\/producto\\\/manguera-para-quimicos-1-1-2-200psi-chem-master-plus-formerly-mustang\\\/#primaryimage\"},\"thumbnailUrl\":\"https:\\\/\\\/www.tiendasindustriales.com\\\/store\\\/wp-content\\\/uploads\\\/2024\\\/08\\\/CHEM-MASTER.jpg\",\"datePublished\":\"2024-08-20T21:11:54+00:00\",\"dateModified\":\"2024-08-20T21:13:39+00:00\",\"breadcrumb\":{\"@id\":\"https:\\\/\\\/www.tiendasindustriales.com\\\/store\\\/producto\\\/manguera-para-quimicos-1-1-2-200psi-chem-master-plus-formerly-mustang\\\/#breadcrumb\"},\"inLanguage\":\"es\",\"potentialAction\":[{\"@type\":\"ReadAction\",\"target\":[\"https:\\\/\\\/www.tiendasindustriales.com\\\/store\\\/producto\\\/manguera-para-quimicos-1-1-2-200psi-chem-master-plus-formerly-mustang\\\/\"]}]},{\"@type\":\"ImageObject\",\"inLanguage\":\"es\",\"@id\":\"https:\\\/\\\/www.tiendasindustriales.com\\\/store\\\/producto\\\/manguera-para-quimicos-1-1-2-200psi-chem-master-plus-formerly-mustang\\\/#primaryimage\",\"url\":\"https:\\\/\\\/www.tiendasindustriales.com\\\/store\\\/wp-content\\\/uploads\\\/2024\\\/08\\\/CHEM-MASTER.jpg\",\"contentUrl\":\"https:\\\/\\\/www.tiendasindustriales.com\\\/store\\\/wp-content\\\/uploads\\\/2024\\\/08\\\/CHEM-MASTER.jpg\",\"width\":2480,\"height\":2474},{\"@type\":\"BreadcrumbList\",\"@id\":\"https:\\\/\\\/www.tiendasindustriales.com\\\/store\\\/producto\\\/manguera-para-quimicos-1-1-2-200psi-chem-master-plus-formerly-mustang\\\/#breadcrumb\",\"itemListElement\":[{\"@type\":\"ListItem\",\"position\":1,\"name\":\"Portada\",\"item\":\"https:\\\/\\\/www.tiendasindustriales.com\\\/store\\\/\"},{\"@type\":\"ListItem\",\"position\":2,\"name\":\"Tienda\",\"item\":\"https:\\\/\\\/www.tiendasindustriales.com\\\/store\\\/tienda\\\/\"},{\"@type\":\"ListItem\",\"position\":3,\"name\":\"Manguera Para Qu\u00edmicos 1-1\\\/2&#8243; 200PSI Chem Master\u2122 Plus Formerly &#8211; Mustang\u2122\"}]},{\"@type\":\"WebSite\",\"@id\":\"https:\\\/\\\/www.tiendasindustriales.com\\\/store\\\/#website\",\"url\":\"https:\\\/\\\/www.tiendasindustriales.com\\\/store\\\/\",\"name\":\"Tiendas Industriales\",\"description\":\"Grupo Empresarial\",\"publisher\":{\"@id\":\"https:\\\/\\\/www.tiendasindustriales.com\\\/store\\\/#organization\"},\"potentialAction\":[{\"@type\":\"SearchAction\",\"target\":{\"@type\":\"EntryPoint\",\"urlTemplate\":\"https:\\\/\\\/www.tiendasindustriales.com\\\/store\\\/?s={search_term_string}\"},\"query-input\":{\"@type\":\"PropertyValueSpecification\",\"valueRequired\":true,\"valueName\":\"search_term_string\"}}],\"inLanguage\":\"es\"},{\"@type\":\"Organization\",\"@id\":\"https:\\\/\\\/www.tiendasindustriales.com\\\/store\\\/#organization\",\"name\":\"Tiendas Industriales Grupo Empresarial\",\"url\":\"https:\\\/\\\/www.tiendasindustriales.com\\\/store\\\/\",\"logo\":{\"@type\":\"ImageObject\",\"inLanguage\":\"es\",\"@id\":\"https:\\\/\\\/www.tiendasindustriales.com\\\/store\\\/#\\\/schema\\\/logo\\\/image\\\/\",\"url\":\"https:\\\/\\\/www.tiendasindustriales.com\\\/store\\\/wp-content\\\/uploads\\\/2022\\\/08\\\/Recurso-2logo-index.png\",\"contentUrl\":\"https:\\\/\\\/www.tiendasindustriales.com\\\/store\\\/wp-content\\\/uploads\\\/2022\\\/08\\\/Recurso-2logo-index.png\",\"width\":547,\"height\":219,\"caption\":\"Tiendas Industriales Grupo Empresarial\"},\"image\":{\"@id\":\"https:\\\/\\\/www.tiendasindustriales.com\\\/store\\\/#\\\/schema\\\/logo\\\/image\\\/\"},\"sameAs\":[\"https:\\\/\\\/www.facebook.com\\\/DiscorreasManguerasyEmpaques\\\/\",\"https:\\\/\\\/www.instagram.com\\\/tiendasindustriales\"]}]}<\/script>\n<!-- \/ Yoast SEO plugin. -->","yoast_head_json":{"title":"Manguera Para Qu\u00edmicos 1-1\/2\" 200PSI Chem Master\u2122 Plus Formerly - Mustang\u2122 - Tiendas Industriales","robots":{"index":"index","follow":"follow","max-snippet":"max-snippet:-1","max-image-preview":"max-image-preview:large","max-video-preview":"max-video-preview:-1"},"canonical":"https:\/\/www.tiendasindustriales.com\/store\/producto\/manguera-para-quimicos-1-1-2-200psi-chem-master-plus-formerly-mustang\/","og_locale":"es_ES","og_type":"article","og_title":"Manguera Para Qu\u00edmicos 1-1\/2\" 200PSI Chem Master\u2122 Plus Formerly - Mustang\u2122 - Tiendas Industriales","og_description":"RECOMENDADO PARA: Transferencia de una variedad de productos qu\u00edmicos en camiones cisterna, barcazas, barcos o tanques de almacenamiento.   Tubo: Tipo K (Polietileno reticulado modificado Gatron\u2122).  Refuerzo: Cord\u00f3n textil sint\u00e9tico de alta resistencia con h\u00e9lice de alambre de acero.  Tapa: Tipo P (EPDM). Corrugada negra o verde con franja naranja.  Factor de dise\u00f1o: 4:1.","og_url":"https:\/\/www.tiendasindustriales.com\/store\/producto\/manguera-para-quimicos-1-1-2-200psi-chem-master-plus-formerly-mustang\/","og_site_name":"Tiendas Industriales","article_publisher":"https:\/\/www.facebook.com\/DiscorreasManguerasyEmpaques\/","article_modified_time":"2024-08-20T21:13:39+00:00","og_image":[{"width":2480,"height":2474,"url":"https:\/\/www.tiendasindustriales.com\/store\/wp-content\/uploads\/2024\/08\/CHEM-MASTER.jpg","type":"image\/jpeg"}],"twitter_card":"summary_large_image","twitter_misc":{"Tiempo de lectura":"3 minutos"},"schema":{"@context":"https:\/\/schema.org","@graph":[{"@type":"WebPage","@id":"https:\/\/www.tiendasindustriales.com\/store\/producto\/manguera-para-quimicos-1-1-2-200psi-chem-master-plus-formerly-mustang\/","url":"https:\/\/www.tiendasindustriales.com\/store\/producto\/manguera-para-quimicos-1-1-2-200psi-chem-master-plus-formerly-mustang\/","name":"Manguera Para Qu\u00edmicos 1-1\/2\" 200PSI Chem Master\u2122 Plus Formerly - Mustang\u2122 - Tiendas Industriales","isPartOf":{"@id":"https:\/\/www.tiendasindustriales.com\/store\/#website"},"primaryImageOfPage":{"@id":"https:\/\/www.tiendasindustriales.com\/store\/producto\/manguera-para-quimicos-1-1-2-200psi-chem-master-plus-formerly-mustang\/#primaryimage"},"image":{"@id":"https:\/\/www.tiendasindustriales.com\/store\/producto\/manguera-para-quimicos-1-1-2-200psi-chem-master-plus-formerly-mustang\/#primaryimage"},"thumbnailUrl":"https:\/\/www.tiendasindustriales.com\/store\/wp-content\/uploads\/2024\/08\/CHEM-MASTER.jpg","datePublished":"2024-08-20T21:11:54+00:00","dateModified":"2024-08-20T21:13:39+00:00","breadcrumb":{"@id":"https:\/\/www.tiendasindustriales.com\/store\/producto\/manguera-para-quimicos-1-1-2-200psi-chem-master-plus-formerly-mustang\/#breadcrumb"},"inLanguage":"es","potentialAction":[{"@type":"ReadAction","target":["https:\/\/www.tiendasindustriales.com\/store\/producto\/manguera-para-quimicos-1-1-2-200psi-chem-master-plus-formerly-mustang\/"]}]},{"@type":"ImageObject","inLanguage":"es","@id":"https:\/\/www.tiendasindustriales.com\/store\/producto\/manguera-para-quimicos-1-1-2-200psi-chem-master-plus-formerly-mustang\/#primaryimage","url":"https:\/\/www.tiendasindustriales.com\/store\/wp-content\/uploads\/2024\/08\/CHEM-MASTER.jpg","contentUrl":"https:\/\/www.tiendasindustriales.com\/store\/wp-content\/uploads\/2024\/08\/CHEM-MASTER.jpg","width":2480,"height":2474},{"@type":"BreadcrumbList","@id":"https:\/\/www.tiendasindustriales.com\/store\/producto\/manguera-para-quimicos-1-1-2-200psi-chem-master-plus-formerly-mustang\/#breadcrumb","itemListElement":[{"@type":"ListItem","position":1,"name":"Portada","item":"https:\/\/www.tiendasindustriales.com\/store\/"},{"@type":"ListItem","position":2,"name":"Tienda","item":"https:\/\/www.tiendasindustriales.com\/store\/tienda\/"},{"@type":"ListItem","position":3,"name":"Manguera Para Qu\u00edmicos 1-1\/2&#8243; 200PSI Chem Master\u2122 Plus Formerly &#8211; Mustang\u2122"}]},{"@type":"WebSite","@id":"https:\/\/www.tiendasindustriales.com\/store\/#website","url":"https:\/\/www.tiendasindustriales.com\/store\/","name":"Tiendas Industriales","description":"Grupo Empresarial","publisher":{"@id":"https:\/\/www.tiendasindustriales.com\/store\/#organization"},"potentialAction":[{"@type":"SearchAction","target":{"@type":"EntryPoint","urlTemplate":"https:\/\/www.tiendasindustriales.com\/store\/?s={search_term_string}"},"query-input":{"@type":"PropertyValueSpecification","valueRequired":true,"valueName":"search_term_string"}}],"inLanguage":"es"},{"@type":"Organization","@id":"https:\/\/www.tiendasindustriales.com\/store\/#organization","name":"Tiendas Industriales Grupo Empresarial","url":"https:\/\/www.tiendasindustriales.com\/store\/","logo":{"@type":"ImageObject","inLanguage":"es","@id":"https:\/\/www.tiendasindustriales.com\/store\/#\/schema\/logo\/image\/","url":"https:\/\/www.tiendasindustriales.com\/store\/wp-content\/uploads\/2022\/08\/Recurso-2logo-index.png","contentUrl":"https:\/\/www.tiendasindustriales.com\/store\/wp-content\/uploads\/2022\/08\/Recurso-2logo-index.png","width":547,"height":219,"caption":"Tiendas Industriales Grupo Empresarial"},"image":{"@id":"https:\/\/www.tiendasindustriales.com\/store\/#\/schema\/logo\/image\/"},"sameAs":["https:\/\/www.facebook.com\/DiscorreasManguerasyEmpaques\/","https:\/\/www.instagram.com\/tiendasindustriales"]}]}},"_links":{"self":[{"href":"https:\/\/www.tiendasindustriales.com\/store\/wp-json\/wp\/v2\/product\/12028","targetHints":{"allow":["GET"]}}],"collection":[{"href":"https:\/\/www.tiendasindustriales.com\/store\/wp-json\/wp\/v2\/product"}],"about":[{"href":"https:\/\/www.tiendasindustriales.com\/store\/wp-json\/wp\/v2\/types\/product"}],"replies":[{"embeddable":true,"href":"https:\/\/www.tiendasindustriales.com\/store\/wp-json\/wp\/v2\/comments?post=12028"}],"wp:featuredmedia":[{"embeddable":true,"href":"https:\/\/www.tiendasindustriales.com\/store\/wp-json\/wp\/v2\/media\/12019"}],"wp:attachment":[{"href":"https:\/\/www.tiendasindustriales.com\/store\/wp-json\/wp\/v2\/media?parent=12028"}],"wp:term":[{"taxonomy":"product_brand","embeddable":true,"href":"https:\/\/www.tiendasindustriales.com\/store\/wp-json\/wp\/v2\/product_brand?post=12028"},{"taxonomy":"product_cat","embeddable":true,"href":"https:\/\/www.tiendasindustriales.com\/store\/wp-json\/wp\/v2\/product_cat?post=12028"},{"taxonomy":"product_tag","embeddable":true,"href":"https:\/\/www.tiendasindustriales.com\/store\/wp-json\/wp\/v2\/product_tag?post=12028"}],"curies":[{"name":"wp","href":"https:\/\/api.w.org\/{rel}","templated":true}]}}