{"id":11997,"date":"2024-08-14T11:15:16","date_gmt":"2024-08-14T15:15:16","guid":{"rendered":"https:\/\/www.tiendasindustriales.com\/store\/?post_type=product&#038;p=11997"},"modified":"2024-08-20T16:37:17","modified_gmt":"2024-08-20T20:37:17","slug":"manguera-industrial-para-vapor-1-2-plant-master-steam-250-smooth-cover-2","status":"publish","type":"product","link":"https:\/\/www.tiendasindustriales.com\/store\/producto\/manguera-industrial-para-vapor-1-2-plant-master-steam-250-smooth-cover-2\/","title":{"rendered":"Manguera Industrial Para Vapor 1\/2&#8243; Plant Master\u2122 Steam 250"},"content":{"rendered":"<p class=\"product__info\"><strong>RECOMENDADO PARA:<\/strong> Todo tipo de vapor, saturado y sobrecalentado, hasta 250 PSI y +450 \u00b0F (+232 \u00b0C).<\/p>\n<ul class=\"red-bullets\">\n<li>PRECAUCI\u00d3N: No alterne el uso de vapor y agua. Cuando se requiera continuidad el\u00e9ctrica, conecte a tierra el trenzado de cables de la manguera a los acoplamientos con grapas de aluminio, cobre o acero inoxidable.<\/li>\n<\/ul>\n<table class=\"table c-table c-table--split\" style=\"height: 243px;\" width=\"776\">\n<tbody>\n<tr>\n<th>Color<\/th>\n<td>Roja<\/td>\n<\/tr>\n<tr>\n<th>Cubrir<\/th>\n<td>EPDM &#8211; Tipo P2<\/td>\n<\/tr>\n<tr>\n<th>Reforzamiento<\/th>\n<td>Alambre de acero trenzado<\/td>\n<\/tr>\n<tr>\n<th>Tubo<\/th>\n<td>EPDM &#8211; Tipo P2<\/td>\n<\/tr>\n<tr>\n<th>Construcci\u00f3n: Cubierta<\/th>\n<td>EPDM &#8211; Tipo P2<\/td>\n<\/tr>\n<tr>\n<th>Construcci\u00f3n: Factor de dise\u00f1o<\/th>\n<td>10:1<\/td>\n<\/tr>\n<tr>\n<th>Construcci\u00f3n: Refuerzo<\/th>\n<td>Alambre de acero trenzado<\/td>\n<\/tr>\n<tr>\n<th>Construcci\u00f3n: Tubo<\/th>\n<td>EPDM &#8211; Tipo P2. Color negro. Resistencia limitada al aceite.<\/td>\n<\/tr>\n<\/tbody>\n<\/table>\n<div><\/div>\n<div class=\"product-selected__resources\">\n<table class=\"table c-table c-table--split\" style=\"height: 437px;\" width=\"777\">\n<tbody>\n<tr>\n<th>Parte #<\/th>\n<td>1\/2X500 PLANTA DE VAPOR 250 ENVOLTURAS<\/td>\n<\/tr>\n<tr>\n<th>Producto #<\/th>\n<td>3602-1052<\/td>\n<\/tr>\n<tr>\n<th>Descripci\u00f3n<\/th>\n<td>CUBIERTA LISA PLANT MASTER STEAM 250 DE 1\/2 X 50 PIES<\/td>\n<\/tr>\n<tr>\n<th>Vac\u00edo (pulg. Hg)<\/th>\n<td>20<\/td>\n<\/tr>\n<tr>\n<th>Radio de curvatura m\u00ednimo (pulg.)<\/th>\n<td>7<\/td>\n<\/tr>\n<tr>\n<th>Radio de curvatura m\u00ednimo (mm)<\/th>\n<td>178<\/td>\n<\/tr>\n<tr>\n<th>Di\u00e1metro interior (pulg.)<\/th>\n<td>0,50<\/td>\n<\/tr>\n<tr>\n<th>Di\u00e1metro interior (mm)<\/th>\n<td>12.7<\/td>\n<\/tr>\n<tr>\n<th>Rango de temperatura<\/th>\n<td>-40 \u00b0F a +450 \u00b0F (-40 \u00b0C a +232 \u00b0C)<\/td>\n<\/tr>\n<tr>\n<th>Presi\u00f3n de trabajo (psi)<\/th>\n<td>250<\/td>\n<\/tr>\n<tr>\n<th>Di\u00e1metro exterior (pulg.)<\/th>\n<td>1.02<\/td>\n<\/tr>\n<tr>\n<th>Di\u00e1metro exterior (mm)<\/th>\n<td>12.7<\/td>\n<\/tr>\n<\/tbody>\n<\/table>\n<\/div>\n<p>&nbsp;<\/p>\n<p class=\"product__info\"><a href=\"https:\/\/www.tiendasindustriales.com\/store\/wp-content\/uploads\/2024\/08\/Plant-Master-Steam-Plus-250-RT.pdf\" target=\"_blank\" rel=\"noopener\"><img decoding=\"async\" class=\" wd-lazy-fade alignleft wp-image-9834\" title=\"FICHA T\u00c9CNICA\" src=\"https:\/\/www.tiendasindustriales.com\/store\/wp-content\/themes\/woodmart\/images\/lazy.svg\" data-src=\"https:\/\/www.ventaalinstante.com\/wp-content\/uploads\/2023\/08\/PDF_file_icon.svg-244x300.png\" alt=\"\" width=\"43\" height=\"53\" \/><\/a><\/p>\n<p><span style=\"color: #ffffff;\">B\u00fasqu<\/span><\/p>\n<p><span style=\"color: #ffffff;\">das asociadas: Tuber\u00eda Manguera de material pl\u00e1stico Manguera estructura Manguera flexible Manguera a prueba de abrasi\u00f3n Manguera de neopreno Manguera para agua Manguera reforzada Manguera con trenza met\u00e1lica Tuber\u00eda lisa Manguera de aspiraci\u00f3n Manguera para productos qu\u00edmicos Manguera lisa Manguera de PVC Manguera de acero Manguera alimentos Manguera para productos alimentarios Manguera de PUR Manguera hidr\u00e1ulica Manguera resistente al aceite mangueras MANGUERA HIDRAHULICA<\/span><\/p>\n<p>&nbsp;<\/p>\n","protected":false},"excerpt":{"rendered":"<h2 class=\"product__titles\">Caracter\u00edsticas y beneficios<\/h2>\n<ul class=\"red-bullets\">\n<li>Temperaturas hasta +232\u00b0C (+450\u00b0F)<\/li>\n<li>Presi\u00f3n de trabajo: 250 psi<\/li>\n<li>Tama\u00f1os: 3\/8&#8243; a 2&#8243;<\/li>\n<li>Factor de seguridad 10:1<\/li>\n<\/ul>\n","protected":false},"featured_media":12024,"comment_status":"open","ping_status":"closed","template":"","meta":[],"product_brand":[],"product_cat":[42],"product_tag":[],"class_list":{"0":"post-11997","1":"product","2":"type-product","3":"status-publish","4":"has-post-thumbnail","6":"product_cat-mangueras-industriales","8":"first","9":"instock","10":"shipping-taxable","11":"product-type-simple"},"yoast_head":"<!-- This site is optimized with the Yoast SEO plugin v27.4 - https:\/\/yoast.com\/product\/yoast-seo-wordpress\/ -->\n<title>Manguera Industrial Para Vapor 1\/2&quot; Plant Master\u2122 Steam 250 - Tiendas Industriales<\/title>\n<meta name=\"robots\" content=\"index, follow, max-snippet:-1, max-image-preview:large, max-video-preview:-1\" \/>\n<link rel=\"canonical\" href=\"https:\/\/www.tiendasindustriales.com\/store\/producto\/manguera-industrial-para-vapor-1-2-plant-master-steam-250-smooth-cover-2\/\" \/>\n<meta property=\"og:locale\" content=\"es_ES\" \/>\n<meta property=\"og:type\" content=\"article\" \/>\n<meta property=\"og:title\" content=\"Manguera Industrial Para Vapor 1\/2&quot; Plant Master\u2122 Steam 250 - Tiendas Industriales\" \/>\n<meta property=\"og:description\" content=\"Caracter\u00edsticas y beneficios   Temperaturas hasta +232\u00b0C (+450\u00b0F)  Presi\u00f3n de trabajo: 250 psi  Tama\u00f1os: 3\/8&quot; a 2&quot;  Factor de seguridad 10:1\" \/>\n<meta property=\"og:url\" content=\"https:\/\/www.tiendasindustriales.com\/store\/producto\/manguera-industrial-para-vapor-1-2-plant-master-steam-250-smooth-cover-2\/\" \/>\n<meta property=\"og:site_name\" content=\"Tiendas Industriales\" \/>\n<meta property=\"article:publisher\" content=\"https:\/\/www.facebook.com\/DiscorreasManguerasyEmpaques\/\" \/>\n<meta property=\"article:modified_time\" content=\"2024-08-20T20:37:17+00:00\" \/>\n<meta property=\"og:image\" content=\"https:\/\/www.tiendasindustriales.com\/store\/wp-content\/uploads\/2024\/08\/Vapor-1.jpg\" \/>\n\t<meta property=\"og:image:width\" content=\"2480\" \/>\n\t<meta property=\"og:image:height\" content=\"2474\" \/>\n\t<meta property=\"og:image:type\" content=\"image\/jpeg\" \/>\n<meta name=\"twitter:card\" content=\"summary_large_image\" \/>\n<meta name=\"twitter:label1\" content=\"Tiempo de lectura\" \/>\n\t<meta name=\"twitter:data1\" content=\"2 minutos\" \/>\n<script type=\"application\/ld+json\" class=\"yoast-schema-graph\">{\"@context\":\"https:\\\/\\\/schema.org\",\"@graph\":[{\"@type\":\"WebPage\",\"@id\":\"https:\\\/\\\/www.tiendasindustriales.com\\\/store\\\/producto\\\/manguera-industrial-para-vapor-1-2-plant-master-steam-250-smooth-cover-2\\\/\",\"url\":\"https:\\\/\\\/www.tiendasindustriales.com\\\/store\\\/producto\\\/manguera-industrial-para-vapor-1-2-plant-master-steam-250-smooth-cover-2\\\/\",\"name\":\"Manguera Industrial Para Vapor 1\\\/2\\\" Plant Master\u2122 Steam 250 - Tiendas Industriales\",\"isPartOf\":{\"@id\":\"https:\\\/\\\/www.tiendasindustriales.com\\\/store\\\/#website\"},\"primaryImageOfPage\":{\"@id\":\"https:\\\/\\\/www.tiendasindustriales.com\\\/store\\\/producto\\\/manguera-industrial-para-vapor-1-2-plant-master-steam-250-smooth-cover-2\\\/#primaryimage\"},\"image\":{\"@id\":\"https:\\\/\\\/www.tiendasindustriales.com\\\/store\\\/producto\\\/manguera-industrial-para-vapor-1-2-plant-master-steam-250-smooth-cover-2\\\/#primaryimage\"},\"thumbnailUrl\":\"https:\\\/\\\/www.tiendasindustriales.com\\\/store\\\/wp-content\\\/uploads\\\/2024\\\/08\\\/Vapor-1.jpg\",\"datePublished\":\"2024-08-14T15:15:16+00:00\",\"dateModified\":\"2024-08-20T20:37:17+00:00\",\"breadcrumb\":{\"@id\":\"https:\\\/\\\/www.tiendasindustriales.com\\\/store\\\/producto\\\/manguera-industrial-para-vapor-1-2-plant-master-steam-250-smooth-cover-2\\\/#breadcrumb\"},\"inLanguage\":\"es\",\"potentialAction\":[{\"@type\":\"ReadAction\",\"target\":[\"https:\\\/\\\/www.tiendasindustriales.com\\\/store\\\/producto\\\/manguera-industrial-para-vapor-1-2-plant-master-steam-250-smooth-cover-2\\\/\"]}]},{\"@type\":\"ImageObject\",\"inLanguage\":\"es\",\"@id\":\"https:\\\/\\\/www.tiendasindustriales.com\\\/store\\\/producto\\\/manguera-industrial-para-vapor-1-2-plant-master-steam-250-smooth-cover-2\\\/#primaryimage\",\"url\":\"https:\\\/\\\/www.tiendasindustriales.com\\\/store\\\/wp-content\\\/uploads\\\/2024\\\/08\\\/Vapor-1.jpg\",\"contentUrl\":\"https:\\\/\\\/www.tiendasindustriales.com\\\/store\\\/wp-content\\\/uploads\\\/2024\\\/08\\\/Vapor-1.jpg\",\"width\":2480,\"height\":2474},{\"@type\":\"BreadcrumbList\",\"@id\":\"https:\\\/\\\/www.tiendasindustriales.com\\\/store\\\/producto\\\/manguera-industrial-para-vapor-1-2-plant-master-steam-250-smooth-cover-2\\\/#breadcrumb\",\"itemListElement\":[{\"@type\":\"ListItem\",\"position\":1,\"name\":\"Portada\",\"item\":\"https:\\\/\\\/www.tiendasindustriales.com\\\/store\\\/\"},{\"@type\":\"ListItem\",\"position\":2,\"name\":\"Tienda\",\"item\":\"https:\\\/\\\/www.tiendasindustriales.com\\\/store\\\/tienda\\\/\"},{\"@type\":\"ListItem\",\"position\":3,\"name\":\"Manguera Industrial Para Vapor 1\\\/2&#8243; Plant Master\u2122 Steam 250\"}]},{\"@type\":\"WebSite\",\"@id\":\"https:\\\/\\\/www.tiendasindustriales.com\\\/store\\\/#website\",\"url\":\"https:\\\/\\\/www.tiendasindustriales.com\\\/store\\\/\",\"name\":\"Tiendas Industriales\",\"description\":\"Grupo Empresarial\",\"publisher\":{\"@id\":\"https:\\\/\\\/www.tiendasindustriales.com\\\/store\\\/#organization\"},\"potentialAction\":[{\"@type\":\"SearchAction\",\"target\":{\"@type\":\"EntryPoint\",\"urlTemplate\":\"https:\\\/\\\/www.tiendasindustriales.com\\\/store\\\/?s={search_term_string}\"},\"query-input\":{\"@type\":\"PropertyValueSpecification\",\"valueRequired\":true,\"valueName\":\"search_term_string\"}}],\"inLanguage\":\"es\"},{\"@type\":\"Organization\",\"@id\":\"https:\\\/\\\/www.tiendasindustriales.com\\\/store\\\/#organization\",\"name\":\"Tiendas Industriales Grupo Empresarial\",\"url\":\"https:\\\/\\\/www.tiendasindustriales.com\\\/store\\\/\",\"logo\":{\"@type\":\"ImageObject\",\"inLanguage\":\"es\",\"@id\":\"https:\\\/\\\/www.tiendasindustriales.com\\\/store\\\/#\\\/schema\\\/logo\\\/image\\\/\",\"url\":\"https:\\\/\\\/www.tiendasindustriales.com\\\/store\\\/wp-content\\\/uploads\\\/2022\\\/08\\\/Recurso-2logo-index.png\",\"contentUrl\":\"https:\\\/\\\/www.tiendasindustriales.com\\\/store\\\/wp-content\\\/uploads\\\/2022\\\/08\\\/Recurso-2logo-index.png\",\"width\":547,\"height\":219,\"caption\":\"Tiendas Industriales Grupo Empresarial\"},\"image\":{\"@id\":\"https:\\\/\\\/www.tiendasindustriales.com\\\/store\\\/#\\\/schema\\\/logo\\\/image\\\/\"},\"sameAs\":[\"https:\\\/\\\/www.facebook.com\\\/DiscorreasManguerasyEmpaques\\\/\",\"https:\\\/\\\/www.instagram.com\\\/tiendasindustriales\"]}]}<\/script>\n<!-- \/ Yoast SEO plugin. -->","yoast_head_json":{"title":"Manguera Industrial Para Vapor 1\/2\" Plant Master\u2122 Steam 250 - Tiendas Industriales","robots":{"index":"index","follow":"follow","max-snippet":"max-snippet:-1","max-image-preview":"max-image-preview:large","max-video-preview":"max-video-preview:-1"},"canonical":"https:\/\/www.tiendasindustriales.com\/store\/producto\/manguera-industrial-para-vapor-1-2-plant-master-steam-250-smooth-cover-2\/","og_locale":"es_ES","og_type":"article","og_title":"Manguera Industrial Para Vapor 1\/2\" Plant Master\u2122 Steam 250 - Tiendas Industriales","og_description":"Caracter\u00edsticas y beneficios   Temperaturas hasta +232\u00b0C (+450\u00b0F)  Presi\u00f3n de trabajo: 250 psi  Tama\u00f1os: 3\/8\" a 2\"  Factor de seguridad 10:1","og_url":"https:\/\/www.tiendasindustriales.com\/store\/producto\/manguera-industrial-para-vapor-1-2-plant-master-steam-250-smooth-cover-2\/","og_site_name":"Tiendas Industriales","article_publisher":"https:\/\/www.facebook.com\/DiscorreasManguerasyEmpaques\/","article_modified_time":"2024-08-20T20:37:17+00:00","og_image":[{"width":2480,"height":2474,"url":"https:\/\/www.tiendasindustriales.com\/store\/wp-content\/uploads\/2024\/08\/Vapor-1.jpg","type":"image\/jpeg"}],"twitter_card":"summary_large_image","twitter_misc":{"Tiempo de lectura":"2 minutos"},"schema":{"@context":"https:\/\/schema.org","@graph":[{"@type":"WebPage","@id":"https:\/\/www.tiendasindustriales.com\/store\/producto\/manguera-industrial-para-vapor-1-2-plant-master-steam-250-smooth-cover-2\/","url":"https:\/\/www.tiendasindustriales.com\/store\/producto\/manguera-industrial-para-vapor-1-2-plant-master-steam-250-smooth-cover-2\/","name":"Manguera Industrial Para Vapor 1\/2\" Plant Master\u2122 Steam 250 - Tiendas Industriales","isPartOf":{"@id":"https:\/\/www.tiendasindustriales.com\/store\/#website"},"primaryImageOfPage":{"@id":"https:\/\/www.tiendasindustriales.com\/store\/producto\/manguera-industrial-para-vapor-1-2-plant-master-steam-250-smooth-cover-2\/#primaryimage"},"image":{"@id":"https:\/\/www.tiendasindustriales.com\/store\/producto\/manguera-industrial-para-vapor-1-2-plant-master-steam-250-smooth-cover-2\/#primaryimage"},"thumbnailUrl":"https:\/\/www.tiendasindustriales.com\/store\/wp-content\/uploads\/2024\/08\/Vapor-1.jpg","datePublished":"2024-08-14T15:15:16+00:00","dateModified":"2024-08-20T20:37:17+00:00","breadcrumb":{"@id":"https:\/\/www.tiendasindustriales.com\/store\/producto\/manguera-industrial-para-vapor-1-2-plant-master-steam-250-smooth-cover-2\/#breadcrumb"},"inLanguage":"es","potentialAction":[{"@type":"ReadAction","target":["https:\/\/www.tiendasindustriales.com\/store\/producto\/manguera-industrial-para-vapor-1-2-plant-master-steam-250-smooth-cover-2\/"]}]},{"@type":"ImageObject","inLanguage":"es","@id":"https:\/\/www.tiendasindustriales.com\/store\/producto\/manguera-industrial-para-vapor-1-2-plant-master-steam-250-smooth-cover-2\/#primaryimage","url":"https:\/\/www.tiendasindustriales.com\/store\/wp-content\/uploads\/2024\/08\/Vapor-1.jpg","contentUrl":"https:\/\/www.tiendasindustriales.com\/store\/wp-content\/uploads\/2024\/08\/Vapor-1.jpg","width":2480,"height":2474},{"@type":"BreadcrumbList","@id":"https:\/\/www.tiendasindustriales.com\/store\/producto\/manguera-industrial-para-vapor-1-2-plant-master-steam-250-smooth-cover-2\/#breadcrumb","itemListElement":[{"@type":"ListItem","position":1,"name":"Portada","item":"https:\/\/www.tiendasindustriales.com\/store\/"},{"@type":"ListItem","position":2,"name":"Tienda","item":"https:\/\/www.tiendasindustriales.com\/store\/tienda\/"},{"@type":"ListItem","position":3,"name":"Manguera Industrial Para Vapor 1\/2&#8243; Plant Master\u2122 Steam 250"}]},{"@type":"WebSite","@id":"https:\/\/www.tiendasindustriales.com\/store\/#website","url":"https:\/\/www.tiendasindustriales.com\/store\/","name":"Tiendas Industriales","description":"Grupo Empresarial","publisher":{"@id":"https:\/\/www.tiendasindustriales.com\/store\/#organization"},"potentialAction":[{"@type":"SearchAction","target":{"@type":"EntryPoint","urlTemplate":"https:\/\/www.tiendasindustriales.com\/store\/?s={search_term_string}"},"query-input":{"@type":"PropertyValueSpecification","valueRequired":true,"valueName":"search_term_string"}}],"inLanguage":"es"},{"@type":"Organization","@id":"https:\/\/www.tiendasindustriales.com\/store\/#organization","name":"Tiendas Industriales Grupo Empresarial","url":"https:\/\/www.tiendasindustriales.com\/store\/","logo":{"@type":"ImageObject","inLanguage":"es","@id":"https:\/\/www.tiendasindustriales.com\/store\/#\/schema\/logo\/image\/","url":"https:\/\/www.tiendasindustriales.com\/store\/wp-content\/uploads\/2022\/08\/Recurso-2logo-index.png","contentUrl":"https:\/\/www.tiendasindustriales.com\/store\/wp-content\/uploads\/2022\/08\/Recurso-2logo-index.png","width":547,"height":219,"caption":"Tiendas Industriales Grupo Empresarial"},"image":{"@id":"https:\/\/www.tiendasindustriales.com\/store\/#\/schema\/logo\/image\/"},"sameAs":["https:\/\/www.facebook.com\/DiscorreasManguerasyEmpaques\/","https:\/\/www.instagram.com\/tiendasindustriales"]}]}},"_links":{"self":[{"href":"https:\/\/www.tiendasindustriales.com\/store\/wp-json\/wp\/v2\/product\/11997","targetHints":{"allow":["GET"]}}],"collection":[{"href":"https:\/\/www.tiendasindustriales.com\/store\/wp-json\/wp\/v2\/product"}],"about":[{"href":"https:\/\/www.tiendasindustriales.com\/store\/wp-json\/wp\/v2\/types\/product"}],"replies":[{"embeddable":true,"href":"https:\/\/www.tiendasindustriales.com\/store\/wp-json\/wp\/v2\/comments?post=11997"}],"wp:featuredmedia":[{"embeddable":true,"href":"https:\/\/www.tiendasindustriales.com\/store\/wp-json\/wp\/v2\/media\/12024"}],"wp:attachment":[{"href":"https:\/\/www.tiendasindustriales.com\/store\/wp-json\/wp\/v2\/media?parent=11997"}],"wp:term":[{"taxonomy":"product_brand","embeddable":true,"href":"https:\/\/www.tiendasindustriales.com\/store\/wp-json\/wp\/v2\/product_brand?post=11997"},{"taxonomy":"product_cat","embeddable":true,"href":"https:\/\/www.tiendasindustriales.com\/store\/wp-json\/wp\/v2\/product_cat?post=11997"},{"taxonomy":"product_tag","embeddable":true,"href":"https:\/\/www.tiendasindustriales.com\/store\/wp-json\/wp\/v2\/product_tag?post=11997"}],"curies":[{"name":"wp","href":"https:\/\/api.w.org\/{rel}","templated":true}]}}