{"id":11971,"date":"2024-08-06T14:36:04","date_gmt":"2024-08-06T18:36:04","guid":{"rendered":"https:\/\/www.tiendasindustriales.com\/store\/?post_type=product&#038;p=11971"},"modified":"2024-08-06T15:57:17","modified_gmt":"2024-08-06T19:57:17","slug":"manguera-industrial-multiproposito-1-150psi-plant-master","status":"publish","type":"product","link":"https:\/\/www.tiendasindustriales.com\/store\/producto\/manguera-industrial-multiproposito-1-150psi-plant-master\/","title":{"rendered":"Manguera Industrial Multiprop\u00f3sito 1&#8243; 150PSI Plant Master\u2122"},"content":{"rendered":"<p class=\"product__info\">Las mangueras Plant Master\u2122 tienen una clasificaci\u00f3n de resistencia al aceite ARPM clase C, lo que significa que no deben usarse en ning\u00fan ambiente con aceites. Entre los usos habituales est\u00e1n las aplicaciones de aire y agua que requieren m\u00e1xima flexibilidad en cualquier industria, como miner\u00eda, construcci\u00f3n, agricultura, reparaci\u00f3n de veh\u00edculos y operaciones en f\u00e1brica. Resistencia sobresaliente al calor y al ozono. Tambi\u00e9n es apta para aplicaciones de pulverizaci\u00f3n agr\u00edcola, como soluciones de herbicidas diluidas.<\/p>\n<ul class=\"red-bullets\">\n<li>Rango de temperatura: de -40\u00b0C a +93\u00b0C (de -40\u00b0F a +200\u00b0F) en servicio continuo.<\/li>\n<li>Puede manejar productos qu\u00edmicos suaves como soluciones agr\u00edcolas diluidas.<\/li>\n<li>Tubo y revestimiento: ARPM (clase C) &#8211; resistencia al aceite limitada.<\/li>\n<\/ul>\n<table class=\"table c-table c-table--split\" style=\"height: 244px;\" width=\"793\">\n<tbody>\n<tr>\n<th>Color<\/th>\n<td>Black<\/td>\n<\/tr>\n<tr>\n<th>Revestimiento<\/th>\n<td>EPDM &#8211; Type P<\/td>\n<\/tr>\n<tr>\n<th>Refuerzo<\/th>\n<td>Synthetic textile<\/td>\n<\/tr>\n<tr>\n<th>Tubo<\/th>\n<td>EPDM &#8211; Type P<\/td>\n<\/tr>\n<tr>\n<th>Construcci\u00f3n: Revestimiento<\/th>\n<td>EPDM &#8211; Type P<\/td>\n<\/tr>\n<tr>\n<th>Construcci\u00f3n: Factor de dise\u00f1o<\/th>\n<td>3:1<\/td>\n<\/tr>\n<tr>\n<th>Construcci\u00f3n: Refuerzo<\/th>\n<td>Synthetic textile<\/td>\n<\/tr>\n<tr>\n<th>Construcci\u00f3n: Tubo<\/th>\n<td>EPDM &#8211; Type P. Black. Limited oil resistance<\/td>\n<\/tr>\n<\/tbody>\n<\/table>\n<table class=\"table c-table c-table--split\" style=\"height: 365px;\" width=\"792\">\n<tbody>\n<tr>\n<th>Parte #<\/th>\n<td>3204-1428 \/ 1X400 PLANTA 150 NEGRO<\/td>\n<\/tr>\n<tr>\n<th>Producto #<\/th>\n<td>32041428<\/td>\n<\/tr>\n<tr>\n<th>Descripci\u00f3n<\/th>\n<td>PLANTA MASTER 150 NEGRA DE 1X400 PIES<\/td>\n<\/tr>\n<tr>\n<th>Vac\u00edo (pulg. Hg)<\/th>\n<td>10<\/td>\n<\/tr>\n<tr>\n<th>Radio de curvatura m\u00ednimo (pulg.)<\/th>\n<td>8<\/td>\n<\/tr>\n<tr>\n<th>Radio de curvatura m\u00ednimo (mm)<\/th>\n<td>203<\/td>\n<\/tr>\n<tr>\n<th>Di\u00e1metro interior (pulg.)<\/th>\n<td>1<\/td>\n<\/tr>\n<tr>\n<th>Di\u00e1metro interior (mm)<\/th>\n<td>25.4<\/td>\n<\/tr>\n<tr>\n<th>Rango de temperatura<\/th>\n<td>-40 \u00b0F a +200 \u00b0F (-40 \u00b0C a +93 \u00b0C)<\/td>\n<\/tr>\n<tr>\n<th>Presi\u00f3n de trabajo (psi)<\/th>\n<td>150<\/td>\n<\/tr>\n<tr>\n<th>Di\u00e1metro exterior (pulg.)<\/th>\n<td>1.40<\/td>\n<\/tr>\n<tr>\n<th>Di\u00e1metro exterior (mm)<\/th>\n<td>25.4<\/td>\n<\/tr>\n<\/tbody>\n<\/table>\n<p><a href=\"https:\/\/www.tiendasindustriales.com\/store\/wp-content\/uploads\/2024\/08\/Adaptaflex-Black-150-200.pdf\" target=\"_blank\" rel=\"noopener\"><img decoding=\"async\" class=\" wd-lazy-fade alignleft wp-image-9834\" title=\"FICHA T\u00c9CNICA\" src=\"https:\/\/www.tiendasindustriales.com\/store\/wp-content\/themes\/woodmart\/images\/lazy.svg\" data-src=\"https:\/\/www.ventaalinstante.com\/wp-content\/uploads\/2023\/08\/PDF_file_icon.svg-244x300.png\" alt=\"\" width=\"43\" height=\"53\" \/><\/a><\/p>\n<p><span style=\"color: #ffffff;\">B\u00fasquedas asociadas: Tuber\u00eda Manguera de material pl\u00e1stico Manguera estructura Manguera flexible Manguera a prueba de abrasi\u00f3n Manguera de neopreno Manguera para agua Manguera reforzada Manguera con trenza met\u00e1lica Tuber\u00eda lisa Manguera de aspiraci\u00f3n Manguera para productos qu\u00edmicos Manguera lisa Manguera de PVC Manguera de acero Manguera alimentos Manguera para productos alimentarios Manguera de PUR Manguera hidr\u00e1ulica Manguera resistente al aceite mangueras MANGUERA HIDRAHULICA<\/span><\/p>\n<p>&nbsp;<\/p>\n","protected":false},"excerpt":{"rendered":"<h5 class=\"product__titles\">Caracter\u00edsticas y beneficios:<\/h5>\n<p class=\"product__titles\">Manguera industrial Gates\u00ae dise\u00f1ada para aplicaciones multiprop\u00f3sito de aire &#8211; agua, en donde se requiere una alta flexibilidad.<\/p>\n<ul class=\"red-bullets\">\n<li>Presi\u00f3n de trabajo: 1,38 MPa.<\/li>\n<li>Tubo y revestimiento: EPDM.<\/li>\n<li>Factor de dise\u00f1o: 3:1.<\/li>\n<li>Tama\u00f1o: 1\/4&#8243; a 4&#8243;.<\/li>\n<\/ul>\n","protected":false},"featured_media":11972,"comment_status":"open","ping_status":"closed","template":"","meta":[],"product_brand":[],"product_cat":[42],"product_tag":[],"class_list":{"0":"post-11971","1":"product","2":"type-product","3":"status-publish","4":"has-post-thumbnail","6":"product_cat-mangueras-industriales","8":"first","9":"instock","10":"shipping-taxable","11":"product-type-simple"},"yoast_head":"<!-- This site is optimized with the Yoast SEO plugin v27.4 - https:\/\/yoast.com\/product\/yoast-seo-wordpress\/ -->\n<title>Manguera Industrial Multiprop\u00f3sito 1&quot; 150PSI Plant Master\u2122 - Tiendas Industriales<\/title>\n<meta name=\"robots\" content=\"index, follow, max-snippet:-1, max-image-preview:large, max-video-preview:-1\" \/>\n<link rel=\"canonical\" href=\"https:\/\/www.tiendasindustriales.com\/store\/producto\/manguera-industrial-multiproposito-1-150psi-plant-master\/\" \/>\n<meta property=\"og:locale\" content=\"es_ES\" \/>\n<meta property=\"og:type\" content=\"article\" \/>\n<meta property=\"og:title\" content=\"Manguera Industrial Multiprop\u00f3sito 1&quot; 150PSI Plant Master\u2122 - Tiendas Industriales\" \/>\n<meta property=\"og:description\" content=\"Caracter\u00edsticas y beneficios: Manguera industrial Gates\u00ae dise\u00f1ada para aplicaciones multiprop\u00f3sito de aire - agua, en donde se requiere una alta flexibilidad.    Presi\u00f3n de trabajo: 1,38 MPa.  Tubo y revestimiento: EPDM.  Factor de dise\u00f1o: 3:1.  Tama\u00f1o: 1\/4&quot; a 4&quot;.\" \/>\n<meta property=\"og:url\" content=\"https:\/\/www.tiendasindustriales.com\/store\/producto\/manguera-industrial-multiproposito-1-150psi-plant-master\/\" \/>\n<meta property=\"og:site_name\" content=\"Tiendas Industriales\" \/>\n<meta property=\"article:publisher\" content=\"https:\/\/www.facebook.com\/DiscorreasManguerasyEmpaques\/\" \/>\n<meta property=\"article:modified_time\" content=\"2024-08-06T19:57:17+00:00\" \/>\n<meta property=\"og:image\" content=\"https:\/\/www.tiendasindustriales.com\/store\/wp-content\/uploads\/2024\/08\/Adaptaflex2.jpg\" \/>\n\t<meta property=\"og:image:width\" content=\"2480\" \/>\n\t<meta property=\"og:image:height\" content=\"2474\" \/>\n\t<meta property=\"og:image:type\" content=\"image\/jpeg\" \/>\n<meta name=\"twitter:card\" content=\"summary_large_image\" \/>\n<meta name=\"twitter:label1\" content=\"Tiempo de lectura\" \/>\n\t<meta name=\"twitter:data1\" content=\"2 minutos\" \/>\n<script type=\"application\/ld+json\" class=\"yoast-schema-graph\">{\"@context\":\"https:\\\/\\\/schema.org\",\"@graph\":[{\"@type\":\"WebPage\",\"@id\":\"https:\\\/\\\/www.tiendasindustriales.com\\\/store\\\/producto\\\/manguera-industrial-multiproposito-1-150psi-plant-master\\\/\",\"url\":\"https:\\\/\\\/www.tiendasindustriales.com\\\/store\\\/producto\\\/manguera-industrial-multiproposito-1-150psi-plant-master\\\/\",\"name\":\"Manguera Industrial Multiprop\u00f3sito 1\\\" 150PSI Plant Master\u2122 - Tiendas Industriales\",\"isPartOf\":{\"@id\":\"https:\\\/\\\/www.tiendasindustriales.com\\\/store\\\/#website\"},\"primaryImageOfPage\":{\"@id\":\"https:\\\/\\\/www.tiendasindustriales.com\\\/store\\\/producto\\\/manguera-industrial-multiproposito-1-150psi-plant-master\\\/#primaryimage\"},\"image\":{\"@id\":\"https:\\\/\\\/www.tiendasindustriales.com\\\/store\\\/producto\\\/manguera-industrial-multiproposito-1-150psi-plant-master\\\/#primaryimage\"},\"thumbnailUrl\":\"https:\\\/\\\/www.tiendasindustriales.com\\\/store\\\/wp-content\\\/uploads\\\/2024\\\/08\\\/Adaptaflex2.jpg\",\"datePublished\":\"2024-08-06T18:36:04+00:00\",\"dateModified\":\"2024-08-06T19:57:17+00:00\",\"breadcrumb\":{\"@id\":\"https:\\\/\\\/www.tiendasindustriales.com\\\/store\\\/producto\\\/manguera-industrial-multiproposito-1-150psi-plant-master\\\/#breadcrumb\"},\"inLanguage\":\"es\",\"potentialAction\":[{\"@type\":\"ReadAction\",\"target\":[\"https:\\\/\\\/www.tiendasindustriales.com\\\/store\\\/producto\\\/manguera-industrial-multiproposito-1-150psi-plant-master\\\/\"]}]},{\"@type\":\"ImageObject\",\"inLanguage\":\"es\",\"@id\":\"https:\\\/\\\/www.tiendasindustriales.com\\\/store\\\/producto\\\/manguera-industrial-multiproposito-1-150psi-plant-master\\\/#primaryimage\",\"url\":\"https:\\\/\\\/www.tiendasindustriales.com\\\/store\\\/wp-content\\\/uploads\\\/2024\\\/08\\\/Adaptaflex2.jpg\",\"contentUrl\":\"https:\\\/\\\/www.tiendasindustriales.com\\\/store\\\/wp-content\\\/uploads\\\/2024\\\/08\\\/Adaptaflex2.jpg\",\"width\":2480,\"height\":2474},{\"@type\":\"BreadcrumbList\",\"@id\":\"https:\\\/\\\/www.tiendasindustriales.com\\\/store\\\/producto\\\/manguera-industrial-multiproposito-1-150psi-plant-master\\\/#breadcrumb\",\"itemListElement\":[{\"@type\":\"ListItem\",\"position\":1,\"name\":\"Portada\",\"item\":\"https:\\\/\\\/www.tiendasindustriales.com\\\/store\\\/\"},{\"@type\":\"ListItem\",\"position\":2,\"name\":\"Tienda\",\"item\":\"https:\\\/\\\/www.tiendasindustriales.com\\\/store\\\/tienda\\\/\"},{\"@type\":\"ListItem\",\"position\":3,\"name\":\"Manguera Industrial Multiprop\u00f3sito 1&#8243; 150PSI Plant Master\u2122\"}]},{\"@type\":\"WebSite\",\"@id\":\"https:\\\/\\\/www.tiendasindustriales.com\\\/store\\\/#website\",\"url\":\"https:\\\/\\\/www.tiendasindustriales.com\\\/store\\\/\",\"name\":\"Tiendas Industriales\",\"description\":\"Grupo Empresarial\",\"publisher\":{\"@id\":\"https:\\\/\\\/www.tiendasindustriales.com\\\/store\\\/#organization\"},\"potentialAction\":[{\"@type\":\"SearchAction\",\"target\":{\"@type\":\"EntryPoint\",\"urlTemplate\":\"https:\\\/\\\/www.tiendasindustriales.com\\\/store\\\/?s={search_term_string}\"},\"query-input\":{\"@type\":\"PropertyValueSpecification\",\"valueRequired\":true,\"valueName\":\"search_term_string\"}}],\"inLanguage\":\"es\"},{\"@type\":\"Organization\",\"@id\":\"https:\\\/\\\/www.tiendasindustriales.com\\\/store\\\/#organization\",\"name\":\"Tiendas Industriales Grupo Empresarial\",\"url\":\"https:\\\/\\\/www.tiendasindustriales.com\\\/store\\\/\",\"logo\":{\"@type\":\"ImageObject\",\"inLanguage\":\"es\",\"@id\":\"https:\\\/\\\/www.tiendasindustriales.com\\\/store\\\/#\\\/schema\\\/logo\\\/image\\\/\",\"url\":\"https:\\\/\\\/www.tiendasindustriales.com\\\/store\\\/wp-content\\\/uploads\\\/2022\\\/08\\\/Recurso-2logo-index.png\",\"contentUrl\":\"https:\\\/\\\/www.tiendasindustriales.com\\\/store\\\/wp-content\\\/uploads\\\/2022\\\/08\\\/Recurso-2logo-index.png\",\"width\":547,\"height\":219,\"caption\":\"Tiendas Industriales Grupo Empresarial\"},\"image\":{\"@id\":\"https:\\\/\\\/www.tiendasindustriales.com\\\/store\\\/#\\\/schema\\\/logo\\\/image\\\/\"},\"sameAs\":[\"https:\\\/\\\/www.facebook.com\\\/DiscorreasManguerasyEmpaques\\\/\",\"https:\\\/\\\/www.instagram.com\\\/tiendasindustriales\"]}]}<\/script>\n<!-- \/ Yoast SEO plugin. -->","yoast_head_json":{"title":"Manguera Industrial Multiprop\u00f3sito 1\" 150PSI Plant Master\u2122 - Tiendas Industriales","robots":{"index":"index","follow":"follow","max-snippet":"max-snippet:-1","max-image-preview":"max-image-preview:large","max-video-preview":"max-video-preview:-1"},"canonical":"https:\/\/www.tiendasindustriales.com\/store\/producto\/manguera-industrial-multiproposito-1-150psi-plant-master\/","og_locale":"es_ES","og_type":"article","og_title":"Manguera Industrial Multiprop\u00f3sito 1\" 150PSI Plant Master\u2122 - Tiendas Industriales","og_description":"Caracter\u00edsticas y beneficios: Manguera industrial Gates\u00ae dise\u00f1ada para aplicaciones multiprop\u00f3sito de aire - agua, en donde se requiere una alta flexibilidad.    Presi\u00f3n de trabajo: 1,38 MPa.  Tubo y revestimiento: EPDM.  Factor de dise\u00f1o: 3:1.  Tama\u00f1o: 1\/4\" a 4\".","og_url":"https:\/\/www.tiendasindustriales.com\/store\/producto\/manguera-industrial-multiproposito-1-150psi-plant-master\/","og_site_name":"Tiendas Industriales","article_publisher":"https:\/\/www.facebook.com\/DiscorreasManguerasyEmpaques\/","article_modified_time":"2024-08-06T19:57:17+00:00","og_image":[{"width":2480,"height":2474,"url":"https:\/\/www.tiendasindustriales.com\/store\/wp-content\/uploads\/2024\/08\/Adaptaflex2.jpg","type":"image\/jpeg"}],"twitter_card":"summary_large_image","twitter_misc":{"Tiempo de lectura":"2 minutos"},"schema":{"@context":"https:\/\/schema.org","@graph":[{"@type":"WebPage","@id":"https:\/\/www.tiendasindustriales.com\/store\/producto\/manguera-industrial-multiproposito-1-150psi-plant-master\/","url":"https:\/\/www.tiendasindustriales.com\/store\/producto\/manguera-industrial-multiproposito-1-150psi-plant-master\/","name":"Manguera Industrial Multiprop\u00f3sito 1\" 150PSI Plant Master\u2122 - Tiendas Industriales","isPartOf":{"@id":"https:\/\/www.tiendasindustriales.com\/store\/#website"},"primaryImageOfPage":{"@id":"https:\/\/www.tiendasindustriales.com\/store\/producto\/manguera-industrial-multiproposito-1-150psi-plant-master\/#primaryimage"},"image":{"@id":"https:\/\/www.tiendasindustriales.com\/store\/producto\/manguera-industrial-multiproposito-1-150psi-plant-master\/#primaryimage"},"thumbnailUrl":"https:\/\/www.tiendasindustriales.com\/store\/wp-content\/uploads\/2024\/08\/Adaptaflex2.jpg","datePublished":"2024-08-06T18:36:04+00:00","dateModified":"2024-08-06T19:57:17+00:00","breadcrumb":{"@id":"https:\/\/www.tiendasindustriales.com\/store\/producto\/manguera-industrial-multiproposito-1-150psi-plant-master\/#breadcrumb"},"inLanguage":"es","potentialAction":[{"@type":"ReadAction","target":["https:\/\/www.tiendasindustriales.com\/store\/producto\/manguera-industrial-multiproposito-1-150psi-plant-master\/"]}]},{"@type":"ImageObject","inLanguage":"es","@id":"https:\/\/www.tiendasindustriales.com\/store\/producto\/manguera-industrial-multiproposito-1-150psi-plant-master\/#primaryimage","url":"https:\/\/www.tiendasindustriales.com\/store\/wp-content\/uploads\/2024\/08\/Adaptaflex2.jpg","contentUrl":"https:\/\/www.tiendasindustriales.com\/store\/wp-content\/uploads\/2024\/08\/Adaptaflex2.jpg","width":2480,"height":2474},{"@type":"BreadcrumbList","@id":"https:\/\/www.tiendasindustriales.com\/store\/producto\/manguera-industrial-multiproposito-1-150psi-plant-master\/#breadcrumb","itemListElement":[{"@type":"ListItem","position":1,"name":"Portada","item":"https:\/\/www.tiendasindustriales.com\/store\/"},{"@type":"ListItem","position":2,"name":"Tienda","item":"https:\/\/www.tiendasindustriales.com\/store\/tienda\/"},{"@type":"ListItem","position":3,"name":"Manguera Industrial Multiprop\u00f3sito 1&#8243; 150PSI Plant Master\u2122"}]},{"@type":"WebSite","@id":"https:\/\/www.tiendasindustriales.com\/store\/#website","url":"https:\/\/www.tiendasindustriales.com\/store\/","name":"Tiendas Industriales","description":"Grupo Empresarial","publisher":{"@id":"https:\/\/www.tiendasindustriales.com\/store\/#organization"},"potentialAction":[{"@type":"SearchAction","target":{"@type":"EntryPoint","urlTemplate":"https:\/\/www.tiendasindustriales.com\/store\/?s={search_term_string}"},"query-input":{"@type":"PropertyValueSpecification","valueRequired":true,"valueName":"search_term_string"}}],"inLanguage":"es"},{"@type":"Organization","@id":"https:\/\/www.tiendasindustriales.com\/store\/#organization","name":"Tiendas Industriales Grupo Empresarial","url":"https:\/\/www.tiendasindustriales.com\/store\/","logo":{"@type":"ImageObject","inLanguage":"es","@id":"https:\/\/www.tiendasindustriales.com\/store\/#\/schema\/logo\/image\/","url":"https:\/\/www.tiendasindustriales.com\/store\/wp-content\/uploads\/2022\/08\/Recurso-2logo-index.png","contentUrl":"https:\/\/www.tiendasindustriales.com\/store\/wp-content\/uploads\/2022\/08\/Recurso-2logo-index.png","width":547,"height":219,"caption":"Tiendas Industriales Grupo Empresarial"},"image":{"@id":"https:\/\/www.tiendasindustriales.com\/store\/#\/schema\/logo\/image\/"},"sameAs":["https:\/\/www.facebook.com\/DiscorreasManguerasyEmpaques\/","https:\/\/www.instagram.com\/tiendasindustriales"]}]}},"_links":{"self":[{"href":"https:\/\/www.tiendasindustriales.com\/store\/wp-json\/wp\/v2\/product\/11971","targetHints":{"allow":["GET"]}}],"collection":[{"href":"https:\/\/www.tiendasindustriales.com\/store\/wp-json\/wp\/v2\/product"}],"about":[{"href":"https:\/\/www.tiendasindustriales.com\/store\/wp-json\/wp\/v2\/types\/product"}],"replies":[{"embeddable":true,"href":"https:\/\/www.tiendasindustriales.com\/store\/wp-json\/wp\/v2\/comments?post=11971"}],"wp:featuredmedia":[{"embeddable":true,"href":"https:\/\/www.tiendasindustriales.com\/store\/wp-json\/wp\/v2\/media\/11972"}],"wp:attachment":[{"href":"https:\/\/www.tiendasindustriales.com\/store\/wp-json\/wp\/v2\/media?parent=11971"}],"wp:term":[{"taxonomy":"product_brand","embeddable":true,"href":"https:\/\/www.tiendasindustriales.com\/store\/wp-json\/wp\/v2\/product_brand?post=11971"},{"taxonomy":"product_cat","embeddable":true,"href":"https:\/\/www.tiendasindustriales.com\/store\/wp-json\/wp\/v2\/product_cat?post=11971"},{"taxonomy":"product_tag","embeddable":true,"href":"https:\/\/www.tiendasindustriales.com\/store\/wp-json\/wp\/v2\/product_tag?post=11971"}],"curies":[{"name":"wp","href":"https:\/\/api.w.org\/{rel}","templated":true}]}}