{"id":11949,"date":"2024-07-30T16:25:23","date_gmt":"2024-07-30T20:25:23","guid":{"rendered":"https:\/\/www.tiendasindustriales.com\/store\/?post_type=product&#038;p=11949"},"modified":"2024-07-30T16:49:19","modified_gmt":"2024-07-30T20:49:19","slug":"correa-en-v-a-31-gates-hi-power","status":"publish","type":"product","link":"https:\/\/www.tiendasindustriales.com\/store\/producto\/correa-en-v-a-31-gates-hi-power\/","title":{"rendered":"CORREA EN V A-31 GATES HI-POWER\u2122"},"content":{"rendered":"<p class=\"product__info\">La correa trapezoidal con forro de secci\u00f3n cl\u00e1sica Hi-Power\u00ae tiene una gran reputaci\u00f3n en cuanto a su fiabilidad sobre aplicaciones agr\u00edcolas e industriales. La parte superior arqueada de la correa Hi-Power\u00ae impide su \u201chundimiento\u201d y deformaci\u00f3n en la zona de las cuerdas de tracci\u00f3n. Todas \u00e9stas trabajan al mismo nivel, asegurando as\u00ed una distribuci\u00f3n igual de la carga.<\/p>\n<ul class=\"red-bullets\">\n<li>La parte superior arqueada, los lados c\u00f3ncavos y las esquinas redondeadas ofrecen un reparto uniforme de las tensiones resultado de la flexi\u00f3n y un contacto uniforme con las poleas, mejorando as\u00ed la duraci\u00f3n y reduciendo la abrasi\u00f3n de las poleas.<\/li>\n<li>Las cuerdas de tracci\u00f3n vulcanizadas \u201cde uni\u00f3n flexible garantizan una resistencia superior a la tensi\u00f3n y la flexi\u00f3n, la fatiga y las cargas de choque.<\/li>\n<li>La capa de forro Flex-Weave resistente al aceite y al calor protege la correa de los ambientes m\u00e1s agresivos.<\/li>\n<\/ul>\n<table class=\"table c-table c-table--split\" style=\"height: 332px;\" width=\"735\">\n<tbody>\n<tr>\n<th>Piezas #<\/th>\n<td>A31 13X825LP\/800LI HIPOWER<\/td>\n<\/tr>\n<tr>\n<th>Producto #<\/th>\n<td>9002-10031<\/td>\n<\/tr>\n<tr>\n<th>Descripci\u00f3n<\/th>\n<td>A31 13X825LP\/800LI HIPOWER<\/td>\n<\/tr>\n<tr>\n<th>Longitud efectiva (pulgadas)<\/th>\n<td>33<\/td>\n<\/tr>\n<tr>\n<th>Longitud efectiva (mm)<\/th>\n<td>838<\/td>\n<\/tr>\n<tr>\n<th>N\u00famero de ranuras<\/th>\n<td>1<\/td>\n<\/tr>\n<tr>\n<th>Secci\u00f3n<\/th>\n<td>A<\/td>\n<\/tr>\n<tr>\n<th>Ancho superior (pulgadas)<\/th>\n<td>0.512<\/td>\n<\/tr>\n<tr>\n<th>Ancho superior (mm)<\/th>\n<td>13<\/td>\n<\/tr>\n<tr>\n<th>\u00c1ngulo<\/th>\n<td>37<\/td>\n<\/tr>\n<tr>\n<th>Especificaciones<\/th>\n<td>Cord Type: PES<\/td>\n<\/tr>\n<tr>\n<th>Espesor (pulgadas)<\/th>\n<td>0.315<\/td>\n<\/tr>\n<tr>\n<th>Espesor (mm)<\/th>\n<td>8<\/td>\n<\/tr>\n<\/tbody>\n<\/table>\n<h2 class=\"product__titles\">CARACTER\u00cdSTICAS Y BENEFICIOS<\/h2>\n<ul class=\"red-bullets\">\n<li>Las cuerdas Flex-Bonded\u00a0se unen de manera s\u00f3lida al cuerpo de la correa dando como resultado una distribuci\u00f3n uniforme de la carga y la absorci\u00f3n del esfuerzo de flexi\u00f3n sin deterioro de la cuerda.<\/li>\n<li>Las curvas de Gates\u00ae proporcionan un apoyo adecuado para las cuerdas y un contacto total con el\u00a0canal de la polea para una carga uniforme, un desgaste regular y una mayor vida \u00fatil de la correa.<\/li>\n<li>El revestimiento Flex-Weave\u00ae est\u00e1 dise\u00f1ada para alargar la vida \u00fatil del revestimiento, proporcionando una protecci\u00f3n m\u00e1s duradera al n\u00facleo de la correa frente a aceites, residuos y calor.<\/li>\n<li>Tienen conductividad est\u00e1tica (ISO 1813), por lo que se pueden utilizar en las condiciones descritas en la norma 2014\/34\/EU-ATEX.<\/li>\n<li>El borde de la correa se mecaniza para lograr un contacto uniforme con el surco de la polea, lo que da como resultado un funcionamiento m\u00e1s suave y un menor deslizamiento y desgaste.<\/li>\n<li>Sistema UNISET: Todas las medidas cumplen con las tolerancias Gates UNISET, pueden instalarse en juego sin emparejamiento.<\/li>\n<li>Cumple los est\u00e1ndares RMA de resistencia a aceites y calor y los requisitos de conductividad est\u00e1tica.<\/li>\n<li>El compuesto de caucho de alta calidad protege la correa del calor, del ozono y de la luz solar.<\/li>\n<li>La correa no se inflamar\u00e1 por causa del calor, incluso si se somete a una fuerte fricci\u00f3n.<\/li>\n<li>Reducci\u00f3n del coste de recambio y mantenimiento gracias a la larga duraci\u00f3n.<\/li>\n<li>Rango de temperatura: de -30\u00b0C a +60\u00b0C (de -22\u00b0F a +140\u00b0F).<\/li>\n<li>Correa m\u00e1s econ\u00f3mica con un rendimiento excelente.<\/li>\n<li>Adaptadas a REACH y RoHS 2.<\/li>\n<li>Fiabilidad y eficacia.<\/li>\n<\/ul>\n<p>&nbsp;<\/p>\n<p><a href=\"https:\/\/www.tiendasindustriales.com\/store\/wp-content\/uploads\/2024\/07\/Correa-en-v-tipo-A-1.pdf\" target=\"_blank\" rel=\"noopener\"><img decoding=\"async\" class=\" wd-lazy-fade alignleft wp-image-9834\" title=\"FICHA T\u00c9CNICA\" src=\"https:\/\/www.tiendasindustriales.com\/store\/wp-content\/themes\/woodmart\/images\/lazy.svg\" data-src=\"https:\/\/www.ventaalinstante.com\/wp-content\/uploads\/2023\/08\/PDF_file_icon.svg-244x300.png\" alt=\"\" width=\"43\" height=\"53\" \/><\/a><\/p>\n<p><span style=\"color: #ffffff;\">B\u00fasquedas asociadas: Tuber\u00eda Manguera de material pl\u00e1stico Manguera estructura Manguera flexible Manguera a prueba de abrasi\u00f3n Manguera de neopreno Manguera para agua Manguera reforzada Manguera con trenza met\u00e1lica Tuber\u00eda lisa Manguera de aspiraci\u00f3n Manguera para productos qu\u00edmicos Manguera lisa Manguera de PVC Manguera de acero Manguera alimentos Manguera para productos alimentarios Manguera de PUR Manguera hidr\u00e1ulica Manguera resistente al aceite mangueras MANGUERA HIDRAHULICA<\/span><\/p>\n<p>&nbsp;<\/p>\n","protected":false},"excerpt":{"rendered":"<p>Fabricadas con un compuesto y dise\u00f1o multiprop\u00f3sito, las correas Hi-Power\u00ae II de Gates\u00ae resisten el aceite, el calor, el ozono, la luz solar, los fen\u00f3menos meteor\u00f3logos y el paso del tiempo. Incluso hemos dise\u00f1ado el material EPDM de la correa para combatir la ignici\u00f3n espont\u00e1nea, lo que significa que su correa no arder\u00e1 por la acumulaci\u00f3n de calor incluso sometida a alta fricci\u00f3n.<\/p>\n","protected":false},"featured_media":11951,"comment_status":"open","ping_status":"closed","template":"","meta":[],"product_brand":[],"product_cat":[72],"product_tag":[],"class_list":{"0":"post-11949","1":"product","2":"type-product","3":"status-publish","4":"has-post-thumbnail","6":"product_cat-correas","8":"first","9":"instock","10":"shipping-taxable","11":"product-type-simple"},"yoast_head":"<!-- This site is optimized with the Yoast SEO plugin v27.4 - https:\/\/yoast.com\/product\/yoast-seo-wordpress\/ -->\n<title>CORREA EN V A-31 GATES HI-POWER\u2122 - Tiendas Industriales<\/title>\n<meta name=\"robots\" content=\"index, follow, max-snippet:-1, max-image-preview:large, max-video-preview:-1\" \/>\n<link rel=\"canonical\" href=\"https:\/\/www.tiendasindustriales.com\/store\/producto\/correa-en-v-a-31-gates-hi-power\/\" \/>\n<meta property=\"og:locale\" content=\"es_ES\" \/>\n<meta property=\"og:type\" content=\"article\" \/>\n<meta property=\"og:title\" content=\"CORREA EN V A-31 GATES HI-POWER\u2122 - Tiendas Industriales\" \/>\n<meta property=\"og:description\" content=\"Fabricadas con un compuesto y dise\u00f1o multiprop\u00f3sito, las correas Hi-Power\u00ae II de Gates\u00ae resisten el aceite, el calor, el ozono, la luz solar, los fen\u00f3menos meteor\u00f3logos y el paso del tiempo. Incluso hemos dise\u00f1ado el material EPDM de la correa para combatir la ignici\u00f3n espont\u00e1nea, lo que significa que su correa no arder\u00e1 por la acumulaci\u00f3n de calor incluso sometida a alta fricci\u00f3n.\" \/>\n<meta property=\"og:url\" content=\"https:\/\/www.tiendasindustriales.com\/store\/producto\/correa-en-v-a-31-gates-hi-power\/\" \/>\n<meta property=\"og:site_name\" content=\"Tiendas Industriales\" \/>\n<meta property=\"article:publisher\" content=\"https:\/\/www.facebook.com\/DiscorreasManguerasyEmpaques\/\" \/>\n<meta property=\"article:modified_time\" content=\"2024-07-30T20:49:19+00:00\" \/>\n<meta property=\"og:image\" content=\"https:\/\/www.tiendasindustriales.com\/store\/wp-content\/uploads\/2024\/07\/IMG_5830.jpg\" \/>\n\t<meta property=\"og:image:width\" content=\"2480\" \/>\n\t<meta property=\"og:image:height\" content=\"2479\" \/>\n\t<meta property=\"og:image:type\" content=\"image\/jpeg\" \/>\n<meta name=\"twitter:card\" content=\"summary_large_image\" \/>\n<meta name=\"twitter:label1\" content=\"Tiempo de lectura\" \/>\n\t<meta name=\"twitter:data1\" content=\"3 minutos\" \/>\n<script type=\"application\/ld+json\" class=\"yoast-schema-graph\">{\"@context\":\"https:\\\/\\\/schema.org\",\"@graph\":[{\"@type\":\"WebPage\",\"@id\":\"https:\\\/\\\/www.tiendasindustriales.com\\\/store\\\/producto\\\/correa-en-v-a-31-gates-hi-power\\\/\",\"url\":\"https:\\\/\\\/www.tiendasindustriales.com\\\/store\\\/producto\\\/correa-en-v-a-31-gates-hi-power\\\/\",\"name\":\"CORREA EN V A-31 GATES HI-POWER\u2122 - Tiendas Industriales\",\"isPartOf\":{\"@id\":\"https:\\\/\\\/www.tiendasindustriales.com\\\/store\\\/#website\"},\"primaryImageOfPage\":{\"@id\":\"https:\\\/\\\/www.tiendasindustriales.com\\\/store\\\/producto\\\/correa-en-v-a-31-gates-hi-power\\\/#primaryimage\"},\"image\":{\"@id\":\"https:\\\/\\\/www.tiendasindustriales.com\\\/store\\\/producto\\\/correa-en-v-a-31-gates-hi-power\\\/#primaryimage\"},\"thumbnailUrl\":\"https:\\\/\\\/www.tiendasindustriales.com\\\/store\\\/wp-content\\\/uploads\\\/2024\\\/07\\\/IMG_5830.jpg\",\"datePublished\":\"2024-07-30T20:25:23+00:00\",\"dateModified\":\"2024-07-30T20:49:19+00:00\",\"breadcrumb\":{\"@id\":\"https:\\\/\\\/www.tiendasindustriales.com\\\/store\\\/producto\\\/correa-en-v-a-31-gates-hi-power\\\/#breadcrumb\"},\"inLanguage\":\"es\",\"potentialAction\":[{\"@type\":\"ReadAction\",\"target\":[\"https:\\\/\\\/www.tiendasindustriales.com\\\/store\\\/producto\\\/correa-en-v-a-31-gates-hi-power\\\/\"]}]},{\"@type\":\"ImageObject\",\"inLanguage\":\"es\",\"@id\":\"https:\\\/\\\/www.tiendasindustriales.com\\\/store\\\/producto\\\/correa-en-v-a-31-gates-hi-power\\\/#primaryimage\",\"url\":\"https:\\\/\\\/www.tiendasindustriales.com\\\/store\\\/wp-content\\\/uploads\\\/2024\\\/07\\\/IMG_5830.jpg\",\"contentUrl\":\"https:\\\/\\\/www.tiendasindustriales.com\\\/store\\\/wp-content\\\/uploads\\\/2024\\\/07\\\/IMG_5830.jpg\",\"width\":2480,\"height\":2479},{\"@type\":\"BreadcrumbList\",\"@id\":\"https:\\\/\\\/www.tiendasindustriales.com\\\/store\\\/producto\\\/correa-en-v-a-31-gates-hi-power\\\/#breadcrumb\",\"itemListElement\":[{\"@type\":\"ListItem\",\"position\":1,\"name\":\"Portada\",\"item\":\"https:\\\/\\\/www.tiendasindustriales.com\\\/store\\\/\"},{\"@type\":\"ListItem\",\"position\":2,\"name\":\"Tienda\",\"item\":\"https:\\\/\\\/www.tiendasindustriales.com\\\/store\\\/tienda\\\/\"},{\"@type\":\"ListItem\",\"position\":3,\"name\":\"CORREA EN V A-31 GATES HI-POWER\u2122\"}]},{\"@type\":\"WebSite\",\"@id\":\"https:\\\/\\\/www.tiendasindustriales.com\\\/store\\\/#website\",\"url\":\"https:\\\/\\\/www.tiendasindustriales.com\\\/store\\\/\",\"name\":\"Tiendas Industriales\",\"description\":\"Grupo Empresarial\",\"publisher\":{\"@id\":\"https:\\\/\\\/www.tiendasindustriales.com\\\/store\\\/#organization\"},\"potentialAction\":[{\"@type\":\"SearchAction\",\"target\":{\"@type\":\"EntryPoint\",\"urlTemplate\":\"https:\\\/\\\/www.tiendasindustriales.com\\\/store\\\/?s={search_term_string}\"},\"query-input\":{\"@type\":\"PropertyValueSpecification\",\"valueRequired\":true,\"valueName\":\"search_term_string\"}}],\"inLanguage\":\"es\"},{\"@type\":\"Organization\",\"@id\":\"https:\\\/\\\/www.tiendasindustriales.com\\\/store\\\/#organization\",\"name\":\"Tiendas Industriales Grupo Empresarial\",\"url\":\"https:\\\/\\\/www.tiendasindustriales.com\\\/store\\\/\",\"logo\":{\"@type\":\"ImageObject\",\"inLanguage\":\"es\",\"@id\":\"https:\\\/\\\/www.tiendasindustriales.com\\\/store\\\/#\\\/schema\\\/logo\\\/image\\\/\",\"url\":\"https:\\\/\\\/www.tiendasindustriales.com\\\/store\\\/wp-content\\\/uploads\\\/2022\\\/08\\\/Recurso-2logo-index.png\",\"contentUrl\":\"https:\\\/\\\/www.tiendasindustriales.com\\\/store\\\/wp-content\\\/uploads\\\/2022\\\/08\\\/Recurso-2logo-index.png\",\"width\":547,\"height\":219,\"caption\":\"Tiendas Industriales Grupo Empresarial\"},\"image\":{\"@id\":\"https:\\\/\\\/www.tiendasindustriales.com\\\/store\\\/#\\\/schema\\\/logo\\\/image\\\/\"},\"sameAs\":[\"https:\\\/\\\/www.facebook.com\\\/DiscorreasManguerasyEmpaques\\\/\",\"https:\\\/\\\/www.instagram.com\\\/tiendasindustriales\"]}]}<\/script>\n<!-- \/ Yoast SEO plugin. -->","yoast_head_json":{"title":"CORREA EN V A-31 GATES HI-POWER\u2122 - Tiendas Industriales","robots":{"index":"index","follow":"follow","max-snippet":"max-snippet:-1","max-image-preview":"max-image-preview:large","max-video-preview":"max-video-preview:-1"},"canonical":"https:\/\/www.tiendasindustriales.com\/store\/producto\/correa-en-v-a-31-gates-hi-power\/","og_locale":"es_ES","og_type":"article","og_title":"CORREA EN V A-31 GATES HI-POWER\u2122 - Tiendas Industriales","og_description":"Fabricadas con un compuesto y dise\u00f1o multiprop\u00f3sito, las correas Hi-Power\u00ae II de Gates\u00ae resisten el aceite, el calor, el ozono, la luz solar, los fen\u00f3menos meteor\u00f3logos y el paso del tiempo. Incluso hemos dise\u00f1ado el material EPDM de la correa para combatir la ignici\u00f3n espont\u00e1nea, lo que significa que su correa no arder\u00e1 por la acumulaci\u00f3n de calor incluso sometida a alta fricci\u00f3n.","og_url":"https:\/\/www.tiendasindustriales.com\/store\/producto\/correa-en-v-a-31-gates-hi-power\/","og_site_name":"Tiendas Industriales","article_publisher":"https:\/\/www.facebook.com\/DiscorreasManguerasyEmpaques\/","article_modified_time":"2024-07-30T20:49:19+00:00","og_image":[{"width":2480,"height":2479,"url":"https:\/\/www.tiendasindustriales.com\/store\/wp-content\/uploads\/2024\/07\/IMG_5830.jpg","type":"image\/jpeg"}],"twitter_card":"summary_large_image","twitter_misc":{"Tiempo de lectura":"3 minutos"},"schema":{"@context":"https:\/\/schema.org","@graph":[{"@type":"WebPage","@id":"https:\/\/www.tiendasindustriales.com\/store\/producto\/correa-en-v-a-31-gates-hi-power\/","url":"https:\/\/www.tiendasindustriales.com\/store\/producto\/correa-en-v-a-31-gates-hi-power\/","name":"CORREA EN V A-31 GATES HI-POWER\u2122 - Tiendas Industriales","isPartOf":{"@id":"https:\/\/www.tiendasindustriales.com\/store\/#website"},"primaryImageOfPage":{"@id":"https:\/\/www.tiendasindustriales.com\/store\/producto\/correa-en-v-a-31-gates-hi-power\/#primaryimage"},"image":{"@id":"https:\/\/www.tiendasindustriales.com\/store\/producto\/correa-en-v-a-31-gates-hi-power\/#primaryimage"},"thumbnailUrl":"https:\/\/www.tiendasindustriales.com\/store\/wp-content\/uploads\/2024\/07\/IMG_5830.jpg","datePublished":"2024-07-30T20:25:23+00:00","dateModified":"2024-07-30T20:49:19+00:00","breadcrumb":{"@id":"https:\/\/www.tiendasindustriales.com\/store\/producto\/correa-en-v-a-31-gates-hi-power\/#breadcrumb"},"inLanguage":"es","potentialAction":[{"@type":"ReadAction","target":["https:\/\/www.tiendasindustriales.com\/store\/producto\/correa-en-v-a-31-gates-hi-power\/"]}]},{"@type":"ImageObject","inLanguage":"es","@id":"https:\/\/www.tiendasindustriales.com\/store\/producto\/correa-en-v-a-31-gates-hi-power\/#primaryimage","url":"https:\/\/www.tiendasindustriales.com\/store\/wp-content\/uploads\/2024\/07\/IMG_5830.jpg","contentUrl":"https:\/\/www.tiendasindustriales.com\/store\/wp-content\/uploads\/2024\/07\/IMG_5830.jpg","width":2480,"height":2479},{"@type":"BreadcrumbList","@id":"https:\/\/www.tiendasindustriales.com\/store\/producto\/correa-en-v-a-31-gates-hi-power\/#breadcrumb","itemListElement":[{"@type":"ListItem","position":1,"name":"Portada","item":"https:\/\/www.tiendasindustriales.com\/store\/"},{"@type":"ListItem","position":2,"name":"Tienda","item":"https:\/\/www.tiendasindustriales.com\/store\/tienda\/"},{"@type":"ListItem","position":3,"name":"CORREA EN V A-31 GATES HI-POWER\u2122"}]},{"@type":"WebSite","@id":"https:\/\/www.tiendasindustriales.com\/store\/#website","url":"https:\/\/www.tiendasindustriales.com\/store\/","name":"Tiendas Industriales","description":"Grupo Empresarial","publisher":{"@id":"https:\/\/www.tiendasindustriales.com\/store\/#organization"},"potentialAction":[{"@type":"SearchAction","target":{"@type":"EntryPoint","urlTemplate":"https:\/\/www.tiendasindustriales.com\/store\/?s={search_term_string}"},"query-input":{"@type":"PropertyValueSpecification","valueRequired":true,"valueName":"search_term_string"}}],"inLanguage":"es"},{"@type":"Organization","@id":"https:\/\/www.tiendasindustriales.com\/store\/#organization","name":"Tiendas Industriales Grupo Empresarial","url":"https:\/\/www.tiendasindustriales.com\/store\/","logo":{"@type":"ImageObject","inLanguage":"es","@id":"https:\/\/www.tiendasindustriales.com\/store\/#\/schema\/logo\/image\/","url":"https:\/\/www.tiendasindustriales.com\/store\/wp-content\/uploads\/2022\/08\/Recurso-2logo-index.png","contentUrl":"https:\/\/www.tiendasindustriales.com\/store\/wp-content\/uploads\/2022\/08\/Recurso-2logo-index.png","width":547,"height":219,"caption":"Tiendas Industriales Grupo Empresarial"},"image":{"@id":"https:\/\/www.tiendasindustriales.com\/store\/#\/schema\/logo\/image\/"},"sameAs":["https:\/\/www.facebook.com\/DiscorreasManguerasyEmpaques\/","https:\/\/www.instagram.com\/tiendasindustriales"]}]}},"_links":{"self":[{"href":"https:\/\/www.tiendasindustriales.com\/store\/wp-json\/wp\/v2\/product\/11949","targetHints":{"allow":["GET"]}}],"collection":[{"href":"https:\/\/www.tiendasindustriales.com\/store\/wp-json\/wp\/v2\/product"}],"about":[{"href":"https:\/\/www.tiendasindustriales.com\/store\/wp-json\/wp\/v2\/types\/product"}],"replies":[{"embeddable":true,"href":"https:\/\/www.tiendasindustriales.com\/store\/wp-json\/wp\/v2\/comments?post=11949"}],"wp:featuredmedia":[{"embeddable":true,"href":"https:\/\/www.tiendasindustriales.com\/store\/wp-json\/wp\/v2\/media\/11951"}],"wp:attachment":[{"href":"https:\/\/www.tiendasindustriales.com\/store\/wp-json\/wp\/v2\/media?parent=11949"}],"wp:term":[{"taxonomy":"product_brand","embeddable":true,"href":"https:\/\/www.tiendasindustriales.com\/store\/wp-json\/wp\/v2\/product_brand?post=11949"},{"taxonomy":"product_cat","embeddable":true,"href":"https:\/\/www.tiendasindustriales.com\/store\/wp-json\/wp\/v2\/product_cat?post=11949"},{"taxonomy":"product_tag","embeddable":true,"href":"https:\/\/www.tiendasindustriales.com\/store\/wp-json\/wp\/v2\/product_tag?post=11949"}],"curies":[{"name":"wp","href":"https:\/\/api.w.org\/{rel}","templated":true}]}}