{"id":11857,"date":"2024-05-29T12:16:58","date_gmt":"2024-05-29T16:16:58","guid":{"rendered":"https:\/\/www.tiendasindustriales.com\/store\/?post_type=product&#038;p=11857"},"modified":"2024-05-30T10:12:25","modified_gmt":"2024-05-30T14:12:25","slug":"manguera-hidraulica-con-4-espiral-de-alambre-r15-1-2-6000-psi-efg6k","status":"publish","type":"product","link":"https:\/\/www.tiendasindustriales.com\/store\/producto\/manguera-hidraulica-con-4-espiral-de-alambre-r15-1-2-6000-psi-efg6k\/","title":{"rendered":"Manguera Hidr\u00e1ulica R15 1\/2&#8243; 6000 PSI con 4 espirales\u00a0EFG6K"},"content":{"rendered":"<p class=\"product__info\">Recomendada para aplicaciones de presi\u00f3n extremadamente alta y de altos impulsos, tales como transmisiones hidrost\u00e1ticas. La EFG6K est\u00e1 dise\u00f1ada para cumplir o superar todos los requisitos de las especificaciones de la SAE 100R15 y los requisitos de rendimiento de la EN 856 4SP (-6, -8, -10 and -12), EN 856 4SH (-12, -16, and -20), e ISO 3862 Tipo R15 (-6, -8, -10, -12, -16, -24). La 12EFG6K cumple la ISO 18752 Grado D. Acoplamientos recomendados: Acoplamientos GlobalSpiral\u2122, acoplamientos GlobalSpiral\u2122 MAX Pressure, acoplamientos Stainless Steel S (-6 hasta -20).<\/p>\n<ul class=\"red-bullets\">\n<li>La manguera EFG6K es compatible con fluidos hidr\u00e1ulicos biodegradables como \u00e9steres sint\u00e9ticos, poliglicoles y aceites vegetales as\u00ed como fluidos a base de petr\u00f3leo.<\/li>\n<li>Rendimiento superior frente a los impulsos de onda: probada en laboratorio durante 1 000 000 de ciclos de impulsos con un 50 % del radio de curvatura de acuerdo con la norma SAE 100R15 (excepto -32).<\/li>\n<li>Hasta el 40\u00a0% del radio de curvatura seg\u00fan la norma EN 856 4SP\/4SH bajo la presi\u00f3n de trabajo.<\/li>\n<li>La EFG6K MegaSpiral\u2122 est\u00e1 clasificada a 1\/2 del radio de curvatura de la SAE 100R15.<\/li>\n<li>Cumple la designaci\u00f3n de aceptaci\u00f3n de resistencia al fuego MSHA 2G.<\/li>\n<li>Aprobaciones tipo: DNV, GL, LR, BV y ABS.<\/li>\n<\/ul>\n<h5>DETALLES DEL PRODUCTO:<\/h5>\n<table class=\"table c-table c-table--split\" style=\"height: 505px;\" width=\"793\">\n<tbody>\n<tr>\n<th>Piezas #<\/th>\n<td>8EFG6K<\/td>\n<\/tr>\n<tr>\n<th>Producto #<\/th>\n<td>4651-1371<\/td>\n<\/tr>\n<tr>\n<th>Descripci\u00f3n<\/th>\n<td>8EFG6K<\/td>\n<\/tr>\n<tr>\n<th>Radio de curvatura m\u00ednimo (pulgadas)<\/th>\n<td>3.5<\/td>\n<\/tr>\n<tr>\n<th>Radio de curvatura m\u00ednimo (mm)<\/th>\n<td>90<\/td>\n<\/tr>\n<tr>\n<th>M\u00edn. Presi\u00f3n de trabajo (psi)<\/th>\n<td>24000<\/td>\n<\/tr>\n<tr>\n<th>Di\u00e1metro interior de la manguera (pulgadas)<\/th>\n<td>0.5<\/td>\n<\/tr>\n<tr>\n<th>Di\u00e1metro interior de la manguera (mm)<\/th>\n<td>12.7<\/td>\n<\/tr>\n<tr>\n<th>Di\u00e1metro exterior de la manguera (pulgadas)<\/th>\n<td>0.95<\/td>\n<\/tr>\n<tr>\n<th>Di\u00e1metro exterior de la manguera (mm)<\/th>\n<td>24.1<\/td>\n<\/tr>\n<tr>\n<th>Di\u00e1metro interior (pulgadas)<\/th>\n<td>0.5<\/td>\n<\/tr>\n<tr>\n<th>Di\u00e1metro interior (mm)<\/th>\n<td>12.7<\/td>\n<\/tr>\n<tr>\n<th>Rango de temperatura<\/th>\n<td>-40\u00b0C to +121\u00b0C (-40\u00b0F to +250\u00b0F)<\/td>\n<\/tr>\n<tr>\n<th>Max. Presi\u00f3n de trabajo (Bar)<\/th>\n<td>420<\/td>\n<\/tr>\n<tr>\n<th>Di\u00e1metro exterior (pulgadas)<\/th>\n<td>0.95<\/td>\n<\/tr>\n<tr>\n<th>Di\u00e1metro exterior (mm)<\/th>\n<td>24.1<\/td>\n<\/tr>\n<tr>\n<th>Especificaciones<\/th>\n<td>Minimum Burst Pressure (Bar): 1680<\/td>\n<\/tr>\n<\/tbody>\n<\/table>\n<p><span style=\"color: #1b1919;\">CONSTRUCCI\u00d3N:<\/span><\/p>\n<table class=\"table c-table c-table--split\" style=\"height: 202px;\" width=\"797\">\n<tbody>\n<tr>\n<th>Color<\/th>\n<td>Black<\/td>\n<\/tr>\n<tr>\n<th>Revestimiento<\/th>\n<td>CR<\/td>\n<\/tr>\n<tr>\n<th>Refuerzo<\/th>\n<td>4-spiral, wire<\/td>\n<\/tr>\n<tr>\n<th>Construcci\u00f3n: Revestimiento<\/th>\n<td>Standard, Polychloroprene (Neoprene) &#8211; Type A<\/td>\n<\/tr>\n<tr>\n<th>Construcci\u00f3n: Refuerzo<\/th>\n<td>4SW<\/td>\n<\/tr>\n<tr>\n<th>Construcci\u00f3n: Tubo<\/th>\n<td>NBR, Oil Resistant<\/td>\n<\/tr>\n<\/tbody>\n<\/table>\n<p><img decoding=\"async\" class=\" wd-lazy-fade alignleft wp-image-9834\" title=\"FICHA T\u00c9CNICA\" src=\"https:\/\/www.tiendasindustriales.com\/store\/wp-content\/themes\/woodmart\/images\/lazy.svg\" data-src=\"https:\/\/www.ventaalinstante.com\/wp-content\/uploads\/2023\/08\/PDF_file_icon.svg-244x300.png\" alt=\"\" width=\"43\" height=\"53\" \/><\/p>\n<p>&nbsp;<\/p>\n<p>&nbsp;<\/p>\n<p>&nbsp;<\/p>\n<p><span style=\"color: #ffffff;\">Manguera para productos qu\u00edmicos Manguera lisa Manguera de PVC Manguera de acero Manguera alimentos Manguera para productos alimentarios Manguera de PUR Manguera hidr\u00e1ulica Manguera resistente al aceite,\u00a0 correas industriales, correas automotrices, cadenas, rodamientos, correa, correas, B\u00fasquedas asociadas: Tuber\u00eda Manguera de material pl\u00e1stico Manguera estructura Manguera flexible<\/span><\/p>\n<p>&nbsp;<\/p>\n","protected":false},"excerpt":{"rendered":"<p><strong>Recomendada para industrias:<\/strong> Agricultura, Construcci\u00f3n, Miner\u00eda, Manufactura, L\u00ednea Amarilla.<\/p>\n","protected":false},"featured_media":11854,"comment_status":"open","ping_status":"closed","template":"","meta":[],"product_brand":[],"product_cat":[21],"product_tag":[],"class_list":{"0":"post-11857","1":"product","2":"type-product","3":"status-publish","4":"has-post-thumbnail","6":"product_cat-mangueras-hidraulicas","8":"first","9":"instock","10":"shipping-taxable","11":"product-type-simple"},"yoast_head":"<!-- This site is optimized with the Yoast SEO plugin v27.4 - https:\/\/yoast.com\/product\/yoast-seo-wordpress\/ -->\n<title>Manguera Hidr\u00e1ulica R15 1\/2&quot; 6000 PSI con 4 espirales\u00a0EFG6K - Tiendas Industriales<\/title>\n<meta name=\"robots\" content=\"index, follow, max-snippet:-1, max-image-preview:large, max-video-preview:-1\" \/>\n<link rel=\"canonical\" href=\"https:\/\/www.tiendasindustriales.com\/store\/producto\/manguera-hidraulica-con-4-espiral-de-alambre-r15-1-2-6000-psi-efg6k\/\" \/>\n<meta property=\"og:locale\" content=\"es_ES\" \/>\n<meta property=\"og:type\" content=\"article\" \/>\n<meta property=\"og:title\" content=\"Manguera Hidr\u00e1ulica R15 1\/2&quot; 6000 PSI con 4 espirales\u00a0EFG6K - Tiendas Industriales\" \/>\n<meta property=\"og:description\" content=\"Recomendada para industrias: Agricultura, Construcci\u00f3n, Miner\u00eda, Manufactura, L\u00ednea Amarilla.\" \/>\n<meta property=\"og:url\" content=\"https:\/\/www.tiendasindustriales.com\/store\/producto\/manguera-hidraulica-con-4-espiral-de-alambre-r15-1-2-6000-psi-efg6k\/\" \/>\n<meta property=\"og:site_name\" content=\"Tiendas Industriales\" \/>\n<meta property=\"article:publisher\" content=\"https:\/\/www.facebook.com\/DiscorreasManguerasyEmpaques\/\" \/>\n<meta property=\"article:modified_time\" content=\"2024-05-30T14:12:25+00:00\" \/>\n<meta property=\"og:image\" content=\"https:\/\/www.tiendasindustriales.com\/store\/wp-content\/uploads\/2024\/05\/R15.jpg\" \/>\n\t<meta property=\"og:image:width\" content=\"2480\" \/>\n\t<meta property=\"og:image:height\" content=\"2474\" \/>\n\t<meta property=\"og:image:type\" content=\"image\/jpeg\" \/>\n<meta name=\"twitter:card\" content=\"summary_large_image\" \/>\n<meta name=\"twitter:label1\" content=\"Tiempo de lectura\" \/>\n\t<meta name=\"twitter:data1\" content=\"3 minutos\" \/>\n<script type=\"application\/ld+json\" class=\"yoast-schema-graph\">{\"@context\":\"https:\\\/\\\/schema.org\",\"@graph\":[{\"@type\":\"WebPage\",\"@id\":\"https:\\\/\\\/www.tiendasindustriales.com\\\/store\\\/producto\\\/manguera-hidraulica-con-4-espiral-de-alambre-r15-1-2-6000-psi-efg6k\\\/\",\"url\":\"https:\\\/\\\/www.tiendasindustriales.com\\\/store\\\/producto\\\/manguera-hidraulica-con-4-espiral-de-alambre-r15-1-2-6000-psi-efg6k\\\/\",\"name\":\"Manguera Hidr\u00e1ulica R15 1\\\/2\\\" 6000 PSI con 4 espirales\u00a0EFG6K - Tiendas Industriales\",\"isPartOf\":{\"@id\":\"https:\\\/\\\/www.tiendasindustriales.com\\\/store\\\/#website\"},\"primaryImageOfPage\":{\"@id\":\"https:\\\/\\\/www.tiendasindustriales.com\\\/store\\\/producto\\\/manguera-hidraulica-con-4-espiral-de-alambre-r15-1-2-6000-psi-efg6k\\\/#primaryimage\"},\"image\":{\"@id\":\"https:\\\/\\\/www.tiendasindustriales.com\\\/store\\\/producto\\\/manguera-hidraulica-con-4-espiral-de-alambre-r15-1-2-6000-psi-efg6k\\\/#primaryimage\"},\"thumbnailUrl\":\"https:\\\/\\\/www.tiendasindustriales.com\\\/store\\\/wp-content\\\/uploads\\\/2024\\\/05\\\/R15.jpg\",\"datePublished\":\"2024-05-29T16:16:58+00:00\",\"dateModified\":\"2024-05-30T14:12:25+00:00\",\"breadcrumb\":{\"@id\":\"https:\\\/\\\/www.tiendasindustriales.com\\\/store\\\/producto\\\/manguera-hidraulica-con-4-espiral-de-alambre-r15-1-2-6000-psi-efg6k\\\/#breadcrumb\"},\"inLanguage\":\"es\",\"potentialAction\":[{\"@type\":\"ReadAction\",\"target\":[\"https:\\\/\\\/www.tiendasindustriales.com\\\/store\\\/producto\\\/manguera-hidraulica-con-4-espiral-de-alambre-r15-1-2-6000-psi-efg6k\\\/\"]}]},{\"@type\":\"ImageObject\",\"inLanguage\":\"es\",\"@id\":\"https:\\\/\\\/www.tiendasindustriales.com\\\/store\\\/producto\\\/manguera-hidraulica-con-4-espiral-de-alambre-r15-1-2-6000-psi-efg6k\\\/#primaryimage\",\"url\":\"https:\\\/\\\/www.tiendasindustriales.com\\\/store\\\/wp-content\\\/uploads\\\/2024\\\/05\\\/R15.jpg\",\"contentUrl\":\"https:\\\/\\\/www.tiendasindustriales.com\\\/store\\\/wp-content\\\/uploads\\\/2024\\\/05\\\/R15.jpg\",\"width\":2480,\"height\":2474},{\"@type\":\"BreadcrumbList\",\"@id\":\"https:\\\/\\\/www.tiendasindustriales.com\\\/store\\\/producto\\\/manguera-hidraulica-con-4-espiral-de-alambre-r15-1-2-6000-psi-efg6k\\\/#breadcrumb\",\"itemListElement\":[{\"@type\":\"ListItem\",\"position\":1,\"name\":\"Portada\",\"item\":\"https:\\\/\\\/www.tiendasindustriales.com\\\/store\\\/\"},{\"@type\":\"ListItem\",\"position\":2,\"name\":\"Tienda\",\"item\":\"https:\\\/\\\/www.tiendasindustriales.com\\\/store\\\/tienda\\\/\"},{\"@type\":\"ListItem\",\"position\":3,\"name\":\"Manguera Hidr\u00e1ulica R15 1\\\/2&#8243; 6000 PSI con 4 espirales\u00a0EFG6K\"}]},{\"@type\":\"WebSite\",\"@id\":\"https:\\\/\\\/www.tiendasindustriales.com\\\/store\\\/#website\",\"url\":\"https:\\\/\\\/www.tiendasindustriales.com\\\/store\\\/\",\"name\":\"Tiendas Industriales\",\"description\":\"Grupo Empresarial\",\"publisher\":{\"@id\":\"https:\\\/\\\/www.tiendasindustriales.com\\\/store\\\/#organization\"},\"potentialAction\":[{\"@type\":\"SearchAction\",\"target\":{\"@type\":\"EntryPoint\",\"urlTemplate\":\"https:\\\/\\\/www.tiendasindustriales.com\\\/store\\\/?s={search_term_string}\"},\"query-input\":{\"@type\":\"PropertyValueSpecification\",\"valueRequired\":true,\"valueName\":\"search_term_string\"}}],\"inLanguage\":\"es\"},{\"@type\":\"Organization\",\"@id\":\"https:\\\/\\\/www.tiendasindustriales.com\\\/store\\\/#organization\",\"name\":\"Tiendas Industriales Grupo Empresarial\",\"url\":\"https:\\\/\\\/www.tiendasindustriales.com\\\/store\\\/\",\"logo\":{\"@type\":\"ImageObject\",\"inLanguage\":\"es\",\"@id\":\"https:\\\/\\\/www.tiendasindustriales.com\\\/store\\\/#\\\/schema\\\/logo\\\/image\\\/\",\"url\":\"https:\\\/\\\/www.tiendasindustriales.com\\\/store\\\/wp-content\\\/uploads\\\/2022\\\/08\\\/Recurso-2logo-index.png\",\"contentUrl\":\"https:\\\/\\\/www.tiendasindustriales.com\\\/store\\\/wp-content\\\/uploads\\\/2022\\\/08\\\/Recurso-2logo-index.png\",\"width\":547,\"height\":219,\"caption\":\"Tiendas Industriales Grupo Empresarial\"},\"image\":{\"@id\":\"https:\\\/\\\/www.tiendasindustriales.com\\\/store\\\/#\\\/schema\\\/logo\\\/image\\\/\"},\"sameAs\":[\"https:\\\/\\\/www.facebook.com\\\/DiscorreasManguerasyEmpaques\\\/\",\"https:\\\/\\\/www.instagram.com\\\/tiendasindustriales\"]}]}<\/script>\n<!-- \/ Yoast SEO plugin. -->","yoast_head_json":{"title":"Manguera Hidr\u00e1ulica R15 1\/2\" 6000 PSI con 4 espirales\u00a0EFG6K - Tiendas Industriales","robots":{"index":"index","follow":"follow","max-snippet":"max-snippet:-1","max-image-preview":"max-image-preview:large","max-video-preview":"max-video-preview:-1"},"canonical":"https:\/\/www.tiendasindustriales.com\/store\/producto\/manguera-hidraulica-con-4-espiral-de-alambre-r15-1-2-6000-psi-efg6k\/","og_locale":"es_ES","og_type":"article","og_title":"Manguera Hidr\u00e1ulica R15 1\/2\" 6000 PSI con 4 espirales\u00a0EFG6K - Tiendas Industriales","og_description":"Recomendada para industrias: Agricultura, Construcci\u00f3n, Miner\u00eda, Manufactura, L\u00ednea Amarilla.","og_url":"https:\/\/www.tiendasindustriales.com\/store\/producto\/manguera-hidraulica-con-4-espiral-de-alambre-r15-1-2-6000-psi-efg6k\/","og_site_name":"Tiendas Industriales","article_publisher":"https:\/\/www.facebook.com\/DiscorreasManguerasyEmpaques\/","article_modified_time":"2024-05-30T14:12:25+00:00","og_image":[{"width":2480,"height":2474,"url":"https:\/\/www.tiendasindustriales.com\/store\/wp-content\/uploads\/2024\/05\/R15.jpg","type":"image\/jpeg"}],"twitter_card":"summary_large_image","twitter_misc":{"Tiempo de lectura":"3 minutos"},"schema":{"@context":"https:\/\/schema.org","@graph":[{"@type":"WebPage","@id":"https:\/\/www.tiendasindustriales.com\/store\/producto\/manguera-hidraulica-con-4-espiral-de-alambre-r15-1-2-6000-psi-efg6k\/","url":"https:\/\/www.tiendasindustriales.com\/store\/producto\/manguera-hidraulica-con-4-espiral-de-alambre-r15-1-2-6000-psi-efg6k\/","name":"Manguera Hidr\u00e1ulica R15 1\/2\" 6000 PSI con 4 espirales\u00a0EFG6K - Tiendas Industriales","isPartOf":{"@id":"https:\/\/www.tiendasindustriales.com\/store\/#website"},"primaryImageOfPage":{"@id":"https:\/\/www.tiendasindustriales.com\/store\/producto\/manguera-hidraulica-con-4-espiral-de-alambre-r15-1-2-6000-psi-efg6k\/#primaryimage"},"image":{"@id":"https:\/\/www.tiendasindustriales.com\/store\/producto\/manguera-hidraulica-con-4-espiral-de-alambre-r15-1-2-6000-psi-efg6k\/#primaryimage"},"thumbnailUrl":"https:\/\/www.tiendasindustriales.com\/store\/wp-content\/uploads\/2024\/05\/R15.jpg","datePublished":"2024-05-29T16:16:58+00:00","dateModified":"2024-05-30T14:12:25+00:00","breadcrumb":{"@id":"https:\/\/www.tiendasindustriales.com\/store\/producto\/manguera-hidraulica-con-4-espiral-de-alambre-r15-1-2-6000-psi-efg6k\/#breadcrumb"},"inLanguage":"es","potentialAction":[{"@type":"ReadAction","target":["https:\/\/www.tiendasindustriales.com\/store\/producto\/manguera-hidraulica-con-4-espiral-de-alambre-r15-1-2-6000-psi-efg6k\/"]}]},{"@type":"ImageObject","inLanguage":"es","@id":"https:\/\/www.tiendasindustriales.com\/store\/producto\/manguera-hidraulica-con-4-espiral-de-alambre-r15-1-2-6000-psi-efg6k\/#primaryimage","url":"https:\/\/www.tiendasindustriales.com\/store\/wp-content\/uploads\/2024\/05\/R15.jpg","contentUrl":"https:\/\/www.tiendasindustriales.com\/store\/wp-content\/uploads\/2024\/05\/R15.jpg","width":2480,"height":2474},{"@type":"BreadcrumbList","@id":"https:\/\/www.tiendasindustriales.com\/store\/producto\/manguera-hidraulica-con-4-espiral-de-alambre-r15-1-2-6000-psi-efg6k\/#breadcrumb","itemListElement":[{"@type":"ListItem","position":1,"name":"Portada","item":"https:\/\/www.tiendasindustriales.com\/store\/"},{"@type":"ListItem","position":2,"name":"Tienda","item":"https:\/\/www.tiendasindustriales.com\/store\/tienda\/"},{"@type":"ListItem","position":3,"name":"Manguera Hidr\u00e1ulica R15 1\/2&#8243; 6000 PSI con 4 espirales\u00a0EFG6K"}]},{"@type":"WebSite","@id":"https:\/\/www.tiendasindustriales.com\/store\/#website","url":"https:\/\/www.tiendasindustriales.com\/store\/","name":"Tiendas Industriales","description":"Grupo Empresarial","publisher":{"@id":"https:\/\/www.tiendasindustriales.com\/store\/#organization"},"potentialAction":[{"@type":"SearchAction","target":{"@type":"EntryPoint","urlTemplate":"https:\/\/www.tiendasindustriales.com\/store\/?s={search_term_string}"},"query-input":{"@type":"PropertyValueSpecification","valueRequired":true,"valueName":"search_term_string"}}],"inLanguage":"es"},{"@type":"Organization","@id":"https:\/\/www.tiendasindustriales.com\/store\/#organization","name":"Tiendas Industriales Grupo Empresarial","url":"https:\/\/www.tiendasindustriales.com\/store\/","logo":{"@type":"ImageObject","inLanguage":"es","@id":"https:\/\/www.tiendasindustriales.com\/store\/#\/schema\/logo\/image\/","url":"https:\/\/www.tiendasindustriales.com\/store\/wp-content\/uploads\/2022\/08\/Recurso-2logo-index.png","contentUrl":"https:\/\/www.tiendasindustriales.com\/store\/wp-content\/uploads\/2022\/08\/Recurso-2logo-index.png","width":547,"height":219,"caption":"Tiendas Industriales Grupo Empresarial"},"image":{"@id":"https:\/\/www.tiendasindustriales.com\/store\/#\/schema\/logo\/image\/"},"sameAs":["https:\/\/www.facebook.com\/DiscorreasManguerasyEmpaques\/","https:\/\/www.instagram.com\/tiendasindustriales"]}]}},"_links":{"self":[{"href":"https:\/\/www.tiendasindustriales.com\/store\/wp-json\/wp\/v2\/product\/11857","targetHints":{"allow":["GET"]}}],"collection":[{"href":"https:\/\/www.tiendasindustriales.com\/store\/wp-json\/wp\/v2\/product"}],"about":[{"href":"https:\/\/www.tiendasindustriales.com\/store\/wp-json\/wp\/v2\/types\/product"}],"replies":[{"embeddable":true,"href":"https:\/\/www.tiendasindustriales.com\/store\/wp-json\/wp\/v2\/comments?post=11857"}],"wp:featuredmedia":[{"embeddable":true,"href":"https:\/\/www.tiendasindustriales.com\/store\/wp-json\/wp\/v2\/media\/11854"}],"wp:attachment":[{"href":"https:\/\/www.tiendasindustriales.com\/store\/wp-json\/wp\/v2\/media?parent=11857"}],"wp:term":[{"taxonomy":"product_brand","embeddable":true,"href":"https:\/\/www.tiendasindustriales.com\/store\/wp-json\/wp\/v2\/product_brand?post=11857"},{"taxonomy":"product_cat","embeddable":true,"href":"https:\/\/www.tiendasindustriales.com\/store\/wp-json\/wp\/v2\/product_cat?post=11857"},{"taxonomy":"product_tag","embeddable":true,"href":"https:\/\/www.tiendasindustriales.com\/store\/wp-json\/wp\/v2\/product_tag?post=11857"}],"curies":[{"name":"wp","href":"https:\/\/api.w.org\/{rel}","templated":true}]}}