{"id":11843,"date":"2024-05-25T10:57:47","date_gmt":"2024-05-25T14:57:47","guid":{"rendered":"https:\/\/www.tiendasindustriales.com\/store\/?post_type=product&#038;p=11843"},"modified":"2024-05-25T11:09:53","modified_gmt":"2024-05-25T15:09:53","slug":"manguera-hidraulica-r2-1-2400-psi-2-trenzas-gates-cr2","status":"publish","type":"product","link":"https:\/\/www.tiendasindustriales.com\/store\/producto\/manguera-hidraulica-r2-1-2400-psi-2-trenzas-gates-cr2\/","title":{"rendered":"Manguera Hidr\u00e1ulica R2 1&#8243; 2400 PSI, 2 Trenzas Gates (CR2)"},"content":{"rendered":"<p>Las mangueras hidr\u00e1ulicas de presi\u00f3n variable PRO\u2122 Serie CR2 de Gates\u00ae aportan rendimiento y fiabilidad mediante un dise\u00f1o de doble cable. Pensadas para aplicaciones hidr\u00e1ulicas menos exigentes, nuestra l\u00ednea de mangueras profesionales est\u00e1 dise\u00f1ada para equilibrar el rendimiento y el coste de inversi\u00f3n en un producto para uso cotidiano. Todos los tama\u00f1os cumplen las especificaciones de rendimiento del sector SAE y EN. Compatibles con los acoplamientos serie PRO\u2122 y MegaCrimp\u00ae de Gates\u00ae.<\/p>\n<h4>CARACTER\u00cdSTICAS Y BENEFICIOS<\/h4>\n<ul>\n<li><strong>TUBO:<\/strong>\u00a0Tubo de caucho sint\u00e9tico negro y resistente al aceite.<\/li>\n<li><strong>REFUERZO:<\/strong>\u00a0acero trenzado de alta resistencia: CR1 = dos capas.<\/li>\n<li><strong>CUBIERTA:<\/strong>\u00a0caucho sint\u00e9tico negro y liso. Cumple con la resistencia al fuego de MSHA.<\/li>\n<li><strong>INTERVALO DE TEMPERATURAS<\/strong>:\u00a0 de \u221240\u00baC a +100\u00baC (de \u221240\u00baF a +212\u00baF).<\/li>\n<\/ul>\n<ul class=\"red-bullets\">\n<li>Probada con los requisitos m\u00ednimos de la SAE 100R2 200\u00a0000 ciclos de impulso.<\/li>\n<li>Compatible con acoplamientos EX.<\/li>\n<li>Rango de temperatura:<\/li>\n<\/ul>\n<ul>\n<li>\n<ul>\n<li>\n<ul>\n<li>de -40\u00b0C a +100\u00b0C<\/li>\n<li>de -40\u00b0F a +212\u00b0F<\/li>\n<\/ul>\n<\/li>\n<\/ul>\n<\/li>\n<\/ul>\n<p><a href=\"https:\/\/www.tiendasindustriales.com\/store\/wp-content\/uploads\/2023\/12\/fichas-tecnicas-de-pro-series-cr1-cr2.pdf\" target=\"_blank\" rel=\"noopener\"><img decoding=\"async\" class=\" wd-lazy-fade alignleft wp-image-9834\" title=\"FICHA T\u00c9CNICA\" src=\"https:\/\/www.tiendasindustriales.com\/store\/wp-content\/themes\/woodmart\/images\/lazy.svg\" data-src=\"https:\/\/www.ventaalinstante.com\/wp-content\/uploads\/2023\/08\/PDF_file_icon.svg-244x300.png\" alt=\"\" width=\"43\" height=\"53\" \/><\/a><\/p>\n<p><span style=\"color: #ffffff;\">B\u00fasquedas asociadas: Tuber\u00eda Manguera de material pl\u00e1stico Manguera estructura Manguera flexible Manguera a prueba de abrasi\u00f3n Manguera de neopreno Manguera para agua Manguera reforzada Manguera con trenza met\u00e1lica Tuber\u00eda lisa Manguera de aspiraci\u00f3n Manguera para productos qu\u00edmicos Manguera lisa Manguera de PVC Manguera de acero Manguera alimentos Manguera para productos alimentarios Manguera de PUR Manguera hidr\u00e1ulica Manguera resistente al aceite mangueras MANGUERA HIDRAHULICA<\/span><\/p>\n<p>&nbsp;<\/p>\n","protected":false},"excerpt":{"rendered":"<p><strong>Recomendada para industrias:<\/strong> Agricultura, Construcci\u00f3n, Miner\u00eda, Manufactura, L\u00ednea Amarilla.<\/p>\n<ul class=\"red-bullets\">\n<li>Revestimiento: Homologaci\u00f3n MSHA.<\/li>\n<li>Est\u00e1ndar: EN 853 2SN.<\/li>\n<\/ul>\n","protected":false},"featured_media":11840,"comment_status":"open","ping_status":"closed","template":"","meta":[],"product_brand":[],"product_cat":[21],"product_tag":[],"class_list":{"0":"post-11843","1":"product","2":"type-product","3":"status-publish","4":"has-post-thumbnail","6":"product_cat-mangueras-hidraulicas","8":"first","9":"instock","10":"shipping-taxable","11":"product-type-simple"},"yoast_head":"<!-- This site is optimized with the Yoast SEO plugin v27.4 - https:\/\/yoast.com\/product\/yoast-seo-wordpress\/ -->\n<title>Manguera Hidr\u00e1ulica R2 1&quot; 2400 PSI, 2 Trenzas Gates (CR2) - Tiendas Industriales<\/title>\n<meta name=\"robots\" content=\"index, follow, max-snippet:-1, max-image-preview:large, max-video-preview:-1\" \/>\n<link rel=\"canonical\" href=\"https:\/\/www.tiendasindustriales.com\/store\/producto\/manguera-hidraulica-r2-1-2400-psi-2-trenzas-gates-cr2\/\" \/>\n<meta property=\"og:locale\" content=\"es_ES\" \/>\n<meta property=\"og:type\" content=\"article\" \/>\n<meta property=\"og:title\" content=\"Manguera Hidr\u00e1ulica R2 1&quot; 2400 PSI, 2 Trenzas Gates (CR2) - Tiendas Industriales\" \/>\n<meta property=\"og:description\" content=\"Recomendada para industrias: Agricultura, Construcci\u00f3n, Miner\u00eda, Manufactura, L\u00ednea Amarilla.   Revestimiento: Homologaci\u00f3n MSHA.  Est\u00e1ndar: EN 853 2SN.\" \/>\n<meta property=\"og:url\" content=\"https:\/\/www.tiendasindustriales.com\/store\/producto\/manguera-hidraulica-r2-1-2400-psi-2-trenzas-gates-cr2\/\" \/>\n<meta property=\"og:site_name\" content=\"Tiendas Industriales\" \/>\n<meta property=\"article:publisher\" content=\"https:\/\/www.facebook.com\/DiscorreasManguerasyEmpaques\/\" \/>\n<meta property=\"article:modified_time\" content=\"2024-05-25T15:09:53+00:00\" \/>\n<meta property=\"og:image\" content=\"https:\/\/www.tiendasindustriales.com\/store\/wp-content\/uploads\/2023\/04\/CR2.jpg\" \/>\n\t<meta property=\"og:image:width\" content=\"2480\" \/>\n\t<meta property=\"og:image:height\" content=\"2474\" \/>\n\t<meta property=\"og:image:type\" content=\"image\/jpeg\" \/>\n<meta name=\"twitter:card\" content=\"summary_large_image\" \/>\n<meta name=\"twitter:label1\" content=\"Tiempo de lectura\" \/>\n\t<meta name=\"twitter:data1\" content=\"2 minutos\" \/>\n<script type=\"application\/ld+json\" class=\"yoast-schema-graph\">{\"@context\":\"https:\\\/\\\/schema.org\",\"@graph\":[{\"@type\":\"WebPage\",\"@id\":\"https:\\\/\\\/www.tiendasindustriales.com\\\/store\\\/producto\\\/manguera-hidraulica-r2-1-2400-psi-2-trenzas-gates-cr2\\\/\",\"url\":\"https:\\\/\\\/www.tiendasindustriales.com\\\/store\\\/producto\\\/manguera-hidraulica-r2-1-2400-psi-2-trenzas-gates-cr2\\\/\",\"name\":\"Manguera Hidr\u00e1ulica R2 1\\\" 2400 PSI, 2 Trenzas Gates (CR2) - Tiendas Industriales\",\"isPartOf\":{\"@id\":\"https:\\\/\\\/www.tiendasindustriales.com\\\/store\\\/#website\"},\"primaryImageOfPage\":{\"@id\":\"https:\\\/\\\/www.tiendasindustriales.com\\\/store\\\/producto\\\/manguera-hidraulica-r2-1-2400-psi-2-trenzas-gates-cr2\\\/#primaryimage\"},\"image\":{\"@id\":\"https:\\\/\\\/www.tiendasindustriales.com\\\/store\\\/producto\\\/manguera-hidraulica-r2-1-2400-psi-2-trenzas-gates-cr2\\\/#primaryimage\"},\"thumbnailUrl\":\"https:\\\/\\\/www.tiendasindustriales.com\\\/store\\\/wp-content\\\/uploads\\\/2023\\\/04\\\/CR2.jpg\",\"datePublished\":\"2024-05-25T14:57:47+00:00\",\"dateModified\":\"2024-05-25T15:09:53+00:00\",\"breadcrumb\":{\"@id\":\"https:\\\/\\\/www.tiendasindustriales.com\\\/store\\\/producto\\\/manguera-hidraulica-r2-1-2400-psi-2-trenzas-gates-cr2\\\/#breadcrumb\"},\"inLanguage\":\"es\",\"potentialAction\":[{\"@type\":\"ReadAction\",\"target\":[\"https:\\\/\\\/www.tiendasindustriales.com\\\/store\\\/producto\\\/manguera-hidraulica-r2-1-2400-psi-2-trenzas-gates-cr2\\\/\"]}]},{\"@type\":\"ImageObject\",\"inLanguage\":\"es\",\"@id\":\"https:\\\/\\\/www.tiendasindustriales.com\\\/store\\\/producto\\\/manguera-hidraulica-r2-1-2400-psi-2-trenzas-gates-cr2\\\/#primaryimage\",\"url\":\"https:\\\/\\\/www.tiendasindustriales.com\\\/store\\\/wp-content\\\/uploads\\\/2023\\\/04\\\/CR2.jpg\",\"contentUrl\":\"https:\\\/\\\/www.tiendasindustriales.com\\\/store\\\/wp-content\\\/uploads\\\/2023\\\/04\\\/CR2.jpg\",\"width\":2480,\"height\":2474},{\"@type\":\"BreadcrumbList\",\"@id\":\"https:\\\/\\\/www.tiendasindustriales.com\\\/store\\\/producto\\\/manguera-hidraulica-r2-1-2400-psi-2-trenzas-gates-cr2\\\/#breadcrumb\",\"itemListElement\":[{\"@type\":\"ListItem\",\"position\":1,\"name\":\"Portada\",\"item\":\"https:\\\/\\\/www.tiendasindustriales.com\\\/store\\\/\"},{\"@type\":\"ListItem\",\"position\":2,\"name\":\"Tienda\",\"item\":\"https:\\\/\\\/www.tiendasindustriales.com\\\/store\\\/tienda\\\/\"},{\"@type\":\"ListItem\",\"position\":3,\"name\":\"Manguera Hidr\u00e1ulica R2 1&#8243; 2400 PSI, 2 Trenzas Gates (CR2)\"}]},{\"@type\":\"WebSite\",\"@id\":\"https:\\\/\\\/www.tiendasindustriales.com\\\/store\\\/#website\",\"url\":\"https:\\\/\\\/www.tiendasindustriales.com\\\/store\\\/\",\"name\":\"Tiendas Industriales\",\"description\":\"Grupo Empresarial\",\"publisher\":{\"@id\":\"https:\\\/\\\/www.tiendasindustriales.com\\\/store\\\/#organization\"},\"potentialAction\":[{\"@type\":\"SearchAction\",\"target\":{\"@type\":\"EntryPoint\",\"urlTemplate\":\"https:\\\/\\\/www.tiendasindustriales.com\\\/store\\\/?s={search_term_string}\"},\"query-input\":{\"@type\":\"PropertyValueSpecification\",\"valueRequired\":true,\"valueName\":\"search_term_string\"}}],\"inLanguage\":\"es\"},{\"@type\":\"Organization\",\"@id\":\"https:\\\/\\\/www.tiendasindustriales.com\\\/store\\\/#organization\",\"name\":\"Tiendas Industriales Grupo Empresarial\",\"url\":\"https:\\\/\\\/www.tiendasindustriales.com\\\/store\\\/\",\"logo\":{\"@type\":\"ImageObject\",\"inLanguage\":\"es\",\"@id\":\"https:\\\/\\\/www.tiendasindustriales.com\\\/store\\\/#\\\/schema\\\/logo\\\/image\\\/\",\"url\":\"https:\\\/\\\/www.tiendasindustriales.com\\\/store\\\/wp-content\\\/uploads\\\/2022\\\/08\\\/Recurso-2logo-index.png\",\"contentUrl\":\"https:\\\/\\\/www.tiendasindustriales.com\\\/store\\\/wp-content\\\/uploads\\\/2022\\\/08\\\/Recurso-2logo-index.png\",\"width\":547,\"height\":219,\"caption\":\"Tiendas Industriales Grupo Empresarial\"},\"image\":{\"@id\":\"https:\\\/\\\/www.tiendasindustriales.com\\\/store\\\/#\\\/schema\\\/logo\\\/image\\\/\"},\"sameAs\":[\"https:\\\/\\\/www.facebook.com\\\/DiscorreasManguerasyEmpaques\\\/\",\"https:\\\/\\\/www.instagram.com\\\/tiendasindustriales\"]}]}<\/script>\n<!-- \/ Yoast SEO plugin. -->","yoast_head_json":{"title":"Manguera Hidr\u00e1ulica R2 1\" 2400 PSI, 2 Trenzas Gates (CR2) - Tiendas Industriales","robots":{"index":"index","follow":"follow","max-snippet":"max-snippet:-1","max-image-preview":"max-image-preview:large","max-video-preview":"max-video-preview:-1"},"canonical":"https:\/\/www.tiendasindustriales.com\/store\/producto\/manguera-hidraulica-r2-1-2400-psi-2-trenzas-gates-cr2\/","og_locale":"es_ES","og_type":"article","og_title":"Manguera Hidr\u00e1ulica R2 1\" 2400 PSI, 2 Trenzas Gates (CR2) - Tiendas Industriales","og_description":"Recomendada para industrias: Agricultura, Construcci\u00f3n, Miner\u00eda, Manufactura, L\u00ednea Amarilla.   Revestimiento: Homologaci\u00f3n MSHA.  Est\u00e1ndar: EN 853 2SN.","og_url":"https:\/\/www.tiendasindustriales.com\/store\/producto\/manguera-hidraulica-r2-1-2400-psi-2-trenzas-gates-cr2\/","og_site_name":"Tiendas Industriales","article_publisher":"https:\/\/www.facebook.com\/DiscorreasManguerasyEmpaques\/","article_modified_time":"2024-05-25T15:09:53+00:00","og_image":[{"width":2480,"height":2474,"url":"https:\/\/www.tiendasindustriales.com\/store\/wp-content\/uploads\/2023\/04\/CR2.jpg","type":"image\/jpeg"}],"twitter_card":"summary_large_image","twitter_misc":{"Tiempo de lectura":"2 minutos"},"schema":{"@context":"https:\/\/schema.org","@graph":[{"@type":"WebPage","@id":"https:\/\/www.tiendasindustriales.com\/store\/producto\/manguera-hidraulica-r2-1-2400-psi-2-trenzas-gates-cr2\/","url":"https:\/\/www.tiendasindustriales.com\/store\/producto\/manguera-hidraulica-r2-1-2400-psi-2-trenzas-gates-cr2\/","name":"Manguera Hidr\u00e1ulica R2 1\" 2400 PSI, 2 Trenzas Gates (CR2) - Tiendas Industriales","isPartOf":{"@id":"https:\/\/www.tiendasindustriales.com\/store\/#website"},"primaryImageOfPage":{"@id":"https:\/\/www.tiendasindustriales.com\/store\/producto\/manguera-hidraulica-r2-1-2400-psi-2-trenzas-gates-cr2\/#primaryimage"},"image":{"@id":"https:\/\/www.tiendasindustriales.com\/store\/producto\/manguera-hidraulica-r2-1-2400-psi-2-trenzas-gates-cr2\/#primaryimage"},"thumbnailUrl":"https:\/\/www.tiendasindustriales.com\/store\/wp-content\/uploads\/2023\/04\/CR2.jpg","datePublished":"2024-05-25T14:57:47+00:00","dateModified":"2024-05-25T15:09:53+00:00","breadcrumb":{"@id":"https:\/\/www.tiendasindustriales.com\/store\/producto\/manguera-hidraulica-r2-1-2400-psi-2-trenzas-gates-cr2\/#breadcrumb"},"inLanguage":"es","potentialAction":[{"@type":"ReadAction","target":["https:\/\/www.tiendasindustriales.com\/store\/producto\/manguera-hidraulica-r2-1-2400-psi-2-trenzas-gates-cr2\/"]}]},{"@type":"ImageObject","inLanguage":"es","@id":"https:\/\/www.tiendasindustriales.com\/store\/producto\/manguera-hidraulica-r2-1-2400-psi-2-trenzas-gates-cr2\/#primaryimage","url":"https:\/\/www.tiendasindustriales.com\/store\/wp-content\/uploads\/2023\/04\/CR2.jpg","contentUrl":"https:\/\/www.tiendasindustriales.com\/store\/wp-content\/uploads\/2023\/04\/CR2.jpg","width":2480,"height":2474},{"@type":"BreadcrumbList","@id":"https:\/\/www.tiendasindustriales.com\/store\/producto\/manguera-hidraulica-r2-1-2400-psi-2-trenzas-gates-cr2\/#breadcrumb","itemListElement":[{"@type":"ListItem","position":1,"name":"Portada","item":"https:\/\/www.tiendasindustriales.com\/store\/"},{"@type":"ListItem","position":2,"name":"Tienda","item":"https:\/\/www.tiendasindustriales.com\/store\/tienda\/"},{"@type":"ListItem","position":3,"name":"Manguera Hidr\u00e1ulica R2 1&#8243; 2400 PSI, 2 Trenzas Gates (CR2)"}]},{"@type":"WebSite","@id":"https:\/\/www.tiendasindustriales.com\/store\/#website","url":"https:\/\/www.tiendasindustriales.com\/store\/","name":"Tiendas Industriales","description":"Grupo Empresarial","publisher":{"@id":"https:\/\/www.tiendasindustriales.com\/store\/#organization"},"potentialAction":[{"@type":"SearchAction","target":{"@type":"EntryPoint","urlTemplate":"https:\/\/www.tiendasindustriales.com\/store\/?s={search_term_string}"},"query-input":{"@type":"PropertyValueSpecification","valueRequired":true,"valueName":"search_term_string"}}],"inLanguage":"es"},{"@type":"Organization","@id":"https:\/\/www.tiendasindustriales.com\/store\/#organization","name":"Tiendas Industriales Grupo Empresarial","url":"https:\/\/www.tiendasindustriales.com\/store\/","logo":{"@type":"ImageObject","inLanguage":"es","@id":"https:\/\/www.tiendasindustriales.com\/store\/#\/schema\/logo\/image\/","url":"https:\/\/www.tiendasindustriales.com\/store\/wp-content\/uploads\/2022\/08\/Recurso-2logo-index.png","contentUrl":"https:\/\/www.tiendasindustriales.com\/store\/wp-content\/uploads\/2022\/08\/Recurso-2logo-index.png","width":547,"height":219,"caption":"Tiendas Industriales Grupo Empresarial"},"image":{"@id":"https:\/\/www.tiendasindustriales.com\/store\/#\/schema\/logo\/image\/"},"sameAs":["https:\/\/www.facebook.com\/DiscorreasManguerasyEmpaques\/","https:\/\/www.instagram.com\/tiendasindustriales"]}]}},"_links":{"self":[{"href":"https:\/\/www.tiendasindustriales.com\/store\/wp-json\/wp\/v2\/product\/11843","targetHints":{"allow":["GET"]}}],"collection":[{"href":"https:\/\/www.tiendasindustriales.com\/store\/wp-json\/wp\/v2\/product"}],"about":[{"href":"https:\/\/www.tiendasindustriales.com\/store\/wp-json\/wp\/v2\/types\/product"}],"replies":[{"embeddable":true,"href":"https:\/\/www.tiendasindustriales.com\/store\/wp-json\/wp\/v2\/comments?post=11843"}],"wp:featuredmedia":[{"embeddable":true,"href":"https:\/\/www.tiendasindustriales.com\/store\/wp-json\/wp\/v2\/media\/11840"}],"wp:attachment":[{"href":"https:\/\/www.tiendasindustriales.com\/store\/wp-json\/wp\/v2\/media?parent=11843"}],"wp:term":[{"taxonomy":"product_brand","embeddable":true,"href":"https:\/\/www.tiendasindustriales.com\/store\/wp-json\/wp\/v2\/product_brand?post=11843"},{"taxonomy":"product_cat","embeddable":true,"href":"https:\/\/www.tiendasindustriales.com\/store\/wp-json\/wp\/v2\/product_cat?post=11843"},{"taxonomy":"product_tag","embeddable":true,"href":"https:\/\/www.tiendasindustriales.com\/store\/wp-json\/wp\/v2\/product_tag?post=11843"}],"curies":[{"name":"wp","href":"https:\/\/api.w.org\/{rel}","templated":true}]}}