{"id":11663,"date":"2023-12-22T09:49:54","date_gmt":"2023-12-22T13:49:54","guid":{"rendered":"https:\/\/www.tiendasindustriales.com\/store\/?post_type=product&#038;p=11663"},"modified":"2024-02-10T12:34:59","modified_gmt":"2024-02-10T16:34:59","slug":"manguera-hidraulica-r1-1-4-3275-psi-1-trenza-8-cr1-gates","status":"publish","type":"product","link":"https:\/\/www.tiendasindustriales.com\/store\/producto\/manguera-hidraulica-r1-1-4-3275-psi-1-trenza-8-cr1-gates\/","title":{"rendered":"Manguera Hidr\u00e1ulica R1 1\/4&#8243; 3275 PSI, 1 Trenza 4CR1 Gates"},"content":{"rendered":"<p>Las mangueras hidr\u00e1ulicas de presi\u00f3n variable PRO\u2122 Serie CR1 de Gates\u00ae aportan rendimiento y fiabilidad mediante un dise\u00f1o con un solo cable. Pensadas para aplicaciones hidr\u00e1ulicas menos exigentes, nuestra l\u00ednea de mangueras profesionales est\u00e1 dise\u00f1ada para equilibrar el rendimiento y la inversi\u00f3n en un producto para uso cotidiano. Todos los tama\u00f1os cumplen las especificaciones de rendimiento del sector SAE y EN. Compatibles con los acoplamientos serie PRO\u2122 y MegaCrimp\u00ae de Gates\u00ae.<\/p>\n<p>&nbsp;<\/p>\n<h5>CARACTER\u00cdSTICAS Y BENEFICIOS<\/h5>\n<ul>\n<li><strong>TUBO:<\/strong> Tubo de caucho sint\u00e9tico negro y resistente al aceite.<\/li>\n<li><strong>REFUERZO:<\/strong> acero trenzado de alta resistencia: CR1\u00a0=\u00a0una capa.<\/li>\n<li><strong>CUBIERTA:<\/strong> caucho sint\u00e9tico negro y liso. Cumple con la resistencia al fuego de MSHA.<\/li>\n<li><strong>INTERVALO DE TEMPERATURAS<\/strong>:\u00a0 de \u221240\u00baC a +100\u00baC (de \u221240\u00baF a +212\u00baF)<\/li>\n<\/ul>\n<p><a href=\"https:\/\/www.tiendasindustriales.com\/store\/wp-content\/uploads\/2023\/12\/fichas-tecnicas-de-pro-series-cr1-cr2.pdf\" target=\"_blank\" rel=\"noopener\"><img decoding=\"async\" class=\" wd-lazy-fade alignleft wp-image-9834\" title=\"FICHA T\u00c9CNICA\" src=\"https:\/\/www.tiendasindustriales.com\/store\/wp-content\/themes\/woodmart\/images\/lazy.svg\" data-src=\"https:\/\/www.ventaalinstante.com\/wp-content\/uploads\/2023\/08\/PDF_file_icon.svg-244x300.png\" alt=\"\" width=\"43\" height=\"53\" \/><\/a><\/p>\n<p><span style=\"color: #ffffff;\">B\u00fasquedas asociadas: Tuber\u00eda Manguera de material pl\u00e1stico Manguera estructura Manguera flexible Manguera a prueba de abrasi\u00f3n Manguera de neopreno Manguera para agua Manguera reforzada Manguera con trenza met\u00e1lica Tuber\u00eda lisa Manguera de aspiraci\u00f3n Manguera para productos qu\u00edmicos Manguera lisa Manguera de PVC Manguera de acero Manguera alimentos Manguera para productos alimentarios Manguera de PUR Manguera hidr\u00e1ulica Manguera resistente al aceite mangueras MANGUERA HIDRAHULICA<\/span><\/p>\n<p>&nbsp;<\/p>\n","protected":false},"excerpt":{"rendered":"<p><strong>Recomendada para industrias:<\/strong> Agricultura, Construcci\u00f3n, Miner\u00eda, Manufactura, L\u00ednea Amarilla.<\/p>\n<ul class=\"red-bullets\">\n<li>Revestimiento: Homologaci\u00f3n MSHA.<\/li>\n<li>Est\u00e1ndar: EN 853 1SN.<\/li>\n<\/ul>\n","protected":false},"featured_media":11661,"comment_status":"open","ping_status":"closed","template":"","meta":[],"product_brand":[],"product_cat":[21],"product_tag":[],"class_list":{"0":"post-11663","1":"product","2":"type-product","3":"status-publish","4":"has-post-thumbnail","6":"product_cat-mangueras-hidraulicas","8":"first","9":"instock","10":"shipping-taxable","11":"product-type-simple"},"yoast_head":"<!-- This site is optimized with the Yoast SEO plugin v27.4 - https:\/\/yoast.com\/product\/yoast-seo-wordpress\/ -->\n<title>Manguera Hidr\u00e1ulica R1 1\/4&quot; 3275 PSI, 1 Trenza 4CR1 Gates - Tiendas Industriales<\/title>\n<meta name=\"robots\" content=\"index, follow, max-snippet:-1, max-image-preview:large, max-video-preview:-1\" \/>\n<link rel=\"canonical\" href=\"https:\/\/www.tiendasindustriales.com\/store\/producto\/manguera-hidraulica-r1-1-4-3275-psi-1-trenza-8-cr1-gates\/\" \/>\n<meta property=\"og:locale\" content=\"es_ES\" \/>\n<meta property=\"og:type\" content=\"article\" \/>\n<meta property=\"og:title\" content=\"Manguera Hidr\u00e1ulica R1 1\/4&quot; 3275 PSI, 1 Trenza 4CR1 Gates - Tiendas Industriales\" \/>\n<meta property=\"og:description\" content=\"Recomendada para industrias: Agricultura, Construcci\u00f3n, Miner\u00eda, Manufactura, L\u00ednea Amarilla.   Revestimiento: Homologaci\u00f3n MSHA.  Est\u00e1ndar: EN 853 1SN.\" \/>\n<meta property=\"og:url\" content=\"https:\/\/www.tiendasindustriales.com\/store\/producto\/manguera-hidraulica-r1-1-4-3275-psi-1-trenza-8-cr1-gates\/\" \/>\n<meta property=\"og:site_name\" content=\"Tiendas Industriales\" \/>\n<meta property=\"article:publisher\" content=\"https:\/\/www.facebook.com\/DiscorreasManguerasyEmpaques\/\" \/>\n<meta property=\"article:modified_time\" content=\"2024-02-10T16:34:59+00:00\" \/>\n<meta property=\"og:image\" content=\"https:\/\/www.tiendasindustriales.com\/store\/wp-content\/uploads\/2023\/12\/PRO-XT-1.jpg\" \/>\n\t<meta property=\"og:image:width\" content=\"2480\" \/>\n\t<meta property=\"og:image:height\" content=\"2474\" \/>\n\t<meta property=\"og:image:type\" content=\"image\/jpeg\" \/>\n<meta name=\"twitter:card\" content=\"summary_large_image\" \/>\n<meta name=\"twitter:label1\" content=\"Tiempo de lectura\" \/>\n\t<meta name=\"twitter:data1\" content=\"2 minutos\" \/>\n<script type=\"application\/ld+json\" class=\"yoast-schema-graph\">{\"@context\":\"https:\\\/\\\/schema.org\",\"@graph\":[{\"@type\":\"WebPage\",\"@id\":\"https:\\\/\\\/www.tiendasindustriales.com\\\/store\\\/producto\\\/manguera-hidraulica-r1-1-4-3275-psi-1-trenza-8-cr1-gates\\\/\",\"url\":\"https:\\\/\\\/www.tiendasindustriales.com\\\/store\\\/producto\\\/manguera-hidraulica-r1-1-4-3275-psi-1-trenza-8-cr1-gates\\\/\",\"name\":\"Manguera Hidr\u00e1ulica R1 1\\\/4\\\" 3275 PSI, 1 Trenza 4CR1 Gates - Tiendas Industriales\",\"isPartOf\":{\"@id\":\"https:\\\/\\\/www.tiendasindustriales.com\\\/store\\\/#website\"},\"primaryImageOfPage\":{\"@id\":\"https:\\\/\\\/www.tiendasindustriales.com\\\/store\\\/producto\\\/manguera-hidraulica-r1-1-4-3275-psi-1-trenza-8-cr1-gates\\\/#primaryimage\"},\"image\":{\"@id\":\"https:\\\/\\\/www.tiendasindustriales.com\\\/store\\\/producto\\\/manguera-hidraulica-r1-1-4-3275-psi-1-trenza-8-cr1-gates\\\/#primaryimage\"},\"thumbnailUrl\":\"https:\\\/\\\/www.tiendasindustriales.com\\\/store\\\/wp-content\\\/uploads\\\/2023\\\/12\\\/PRO-XT-1.jpg\",\"datePublished\":\"2023-12-22T13:49:54+00:00\",\"dateModified\":\"2024-02-10T16:34:59+00:00\",\"breadcrumb\":{\"@id\":\"https:\\\/\\\/www.tiendasindustriales.com\\\/store\\\/producto\\\/manguera-hidraulica-r1-1-4-3275-psi-1-trenza-8-cr1-gates\\\/#breadcrumb\"},\"inLanguage\":\"es\",\"potentialAction\":[{\"@type\":\"ReadAction\",\"target\":[\"https:\\\/\\\/www.tiendasindustriales.com\\\/store\\\/producto\\\/manguera-hidraulica-r1-1-4-3275-psi-1-trenza-8-cr1-gates\\\/\"]}]},{\"@type\":\"ImageObject\",\"inLanguage\":\"es\",\"@id\":\"https:\\\/\\\/www.tiendasindustriales.com\\\/store\\\/producto\\\/manguera-hidraulica-r1-1-4-3275-psi-1-trenza-8-cr1-gates\\\/#primaryimage\",\"url\":\"https:\\\/\\\/www.tiendasindustriales.com\\\/store\\\/wp-content\\\/uploads\\\/2023\\\/12\\\/PRO-XT-1.jpg\",\"contentUrl\":\"https:\\\/\\\/www.tiendasindustriales.com\\\/store\\\/wp-content\\\/uploads\\\/2023\\\/12\\\/PRO-XT-1.jpg\",\"width\":2480,\"height\":2474},{\"@type\":\"BreadcrumbList\",\"@id\":\"https:\\\/\\\/www.tiendasindustriales.com\\\/store\\\/producto\\\/manguera-hidraulica-r1-1-4-3275-psi-1-trenza-8-cr1-gates\\\/#breadcrumb\",\"itemListElement\":[{\"@type\":\"ListItem\",\"position\":1,\"name\":\"Portada\",\"item\":\"https:\\\/\\\/www.tiendasindustriales.com\\\/store\\\/\"},{\"@type\":\"ListItem\",\"position\":2,\"name\":\"Tienda\",\"item\":\"https:\\\/\\\/www.tiendasindustriales.com\\\/store\\\/tienda\\\/\"},{\"@type\":\"ListItem\",\"position\":3,\"name\":\"Manguera Hidr\u00e1ulica R1 1\\\/4&#8243; 3275 PSI, 1 Trenza 4CR1 Gates\"}]},{\"@type\":\"WebSite\",\"@id\":\"https:\\\/\\\/www.tiendasindustriales.com\\\/store\\\/#website\",\"url\":\"https:\\\/\\\/www.tiendasindustriales.com\\\/store\\\/\",\"name\":\"Tiendas Industriales\",\"description\":\"Grupo Empresarial\",\"publisher\":{\"@id\":\"https:\\\/\\\/www.tiendasindustriales.com\\\/store\\\/#organization\"},\"potentialAction\":[{\"@type\":\"SearchAction\",\"target\":{\"@type\":\"EntryPoint\",\"urlTemplate\":\"https:\\\/\\\/www.tiendasindustriales.com\\\/store\\\/?s={search_term_string}\"},\"query-input\":{\"@type\":\"PropertyValueSpecification\",\"valueRequired\":true,\"valueName\":\"search_term_string\"}}],\"inLanguage\":\"es\"},{\"@type\":\"Organization\",\"@id\":\"https:\\\/\\\/www.tiendasindustriales.com\\\/store\\\/#organization\",\"name\":\"Tiendas Industriales Grupo Empresarial\",\"url\":\"https:\\\/\\\/www.tiendasindustriales.com\\\/store\\\/\",\"logo\":{\"@type\":\"ImageObject\",\"inLanguage\":\"es\",\"@id\":\"https:\\\/\\\/www.tiendasindustriales.com\\\/store\\\/#\\\/schema\\\/logo\\\/image\\\/\",\"url\":\"https:\\\/\\\/www.tiendasindustriales.com\\\/store\\\/wp-content\\\/uploads\\\/2022\\\/08\\\/Recurso-2logo-index.png\",\"contentUrl\":\"https:\\\/\\\/www.tiendasindustriales.com\\\/store\\\/wp-content\\\/uploads\\\/2022\\\/08\\\/Recurso-2logo-index.png\",\"width\":547,\"height\":219,\"caption\":\"Tiendas Industriales Grupo Empresarial\"},\"image\":{\"@id\":\"https:\\\/\\\/www.tiendasindustriales.com\\\/store\\\/#\\\/schema\\\/logo\\\/image\\\/\"},\"sameAs\":[\"https:\\\/\\\/www.facebook.com\\\/DiscorreasManguerasyEmpaques\\\/\",\"https:\\\/\\\/www.instagram.com\\\/tiendasindustriales\"]}]}<\/script>\n<!-- \/ Yoast SEO plugin. -->","yoast_head_json":{"title":"Manguera Hidr\u00e1ulica R1 1\/4\" 3275 PSI, 1 Trenza 4CR1 Gates - Tiendas Industriales","robots":{"index":"index","follow":"follow","max-snippet":"max-snippet:-1","max-image-preview":"max-image-preview:large","max-video-preview":"max-video-preview:-1"},"canonical":"https:\/\/www.tiendasindustriales.com\/store\/producto\/manguera-hidraulica-r1-1-4-3275-psi-1-trenza-8-cr1-gates\/","og_locale":"es_ES","og_type":"article","og_title":"Manguera Hidr\u00e1ulica R1 1\/4\" 3275 PSI, 1 Trenza 4CR1 Gates - Tiendas Industriales","og_description":"Recomendada para industrias: Agricultura, Construcci\u00f3n, Miner\u00eda, Manufactura, L\u00ednea Amarilla.   Revestimiento: Homologaci\u00f3n MSHA.  Est\u00e1ndar: EN 853 1SN.","og_url":"https:\/\/www.tiendasindustriales.com\/store\/producto\/manguera-hidraulica-r1-1-4-3275-psi-1-trenza-8-cr1-gates\/","og_site_name":"Tiendas Industriales","article_publisher":"https:\/\/www.facebook.com\/DiscorreasManguerasyEmpaques\/","article_modified_time":"2024-02-10T16:34:59+00:00","og_image":[{"width":2480,"height":2474,"url":"https:\/\/www.tiendasindustriales.com\/store\/wp-content\/uploads\/2023\/12\/PRO-XT-1.jpg","type":"image\/jpeg"}],"twitter_card":"summary_large_image","twitter_misc":{"Tiempo de lectura":"2 minutos"},"schema":{"@context":"https:\/\/schema.org","@graph":[{"@type":"WebPage","@id":"https:\/\/www.tiendasindustriales.com\/store\/producto\/manguera-hidraulica-r1-1-4-3275-psi-1-trenza-8-cr1-gates\/","url":"https:\/\/www.tiendasindustriales.com\/store\/producto\/manguera-hidraulica-r1-1-4-3275-psi-1-trenza-8-cr1-gates\/","name":"Manguera Hidr\u00e1ulica R1 1\/4\" 3275 PSI, 1 Trenza 4CR1 Gates - Tiendas Industriales","isPartOf":{"@id":"https:\/\/www.tiendasindustriales.com\/store\/#website"},"primaryImageOfPage":{"@id":"https:\/\/www.tiendasindustriales.com\/store\/producto\/manguera-hidraulica-r1-1-4-3275-psi-1-trenza-8-cr1-gates\/#primaryimage"},"image":{"@id":"https:\/\/www.tiendasindustriales.com\/store\/producto\/manguera-hidraulica-r1-1-4-3275-psi-1-trenza-8-cr1-gates\/#primaryimage"},"thumbnailUrl":"https:\/\/www.tiendasindustriales.com\/store\/wp-content\/uploads\/2023\/12\/PRO-XT-1.jpg","datePublished":"2023-12-22T13:49:54+00:00","dateModified":"2024-02-10T16:34:59+00:00","breadcrumb":{"@id":"https:\/\/www.tiendasindustriales.com\/store\/producto\/manguera-hidraulica-r1-1-4-3275-psi-1-trenza-8-cr1-gates\/#breadcrumb"},"inLanguage":"es","potentialAction":[{"@type":"ReadAction","target":["https:\/\/www.tiendasindustriales.com\/store\/producto\/manguera-hidraulica-r1-1-4-3275-psi-1-trenza-8-cr1-gates\/"]}]},{"@type":"ImageObject","inLanguage":"es","@id":"https:\/\/www.tiendasindustriales.com\/store\/producto\/manguera-hidraulica-r1-1-4-3275-psi-1-trenza-8-cr1-gates\/#primaryimage","url":"https:\/\/www.tiendasindustriales.com\/store\/wp-content\/uploads\/2023\/12\/PRO-XT-1.jpg","contentUrl":"https:\/\/www.tiendasindustriales.com\/store\/wp-content\/uploads\/2023\/12\/PRO-XT-1.jpg","width":2480,"height":2474},{"@type":"BreadcrumbList","@id":"https:\/\/www.tiendasindustriales.com\/store\/producto\/manguera-hidraulica-r1-1-4-3275-psi-1-trenza-8-cr1-gates\/#breadcrumb","itemListElement":[{"@type":"ListItem","position":1,"name":"Portada","item":"https:\/\/www.tiendasindustriales.com\/store\/"},{"@type":"ListItem","position":2,"name":"Tienda","item":"https:\/\/www.tiendasindustriales.com\/store\/tienda\/"},{"@type":"ListItem","position":3,"name":"Manguera Hidr\u00e1ulica R1 1\/4&#8243; 3275 PSI, 1 Trenza 4CR1 Gates"}]},{"@type":"WebSite","@id":"https:\/\/www.tiendasindustriales.com\/store\/#website","url":"https:\/\/www.tiendasindustriales.com\/store\/","name":"Tiendas Industriales","description":"Grupo Empresarial","publisher":{"@id":"https:\/\/www.tiendasindustriales.com\/store\/#organization"},"potentialAction":[{"@type":"SearchAction","target":{"@type":"EntryPoint","urlTemplate":"https:\/\/www.tiendasindustriales.com\/store\/?s={search_term_string}"},"query-input":{"@type":"PropertyValueSpecification","valueRequired":true,"valueName":"search_term_string"}}],"inLanguage":"es"},{"@type":"Organization","@id":"https:\/\/www.tiendasindustriales.com\/store\/#organization","name":"Tiendas Industriales Grupo Empresarial","url":"https:\/\/www.tiendasindustriales.com\/store\/","logo":{"@type":"ImageObject","inLanguage":"es","@id":"https:\/\/www.tiendasindustriales.com\/store\/#\/schema\/logo\/image\/","url":"https:\/\/www.tiendasindustriales.com\/store\/wp-content\/uploads\/2022\/08\/Recurso-2logo-index.png","contentUrl":"https:\/\/www.tiendasindustriales.com\/store\/wp-content\/uploads\/2022\/08\/Recurso-2logo-index.png","width":547,"height":219,"caption":"Tiendas Industriales Grupo Empresarial"},"image":{"@id":"https:\/\/www.tiendasindustriales.com\/store\/#\/schema\/logo\/image\/"},"sameAs":["https:\/\/www.facebook.com\/DiscorreasManguerasyEmpaques\/","https:\/\/www.instagram.com\/tiendasindustriales"]}]}},"_links":{"self":[{"href":"https:\/\/www.tiendasindustriales.com\/store\/wp-json\/wp\/v2\/product\/11663","targetHints":{"allow":["GET"]}}],"collection":[{"href":"https:\/\/www.tiendasindustriales.com\/store\/wp-json\/wp\/v2\/product"}],"about":[{"href":"https:\/\/www.tiendasindustriales.com\/store\/wp-json\/wp\/v2\/types\/product"}],"replies":[{"embeddable":true,"href":"https:\/\/www.tiendasindustriales.com\/store\/wp-json\/wp\/v2\/comments?post=11663"}],"wp:featuredmedia":[{"embeddable":true,"href":"https:\/\/www.tiendasindustriales.com\/store\/wp-json\/wp\/v2\/media\/11661"}],"wp:attachment":[{"href":"https:\/\/www.tiendasindustriales.com\/store\/wp-json\/wp\/v2\/media?parent=11663"}],"wp:term":[{"taxonomy":"product_brand","embeddable":true,"href":"https:\/\/www.tiendasindustriales.com\/store\/wp-json\/wp\/v2\/product_brand?post=11663"},{"taxonomy":"product_cat","embeddable":true,"href":"https:\/\/www.tiendasindustriales.com\/store\/wp-json\/wp\/v2\/product_cat?post=11663"},{"taxonomy":"product_tag","embeddable":true,"href":"https:\/\/www.tiendasindustriales.com\/store\/wp-json\/wp\/v2\/product_tag?post=11663"}],"curies":[{"name":"wp","href":"https:\/\/api.w.org\/{rel}","templated":true}]}}