{"id":11653,"date":"2023-12-21T16:41:30","date_gmt":"2023-12-21T20:41:30","guid":{"rendered":"https:\/\/www.tiendasindustriales.com\/store\/?post_type=product&#038;p=11653"},"modified":"2024-02-10T12:36:48","modified_gmt":"2024-02-10T16:36:48","slug":"manguera-hidraulica-3-8-4800-psi-1-trenza-proxt-gates","status":"publish","type":"product","link":"https:\/\/www.tiendasindustriales.com\/store\/producto\/manguera-hidraulica-3-8-4800-psi-1-trenza-proxt-gates\/","title":{"rendered":"Manguera Hidr\u00e1ulica 3\/8&#8243; 4800 PSI, 1 Trenza PROXT Gates"},"content":{"rendered":"<h5>ESPECIFICACIONES DEL PRODUCTO PROXT<\/h5>\n<p>Las mangueras hidr\u00e1ulicas de presi\u00f3n variable Gates PRO\u2122 Series ProXT\u2122 ofrecen un rendimiento espec\u00edficamente dise\u00f1ado para aplicaciones hidr\u00e1ulicas en m\u00faltiples mercados finales.\u00a0Todos los tama\u00f1os ofrecen un rendimiento constante seg\u00fan las especificaciones industriales SAE, ISO y EN.\u00a0Las mangueras ProXT\u2122 est\u00e1n calificadas para su uso con la l\u00ednea completa de acoplamientos de la serie PRO\u2122 para garantizar un rendimiento de extremo a extremo, proporcionando una amplia gama de soluciones de ingenier\u00eda para aplicaciones hidr\u00e1ulicas espec\u00edficas.<\/p>\n<ul>\n<li>Calificado con mangueras existentes de la serie Gates PRO\u2122 en tama\u00f1os que van desde -4 a -16, ofreciendo una soluci\u00f3n completa de sistema hidr\u00e1ulico.<\/li>\n<li>La soluci\u00f3n multiusos cumple con los est\u00e1ndares de rendimiento SAE 100R16, ISO 11237 R16, as\u00ed como SAE 100R2 y EN857 2SC.<\/li>\n<li>Fabricado seg\u00fan los est\u00e1ndares profesionales de alta calidad de Gates.<\/li>\n<li>Rango de temperatura: -40 \u00b0C a +100 \u00b0C (-40 \u00b0F a +212 \u00b0F).<\/li>\n<li>Cumple con la resistencia a las llamas de MSHA.<\/li>\n<\/ul>\n<h5>CARACTER\u00cdSTICAS Y BENEFICIOS<\/h5>\n<ul>\n<li>Proporciona un rendimiento confiable para aplicaciones de servicio est\u00e1ndar en industrias como la agricultura, la construcci\u00f3n, la miner\u00eda y la manufactura.<\/li>\n<li>Ideal para aplicaciones hidr\u00e1ulicas no severas de alta presi\u00f3n con bajos requisitos de flexi\u00f3n.<\/li>\n<li>El dise\u00f1o compacto es m\u00e1s flexible y liviano para un manejo m\u00e1s f\u00e1cil y una instalaci\u00f3n m\u00e1s r\u00e1pida.<\/li>\n<li>Nuestros expertos pueden evaluar y optimizar los dise\u00f1os del sistema para garantizar que obtenga el producto adecuado para la aplicaci\u00f3n.<\/li>\n<\/ul>\n<p><a href=\"https:\/\/www.tiendasindustriales.com\/store\/wp-content\/uploads\/2023\/12\/Ficha-tecnica-de-ProXT\u2122-HYDRAULIC-HOSE1.pdf\" target=\"_blank\" rel=\"noopener\"><img decoding=\"async\" class=\" wd-lazy-fade alignleft wp-image-9834\" title=\"FICHA T\u00c9CNICA\" src=\"https:\/\/www.tiendasindustriales.com\/store\/wp-content\/themes\/woodmart\/images\/lazy.svg\" data-src=\"https:\/\/www.ventaalinstante.com\/wp-content\/uploads\/2023\/08\/PDF_file_icon.svg-244x300.png\" alt=\"\" width=\"43\" height=\"53\" \/><\/a><\/p>\n<p><span style=\"color: #ffffff;\">B\u00fasquedas asociadas: Tuber\u00eda Manguera de material pl\u00e1stico Manguera estructura Manguera flexible Manguera a prueba de abrasi\u00f3n Manguera de neopreno Manguera para agua Manguera reforzada Manguera con trenza met\u00e1lica Tuber\u00eda lisa Manguera de aspiraci\u00f3n Manguera para productos qu\u00edmicos Manguera lisa Manguera de PVC Manguera de acero Manguera alimentos Manguera para productos alimentarios Manguera de PUR Manguera hidr\u00e1ulica Manguera resistente al aceite<\/span><\/p>\n<p>&nbsp;<\/p>\n","protected":false},"excerpt":{"rendered":"<p><strong>Recomendada para industrias:<\/strong> Agricultura, Construcci\u00f3n, Miner\u00eda, Manufactura, L\u00ednea Amarilla.<\/p>\n","protected":false},"featured_media":11651,"comment_status":"open","ping_status":"closed","template":"","meta":[],"product_brand":[],"product_cat":[21],"product_tag":[],"class_list":{"0":"post-11653","1":"product","2":"type-product","3":"status-publish","4":"has-post-thumbnail","6":"product_cat-mangueras-hidraulicas","8":"first","9":"instock","10":"shipping-taxable","11":"product-type-simple"},"yoast_head":"<!-- This site is optimized with the Yoast SEO plugin v27.4 - https:\/\/yoast.com\/product\/yoast-seo-wordpress\/ -->\n<title>Manguera Hidr\u00e1ulica 3\/8&quot; 4800 PSI, 1 Trenza PROXT Gates - Tiendas Industriales<\/title>\n<meta name=\"robots\" content=\"index, follow, max-snippet:-1, max-image-preview:large, max-video-preview:-1\" \/>\n<link rel=\"canonical\" href=\"https:\/\/www.tiendasindustriales.com\/store\/producto\/manguera-hidraulica-3-8-4800-psi-1-trenza-proxt-gates\/\" \/>\n<meta property=\"og:locale\" content=\"es_ES\" \/>\n<meta property=\"og:type\" content=\"article\" \/>\n<meta property=\"og:title\" content=\"Manguera Hidr\u00e1ulica 3\/8&quot; 4800 PSI, 1 Trenza PROXT Gates - Tiendas Industriales\" \/>\n<meta property=\"og:description\" content=\"Recomendada para industrias: Agricultura, Construcci\u00f3n, Miner\u00eda, Manufactura, L\u00ednea Amarilla.\" \/>\n<meta property=\"og:url\" content=\"https:\/\/www.tiendasindustriales.com\/store\/producto\/manguera-hidraulica-3-8-4800-psi-1-trenza-proxt-gates\/\" \/>\n<meta property=\"og:site_name\" content=\"Tiendas Industriales\" \/>\n<meta property=\"article:publisher\" content=\"https:\/\/www.facebook.com\/DiscorreasManguerasyEmpaques\/\" \/>\n<meta property=\"article:modified_time\" content=\"2024-02-10T16:36:48+00:00\" \/>\n<meta property=\"og:image\" content=\"https:\/\/www.tiendasindustriales.com\/store\/wp-content\/uploads\/2023\/12\/PRO-XTT.jpg\" \/>\n\t<meta property=\"og:image:width\" content=\"2480\" \/>\n\t<meta property=\"og:image:height\" content=\"2474\" \/>\n\t<meta property=\"og:image:type\" content=\"image\/jpeg\" \/>\n<meta name=\"twitter:card\" content=\"summary_large_image\" \/>\n<meta name=\"twitter:label1\" content=\"Tiempo de lectura\" \/>\n\t<meta name=\"twitter:data1\" content=\"2 minutos\" \/>\n<script type=\"application\/ld+json\" class=\"yoast-schema-graph\">{\"@context\":\"https:\\\/\\\/schema.org\",\"@graph\":[{\"@type\":\"WebPage\",\"@id\":\"https:\\\/\\\/www.tiendasindustriales.com\\\/store\\\/producto\\\/manguera-hidraulica-3-8-4800-psi-1-trenza-proxt-gates\\\/\",\"url\":\"https:\\\/\\\/www.tiendasindustriales.com\\\/store\\\/producto\\\/manguera-hidraulica-3-8-4800-psi-1-trenza-proxt-gates\\\/\",\"name\":\"Manguera Hidr\u00e1ulica 3\\\/8\\\" 4800 PSI, 1 Trenza PROXT Gates - Tiendas Industriales\",\"isPartOf\":{\"@id\":\"https:\\\/\\\/www.tiendasindustriales.com\\\/store\\\/#website\"},\"primaryImageOfPage\":{\"@id\":\"https:\\\/\\\/www.tiendasindustriales.com\\\/store\\\/producto\\\/manguera-hidraulica-3-8-4800-psi-1-trenza-proxt-gates\\\/#primaryimage\"},\"image\":{\"@id\":\"https:\\\/\\\/www.tiendasindustriales.com\\\/store\\\/producto\\\/manguera-hidraulica-3-8-4800-psi-1-trenza-proxt-gates\\\/#primaryimage\"},\"thumbnailUrl\":\"https:\\\/\\\/www.tiendasindustriales.com\\\/store\\\/wp-content\\\/uploads\\\/2023\\\/12\\\/PRO-XTT.jpg\",\"datePublished\":\"2023-12-21T20:41:30+00:00\",\"dateModified\":\"2024-02-10T16:36:48+00:00\",\"breadcrumb\":{\"@id\":\"https:\\\/\\\/www.tiendasindustriales.com\\\/store\\\/producto\\\/manguera-hidraulica-3-8-4800-psi-1-trenza-proxt-gates\\\/#breadcrumb\"},\"inLanguage\":\"es\",\"potentialAction\":[{\"@type\":\"ReadAction\",\"target\":[\"https:\\\/\\\/www.tiendasindustriales.com\\\/store\\\/producto\\\/manguera-hidraulica-3-8-4800-psi-1-trenza-proxt-gates\\\/\"]}]},{\"@type\":\"ImageObject\",\"inLanguage\":\"es\",\"@id\":\"https:\\\/\\\/www.tiendasindustriales.com\\\/store\\\/producto\\\/manguera-hidraulica-3-8-4800-psi-1-trenza-proxt-gates\\\/#primaryimage\",\"url\":\"https:\\\/\\\/www.tiendasindustriales.com\\\/store\\\/wp-content\\\/uploads\\\/2023\\\/12\\\/PRO-XTT.jpg\",\"contentUrl\":\"https:\\\/\\\/www.tiendasindustriales.com\\\/store\\\/wp-content\\\/uploads\\\/2023\\\/12\\\/PRO-XTT.jpg\",\"width\":2480,\"height\":2474},{\"@type\":\"BreadcrumbList\",\"@id\":\"https:\\\/\\\/www.tiendasindustriales.com\\\/store\\\/producto\\\/manguera-hidraulica-3-8-4800-psi-1-trenza-proxt-gates\\\/#breadcrumb\",\"itemListElement\":[{\"@type\":\"ListItem\",\"position\":1,\"name\":\"Portada\",\"item\":\"https:\\\/\\\/www.tiendasindustriales.com\\\/store\\\/\"},{\"@type\":\"ListItem\",\"position\":2,\"name\":\"Tienda\",\"item\":\"https:\\\/\\\/www.tiendasindustriales.com\\\/store\\\/tienda\\\/\"},{\"@type\":\"ListItem\",\"position\":3,\"name\":\"Manguera Hidr\u00e1ulica 3\\\/8&#8243; 4800 PSI, 1 Trenza PROXT Gates\"}]},{\"@type\":\"WebSite\",\"@id\":\"https:\\\/\\\/www.tiendasindustriales.com\\\/store\\\/#website\",\"url\":\"https:\\\/\\\/www.tiendasindustriales.com\\\/store\\\/\",\"name\":\"Tiendas Industriales\",\"description\":\"Grupo Empresarial\",\"publisher\":{\"@id\":\"https:\\\/\\\/www.tiendasindustriales.com\\\/store\\\/#organization\"},\"potentialAction\":[{\"@type\":\"SearchAction\",\"target\":{\"@type\":\"EntryPoint\",\"urlTemplate\":\"https:\\\/\\\/www.tiendasindustriales.com\\\/store\\\/?s={search_term_string}\"},\"query-input\":{\"@type\":\"PropertyValueSpecification\",\"valueRequired\":true,\"valueName\":\"search_term_string\"}}],\"inLanguage\":\"es\"},{\"@type\":\"Organization\",\"@id\":\"https:\\\/\\\/www.tiendasindustriales.com\\\/store\\\/#organization\",\"name\":\"Tiendas Industriales Grupo Empresarial\",\"url\":\"https:\\\/\\\/www.tiendasindustriales.com\\\/store\\\/\",\"logo\":{\"@type\":\"ImageObject\",\"inLanguage\":\"es\",\"@id\":\"https:\\\/\\\/www.tiendasindustriales.com\\\/store\\\/#\\\/schema\\\/logo\\\/image\\\/\",\"url\":\"https:\\\/\\\/www.tiendasindustriales.com\\\/store\\\/wp-content\\\/uploads\\\/2022\\\/08\\\/Recurso-2logo-index.png\",\"contentUrl\":\"https:\\\/\\\/www.tiendasindustriales.com\\\/store\\\/wp-content\\\/uploads\\\/2022\\\/08\\\/Recurso-2logo-index.png\",\"width\":547,\"height\":219,\"caption\":\"Tiendas Industriales Grupo Empresarial\"},\"image\":{\"@id\":\"https:\\\/\\\/www.tiendasindustriales.com\\\/store\\\/#\\\/schema\\\/logo\\\/image\\\/\"},\"sameAs\":[\"https:\\\/\\\/www.facebook.com\\\/DiscorreasManguerasyEmpaques\\\/\",\"https:\\\/\\\/www.instagram.com\\\/tiendasindustriales\"]}]}<\/script>\n<!-- \/ Yoast SEO plugin. -->","yoast_head_json":{"title":"Manguera Hidr\u00e1ulica 3\/8\" 4800 PSI, 1 Trenza PROXT Gates - Tiendas Industriales","robots":{"index":"index","follow":"follow","max-snippet":"max-snippet:-1","max-image-preview":"max-image-preview:large","max-video-preview":"max-video-preview:-1"},"canonical":"https:\/\/www.tiendasindustriales.com\/store\/producto\/manguera-hidraulica-3-8-4800-psi-1-trenza-proxt-gates\/","og_locale":"es_ES","og_type":"article","og_title":"Manguera Hidr\u00e1ulica 3\/8\" 4800 PSI, 1 Trenza PROXT Gates - Tiendas Industriales","og_description":"Recomendada para industrias: Agricultura, Construcci\u00f3n, Miner\u00eda, Manufactura, L\u00ednea Amarilla.","og_url":"https:\/\/www.tiendasindustriales.com\/store\/producto\/manguera-hidraulica-3-8-4800-psi-1-trenza-proxt-gates\/","og_site_name":"Tiendas Industriales","article_publisher":"https:\/\/www.facebook.com\/DiscorreasManguerasyEmpaques\/","article_modified_time":"2024-02-10T16:36:48+00:00","og_image":[{"width":2480,"height":2474,"url":"https:\/\/www.tiendasindustriales.com\/store\/wp-content\/uploads\/2023\/12\/PRO-XTT.jpg","type":"image\/jpeg"}],"twitter_card":"summary_large_image","twitter_misc":{"Tiempo de lectura":"2 minutos"},"schema":{"@context":"https:\/\/schema.org","@graph":[{"@type":"WebPage","@id":"https:\/\/www.tiendasindustriales.com\/store\/producto\/manguera-hidraulica-3-8-4800-psi-1-trenza-proxt-gates\/","url":"https:\/\/www.tiendasindustriales.com\/store\/producto\/manguera-hidraulica-3-8-4800-psi-1-trenza-proxt-gates\/","name":"Manguera Hidr\u00e1ulica 3\/8\" 4800 PSI, 1 Trenza PROXT Gates - Tiendas Industriales","isPartOf":{"@id":"https:\/\/www.tiendasindustriales.com\/store\/#website"},"primaryImageOfPage":{"@id":"https:\/\/www.tiendasindustriales.com\/store\/producto\/manguera-hidraulica-3-8-4800-psi-1-trenza-proxt-gates\/#primaryimage"},"image":{"@id":"https:\/\/www.tiendasindustriales.com\/store\/producto\/manguera-hidraulica-3-8-4800-psi-1-trenza-proxt-gates\/#primaryimage"},"thumbnailUrl":"https:\/\/www.tiendasindustriales.com\/store\/wp-content\/uploads\/2023\/12\/PRO-XTT.jpg","datePublished":"2023-12-21T20:41:30+00:00","dateModified":"2024-02-10T16:36:48+00:00","breadcrumb":{"@id":"https:\/\/www.tiendasindustriales.com\/store\/producto\/manguera-hidraulica-3-8-4800-psi-1-trenza-proxt-gates\/#breadcrumb"},"inLanguage":"es","potentialAction":[{"@type":"ReadAction","target":["https:\/\/www.tiendasindustriales.com\/store\/producto\/manguera-hidraulica-3-8-4800-psi-1-trenza-proxt-gates\/"]}]},{"@type":"ImageObject","inLanguage":"es","@id":"https:\/\/www.tiendasindustriales.com\/store\/producto\/manguera-hidraulica-3-8-4800-psi-1-trenza-proxt-gates\/#primaryimage","url":"https:\/\/www.tiendasindustriales.com\/store\/wp-content\/uploads\/2023\/12\/PRO-XTT.jpg","contentUrl":"https:\/\/www.tiendasindustriales.com\/store\/wp-content\/uploads\/2023\/12\/PRO-XTT.jpg","width":2480,"height":2474},{"@type":"BreadcrumbList","@id":"https:\/\/www.tiendasindustriales.com\/store\/producto\/manguera-hidraulica-3-8-4800-psi-1-trenza-proxt-gates\/#breadcrumb","itemListElement":[{"@type":"ListItem","position":1,"name":"Portada","item":"https:\/\/www.tiendasindustriales.com\/store\/"},{"@type":"ListItem","position":2,"name":"Tienda","item":"https:\/\/www.tiendasindustriales.com\/store\/tienda\/"},{"@type":"ListItem","position":3,"name":"Manguera Hidr\u00e1ulica 3\/8&#8243; 4800 PSI, 1 Trenza PROXT Gates"}]},{"@type":"WebSite","@id":"https:\/\/www.tiendasindustriales.com\/store\/#website","url":"https:\/\/www.tiendasindustriales.com\/store\/","name":"Tiendas Industriales","description":"Grupo Empresarial","publisher":{"@id":"https:\/\/www.tiendasindustriales.com\/store\/#organization"},"potentialAction":[{"@type":"SearchAction","target":{"@type":"EntryPoint","urlTemplate":"https:\/\/www.tiendasindustriales.com\/store\/?s={search_term_string}"},"query-input":{"@type":"PropertyValueSpecification","valueRequired":true,"valueName":"search_term_string"}}],"inLanguage":"es"},{"@type":"Organization","@id":"https:\/\/www.tiendasindustriales.com\/store\/#organization","name":"Tiendas Industriales Grupo Empresarial","url":"https:\/\/www.tiendasindustriales.com\/store\/","logo":{"@type":"ImageObject","inLanguage":"es","@id":"https:\/\/www.tiendasindustriales.com\/store\/#\/schema\/logo\/image\/","url":"https:\/\/www.tiendasindustriales.com\/store\/wp-content\/uploads\/2022\/08\/Recurso-2logo-index.png","contentUrl":"https:\/\/www.tiendasindustriales.com\/store\/wp-content\/uploads\/2022\/08\/Recurso-2logo-index.png","width":547,"height":219,"caption":"Tiendas Industriales Grupo Empresarial"},"image":{"@id":"https:\/\/www.tiendasindustriales.com\/store\/#\/schema\/logo\/image\/"},"sameAs":["https:\/\/www.facebook.com\/DiscorreasManguerasyEmpaques\/","https:\/\/www.instagram.com\/tiendasindustriales"]}]}},"_links":{"self":[{"href":"https:\/\/www.tiendasindustriales.com\/store\/wp-json\/wp\/v2\/product\/11653","targetHints":{"allow":["GET"]}}],"collection":[{"href":"https:\/\/www.tiendasindustriales.com\/store\/wp-json\/wp\/v2\/product"}],"about":[{"href":"https:\/\/www.tiendasindustriales.com\/store\/wp-json\/wp\/v2\/types\/product"}],"replies":[{"embeddable":true,"href":"https:\/\/www.tiendasindustriales.com\/store\/wp-json\/wp\/v2\/comments?post=11653"}],"wp:featuredmedia":[{"embeddable":true,"href":"https:\/\/www.tiendasindustriales.com\/store\/wp-json\/wp\/v2\/media\/11651"}],"wp:attachment":[{"href":"https:\/\/www.tiendasindustriales.com\/store\/wp-json\/wp\/v2\/media?parent=11653"}],"wp:term":[{"taxonomy":"product_brand","embeddable":true,"href":"https:\/\/www.tiendasindustriales.com\/store\/wp-json\/wp\/v2\/product_brand?post=11653"},{"taxonomy":"product_cat","embeddable":true,"href":"https:\/\/www.tiendasindustriales.com\/store\/wp-json\/wp\/v2\/product_cat?post=11653"},{"taxonomy":"product_tag","embeddable":true,"href":"https:\/\/www.tiendasindustriales.com\/store\/wp-json\/wp\/v2\/product_tag?post=11653"}],"curies":[{"name":"wp","href":"https:\/\/api.w.org\/{rel}","templated":true}]}}