{"id":11533,"date":"2023-09-19T03:17:40","date_gmt":"2023-09-19T03:17:40","guid":{"rendered":"https:\/\/www.tiendasindustriales.com\/store\/?post_type=product&#038;p=11533"},"modified":"2026-02-02T03:27:19","modified_gmt":"2026-02-02T07:27:19","slug":"manguera-para-limpieza-de-alcantarillado-de-1-2500-psi-piranha","status":"publish","type":"product","link":"https:\/\/www.tiendasindustriales.com\/store\/producto\/manguera-para-limpieza-de-alcantarillado-de-1-2500-psi-piranha\/","title":{"rendered":"Manguera Para Limpieza De Alcantarillado de 1&#8243; 2500 psi Piranha\u00ae"},"content":{"rendered":"<p>Manguera de alta presi\u00f3n reforzadas para aplicaciones en cloacas y alcantarillas. Manguera Piranha\u00ae de alta presi\u00f3n (250 bar) para limpieza de cloacas, fabricada con un tubo interno de poliolefina amarilla, dos trenzas de fibras sint\u00e9ticas de alta tracci\u00f3n y una cubierta de poliuretano granate resistente a la abrasi\u00f3n. la cubierta es tipo Slither\u00ae ultra resbaladiza que permite que la manguera maniobre alrededor y a trav\u00e9s de curvas dif\u00edciles de alcantarillado.<\/p>\n<p>Todas las mangueras Piranha\u00ae se someten a pruebas de presi\u00f3n al 100%. Se ensamblan utilizando roscas Macho X Macho NPT.<\/p>\n<p>Hoy en d\u00eda, Piranha\u00ae Hose Products, Inc. est\u00e1 ah\u00ed para satisfacer sus necesidades de productos de mangueras de alta presi\u00f3n para los mercados de alcantarillado, pintura en aerosol y mangueras hidr\u00e1ulicas. Adem\u00e1s, Piranha puede ayudarle en el desarrollo de productos de mangueras especialmente dise\u00f1ados para aplicaciones emergentes que satisfagan las necesidades de un mundo en constante cambio.<\/p>\n<p><span style=\"color: #ffffff;\">B\u00fasquedas asociadas: Tuber\u00eda Manguera de material pl\u00e1stico Manguera estructura Manguera flexible Manguera a prueba de abrasi\u00f3n Manguera de neopreno Manguera para agua Manguera reforzada Manguera con trenza met\u00e1lica Tuber\u00eda lisa Manguera de aspiraci\u00f3n Manguera para productos qu\u00edmicos Manguera lisa Manguera de PVC Manguera de acero Manguera alimentos Manguera para productos alimentarios Manguera de PUR Manguera hidr\u00e1ulica Manguera resistente al aceite<\/span><\/p>\n<p>&nbsp;<\/p>\n","protected":false},"excerpt":{"rendered":"<h5><strong>ESPECIFICACIONES T\u00c9CNICAS DEL PRODUCTO<\/strong><\/h5>\n<ul>\n<li>Di\u00e1metro: 1\u201d<\/li>\n<li>Longitud: 400 ft<\/li>\n<li>Color: Anaranjado<\/li>\n<li>M\u00e1x presi\u00f3n que soporta: 2500 PSI<\/li>\n<\/ul>\n<p>Especiales usos: Para camiones tipo VACTOR, AQUATECH, CAMEL.<\/p>\n","protected":false},"featured_media":11504,"comment_status":"open","ping_status":"closed","template":"","meta":[],"product_brand":[],"product_cat":[42],"product_tag":[142],"class_list":{"0":"post-11533","1":"product","2":"type-product","3":"status-publish","4":"has-post-thumbnail","6":"product_cat-mangueras-industriales","7":"product_tag-productos-en-oferta","9":"first","10":"instock","11":"sale","12":"shipping-taxable","13":"purchasable","14":"product-type-simple"},"yoast_head":"<!-- This site is optimized with the Yoast SEO plugin v27.4 - https:\/\/yoast.com\/product\/yoast-seo-wordpress\/ -->\n<title>Manguera Para Limpieza De Alcantarillado de 1&quot; 2500 psi Piranha\u00ae - Tiendas Industriales<\/title>\n<meta name=\"robots\" content=\"index, follow, max-snippet:-1, max-image-preview:large, max-video-preview:-1\" \/>\n<link rel=\"canonical\" href=\"https:\/\/www.tiendasindustriales.com\/store\/producto\/manguera-para-limpieza-de-alcantarillado-de-1-2500-psi-piranha\/\" \/>\n<meta property=\"og:locale\" content=\"es_ES\" \/>\n<meta property=\"og:type\" content=\"article\" \/>\n<meta property=\"og:title\" content=\"Manguera Para Limpieza De Alcantarillado de 1&quot; 2500 psi Piranha\u00ae - Tiendas Industriales\" \/>\n<meta property=\"og:description\" content=\"ESPECIFICACIONES T\u00c9CNICAS DEL PRODUCTO   Di\u00e1metro: 1\u201d  Longitud: 400 ft  Color: Anaranjado  M\u00e1x presi\u00f3n que soporta: 2500 PSI  Especiales usos: Para camiones tipo VACTOR, AQUATECH, CAMEL.\" \/>\n<meta property=\"og:url\" content=\"https:\/\/www.tiendasindustriales.com\/store\/producto\/manguera-para-limpieza-de-alcantarillado-de-1-2500-psi-piranha\/\" \/>\n<meta property=\"og:site_name\" content=\"Tiendas Industriales\" \/>\n<meta property=\"article:publisher\" content=\"https:\/\/www.facebook.com\/DiscorreasManguerasyEmpaques\/\" \/>\n<meta property=\"article:modified_time\" content=\"2026-02-02T07:27:19+00:00\" \/>\n<meta property=\"og:image\" content=\"https:\/\/www.tiendasindustriales.com\/store\/wp-content\/uploads\/2023\/09\/Manguera-naranja.jpg\" \/>\n\t<meta property=\"og:image:width\" content=\"2480\" \/>\n\t<meta property=\"og:image:height\" content=\"2474\" \/>\n\t<meta property=\"og:image:type\" content=\"image\/jpeg\" \/>\n<meta name=\"twitter:card\" content=\"summary_large_image\" \/>\n<meta name=\"twitter:label1\" content=\"Tiempo de lectura\" \/>\n\t<meta name=\"twitter:data1\" content=\"2 minutos\" \/>\n<script type=\"application\/ld+json\" class=\"yoast-schema-graph\">{\"@context\":\"https:\\\/\\\/schema.org\",\"@graph\":[{\"@type\":\"WebPage\",\"@id\":\"https:\\\/\\\/www.tiendasindustriales.com\\\/store\\\/producto\\\/manguera-para-limpieza-de-alcantarillado-de-1-2500-psi-piranha\\\/\",\"url\":\"https:\\\/\\\/www.tiendasindustriales.com\\\/store\\\/producto\\\/manguera-para-limpieza-de-alcantarillado-de-1-2500-psi-piranha\\\/\",\"name\":\"Manguera Para Limpieza De Alcantarillado de 1\\\" 2500 psi Piranha\u00ae - Tiendas Industriales\",\"isPartOf\":{\"@id\":\"https:\\\/\\\/www.tiendasindustriales.com\\\/store\\\/#website\"},\"primaryImageOfPage\":{\"@id\":\"https:\\\/\\\/www.tiendasindustriales.com\\\/store\\\/producto\\\/manguera-para-limpieza-de-alcantarillado-de-1-2500-psi-piranha\\\/#primaryimage\"},\"image\":{\"@id\":\"https:\\\/\\\/www.tiendasindustriales.com\\\/store\\\/producto\\\/manguera-para-limpieza-de-alcantarillado-de-1-2500-psi-piranha\\\/#primaryimage\"},\"thumbnailUrl\":\"https:\\\/\\\/www.tiendasindustriales.com\\\/store\\\/wp-content\\\/uploads\\\/2023\\\/09\\\/Manguera-naranja.jpg\",\"datePublished\":\"2023-09-19T03:17:40+00:00\",\"dateModified\":\"2026-02-02T07:27:19+00:00\",\"breadcrumb\":{\"@id\":\"https:\\\/\\\/www.tiendasindustriales.com\\\/store\\\/producto\\\/manguera-para-limpieza-de-alcantarillado-de-1-2500-psi-piranha\\\/#breadcrumb\"},\"inLanguage\":\"es\",\"potentialAction\":[{\"@type\":\"ReadAction\",\"target\":[\"https:\\\/\\\/www.tiendasindustriales.com\\\/store\\\/producto\\\/manguera-para-limpieza-de-alcantarillado-de-1-2500-psi-piranha\\\/\"]}]},{\"@type\":\"ImageObject\",\"inLanguage\":\"es\",\"@id\":\"https:\\\/\\\/www.tiendasindustriales.com\\\/store\\\/producto\\\/manguera-para-limpieza-de-alcantarillado-de-1-2500-psi-piranha\\\/#primaryimage\",\"url\":\"https:\\\/\\\/www.tiendasindustriales.com\\\/store\\\/wp-content\\\/uploads\\\/2023\\\/09\\\/Manguera-naranja.jpg\",\"contentUrl\":\"https:\\\/\\\/www.tiendasindustriales.com\\\/store\\\/wp-content\\\/uploads\\\/2023\\\/09\\\/Manguera-naranja.jpg\",\"width\":2480,\"height\":2474,\"caption\":\"Manguera Para Limpieza De alcantarillas\"},{\"@type\":\"BreadcrumbList\",\"@id\":\"https:\\\/\\\/www.tiendasindustriales.com\\\/store\\\/producto\\\/manguera-para-limpieza-de-alcantarillado-de-1-2500-psi-piranha\\\/#breadcrumb\",\"itemListElement\":[{\"@type\":\"ListItem\",\"position\":1,\"name\":\"Portada\",\"item\":\"https:\\\/\\\/www.tiendasindustriales.com\\\/store\\\/\"},{\"@type\":\"ListItem\",\"position\":2,\"name\":\"Tienda\",\"item\":\"https:\\\/\\\/www.tiendasindustriales.com\\\/store\\\/tienda\\\/\"},{\"@type\":\"ListItem\",\"position\":3,\"name\":\"Manguera Para Limpieza De Alcantarillado de 1&#8243; 2500 psi Piranha\u00ae\"}]},{\"@type\":\"WebSite\",\"@id\":\"https:\\\/\\\/www.tiendasindustriales.com\\\/store\\\/#website\",\"url\":\"https:\\\/\\\/www.tiendasindustriales.com\\\/store\\\/\",\"name\":\"Tiendas Industriales\",\"description\":\"Grupo Empresarial\",\"publisher\":{\"@id\":\"https:\\\/\\\/www.tiendasindustriales.com\\\/store\\\/#organization\"},\"potentialAction\":[{\"@type\":\"SearchAction\",\"target\":{\"@type\":\"EntryPoint\",\"urlTemplate\":\"https:\\\/\\\/www.tiendasindustriales.com\\\/store\\\/?s={search_term_string}\"},\"query-input\":{\"@type\":\"PropertyValueSpecification\",\"valueRequired\":true,\"valueName\":\"search_term_string\"}}],\"inLanguage\":\"es\"},{\"@type\":\"Organization\",\"@id\":\"https:\\\/\\\/www.tiendasindustriales.com\\\/store\\\/#organization\",\"name\":\"Tiendas Industriales Grupo Empresarial\",\"url\":\"https:\\\/\\\/www.tiendasindustriales.com\\\/store\\\/\",\"logo\":{\"@type\":\"ImageObject\",\"inLanguage\":\"es\",\"@id\":\"https:\\\/\\\/www.tiendasindustriales.com\\\/store\\\/#\\\/schema\\\/logo\\\/image\\\/\",\"url\":\"https:\\\/\\\/www.tiendasindustriales.com\\\/store\\\/wp-content\\\/uploads\\\/2022\\\/08\\\/Recurso-2logo-index.png\",\"contentUrl\":\"https:\\\/\\\/www.tiendasindustriales.com\\\/store\\\/wp-content\\\/uploads\\\/2022\\\/08\\\/Recurso-2logo-index.png\",\"width\":547,\"height\":219,\"caption\":\"Tiendas Industriales Grupo Empresarial\"},\"image\":{\"@id\":\"https:\\\/\\\/www.tiendasindustriales.com\\\/store\\\/#\\\/schema\\\/logo\\\/image\\\/\"},\"sameAs\":[\"https:\\\/\\\/www.facebook.com\\\/DiscorreasManguerasyEmpaques\\\/\",\"https:\\\/\\\/www.instagram.com\\\/tiendasindustriales\"]}]}<\/script>\n<!-- \/ Yoast SEO plugin. -->","yoast_head_json":{"title":"Manguera Para Limpieza De Alcantarillado de 1\" 2500 psi Piranha\u00ae - Tiendas Industriales","robots":{"index":"index","follow":"follow","max-snippet":"max-snippet:-1","max-image-preview":"max-image-preview:large","max-video-preview":"max-video-preview:-1"},"canonical":"https:\/\/www.tiendasindustriales.com\/store\/producto\/manguera-para-limpieza-de-alcantarillado-de-1-2500-psi-piranha\/","og_locale":"es_ES","og_type":"article","og_title":"Manguera Para Limpieza De Alcantarillado de 1\" 2500 psi Piranha\u00ae - Tiendas Industriales","og_description":"ESPECIFICACIONES T\u00c9CNICAS DEL PRODUCTO   Di\u00e1metro: 1\u201d  Longitud: 400 ft  Color: Anaranjado  M\u00e1x presi\u00f3n que soporta: 2500 PSI  Especiales usos: Para camiones tipo VACTOR, AQUATECH, CAMEL.","og_url":"https:\/\/www.tiendasindustriales.com\/store\/producto\/manguera-para-limpieza-de-alcantarillado-de-1-2500-psi-piranha\/","og_site_name":"Tiendas Industriales","article_publisher":"https:\/\/www.facebook.com\/DiscorreasManguerasyEmpaques\/","article_modified_time":"2026-02-02T07:27:19+00:00","og_image":[{"width":2480,"height":2474,"url":"https:\/\/www.tiendasindustriales.com\/store\/wp-content\/uploads\/2023\/09\/Manguera-naranja.jpg","type":"image\/jpeg"}],"twitter_card":"summary_large_image","twitter_misc":{"Tiempo de lectura":"2 minutos"},"schema":{"@context":"https:\/\/schema.org","@graph":[{"@type":"WebPage","@id":"https:\/\/www.tiendasindustriales.com\/store\/producto\/manguera-para-limpieza-de-alcantarillado-de-1-2500-psi-piranha\/","url":"https:\/\/www.tiendasindustriales.com\/store\/producto\/manguera-para-limpieza-de-alcantarillado-de-1-2500-psi-piranha\/","name":"Manguera Para Limpieza De Alcantarillado de 1\" 2500 psi Piranha\u00ae - Tiendas Industriales","isPartOf":{"@id":"https:\/\/www.tiendasindustriales.com\/store\/#website"},"primaryImageOfPage":{"@id":"https:\/\/www.tiendasindustriales.com\/store\/producto\/manguera-para-limpieza-de-alcantarillado-de-1-2500-psi-piranha\/#primaryimage"},"image":{"@id":"https:\/\/www.tiendasindustriales.com\/store\/producto\/manguera-para-limpieza-de-alcantarillado-de-1-2500-psi-piranha\/#primaryimage"},"thumbnailUrl":"https:\/\/www.tiendasindustriales.com\/store\/wp-content\/uploads\/2023\/09\/Manguera-naranja.jpg","datePublished":"2023-09-19T03:17:40+00:00","dateModified":"2026-02-02T07:27:19+00:00","breadcrumb":{"@id":"https:\/\/www.tiendasindustriales.com\/store\/producto\/manguera-para-limpieza-de-alcantarillado-de-1-2500-psi-piranha\/#breadcrumb"},"inLanguage":"es","potentialAction":[{"@type":"ReadAction","target":["https:\/\/www.tiendasindustriales.com\/store\/producto\/manguera-para-limpieza-de-alcantarillado-de-1-2500-psi-piranha\/"]}]},{"@type":"ImageObject","inLanguage":"es","@id":"https:\/\/www.tiendasindustriales.com\/store\/producto\/manguera-para-limpieza-de-alcantarillado-de-1-2500-psi-piranha\/#primaryimage","url":"https:\/\/www.tiendasindustriales.com\/store\/wp-content\/uploads\/2023\/09\/Manguera-naranja.jpg","contentUrl":"https:\/\/www.tiendasindustriales.com\/store\/wp-content\/uploads\/2023\/09\/Manguera-naranja.jpg","width":2480,"height":2474,"caption":"Manguera Para Limpieza De alcantarillas"},{"@type":"BreadcrumbList","@id":"https:\/\/www.tiendasindustriales.com\/store\/producto\/manguera-para-limpieza-de-alcantarillado-de-1-2500-psi-piranha\/#breadcrumb","itemListElement":[{"@type":"ListItem","position":1,"name":"Portada","item":"https:\/\/www.tiendasindustriales.com\/store\/"},{"@type":"ListItem","position":2,"name":"Tienda","item":"https:\/\/www.tiendasindustriales.com\/store\/tienda\/"},{"@type":"ListItem","position":3,"name":"Manguera Para Limpieza De Alcantarillado de 1&#8243; 2500 psi Piranha\u00ae"}]},{"@type":"WebSite","@id":"https:\/\/www.tiendasindustriales.com\/store\/#website","url":"https:\/\/www.tiendasindustriales.com\/store\/","name":"Tiendas Industriales","description":"Grupo Empresarial","publisher":{"@id":"https:\/\/www.tiendasindustriales.com\/store\/#organization"},"potentialAction":[{"@type":"SearchAction","target":{"@type":"EntryPoint","urlTemplate":"https:\/\/www.tiendasindustriales.com\/store\/?s={search_term_string}"},"query-input":{"@type":"PropertyValueSpecification","valueRequired":true,"valueName":"search_term_string"}}],"inLanguage":"es"},{"@type":"Organization","@id":"https:\/\/www.tiendasindustriales.com\/store\/#organization","name":"Tiendas Industriales Grupo Empresarial","url":"https:\/\/www.tiendasindustriales.com\/store\/","logo":{"@type":"ImageObject","inLanguage":"es","@id":"https:\/\/www.tiendasindustriales.com\/store\/#\/schema\/logo\/image\/","url":"https:\/\/www.tiendasindustriales.com\/store\/wp-content\/uploads\/2022\/08\/Recurso-2logo-index.png","contentUrl":"https:\/\/www.tiendasindustriales.com\/store\/wp-content\/uploads\/2022\/08\/Recurso-2logo-index.png","width":547,"height":219,"caption":"Tiendas Industriales Grupo Empresarial"},"image":{"@id":"https:\/\/www.tiendasindustriales.com\/store\/#\/schema\/logo\/image\/"},"sameAs":["https:\/\/www.facebook.com\/DiscorreasManguerasyEmpaques\/","https:\/\/www.instagram.com\/tiendasindustriales"]}]}},"_links":{"self":[{"href":"https:\/\/www.tiendasindustriales.com\/store\/wp-json\/wp\/v2\/product\/11533","targetHints":{"allow":["GET"]}}],"collection":[{"href":"https:\/\/www.tiendasindustriales.com\/store\/wp-json\/wp\/v2\/product"}],"about":[{"href":"https:\/\/www.tiendasindustriales.com\/store\/wp-json\/wp\/v2\/types\/product"}],"replies":[{"embeddable":true,"href":"https:\/\/www.tiendasindustriales.com\/store\/wp-json\/wp\/v2\/comments?post=11533"}],"wp:featuredmedia":[{"embeddable":true,"href":"https:\/\/www.tiendasindustriales.com\/store\/wp-json\/wp\/v2\/media\/11504"}],"wp:attachment":[{"href":"https:\/\/www.tiendasindustriales.com\/store\/wp-json\/wp\/v2\/media?parent=11533"}],"wp:term":[{"taxonomy":"product_brand","embeddable":true,"href":"https:\/\/www.tiendasindustriales.com\/store\/wp-json\/wp\/v2\/product_brand?post=11533"},{"taxonomy":"product_cat","embeddable":true,"href":"https:\/\/www.tiendasindustriales.com\/store\/wp-json\/wp\/v2\/product_cat?post=11533"},{"taxonomy":"product_tag","embeddable":true,"href":"https:\/\/www.tiendasindustriales.com\/store\/wp-json\/wp\/v2\/product_tag?post=11533"}],"curies":[{"name":"wp","href":"https:\/\/api.w.org\/{rel}","templated":true}]}}