{"id":9621,"date":"2022-10-10T19:46:19","date_gmt":"2022-10-10T19:46:19","guid":{"rendered":"https:\/\/www.tiendasindustriales.com\/store\/?page_id=9621"},"modified":"2022-10-10T19:46:19","modified_gmt":"2022-10-10T19:46:19","slug":"politica-de-tratamiento-de-datos-personales","status":"publish","type":"page","link":"https:\/\/www.tiendasindustriales.com\/store\/politica-de-tratamiento-de-datos-personales\/","title":{"rendered":"Pol\u00edtica de Tratamiento de Datos Personales"},"content":{"rendered":"<div class=\"wpb-content-wrapper\"><p>[vc_row][vc_column][vc_column_text woodmart_inline=&#8221;no&#8221; text_larger=&#8221;no&#8221;]<strong>AUTORIZACI\u00d3N PARA EL TRATAMIENTO DE DATOS PERSONALES<\/strong><\/p>\n<p>Con el prop\u00f3sito de dar un adecuado tratamiento a su informaci\u00f3n personal de acuerdo al marco jur\u00eddico de \u201cProtecci\u00f3n de Datos Personales\u201d reglamentado por\u00a0 el art\u00edculo 15 de la Constituci\u00f3n Pol\u00edtica Nacional, la Ley 1581 de 2012 y el Decreto 1377 de 2013, que desarrolla los derechos constitucionales que tienen las personas de conocer, actualizar y rectificar todo tipo de informaci\u00f3n personal, que sea objeto de tratamiento en bases de datos de entidades p\u00fablicas y\/o privadas, la informaci\u00f3n que reposa en las bases de datos de<strong> DISCORREAS MANGUERAS Y EMPAQUES S.A. NIT 860.514.851 (DISCORREAS)<\/strong> ser\u00e1 tratada mediante el uso y mantenimiento de medidas de seguridad t\u00e9cnicas, f\u00edsicas y administrativas, a fin de impedir que terceros no autorizados accedan a la misma.<\/p>\n<p>El tratamiento de los datos personales de trabajadores, contratistas, proveedores, socios y en general, toda persona que llegue a tener alguna relaci\u00f3n jur\u00eddica o comercial con DISCORREAS tiene las siguientes finalidades: (i) llevar a cabo evaluaciones cualitativas y cuantitativas de los niveles de bienes\/servicios recibidos por contratos de trabajo y de prestaci\u00f3n de servicios; (ii) seleccionar proveedores potenciales para adquirir bienes\/ servicios; (iii) ejercer control y registro contable de las obligaciones contra\u00eddas por DISCORREAS; (iv) cumplir de aspectos fiscales y legales con entidades de gobierno y regulatorias; (v) controlar y pagar por los bienes\/servicios recibidos; (vi) comunicar las pol\u00edticas y procedimientos de DISCORREAS; (vii) consultar, auditar y revisar aspectos derivadas de la relaci\u00f3n jur\u00eddica que existe entre el titular de la informaci\u00f3n y DISCORREAS, y; viii) en general, cualquier otra actividad necesaria para el efectivo cumplimiento del objeto social de DISCORREAS.<\/p>\n<p>As\u00ed, de acuerdo a lo reglamentado por el art\u00edculo 10 del Decreto 1377 de 2013 y normas complementarias, con la suscripci\u00f3n del presente documento el titular de datos personales, que reposan en bases de datos de DISCORREAS autoriza expresamente a este \u00faltimo a recolectar, almacenar, usar, actualizar, transferir y procesar, tanto electr\u00f3nica, como manualmente, su informaci\u00f3n personal.<\/p>\n<p>&nbsp;<\/p>\n<table width=\"604\">\n<tbody>\n<tr>\n<td width=\"604\"><strong>Protecci\u00f3n de Datos :\u00a0 <\/strong><\/td>\n<\/tr>\n<tr>\n<td width=\"604\">El presente Aviso de Privacidad tiene como objetivo comunicarle que sus datos personales ser\u00e1n tratados de conformidad con lo establecido en el marco jur\u00eddico de Protecci\u00f3n de Datos Personales Finalidades de tratamiento de los datos personales por parte de DISCORREAS MANGUERAS Y EMPAQUES S.A. NIT 860.514.851 (DISCORREAS): (i) llevar a cabo evaluaciones cualitativas y cuantitativas de los niveles de bienes\/servicios recibidos por contratos de trabajo y de prestaci\u00f3n de servicios; (ii) seleccionar proveedores potenciales para adquirir bienes\/ servicios; (iii) ejercer control y registro contable de las obligaciones contra\u00eddas por DISCORREAS; (iv) cumplir de aspectos fiscales y legales con entidades de gobierno y regulatorias; (v) controlar y pagar por los bienes\/servicios recibidos; (vi) comunicar las pol\u00edticas y procedimientos de DISCORREAS; (vii) consultar, auditar y revisar aspectos derivados de la relaci\u00f3n jur\u00eddica que existe entre el titular de la informaci\u00f3n y DISCORREAS, y; viii) en general, cualquier otra actividad necesaria para el efectivo cumplimiento del objeto social de DISCORREAS. Para conocer las pol\u00edticas de tratamiento de datos personales, remitir una solicitud al correo electr\u00f3nico: protecciondedatos@discorreas.com<\/td>\n<\/tr>\n<\/tbody>\n<\/table>\n<p>[\/vc_column_text][\/vc_column][\/vc_row]<\/p>\n<\/div>","protected":false},"excerpt":{"rendered":"<p>[vc_row][vc_column][vc_column_text woodmart_inline=&#8221;no&#8221; text_larger=&#8221;no&#8221;]AUTORIZACI\u00d3N PARA EL TRATAMIENTO DE DATOS PERSONALES Con el prop\u00f3sito de dar un adecuado tratamiento a su informaci\u00f3n<\/p>\n","protected":false},"author":1,"featured_media":0,"parent":0,"menu_order":0,"comment_status":"closed","ping_status":"closed","template":"","meta":{"footnotes":""},"class_list":["post-9621","page","type-page","status-publish","hentry"],"yoast_head":"<!-- This site is optimized with the Yoast SEO plugin v27.4 - https:\/\/yoast.com\/product\/yoast-seo-wordpress\/ -->\n<title>Pol\u00edtica de Tratamiento de Datos Personales - Tiendas Industriales<\/title>\n<meta name=\"robots\" content=\"index, follow, max-snippet:-1, max-image-preview:large, max-video-preview:-1\" \/>\n<link rel=\"canonical\" href=\"https:\/\/www.tiendasindustriales.com\/store\/politica-de-tratamiento-de-datos-personales\/\" \/>\n<meta property=\"og:locale\" content=\"es_ES\" \/>\n<meta property=\"og:type\" content=\"article\" \/>\n<meta property=\"og:title\" content=\"Pol\u00edtica de Tratamiento de Datos Personales - Tiendas Industriales\" \/>\n<meta property=\"og:description\" content=\"[vc_row][vc_column][vc_column_text woodmart_inline=&#8221;no&#8221; text_larger=&#8221;no&#8221;]AUTORIZACI\u00d3N PARA EL TRATAMIENTO DE DATOS PERSONALES Con el prop\u00f3sito de dar un adecuado tratamiento a su informaci\u00f3n\" \/>\n<meta property=\"og:url\" content=\"https:\/\/www.tiendasindustriales.com\/store\/politica-de-tratamiento-de-datos-personales\/\" \/>\n<meta property=\"og:site_name\" content=\"Tiendas Industriales\" \/>\n<meta property=\"article:publisher\" content=\"https:\/\/www.facebook.com\/DiscorreasManguerasyEmpaques\/\" \/>\n<meta name=\"twitter:card\" content=\"summary_large_image\" \/>\n<meta name=\"twitter:label1\" content=\"Tiempo de lectura\" \/>\n\t<meta name=\"twitter:data1\" content=\"3 minutos\" \/>\n<script type=\"application\/ld+json\" class=\"yoast-schema-graph\">{\"@context\":\"https:\\\/\\\/schema.org\",\"@graph\":[{\"@type\":\"WebPage\",\"@id\":\"https:\\\/\\\/www.tiendasindustriales.com\\\/store\\\/politica-de-tratamiento-de-datos-personales\\\/\",\"url\":\"https:\\\/\\\/www.tiendasindustriales.com\\\/store\\\/politica-de-tratamiento-de-datos-personales\\\/\",\"name\":\"Pol\u00edtica de Tratamiento de Datos Personales - Tiendas Industriales\",\"isPartOf\":{\"@id\":\"https:\\\/\\\/www.tiendasindustriales.com\\\/store\\\/#website\"},\"datePublished\":\"2022-10-10T19:46:19+00:00\",\"breadcrumb\":{\"@id\":\"https:\\\/\\\/www.tiendasindustriales.com\\\/store\\\/politica-de-tratamiento-de-datos-personales\\\/#breadcrumb\"},\"inLanguage\":\"es\",\"potentialAction\":[{\"@type\":\"ReadAction\",\"target\":[\"https:\\\/\\\/www.tiendasindustriales.com\\\/store\\\/politica-de-tratamiento-de-datos-personales\\\/\"]}]},{\"@type\":\"BreadcrumbList\",\"@id\":\"https:\\\/\\\/www.tiendasindustriales.com\\\/store\\\/politica-de-tratamiento-de-datos-personales\\\/#breadcrumb\",\"itemListElement\":[{\"@type\":\"ListItem\",\"position\":1,\"name\":\"Portada\",\"item\":\"https:\\\/\\\/www.tiendasindustriales.com\\\/store\\\/\"},{\"@type\":\"ListItem\",\"position\":2,\"name\":\"Pol\u00edtica de Tratamiento de Datos Personales\"}]},{\"@type\":\"WebSite\",\"@id\":\"https:\\\/\\\/www.tiendasindustriales.com\\\/store\\\/#website\",\"url\":\"https:\\\/\\\/www.tiendasindustriales.com\\\/store\\\/\",\"name\":\"Tiendas Industriales\",\"description\":\"Grupo Empresarial\",\"publisher\":{\"@id\":\"https:\\\/\\\/www.tiendasindustriales.com\\\/store\\\/#organization\"},\"potentialAction\":[{\"@type\":\"SearchAction\",\"target\":{\"@type\":\"EntryPoint\",\"urlTemplate\":\"https:\\\/\\\/www.tiendasindustriales.com\\\/store\\\/?s={search_term_string}\"},\"query-input\":{\"@type\":\"PropertyValueSpecification\",\"valueRequired\":true,\"valueName\":\"search_term_string\"}}],\"inLanguage\":\"es\"},{\"@type\":\"Organization\",\"@id\":\"https:\\\/\\\/www.tiendasindustriales.com\\\/store\\\/#organization\",\"name\":\"Tiendas Industriales Grupo Empresarial\",\"url\":\"https:\\\/\\\/www.tiendasindustriales.com\\\/store\\\/\",\"logo\":{\"@type\":\"ImageObject\",\"inLanguage\":\"es\",\"@id\":\"https:\\\/\\\/www.tiendasindustriales.com\\\/store\\\/#\\\/schema\\\/logo\\\/image\\\/\",\"url\":\"https:\\\/\\\/www.tiendasindustriales.com\\\/store\\\/wp-content\\\/uploads\\\/2022\\\/08\\\/Recurso-2logo-index.png\",\"contentUrl\":\"https:\\\/\\\/www.tiendasindustriales.com\\\/store\\\/wp-content\\\/uploads\\\/2022\\\/08\\\/Recurso-2logo-index.png\",\"width\":547,\"height\":219,\"caption\":\"Tiendas Industriales Grupo Empresarial\"},\"image\":{\"@id\":\"https:\\\/\\\/www.tiendasindustriales.com\\\/store\\\/#\\\/schema\\\/logo\\\/image\\\/\"},\"sameAs\":[\"https:\\\/\\\/www.facebook.com\\\/DiscorreasManguerasyEmpaques\\\/\",\"https:\\\/\\\/www.instagram.com\\\/tiendasindustriales\"]}]}<\/script>\n<!-- \/ Yoast SEO plugin. -->","yoast_head_json":{"title":"Pol\u00edtica de Tratamiento de Datos Personales - Tiendas Industriales","robots":{"index":"index","follow":"follow","max-snippet":"max-snippet:-1","max-image-preview":"max-image-preview:large","max-video-preview":"max-video-preview:-1"},"canonical":"https:\/\/www.tiendasindustriales.com\/store\/politica-de-tratamiento-de-datos-personales\/","og_locale":"es_ES","og_type":"article","og_title":"Pol\u00edtica de Tratamiento de Datos Personales - Tiendas Industriales","og_description":"[vc_row][vc_column][vc_column_text woodmart_inline=&#8221;no&#8221; text_larger=&#8221;no&#8221;]AUTORIZACI\u00d3N PARA EL TRATAMIENTO DE DATOS PERSONALES Con el prop\u00f3sito de dar un adecuado tratamiento a su informaci\u00f3n","og_url":"https:\/\/www.tiendasindustriales.com\/store\/politica-de-tratamiento-de-datos-personales\/","og_site_name":"Tiendas Industriales","article_publisher":"https:\/\/www.facebook.com\/DiscorreasManguerasyEmpaques\/","twitter_card":"summary_large_image","twitter_misc":{"Tiempo de lectura":"3 minutos"},"schema":{"@context":"https:\/\/schema.org","@graph":[{"@type":"WebPage","@id":"https:\/\/www.tiendasindustriales.com\/store\/politica-de-tratamiento-de-datos-personales\/","url":"https:\/\/www.tiendasindustriales.com\/store\/politica-de-tratamiento-de-datos-personales\/","name":"Pol\u00edtica de Tratamiento de Datos Personales - Tiendas Industriales","isPartOf":{"@id":"https:\/\/www.tiendasindustriales.com\/store\/#website"},"datePublished":"2022-10-10T19:46:19+00:00","breadcrumb":{"@id":"https:\/\/www.tiendasindustriales.com\/store\/politica-de-tratamiento-de-datos-personales\/#breadcrumb"},"inLanguage":"es","potentialAction":[{"@type":"ReadAction","target":["https:\/\/www.tiendasindustriales.com\/store\/politica-de-tratamiento-de-datos-personales\/"]}]},{"@type":"BreadcrumbList","@id":"https:\/\/www.tiendasindustriales.com\/store\/politica-de-tratamiento-de-datos-personales\/#breadcrumb","itemListElement":[{"@type":"ListItem","position":1,"name":"Portada","item":"https:\/\/www.tiendasindustriales.com\/store\/"},{"@type":"ListItem","position":2,"name":"Pol\u00edtica de Tratamiento de Datos Personales"}]},{"@type":"WebSite","@id":"https:\/\/www.tiendasindustriales.com\/store\/#website","url":"https:\/\/www.tiendasindustriales.com\/store\/","name":"Tiendas Industriales","description":"Grupo Empresarial","publisher":{"@id":"https:\/\/www.tiendasindustriales.com\/store\/#organization"},"potentialAction":[{"@type":"SearchAction","target":{"@type":"EntryPoint","urlTemplate":"https:\/\/www.tiendasindustriales.com\/store\/?s={search_term_string}"},"query-input":{"@type":"PropertyValueSpecification","valueRequired":true,"valueName":"search_term_string"}}],"inLanguage":"es"},{"@type":"Organization","@id":"https:\/\/www.tiendasindustriales.com\/store\/#organization","name":"Tiendas Industriales Grupo Empresarial","url":"https:\/\/www.tiendasindustriales.com\/store\/","logo":{"@type":"ImageObject","inLanguage":"es","@id":"https:\/\/www.tiendasindustriales.com\/store\/#\/schema\/logo\/image\/","url":"https:\/\/www.tiendasindustriales.com\/store\/wp-content\/uploads\/2022\/08\/Recurso-2logo-index.png","contentUrl":"https:\/\/www.tiendasindustriales.com\/store\/wp-content\/uploads\/2022\/08\/Recurso-2logo-index.png","width":547,"height":219,"caption":"Tiendas Industriales Grupo Empresarial"},"image":{"@id":"https:\/\/www.tiendasindustriales.com\/store\/#\/schema\/logo\/image\/"},"sameAs":["https:\/\/www.facebook.com\/DiscorreasManguerasyEmpaques\/","https:\/\/www.instagram.com\/tiendasindustriales"]}]}},"_links":{"self":[{"href":"https:\/\/www.tiendasindustriales.com\/store\/wp-json\/wp\/v2\/pages\/9621","targetHints":{"allow":["GET"]}}],"collection":[{"href":"https:\/\/www.tiendasindustriales.com\/store\/wp-json\/wp\/v2\/pages"}],"about":[{"href":"https:\/\/www.tiendasindustriales.com\/store\/wp-json\/wp\/v2\/types\/page"}],"author":[{"embeddable":true,"href":"https:\/\/www.tiendasindustriales.com\/store\/wp-json\/wp\/v2\/users\/1"}],"replies":[{"embeddable":true,"href":"https:\/\/www.tiendasindustriales.com\/store\/wp-json\/wp\/v2\/comments?post=9621"}],"version-history":[{"count":3,"href":"https:\/\/www.tiendasindustriales.com\/store\/wp-json\/wp\/v2\/pages\/9621\/revisions"}],"predecessor-version":[{"id":12035,"href":"https:\/\/www.tiendasindustriales.com\/store\/wp-json\/wp\/v2\/pages\/9621\/revisions\/12035"}],"wp:attachment":[{"href":"https:\/\/www.tiendasindustriales.com\/store\/wp-json\/wp\/v2\/media?parent=9621"}],"curies":[{"name":"wp","href":"https:\/\/api.w.org\/{rel}","templated":true}]}}